{"id":65,"date":"2020-01-20T08:41:46","date_gmt":"2020-01-20T08:41:46","guid":{"rendered":"http:\/\/esta-officiel-usa.com\/?page_id=65"},"modified":"2024-04-12T07:40:29","modified_gmt":"2024-04-12T07:40:29","slug":"payer-un-esta-comment-faire","status":"publish","type":"page","link":"https:\/\/www.esta-officiel-usa.com\/fr\/payer-un-esta-comment-faire\/","title":{"rendered":"Comment payer sa demande d&rsquo;ESTA"},"content":{"rendered":"\n<h1 class=\"wp-block-heading\">COMMENT PAYER L\u2019ESTA ?<\/h1>\n\n\n\n<p>Partir aux \u00c9tats-Unis fait partie de vos plans futurs ? Visiter les USA en allant \u00e0 San Francisco, \u00e0 Miami ou encore en vous rendant dans les plus beaux parcs nationaux tels que Yosemite ou Grand Canyon composent votre r\u00eave am\u00e9ricain ? Avant toute chose, \u00eates-vous certains d\u2019\u00eatre bien au courant des proc\u00e9dures administratives \u00e0 faire et des documents officiels \u00e0 vous procurer ? Vous retrouvez dans cet article la proc\u00e9dure pour payer l\u2019ESTA.<\/p>\n\n\n\n<p>Pour vous rendre aux USA, vous aurez besoin d\u2019un passeport biom\u00e9trique (avec vos empreintes digitales) ou un passeport \u00e9lectronique dont la dur\u00e9e de validit\u00e9 couvre toute la p\u00e9riode de votre s\u00e9jour. Il faudra \u00e9galement vous procurer une autorisation d\u00e9livr\u00e9e par le gouvernement am\u00e9ricain afin de vous rendre sur le territoire am\u00e9ricain : soit un visa, soit un ESTA.<\/p>\n\n\n\n<h2 class=\"wp-block-heading\">QUELLES SONT LES CARACT\u00c9RISTIQUES DE L\u2019AUTORISATION ESTA<\/h2>\n\n\n\n<p>Un document ESTA est une autorisation d\u2019exemption de visa, c\u2019est-\u00e0-dire qu\u2019elle autorise son d\u00e9tenteur \u00e0 voyager aux \u00c9tats-Unis sans visa.<\/p>\n\n\n\n<p>Ce document est le r\u00e9sultat d\u2019une n\u00e9gociation entre les USA et pays faisant partie du\u00a0<a href=\"https:\/\/www.esta-officiel-usa.com\/fr\/a-propos-du-visa-waiver-program\/\">Visa Waiver Program<\/a>. Ces pays sont :<\/p>\n\n\n\n<p>Allemagne, Andorre, Australie, Autriche, Belgique, Brunei, Chili, Cor\u00e9e du Sud, Croatie, Danemark, Espagne, Estonie, Finlande, France, Gr\u00e8ce, Hongrie, Irlande, Islande, Italie, Isra\u00ebl, Japon, Pays-Bas, Lettonie, Liechtenstein, Lituanie, Luxembourg, Malte, Monaco, Norv\u00e8ge, Nouvelle-Z\u00e9lande, Portugal, Pologne, R\u00e9publique Tch\u00e8que, Royaume-Uni, Saint-Marin, Singapour, Slovaquie, Slov\u00e9nie, Su\u00e8de, Suisse et Ta\u00efwan.<\/p>\n\n\n\n<p>Pour pouvoir pr\u00e9tendre \u00e0 ce document, il ne faut pas avoir eu dans le pass\u00e9 des demandes de visa refus\u00e9es, et ne pas avoir visit\u00e9 la Syrie, le Soudan, la Somalie, le Y\u00e9men, la Libye ou encore l\u2019Iran apr\u00e8s le 1er mars 2011. Si votre demande est refus\u00e9e, il faudra alors attendre 10 jours avant de r\u00e9it\u00e9rer.<\/p>\n\n\n\n<p>L\u2019ESTA a une dur\u00e9e de validit\u00e9 de 2 ans, et permet de r\u00e9aliser plusieurs s\u00e9jours de 90 jours maximum.<\/p>\n\n\n\n<p>Votre venue aux USA avec un ESTA doit \u00eatre un s\u00e9jour temporaire et un s\u00e9jour touristique : pas question de r\u00e9aliser un stage aux USA, d\u2019\u00e9tudier dans une universit\u00e9 am\u00e9ricaine ou encore de travailler. Si c\u2019est dans ce but que vous vous rendez aux USA, vous devrez faire une demande de visa au pr\u00e9alable.<\/p>\n\n\n\n<p>D\u00e9couvrez comment payer l\u2019ESTA dans le prochain paragraphe.<\/p>\n\n\n\n<h2 class=\"wp-block-heading\">PAYER L\u2019ESTA : LA PROC\u00c9DURE<\/h2>\n\n\n\n<p><a href=\"https:\/\/www.esta-officiel-usa.com\/fr\/demande-desta-sur-site-officiel\/\">La demande d\u2019ESTA<\/a>&nbsp;se fait uniquement en ligne, la version papier n\u2019existe pas. Pour vous procurer le document, il faudra vous rendre sur le site officiel du gouvernement am\u00e9ricain. Contrairement au visa USA, nul besoin d\u2019aller \u00e0 l&rsquo;ambassade des USA ou de solliciter le consulat am\u00e9ricain : la demande ESTA se r\u00e9alise en quelques clics seulement, vous devez payer \u00e0 la fin de la proc\u00e9dure.<\/p>\n\n\n\n<p>Vous pouvez \u00e9galement faire appel \u00e0 une soci\u00e9t\u00e9 ind\u00e9pendante, qui vous demandera de remplir un formulaire en ligne. Ces soci\u00e9t\u00e9s sont l\u00e0 pour vous \u00e9pauler, v\u00e9rifier vos donn\u00e9es et r\u00e9pondre \u00e0 vos questions. Elles permettent alors de vous garantir d\u2019avoir un ESTA \u00e0 temps pour votre voyage. Il est recommand\u00e9 de faire sa demande au maximum 72 h avant votre voyage aux USA.<\/p>\n\n\n\n<p>Dans les 2 cas, que vous vous rendez directement sur le site du gouvernement am\u00e9ricain ou que vous fassiez appel \u00e0 une soci\u00e9t\u00e9 ind\u00e9pendante, vous devrez payer l\u2019ESTA via un paiement en ligne.<\/p>\n\n\n\n<p>Pour payer l\u2019ESTA vous aurez donc besoin d\u2019une carte de cr\u00e9dit valide, telle que : MasterCard, VISA, PayPal ou encore American Express. L\u2019ESTA n\u2019est pas un document gratuit : le\u00a0<a href=\"https:\/\/www.esta-officiel-usa.com\/fr\/le-prix-dun-esta\/\">co\u00fbt d\u2019une autorisation ESTA<\/a>\u00a0est de 21 $.<\/p>\n","protected":false},"excerpt":{"rendered":"<p>COMMENT PAYER L\u2019ESTA ? Partir aux \u00c9tats-Unis fait partie de vos plans futurs ? Visiter les USA en allant \u00e0 San Francisco, \u00e0 Miami ou encore en vous rendant dans les plus beaux parcs nationaux tels que Yosemite ou Grand Canyon composent votre r\u00eave am\u00e9ricain ? Avant toute chose, \u00eates-vous certains d\u2019\u00eatre bien au courant [&hellip;]<\/p>\n","protected":false},"author":1,"featured_media":0,"parent":0,"menu_order":0,"comment_status":"closed","ping_status":"closed","template":"","meta":{"footnotes":""},"class_list":["post-65","page","type-page","status-publish","hentry"],"yoast_head":"<!-- This site is optimized with the Yoast SEO plugin v26.2 - https:\/\/yoast.com\/wordpress\/plugins\/seo\/ -->\n<title>Comment payer sa demande d&#039;ESTA<\/title>\n<meta name=\"description\" content=\"Nul besoin de se rendre \u00e0 l&#039;ambassade des USA la demande d&#039;ESTA se fait en quelques clics en ligne, vous devrez payer \u00e0 la fin de la proc\u00e9dure.\" \/>\n<meta name=\"robots\" content=\"index, follow, max-snippet:-1, max-image-preview:large, max-video-preview:-1\" \/>\n<link rel=\"canonical\" href=\"https:\/\/www.esta-officiel-usa.com\/fr\/payer-un-esta-comment-faire\/\" \/>\n<meta property=\"og:locale\" content=\"fr_FR\" \/>\n<meta property=\"og:type\" content=\"article\" \/>\n<meta property=\"og:title\" content=\"Comment payer sa demande d&#039;ESTA\" \/>\n<meta property=\"og:description\" content=\"Nul besoin de se rendre \u00e0 l&#039;ambassade des USA la demande d&#039;ESTA se fait en quelques clics en ligne, vous devrez payer \u00e0 la fin de la proc\u00e9dure.\" \/>\n<meta property=\"og:url\" content=\"https:\/\/www.esta-officiel-usa.com\/fr\/payer-un-esta-comment-faire\/\" \/>\n<meta property=\"og:site_name\" content=\"ESTA - Etats-Unis\" \/>\n<meta property=\"article:modified_time\" content=\"2024-04-12T07:40:29+00:00\" \/>\n<meta name=\"twitter:card\" content=\"summary_large_image\" \/>\n<meta name=\"twitter:label1\" content=\"Dur\u00e9e de lecture estim\u00e9e\" \/>\n\t<meta name=\"twitter:data1\" content=\"3 minutes\" \/>\n<script type=\"application\/ld+json\" class=\"yoast-schema-graph\">{\"@context\":\"https:\/\/schema.org\",\"@graph\":[{\"@type\":\"WebPage\",\"@id\":\"https:\/\/www.esta-officiel-usa.com\/fr\/payer-un-esta-comment-faire\/\",\"url\":\"https:\/\/www.esta-officiel-usa.com\/fr\/payer-un-esta-comment-faire\/\",\"name\":\"Comment payer sa demande d'ESTA\",\"isPartOf\":{\"@id\":\"https:\/\/www.esta-officiel-usa.com\/fr\/#website\"},\"datePublished\":\"2020-01-20T08:41:46+00:00\",\"dateModified\":\"2024-04-12T07:40:29+00:00\",\"description\":\"Nul besoin de se rendre \u00e0 l'ambassade des USA la demande d'ESTA se fait en quelques clics en ligne, vous devrez payer \u00e0 la fin de la proc\u00e9dure.\",\"breadcrumb\":{\"@id\":\"https:\/\/www.esta-officiel-usa.com\/fr\/payer-un-esta-comment-faire\/#breadcrumb\"},\"inLanguage\":\"fr-FR\",\"potentialAction\":[{\"@type\":\"ReadAction\",\"target\":[\"https:\/\/www.esta-officiel-usa.com\/fr\/payer-un-esta-comment-faire\/\"]}]},{\"@type\":\"BreadcrumbList\",\"@id\":\"https:\/\/www.esta-officiel-usa.com\/fr\/payer-un-esta-comment-faire\/#breadcrumb\",\"itemListElement\":[{\"@type\":\"ListItem\",\"position\":1,\"name\":\"Home\",\"item\":\"https:\/\/www.esta-officiel-usa.com\/fr\/\"},{\"@type\":\"ListItem\",\"position\":2,\"name\":\"Comment payer sa demande d&rsquo;ESTA\"}]},{\"@type\":\"WebSite\",\"@id\":\"https:\/\/www.esta-officiel-usa.com\/fr\/#website\",\"url\":\"https:\/\/www.esta-officiel-usa.com\/fr\/\",\"name\":\"ESTA - Etats-Unis\",\"description\":\"Formulaire de demande ESTA\",\"potentialAction\":[{\"@type\":\"SearchAction\",\"target\":{\"@type\":\"EntryPoint\",\"urlTemplate\":\"https:\/\/www.esta-officiel-usa.com\/fr\/?s={search_term_string}\"},\"query-input\":{\"@type\":\"PropertyValueSpecification\",\"valueRequired\":true,\"valueName\":\"search_term_string\"}}],\"inLanguage\":\"fr-FR\"}]}<\/script>\n<!-- \/ Yoast SEO plugin. -->","yoast_head_json":{"title":"Comment payer sa demande d'ESTA","description":"Nul besoin de se rendre \u00e0 l'ambassade des USA la demande d'ESTA se fait en quelques clics en ligne, vous devrez payer \u00e0 la fin de la proc\u00e9dure.","robots":{"index":"index","follow":"follow","max-snippet":"max-snippet:-1","max-image-preview":"max-image-preview:large","max-video-preview":"max-video-preview:-1"},"canonical":"https:\/\/www.esta-officiel-usa.com\/fr\/payer-un-esta-comment-faire\/","og_locale":"fr_FR","og_type":"article","og_title":"Comment payer sa demande d'ESTA","og_description":"Nul besoin de se rendre \u00e0 l'ambassade des USA la demande d'ESTA se fait en quelques clics en ligne, vous devrez payer \u00e0 la fin de la proc\u00e9dure.","og_url":"https:\/\/www.esta-officiel-usa.com\/fr\/payer-un-esta-comment-faire\/","og_site_name":"ESTA - Etats-Unis","article_modified_time":"2024-04-12T07:40:29+00:00","twitter_card":"summary_large_image","twitter_misc":{"Dur\u00e9e de lecture estim\u00e9e":"3 minutes"},"schema":{"@context":"https:\/\/schema.org","@graph":[{"@type":"WebPage","@id":"https:\/\/www.esta-officiel-usa.com\/fr\/payer-un-esta-comment-faire\/","url":"https:\/\/www.esta-officiel-usa.com\/fr\/payer-un-esta-comment-faire\/","name":"Comment payer sa demande d'ESTA","isPartOf":{"@id":"https:\/\/www.esta-officiel-usa.com\/fr\/#website"},"datePublished":"2020-01-20T08:41:46+00:00","dateModified":"2024-04-12T07:40:29+00:00","description":"Nul besoin de se rendre \u00e0 l'ambassade des USA la demande d'ESTA se fait en quelques clics en ligne, vous devrez payer \u00e0 la fin de la proc\u00e9dure.","breadcrumb":{"@id":"https:\/\/www.esta-officiel-usa.com\/fr\/payer-un-esta-comment-faire\/#breadcrumb"},"inLanguage":"fr-FR","potentialAction":[{"@type":"ReadAction","target":["https:\/\/www.esta-officiel-usa.com\/fr\/payer-un-esta-comment-faire\/"]}]},{"@type":"BreadcrumbList","@id":"https:\/\/www.esta-officiel-usa.com\/fr\/payer-un-esta-comment-faire\/#breadcrumb","itemListElement":[{"@type":"ListItem","position":1,"name":"Home","item":"https:\/\/www.esta-officiel-usa.com\/fr\/"},{"@type":"ListItem","position":2,"name":"Comment payer sa demande d&rsquo;ESTA"}]},{"@type":"WebSite","@id":"https:\/\/www.esta-officiel-usa.com\/fr\/#website","url":"https:\/\/www.esta-officiel-usa.com\/fr\/","name":"ESTA - Etats-Unis","description":"Formulaire de demande ESTA","potentialAction":[{"@type":"SearchAction","target":{"@type":"EntryPoint","urlTemplate":"https:\/\/www.esta-officiel-usa.com\/fr\/?s={search_term_string}"},"query-input":{"@type":"PropertyValueSpecification","valueRequired":true,"valueName":"search_term_string"}}],"inLanguage":"fr-FR"}]}},"_links":{"self":[{"href":"https:\/\/www.esta-officiel-usa.com\/fr\/wp-json\/wp\/v2\/pages\/65","targetHints":{"allow":["GET"]}}],"collection":[{"href":"https:\/\/www.esta-officiel-usa.com\/fr\/wp-json\/wp\/v2\/pages"}],"about":[{"href":"https:\/\/www.esta-officiel-usa.com\/fr\/wp-json\/wp\/v2\/types\/page"}],"author":[{"embeddable":true,"href":"https:\/\/www.esta-officiel-usa.com\/fr\/wp-json\/wp\/v2\/users\/1"}],"replies":[{"embeddable":true,"href":"https:\/\/www.esta-officiel-usa.com\/fr\/wp-json\/wp\/v2\/comments?post=65"}],"version-history":[{"count":3,"href":"https:\/\/www.esta-officiel-usa.com\/fr\/wp-json\/wp\/v2\/pages\/65\/revisions"}],"predecessor-version":[{"id":774,"href":"https:\/\/www.esta-officiel-usa.com\/fr\/wp-json\/wp\/v2\/pages\/65\/revisions\/774"}],"wp:attachment":[{"href":"https:\/\/www.esta-officiel-usa.com\/fr\/wp-json\/wp\/v2\/media?parent=65"}],"curies":[{"name":"wp","href":"https:\/\/api.w.org\/{rel}","templated":true}]}}