{"id":67,"date":"2020-01-20T08:48:54","date_gmt":"2020-01-20T08:48:54","guid":{"rendered":"http:\/\/esta-officiel-usa.com\/?page_id=67"},"modified":"2020-02-13T18:50:48","modified_gmt":"2020-02-13T18:50:48","slug":"le-departement-de-la-securite-interieure-americain","status":"publish","type":"page","link":"https:\/\/www.esta-officiel-usa.com\/fr\/le-departement-de-la-securite-interieure-americain\/","title":{"rendered":"Department of Homeland Security"},"content":{"rendered":"\n<h1 class=\"wp-block-heading\">LE D\u00c9PARTEMENT DE LA S\u00c9CURIT\u00c9 INT\u00c9RIEURE DES \u00c9TATS-UNIS<\/h1>\n\n\n\n<p>Suite aux attentats du 11 septembre 2001, les autorit\u00e9s am\u00e9ricaines ont cr\u00e9\u00e9 d\u00e8s 2002 le d\u00e9partement de la s\u00e9curit\u00e9 int\u00e9rieure. Le \u00ab Departement of Homeland Security \u00bb (abr\u00e9g\u00e9 en DHS) est charg\u00e9 d\u2019assurer la s\u00e9curit\u00e9 int\u00e9rieure du pays \u00e0 l\u2019aide de ses agences f\u00e9d\u00e9rales.<\/p>\n\n\n\n<h2 class=\"wp-block-heading\">QU\u2019EST-CE QUE LE DHS ?<\/h2>\n\n\n\n<p>Le d\u00e9partement de la s\u00e9curit\u00e9 am\u00e9ricain est en charge de nombreuses missions dont s\u2019occupent les nombreuses agences f\u00e9d\u00e9rales qui le constituent : les Gardes-Fronti\u00e8res, la douane, la police frontali\u00e8re, etc. Il s\u2019occupe \u00e9galement de g\u00e9rer le programme d\u2019exemption de visa (<a href=\"https:\/\/www.esta-officiel-usa.com\/fr\/les-38-pays-partenaires-du-visa-waiver-program\/\">Visa Waiver Program<\/a>). En effet, toutes les informations renseign\u00e9es dans le formulaire de demande d\u2019ESTA sont soumises au traitement et \u00e0 la validation par une \u00e9quipe d\u2019agents d\u00e9pendant du DHS d\u00e9di\u00e9e&nbsp;\u00e0 cette t\u00e2che. Son objectif&nbsp;est d\u2019emp\u00eacher des actes de malveillance, tels que des attentats terroristes, sur son territoire. Ainsi, l\u2019ESTA remplit deux r\u00f4les \u00e0 la fois : elle permet au DHS de filtrer les voyageurs tout en permettant \u00e0 ces derniers d\u2019obtenir une autorisation de voyage simple \u00e0 obtenir.<\/p>\n\n\n\n<h2 class=\"wp-block-heading\">LA S\u00c9CURIT\u00c9 ET LE PARTAGE DES INFORMATIONS<\/h2>\n\n\n\n<p>Il peut \u00eatre inqui\u00e9tant, d\u2019un point de vue de la s\u00e9curit\u00e9 de la vie priv\u00e9e, de fournir autant de renseignements personnels \u00e0 une entit\u00e9 \u00e9trang\u00e8re. Mais la DHS (\u00e0 ne pas confondre avec le&nbsp;<a href=\"https:\/\/www.esta-officiel-usa.com\/fr\/quest-ce-que-le-dos-department-of-state\/\">DOS<\/a>, Department of State) assure une confidentialit\u00e9 et un contr\u00f4le renforc\u00e9 des informations qui lui sont communiqu\u00e9es. Sachez tout de m\u00eame qu\u2019il existe une communication entre les diff\u00e9rents services et d\u2019autres d\u00e9partements. Par exemple, lorsqu\u2019une personne se voit refuser l\u2019ESTA et entame une demande de visa, le D\u00e9partement d\u2019\u00c9tat (Department of States) peut \u00eatre amen\u00e9 \u00e0 consulter le&nbsp;<a href=\"https:\/\/www.esta-officiel-usa.com\/fr\/le-formulaire-esta-pour-les-usa-a-completer\/\">formulaire ESTA<\/a>. N\u00e9anmoins, qu\u2019importe le contexte de ces partages d\u2019informations : toutes ces proc\u00e9dures d\u2019\u00e9change&nbsp;sont encadr\u00e9es par la l\u00e9gislation am\u00e9ricaine (Registre f\u00e9d\u00e9ral du 10 juin 2008).<\/p>\n\n\n\n<p>Un point important \u00e0 souligner concernant les informations personnelles : si ces derni\u00e8res venaient \u00e0 changer, il est&nbsp;obligatoire de formuler une nouvelle&nbsp;<a href=\"https:\/\/www.esta-officiel-usa.com\/fr\/\">demande d\u2019autorisation ESTA<\/a>&nbsp;car une fois valid\u00e9e la demande ne peut pas \u00eatre&nbsp;<a href=\"https:\/\/www.esta-officiel-usa.com\/fr\/autorisation-esta-mise-a-jour\/\">mise \u00e0 jour<\/a>.<\/p>\n","protected":false},"excerpt":{"rendered":"<p>LE D\u00c9PARTEMENT DE LA S\u00c9CURIT\u00c9 INT\u00c9RIEURE DES \u00c9TATS-UNIS Suite aux attentats du 11 septembre 2001, les autorit\u00e9s am\u00e9ricaines ont cr\u00e9\u00e9 d\u00e8s 2002 le d\u00e9partement de la s\u00e9curit\u00e9 int\u00e9rieure. Le \u00ab Departement of Homeland Security \u00bb (abr\u00e9g\u00e9 en DHS) est charg\u00e9 d\u2019assurer la s\u00e9curit\u00e9 int\u00e9rieure du pays \u00e0 l\u2019aide de ses agences f\u00e9d\u00e9rales. QU\u2019EST-CE QUE LE [&hellip;]<\/p>\n","protected":false},"author":1,"featured_media":0,"parent":0,"menu_order":0,"comment_status":"closed","ping_status":"closed","template":"","meta":{"footnotes":""},"class_list":["post-67","page","type-page","status-publish","hentry"],"yoast_head":"<!-- This site is optimized with the Yoast SEO plugin v26.2 - https:\/\/yoast.com\/wordpress\/plugins\/seo\/ -->\n<title>Department of Homeland Security<\/title>\n<meta name=\"description\" content=\"Les autorit\u00e9s am\u00e9ricaines ont cr\u00e9\u00e9 d\u00e8s 2002 le d\u00e9partement de la s\u00e9curit\u00e9 int\u00e9rieure. Le &quot;Departement of Homeland Security&quot;.\" \/>\n<meta name=\"robots\" content=\"index, follow, max-snippet:-1, max-image-preview:large, max-video-preview:-1\" \/>\n<link rel=\"canonical\" href=\"https:\/\/www.esta-officiel-usa.com\/fr\/le-departement-de-la-securite-interieure-americain\/\" \/>\n<meta property=\"og:locale\" content=\"fr_FR\" \/>\n<meta property=\"og:type\" content=\"article\" \/>\n<meta property=\"og:title\" content=\"Department of Homeland Security\" \/>\n<meta property=\"og:description\" content=\"Les autorit\u00e9s am\u00e9ricaines ont cr\u00e9\u00e9 d\u00e8s 2002 le d\u00e9partement de la s\u00e9curit\u00e9 int\u00e9rieure. Le &quot;Departement of Homeland Security&quot;.\" \/>\n<meta property=\"og:url\" content=\"https:\/\/www.esta-officiel-usa.com\/fr\/le-departement-de-la-securite-interieure-americain\/\" \/>\n<meta property=\"og:site_name\" content=\"ESTA - Etats-Unis\" \/>\n<meta property=\"article:modified_time\" content=\"2020-02-13T18:50:48+00:00\" \/>\n<meta name=\"twitter:card\" content=\"summary_large_image\" \/>\n<meta name=\"twitter:label1\" content=\"Dur\u00e9e de lecture estim\u00e9e\" \/>\n\t<meta name=\"twitter:data1\" content=\"2 minutes\" \/>\n<script type=\"application\/ld+json\" class=\"yoast-schema-graph\">{\"@context\":\"https:\/\/schema.org\",\"@graph\":[{\"@type\":\"WebPage\",\"@id\":\"https:\/\/www.esta-officiel-usa.com\/fr\/le-departement-de-la-securite-interieure-americain\/\",\"url\":\"https:\/\/www.esta-officiel-usa.com\/fr\/le-departement-de-la-securite-interieure-americain\/\",\"name\":\"Department of Homeland Security\",\"isPartOf\":{\"@id\":\"https:\/\/www.esta-officiel-usa.com\/fr\/#website\"},\"datePublished\":\"2020-01-20T08:48:54+00:00\",\"dateModified\":\"2020-02-13T18:50:48+00:00\",\"description\":\"Les autorit\u00e9s am\u00e9ricaines ont cr\u00e9\u00e9 d\u00e8s 2002 le d\u00e9partement de la s\u00e9curit\u00e9 int\u00e9rieure. Le \\\"Departement of Homeland Security\\\".\",\"breadcrumb\":{\"@id\":\"https:\/\/www.esta-officiel-usa.com\/fr\/le-departement-de-la-securite-interieure-americain\/#breadcrumb\"},\"inLanguage\":\"fr-FR\",\"potentialAction\":[{\"@type\":\"ReadAction\",\"target\":[\"https:\/\/www.esta-officiel-usa.com\/fr\/le-departement-de-la-securite-interieure-americain\/\"]}]},{\"@type\":\"BreadcrumbList\",\"@id\":\"https:\/\/www.esta-officiel-usa.com\/fr\/le-departement-de-la-securite-interieure-americain\/#breadcrumb\",\"itemListElement\":[{\"@type\":\"ListItem\",\"position\":1,\"name\":\"Home\",\"item\":\"https:\/\/www.esta-officiel-usa.com\/fr\/\"},{\"@type\":\"ListItem\",\"position\":2,\"name\":\"Department of Homeland Security\"}]},{\"@type\":\"WebSite\",\"@id\":\"https:\/\/www.esta-officiel-usa.com\/fr\/#website\",\"url\":\"https:\/\/www.esta-officiel-usa.com\/fr\/\",\"name\":\"ESTA - Etats-Unis\",\"description\":\"Formulaire de demande ESTA\",\"potentialAction\":[{\"@type\":\"SearchAction\",\"target\":{\"@type\":\"EntryPoint\",\"urlTemplate\":\"https:\/\/www.esta-officiel-usa.com\/fr\/?s={search_term_string}\"},\"query-input\":{\"@type\":\"PropertyValueSpecification\",\"valueRequired\":true,\"valueName\":\"search_term_string\"}}],\"inLanguage\":\"fr-FR\"}]}<\/script>\n<!-- \/ Yoast SEO plugin. -->","yoast_head_json":{"title":"Department of Homeland Security","description":"Les autorit\u00e9s am\u00e9ricaines ont cr\u00e9\u00e9 d\u00e8s 2002 le d\u00e9partement de la s\u00e9curit\u00e9 int\u00e9rieure. Le \"Departement of Homeland Security\".","robots":{"index":"index","follow":"follow","max-snippet":"max-snippet:-1","max-image-preview":"max-image-preview:large","max-video-preview":"max-video-preview:-1"},"canonical":"https:\/\/www.esta-officiel-usa.com\/fr\/le-departement-de-la-securite-interieure-americain\/","og_locale":"fr_FR","og_type":"article","og_title":"Department of Homeland Security","og_description":"Les autorit\u00e9s am\u00e9ricaines ont cr\u00e9\u00e9 d\u00e8s 2002 le d\u00e9partement de la s\u00e9curit\u00e9 int\u00e9rieure. Le \"Departement of Homeland Security\".","og_url":"https:\/\/www.esta-officiel-usa.com\/fr\/le-departement-de-la-securite-interieure-americain\/","og_site_name":"ESTA - Etats-Unis","article_modified_time":"2020-02-13T18:50:48+00:00","twitter_card":"summary_large_image","twitter_misc":{"Dur\u00e9e de lecture estim\u00e9e":"2 minutes"},"schema":{"@context":"https:\/\/schema.org","@graph":[{"@type":"WebPage","@id":"https:\/\/www.esta-officiel-usa.com\/fr\/le-departement-de-la-securite-interieure-americain\/","url":"https:\/\/www.esta-officiel-usa.com\/fr\/le-departement-de-la-securite-interieure-americain\/","name":"Department of Homeland Security","isPartOf":{"@id":"https:\/\/www.esta-officiel-usa.com\/fr\/#website"},"datePublished":"2020-01-20T08:48:54+00:00","dateModified":"2020-02-13T18:50:48+00:00","description":"Les autorit\u00e9s am\u00e9ricaines ont cr\u00e9\u00e9 d\u00e8s 2002 le d\u00e9partement de la s\u00e9curit\u00e9 int\u00e9rieure. Le \"Departement of Homeland Security\".","breadcrumb":{"@id":"https:\/\/www.esta-officiel-usa.com\/fr\/le-departement-de-la-securite-interieure-americain\/#breadcrumb"},"inLanguage":"fr-FR","potentialAction":[{"@type":"ReadAction","target":["https:\/\/www.esta-officiel-usa.com\/fr\/le-departement-de-la-securite-interieure-americain\/"]}]},{"@type":"BreadcrumbList","@id":"https:\/\/www.esta-officiel-usa.com\/fr\/le-departement-de-la-securite-interieure-americain\/#breadcrumb","itemListElement":[{"@type":"ListItem","position":1,"name":"Home","item":"https:\/\/www.esta-officiel-usa.com\/fr\/"},{"@type":"ListItem","position":2,"name":"Department of Homeland Security"}]},{"@type":"WebSite","@id":"https:\/\/www.esta-officiel-usa.com\/fr\/#website","url":"https:\/\/www.esta-officiel-usa.com\/fr\/","name":"ESTA - Etats-Unis","description":"Formulaire de demande ESTA","potentialAction":[{"@type":"SearchAction","target":{"@type":"EntryPoint","urlTemplate":"https:\/\/www.esta-officiel-usa.com\/fr\/?s={search_term_string}"},"query-input":{"@type":"PropertyValueSpecification","valueRequired":true,"valueName":"search_term_string"}}],"inLanguage":"fr-FR"}]}},"_links":{"self":[{"href":"https:\/\/www.esta-officiel-usa.com\/fr\/wp-json\/wp\/v2\/pages\/67","targetHints":{"allow":["GET"]}}],"collection":[{"href":"https:\/\/www.esta-officiel-usa.com\/fr\/wp-json\/wp\/v2\/pages"}],"about":[{"href":"https:\/\/www.esta-officiel-usa.com\/fr\/wp-json\/wp\/v2\/types\/page"}],"author":[{"embeddable":true,"href":"https:\/\/www.esta-officiel-usa.com\/fr\/wp-json\/wp\/v2\/users\/1"}],"replies":[{"embeddable":true,"href":"https:\/\/www.esta-officiel-usa.com\/fr\/wp-json\/wp\/v2\/comments?post=67"}],"version-history":[{"count":4,"href":"https:\/\/www.esta-officiel-usa.com\/fr\/wp-json\/wp\/v2\/pages\/67\/revisions"}],"predecessor-version":[{"id":544,"href":"https:\/\/www.esta-officiel-usa.com\/fr\/wp-json\/wp\/v2\/pages\/67\/revisions\/544"}],"wp:attachment":[{"href":"https:\/\/www.esta-officiel-usa.com\/fr\/wp-json\/wp\/v2\/media?parent=67"}],"curies":[{"name":"wp","href":"https:\/\/api.w.org\/{rel}","templated":true}]}}