{"id":69,"date":"2020-01-20T08:51:37","date_gmt":"2020-01-20T08:51:37","guid":{"rendered":"http:\/\/esta-officiel-usa.com\/?page_id=69"},"modified":"2024-04-12T07:29:51","modified_gmt":"2024-04-12T07:29:51","slug":"a-propos-du-visa-waiver-program","status":"publish","type":"page","link":"https:\/\/www.esta-officiel-usa.com\/fr\/a-propos-du-visa-waiver-program\/","title":{"rendered":"A propos du Visa Waiver Program"},"content":{"rendered":"\n<h1 class=\"wp-block-heading\">Les avantages du Visa Waiver Program<\/h1>\n\n\n\n<p>Pour beaucoup, l\u2019Am\u00e9rique est synonyme d\u2019aventures, de m\u00e9tropoles qui ne dorment jamais, de vastes \u00e9tendues de terres sauvages o\u00f9 la nature r\u00e8gne encore, de parcs nationaux et parfois, la poursuite du r\u00eave am\u00e9ricain. Chaque ann\u00e9e, des millions de voyageurs se rendent aux \u00c9tats-Unis \u00e0 l\u2019aide d\u2019un visa mais dans certains cas, celui-ci n\u2019est pas obligatoire. En effet, la cr\u00e9ation du Visa Waiver Program permet de faciliter les&nbsp;<a href=\"https:\/\/www.esta-officiel-usa.com\/fr\/les-formalites-dentree-aux-etats-unis\/\">formalit\u00e9s d\u2019entr\u00e9e aux USA<\/a>&nbsp;gr\u00e2ce \u00e0 l&rsquo;absence de visa dans la cadre de l\u2019autorisation de voyage&nbsp;<a href=\"https:\/\/www.esta-officiel-usa.com\/fr\/\">ESTA<\/a>.<br>&nbsp;<\/p>\n\n\n\n<h2 class=\"wp-block-heading\">Qu&rsquo;est ce que le Visa Waiver Program<\/h2>\n\n\n\n<p>Le VWP est le produit d\u2019une collaboration entre deux d\u00e9partements am\u00e9ricains que sont le Homeland Security Department et le\u00a0<a href=\"https:\/\/www.esta-officiel-usa.com\/fr\/quest-ce-que-le-dos-department-of-state\/\">DOS<\/a>. Il permet aux ressortissants \u00e9trangers des pays participants d\u2019entreprendre des voyages aux USA sans avoir besoin de\u00a0visa am\u00e9ricain. Du fait d&rsquo;un contexte international difficile, les autorit\u00e9s ont mis en place une autorisation de voyage surnomm\u00e9e ESTA (Electronic System for Travel Authorisation). Pour les voyageurs, ce document facilite\u00a0l&rsquo;acc\u00e8s au territoire puisqu&rsquo;un visa n&rsquo;est pas n\u00e9cessaire. Pour les\u00a0<a href=\"https:\/\/www.esta-officiel-usa.com\/fr\/passer-les-controles-des-douanes-americaines\/\">douanes am\u00e9ricaines<\/a>, ce processus repr\u00e9sente un renforcement de la s\u00e9curit\u00e9 int\u00e9rieure : le formulaire ESTA permet de collecter les informations des voyageurs et de v\u00e9rifier leur identit\u00e9 avant leur mont\u00e9e dans l\u2019avion ou le bateau. Le succ\u00e8s de l&rsquo;ESTA n&rsquo;est plus \u00e0 prouver et une autorisation similaire <a href=\"https:\/\/www.esta-officiel-usa.com\/fr\/etias-lesta-europeen\/\">ETIAS<\/a> sera mis en place pour entrer en Europe \u00e0 partir de 2025.<\/p>\n\n\n\n<p>Ci-dessous, la liste des&nbsp;<a href=\"https:\/\/www.esta-officiel-usa.com\/fr\/les-pays-partenaires-du-visa-waiver-program\/\">pays participants au Visa Waiver Program<\/a>&nbsp;:<\/p>\n\n\n\n<p>Andorre, Australie, Autriche, Allemagne, Belgique, Brunei, Chili, Cor\u00e9e du Sud, Croatie, Danemark, Espagne, Estonie, Finlande, France, Gr\u00e8ce, Hollande, Hongrie, Islande, Irlande, Isra\u00ebl, Italie, Japon, Lettonie, Liechtenstein, Lituanie, Luxembourg, Malte, Monaco, Nouvelle-Z\u00e9lande, Norv\u00e8ge, Pologne, Portugal, Royaume-Uni, Saint-Marin, Singapour, Su\u00e8de, Suisse, Slovaquie, Slov\u00e9nie, Ta\u00efwan, R\u00e9publique Tch\u00e8que.<\/p>\n\n\n\n<p>Si vous \u00eates ressortissant de l&rsquo;un de ces pays, vous pouvez faire une demande ESTA aupr\u00e8s du gouvernement am\u00e9ricain. L&rsquo;<a href=\"https:\/\/www.esta-officiel-usa.com\/fr\/la-veritable-utilite-de-lesta\/\">utilit\u00e9 d&rsquo;un ESTA<\/a>&nbsp;est de vous permettre de voyager vers les \u00c9tats-Unis sans visa mais aux conditions suivantes :<\/p>\n\n\n\n<ul class=\"wp-block-list\">\n<li>S\u00e9journer aux USA pendant 90 jours cons\u00e9cutifs maximum ;<\/li>\n\n\n\n<li>Faire du tourisme ou des affaires ;<\/li>\n\n\n\n<li>Participer \u00e0 des activit\u00e9s sociales, sportives, musicales ou culturelles, tant que celles-ci ne sont pas r\u00e9mun\u00e9r\u00e9es ;<\/li>\n\n\n\n<li>Vous inscrire \u00e0 des cours \u00e0 condition qu\u2019ils ne donnent pas de cr\u00e9dits pour obtenir un dipl\u00f4me universitaire am\u00e9ricain.<\/li>\n<\/ul>\n\n\n\n<p>Si vous pr\u00e9voyez un voyage d\u2019affaires, sachez que vous avez droit de :<\/p>\n\n\n\n<ul class=\"wp-block-list\">\n<li>Participer \u00e0 des r\u00e9unions professionnelles, \u00e0 des conf\u00e9rences, des conventions ou des formations de courte dur\u00e9e (non r\u00e9mun\u00e9r\u00e9es) ;<\/li>\n\n\n\n<li>N\u00e9gocier et signer des contrats.<br>&nbsp;<\/li>\n<\/ul>\n\n\n\n<h2 class=\"wp-block-heading\">Comment obtenir un ESTA dans le cadre du VWP<\/h2>\n\n\n\n<p>Il est assez facile de compl\u00e9ter le&nbsp;<a href=\"https:\/\/www.esta-officiel-usa.com\/fr\/obtenir-le-formulaire-esta-en-ligne\/\">formulaire ESTA en ligne<\/a>. La d\u00e9marche s&rsquo;effectue uniquement sur Internet en possession d&rsquo;un passeport valide pour entrer aux USA.<\/p>\n\n\n\n<p>Quelles que soient les raisons pour lesquelles vous souhaitez voyager aux \u00c9tats-Unis, cette autorisation de voyage permet plusieurs s\u00e9jours durant sa&nbsp;<a href=\"https:\/\/www.esta-officiel-usa.com\/fr\/verifier-la-validite-de-votre-esta\/\">dur\u00e9e de validit\u00e9 de 2 ans<\/a>. Un <a href=\"https:\/\/www.esta-officiel-usa.com\/fr\/lautorisation-esta-gratuit\/\">ESTA gratuit<\/a> n&rsquo;existe pas. Cependant le <a href=\"https:\/\/www.esta-officiel-usa.com\/fr\/le-prix-dun-esta\/\">prix \u00e0 payer pour un ESTA<\/a> est faible compar\u00e9 au prix d&rsquo;un <a href=\"https:\/\/www.esta-officiel-usa.com\/fr\/visa-b1-b2-pour-les-etats-unis\/\">visa touristique pour les USA<\/a>. <\/p>\n","protected":false},"excerpt":{"rendered":"<p>Les avantages du Visa Waiver Program Pour beaucoup, l\u2019Am\u00e9rique est synonyme d\u2019aventures, de m\u00e9tropoles qui ne dorment jamais, de vastes \u00e9tendues de terres sauvages o\u00f9 la nature r\u00e8gne encore, de parcs nationaux et parfois, la poursuite du r\u00eave am\u00e9ricain. Chaque ann\u00e9e, des millions de voyageurs se rendent aux \u00c9tats-Unis \u00e0 l\u2019aide d\u2019un visa mais dans [&hellip;]<\/p>\n","protected":false},"author":1,"featured_media":0,"parent":0,"menu_order":0,"comment_status":"closed","ping_status":"closed","template":"","meta":{"footnotes":""},"class_list":["post-69","page","type-page","status-publish","hentry"],"yoast_head":"<!-- This site is optimized with the Yoast SEO plugin v26.2 - https:\/\/yoast.com\/wordpress\/plugins\/seo\/ -->\n<title>A propos du Visa Waiver Program<\/title>\n<meta name=\"description\" content=\"Le VWP est le produit d\u2019une collaboration entre les \u00c9tats-Unis et 41 pays membres du programme. D\u00e9couvrez son utilit\u00e9 sur notre page.\" \/>\n<meta name=\"robots\" content=\"index, follow, max-snippet:-1, max-image-preview:large, max-video-preview:-1\" \/>\n<link rel=\"canonical\" href=\"https:\/\/www.esta-officiel-usa.com\/fr\/a-propos-du-visa-waiver-program\/\" \/>\n<meta property=\"og:locale\" content=\"fr_FR\" \/>\n<meta property=\"og:type\" content=\"article\" \/>\n<meta property=\"og:title\" content=\"A propos du Visa Waiver Program\" \/>\n<meta property=\"og:description\" content=\"Le VWP est le produit d\u2019une collaboration entre les \u00c9tats-Unis et 41 pays membres du programme. D\u00e9couvrez son utilit\u00e9 sur notre page.\" \/>\n<meta property=\"og:url\" content=\"https:\/\/www.esta-officiel-usa.com\/fr\/a-propos-du-visa-waiver-program\/\" \/>\n<meta property=\"og:site_name\" content=\"ESTA - Etats-Unis\" \/>\n<meta property=\"article:modified_time\" content=\"2024-04-12T07:29:51+00:00\" \/>\n<meta name=\"twitter:card\" content=\"summary_large_image\" \/>\n<meta name=\"twitter:label1\" content=\"Dur\u00e9e de lecture estim\u00e9e\" \/>\n\t<meta name=\"twitter:data1\" content=\"3 minutes\" \/>\n<script type=\"application\/ld+json\" class=\"yoast-schema-graph\">{\"@context\":\"https:\/\/schema.org\",\"@graph\":[{\"@type\":\"WebPage\",\"@id\":\"https:\/\/www.esta-officiel-usa.com\/fr\/a-propos-du-visa-waiver-program\/\",\"url\":\"https:\/\/www.esta-officiel-usa.com\/fr\/a-propos-du-visa-waiver-program\/\",\"name\":\"A propos du Visa Waiver Program\",\"isPartOf\":{\"@id\":\"https:\/\/www.esta-officiel-usa.com\/fr\/#website\"},\"datePublished\":\"2020-01-20T08:51:37+00:00\",\"dateModified\":\"2024-04-12T07:29:51+00:00\",\"description\":\"Le VWP est le produit d\u2019une collaboration entre les \u00c9tats-Unis et 41 pays membres du programme. D\u00e9couvrez son utilit\u00e9 sur notre page.\",\"breadcrumb\":{\"@id\":\"https:\/\/www.esta-officiel-usa.com\/fr\/a-propos-du-visa-waiver-program\/#breadcrumb\"},\"inLanguage\":\"fr-FR\",\"potentialAction\":[{\"@type\":\"ReadAction\",\"target\":[\"https:\/\/www.esta-officiel-usa.com\/fr\/a-propos-du-visa-waiver-program\/\"]}]},{\"@type\":\"BreadcrumbList\",\"@id\":\"https:\/\/www.esta-officiel-usa.com\/fr\/a-propos-du-visa-waiver-program\/#breadcrumb\",\"itemListElement\":[{\"@type\":\"ListItem\",\"position\":1,\"name\":\"Home\",\"item\":\"https:\/\/www.esta-officiel-usa.com\/fr\/\"},{\"@type\":\"ListItem\",\"position\":2,\"name\":\"A propos du Visa Waiver Program\"}]},{\"@type\":\"WebSite\",\"@id\":\"https:\/\/www.esta-officiel-usa.com\/fr\/#website\",\"url\":\"https:\/\/www.esta-officiel-usa.com\/fr\/\",\"name\":\"ESTA - Etats-Unis\",\"description\":\"Formulaire de demande ESTA\",\"potentialAction\":[{\"@type\":\"SearchAction\",\"target\":{\"@type\":\"EntryPoint\",\"urlTemplate\":\"https:\/\/www.esta-officiel-usa.com\/fr\/?s={search_term_string}\"},\"query-input\":{\"@type\":\"PropertyValueSpecification\",\"valueRequired\":true,\"valueName\":\"search_term_string\"}}],\"inLanguage\":\"fr-FR\"}]}<\/script>\n<!-- \/ Yoast SEO plugin. -->","yoast_head_json":{"title":"A propos du Visa Waiver Program","description":"Le VWP est le produit d\u2019une collaboration entre les \u00c9tats-Unis et 41 pays membres du programme. D\u00e9couvrez son utilit\u00e9 sur notre page.","robots":{"index":"index","follow":"follow","max-snippet":"max-snippet:-1","max-image-preview":"max-image-preview:large","max-video-preview":"max-video-preview:-1"},"canonical":"https:\/\/www.esta-officiel-usa.com\/fr\/a-propos-du-visa-waiver-program\/","og_locale":"fr_FR","og_type":"article","og_title":"A propos du Visa Waiver Program","og_description":"Le VWP est le produit d\u2019une collaboration entre les \u00c9tats-Unis et 41 pays membres du programme. D\u00e9couvrez son utilit\u00e9 sur notre page.","og_url":"https:\/\/www.esta-officiel-usa.com\/fr\/a-propos-du-visa-waiver-program\/","og_site_name":"ESTA - Etats-Unis","article_modified_time":"2024-04-12T07:29:51+00:00","twitter_card":"summary_large_image","twitter_misc":{"Dur\u00e9e de lecture estim\u00e9e":"3 minutes"},"schema":{"@context":"https:\/\/schema.org","@graph":[{"@type":"WebPage","@id":"https:\/\/www.esta-officiel-usa.com\/fr\/a-propos-du-visa-waiver-program\/","url":"https:\/\/www.esta-officiel-usa.com\/fr\/a-propos-du-visa-waiver-program\/","name":"A propos du Visa Waiver Program","isPartOf":{"@id":"https:\/\/www.esta-officiel-usa.com\/fr\/#website"},"datePublished":"2020-01-20T08:51:37+00:00","dateModified":"2024-04-12T07:29:51+00:00","description":"Le VWP est le produit d\u2019une collaboration entre les \u00c9tats-Unis et 41 pays membres du programme. D\u00e9couvrez son utilit\u00e9 sur notre page.","breadcrumb":{"@id":"https:\/\/www.esta-officiel-usa.com\/fr\/a-propos-du-visa-waiver-program\/#breadcrumb"},"inLanguage":"fr-FR","potentialAction":[{"@type":"ReadAction","target":["https:\/\/www.esta-officiel-usa.com\/fr\/a-propos-du-visa-waiver-program\/"]}]},{"@type":"BreadcrumbList","@id":"https:\/\/www.esta-officiel-usa.com\/fr\/a-propos-du-visa-waiver-program\/#breadcrumb","itemListElement":[{"@type":"ListItem","position":1,"name":"Home","item":"https:\/\/www.esta-officiel-usa.com\/fr\/"},{"@type":"ListItem","position":2,"name":"A propos du Visa Waiver Program"}]},{"@type":"WebSite","@id":"https:\/\/www.esta-officiel-usa.com\/fr\/#website","url":"https:\/\/www.esta-officiel-usa.com\/fr\/","name":"ESTA - Etats-Unis","description":"Formulaire de demande ESTA","potentialAction":[{"@type":"SearchAction","target":{"@type":"EntryPoint","urlTemplate":"https:\/\/www.esta-officiel-usa.com\/fr\/?s={search_term_string}"},"query-input":{"@type":"PropertyValueSpecification","valueRequired":true,"valueName":"search_term_string"}}],"inLanguage":"fr-FR"}]}},"_links":{"self":[{"href":"https:\/\/www.esta-officiel-usa.com\/fr\/wp-json\/wp\/v2\/pages\/69","targetHints":{"allow":["GET"]}}],"collection":[{"href":"https:\/\/www.esta-officiel-usa.com\/fr\/wp-json\/wp\/v2\/pages"}],"about":[{"href":"https:\/\/www.esta-officiel-usa.com\/fr\/wp-json\/wp\/v2\/types\/page"}],"author":[{"embeddable":true,"href":"https:\/\/www.esta-officiel-usa.com\/fr\/wp-json\/wp\/v2\/users\/1"}],"replies":[{"embeddable":true,"href":"https:\/\/www.esta-officiel-usa.com\/fr\/wp-json\/wp\/v2\/comments?post=69"}],"version-history":[{"count":7,"href":"https:\/\/www.esta-officiel-usa.com\/fr\/wp-json\/wp\/v2\/pages\/69\/revisions"}],"predecessor-version":[{"id":761,"href":"https:\/\/www.esta-officiel-usa.com\/fr\/wp-json\/wp\/v2\/pages\/69\/revisions\/761"}],"wp:attachment":[{"href":"https:\/\/www.esta-officiel-usa.com\/fr\/wp-json\/wp\/v2\/media?parent=69"}],"curies":[{"name":"wp","href":"https:\/\/api.w.org\/{rel}","templated":true}]}}