{"id":71,"date":"2020-01-20T08:54:50","date_gmt":"2020-01-20T08:54:50","guid":{"rendered":"http:\/\/esta-officiel-usa.com\/?page_id=71"},"modified":"2020-02-01T13:15:50","modified_gmt":"2020-02-01T13:15:50","slug":"quest-ce-que-le-dos-department-of-state","status":"publish","type":"page","link":"https:\/\/www.esta-officiel-usa.com\/fr\/quest-ce-que-le-dos-department-of-state\/","title":{"rendered":"Qu&rsquo;est ce que le \u00ab\u00a0DOS\u00a0\u00bbDepartment Of State"},"content":{"rendered":"\n<h1 class=\"wp-block-heading\">DEPARTMENT OF STATE OU D\u00c9PARTEMENT D\u2019\u00c9TAT<\/h1>\n\n\n\n<p>Le DOS des \u00c9tats-Unis, pour \u00ab Department of State \u00bb, se charge des relations internationales au travers des ambassades et consulats am\u00e9ricains r\u00e9partis dans le monde. Il correspond donc au Minist\u00e8re des Affaires \u00c9trang\u00e8res fran\u00e7ais et se base \u00e0 Washington. Ce d\u00e9partement a tenu un r\u00f4le dans la cr\u00e9ation de l\u2019<a href=\"https:\/\/www.esta-officiel-usa.com\/fr\/\">ESTA USA<\/a>.<\/p>\n\n\n\n<h2 class=\"wp-block-heading\">DE QUOI S\u2019OCCUPE LE DEPARTMENT OF STATE ?<\/h2>\n\n\n\n<p>Ce d\u00e9partement d\u2019\u00c9tat des USA emploie pr\u00e8s de 50 000 personnes qui travaillent notamment autour de la diplomatie et la s\u00e9curit\u00e9 am\u00e9ricaine. C\u2019est donc une structure ex\u00e9cutive f\u00e9d\u00e9rale importante qui s\u2019occupe des ambassades, consulats (plus de 290) et ressortissants am\u00e9ricains \u00e0 l\u2019\u00e9tranger dans environ 190 pays.<\/p>\n\n\n\n<p>Parmi les diff\u00e9rentes branches d\u2019activit\u00e9\u00a0du Department of State, on trouve le Service de S\u00e9curit\u00e9 Diplomatique (Diplomatic Security Service) qui a contribu\u00e9 \u00e0 la mise en place de l\u2019ESTA et du\u00a0<a href=\"https:\/\/www.esta-officiel-usa.com\/fr\/a-propos-du-visa-waiver-program\/\">Programme d\u2019Exemption de Visa (VWP)<\/a>. En effet, le DSS a collabor\u00e9 avec le DHS am\u00e9ricain \u2013 D\u00e9partement de la s\u00e9curit\u00e9 int\u00e9rieure \u2013 pour cr\u00e9er un processus d\u2019acceptation des voyageurs plus simple sans r\u00e9duire la s\u00e9curit\u00e9 du pays. Ce processus a men\u00e9 \u00e0 la cr\u00e9ation d\u2019un programme bien connu aujourd\u2019hui, permettant aux ressortissants de 38 pays de se rendre aux \u00c9tats-Unis gr\u00e2ce \u00e0 une simple autorisation ESTA. Cette d\u00e9marche all\u00e8ge la gestion des demandes de visa, tout en satisfaisant de nombreux touristes qui peuvent s\u00e9journer jusqu\u2019\u00e0 90 jours sur le sol am\u00e9ricain en remplissant un\u00a0<a href=\"https:\/\/www.esta-officiel-usa.com\/fr\/obtenir-le-formulaire-esta-en-ligne\/\">formulaire ESTA en ligne<\/a>.<\/p>\n\n\n\n<h2 class=\"wp-block-heading\">ANTICIPEZ VOTRE VOYAGE AUX USA EN OBTENANT VOTRE ESTA<\/h2>\n\n\n\n<p>Parmi les 38 pays \u00e9voqu\u00e9s ci-dessus, on trouve la France qui profite ainsi d\u2019un processus rapide en cas de voyage aux USA. Vous n\u2019avez besoin que de 72h d\u2019anticipation pour compl\u00e9ter les champs du formulaire et obtenir la pr\u00e9cieuse\u00a0<a href=\"https:\/\/www.esta-officiel-usa.com\/fr\/lautorisation-esta\/\">autorisation ESTA<\/a>, obligatoire \u00e0 toute entr\u00e9e sur le territoire.<\/p>\n\n\n\n<p>Un doute sur les informations \u00e0 remplir ? Ne prenez aucun risque et laissez-nous nous en occuper ! Nos experts sont l\u00e0 pour faciliter votre d\u00e9marche et r\u00e9pondre \u00e0 vos interrogations li\u00e9es \u00e0 l\u2019ESTA. Contactez-nous afin de concr\u00e9tiser votre projet en toute confiance.<\/p>\n","protected":false},"excerpt":{"rendered":"<p>DEPARTMENT OF STATE OU D\u00c9PARTEMENT D\u2019\u00c9TAT Le DOS des \u00c9tats-Unis, pour \u00ab Department of State \u00bb, se charge des relations internationales au travers des ambassades et consulats am\u00e9ricains r\u00e9partis dans le monde. Il correspond donc au Minist\u00e8re des Affaires \u00c9trang\u00e8res fran\u00e7ais et se base \u00e0 Washington. Ce d\u00e9partement a tenu un r\u00f4le dans la cr\u00e9ation [&hellip;]<\/p>\n","protected":false},"author":1,"featured_media":0,"parent":0,"menu_order":0,"comment_status":"closed","ping_status":"closed","template":"","meta":{"footnotes":""},"class_list":["post-71","page","type-page","status-publish","hentry"],"yoast_head":"<!-- This site is optimized with the Yoast SEO plugin v26.2 - https:\/\/yoast.com\/wordpress\/plugins\/seo\/ -->\n<title>Qu&#039;est ce que le &quot;DOS&quot;Department Of State<\/title>\n<meta name=\"description\" content=\"Le DOS pour \u00ab Department of State \u00bb, se charge des relations internationales au travers des ambassades et consulats am\u00e9ricains r\u00e9partis dans le monde.\" \/>\n<meta name=\"robots\" content=\"index, follow, max-snippet:-1, max-image-preview:large, max-video-preview:-1\" \/>\n<link rel=\"canonical\" href=\"https:\/\/www.esta-officiel-usa.com\/fr\/quest-ce-que-le-dos-department-of-state\/\" \/>\n<meta property=\"og:locale\" content=\"fr_FR\" \/>\n<meta property=\"og:type\" content=\"article\" \/>\n<meta property=\"og:title\" content=\"Qu&#039;est ce que le &quot;DOS&quot;Department Of State\" \/>\n<meta property=\"og:description\" content=\"Le DOS pour \u00ab Department of State \u00bb, se charge des relations internationales au travers des ambassades et consulats am\u00e9ricains r\u00e9partis dans le monde.\" \/>\n<meta property=\"og:url\" content=\"https:\/\/www.esta-officiel-usa.com\/fr\/quest-ce-que-le-dos-department-of-state\/\" \/>\n<meta property=\"og:site_name\" content=\"ESTA - Etats-Unis\" \/>\n<meta property=\"article:modified_time\" content=\"2020-02-01T13:15:50+00:00\" \/>\n<meta name=\"twitter:card\" content=\"summary_large_image\" \/>\n<meta name=\"twitter:label1\" content=\"Dur\u00e9e de lecture estim\u00e9e\" \/>\n\t<meta name=\"twitter:data1\" content=\"2 minutes\" \/>\n<script type=\"application\/ld+json\" class=\"yoast-schema-graph\">{\"@context\":\"https:\/\/schema.org\",\"@graph\":[{\"@type\":\"WebPage\",\"@id\":\"https:\/\/www.esta-officiel-usa.com\/fr\/quest-ce-que-le-dos-department-of-state\/\",\"url\":\"https:\/\/www.esta-officiel-usa.com\/fr\/quest-ce-que-le-dos-department-of-state\/\",\"name\":\"Qu'est ce que le \\\"DOS\\\"Department Of State\",\"isPartOf\":{\"@id\":\"https:\/\/www.esta-officiel-usa.com\/fr\/#website\"},\"datePublished\":\"2020-01-20T08:54:50+00:00\",\"dateModified\":\"2020-02-01T13:15:50+00:00\",\"description\":\"Le DOS pour \u00ab Department of State \u00bb, se charge des relations internationales au travers des ambassades et consulats am\u00e9ricains r\u00e9partis dans le monde.\",\"breadcrumb\":{\"@id\":\"https:\/\/www.esta-officiel-usa.com\/fr\/quest-ce-que-le-dos-department-of-state\/#breadcrumb\"},\"inLanguage\":\"fr-FR\",\"potentialAction\":[{\"@type\":\"ReadAction\",\"target\":[\"https:\/\/www.esta-officiel-usa.com\/fr\/quest-ce-que-le-dos-department-of-state\/\"]}]},{\"@type\":\"BreadcrumbList\",\"@id\":\"https:\/\/www.esta-officiel-usa.com\/fr\/quest-ce-que-le-dos-department-of-state\/#breadcrumb\",\"itemListElement\":[{\"@type\":\"ListItem\",\"position\":1,\"name\":\"Home\",\"item\":\"https:\/\/www.esta-officiel-usa.com\/fr\/\"},{\"@type\":\"ListItem\",\"position\":2,\"name\":\"Qu&rsquo;est ce que le \u00ab\u00a0DOS\u00a0\u00bbDepartment Of State\"}]},{\"@type\":\"WebSite\",\"@id\":\"https:\/\/www.esta-officiel-usa.com\/fr\/#website\",\"url\":\"https:\/\/www.esta-officiel-usa.com\/fr\/\",\"name\":\"ESTA - Etats-Unis\",\"description\":\"Formulaire de demande ESTA\",\"potentialAction\":[{\"@type\":\"SearchAction\",\"target\":{\"@type\":\"EntryPoint\",\"urlTemplate\":\"https:\/\/www.esta-officiel-usa.com\/fr\/?s={search_term_string}\"},\"query-input\":{\"@type\":\"PropertyValueSpecification\",\"valueRequired\":true,\"valueName\":\"search_term_string\"}}],\"inLanguage\":\"fr-FR\"}]}<\/script>\n<!-- \/ Yoast SEO plugin. -->","yoast_head_json":{"title":"Qu'est ce que le \"DOS\"Department Of State","description":"Le DOS pour \u00ab Department of State \u00bb, se charge des relations internationales au travers des ambassades et consulats am\u00e9ricains r\u00e9partis dans le monde.","robots":{"index":"index","follow":"follow","max-snippet":"max-snippet:-1","max-image-preview":"max-image-preview:large","max-video-preview":"max-video-preview:-1"},"canonical":"https:\/\/www.esta-officiel-usa.com\/fr\/quest-ce-que-le-dos-department-of-state\/","og_locale":"fr_FR","og_type":"article","og_title":"Qu'est ce que le \"DOS\"Department Of State","og_description":"Le DOS pour \u00ab Department of State \u00bb, se charge des relations internationales au travers des ambassades et consulats am\u00e9ricains r\u00e9partis dans le monde.","og_url":"https:\/\/www.esta-officiel-usa.com\/fr\/quest-ce-que-le-dos-department-of-state\/","og_site_name":"ESTA - Etats-Unis","article_modified_time":"2020-02-01T13:15:50+00:00","twitter_card":"summary_large_image","twitter_misc":{"Dur\u00e9e de lecture estim\u00e9e":"2 minutes"},"schema":{"@context":"https:\/\/schema.org","@graph":[{"@type":"WebPage","@id":"https:\/\/www.esta-officiel-usa.com\/fr\/quest-ce-que-le-dos-department-of-state\/","url":"https:\/\/www.esta-officiel-usa.com\/fr\/quest-ce-que-le-dos-department-of-state\/","name":"Qu'est ce que le \"DOS\"Department Of State","isPartOf":{"@id":"https:\/\/www.esta-officiel-usa.com\/fr\/#website"},"datePublished":"2020-01-20T08:54:50+00:00","dateModified":"2020-02-01T13:15:50+00:00","description":"Le DOS pour \u00ab Department of State \u00bb, se charge des relations internationales au travers des ambassades et consulats am\u00e9ricains r\u00e9partis dans le monde.","breadcrumb":{"@id":"https:\/\/www.esta-officiel-usa.com\/fr\/quest-ce-que-le-dos-department-of-state\/#breadcrumb"},"inLanguage":"fr-FR","potentialAction":[{"@type":"ReadAction","target":["https:\/\/www.esta-officiel-usa.com\/fr\/quest-ce-que-le-dos-department-of-state\/"]}]},{"@type":"BreadcrumbList","@id":"https:\/\/www.esta-officiel-usa.com\/fr\/quest-ce-que-le-dos-department-of-state\/#breadcrumb","itemListElement":[{"@type":"ListItem","position":1,"name":"Home","item":"https:\/\/www.esta-officiel-usa.com\/fr\/"},{"@type":"ListItem","position":2,"name":"Qu&rsquo;est ce que le \u00ab\u00a0DOS\u00a0\u00bbDepartment Of State"}]},{"@type":"WebSite","@id":"https:\/\/www.esta-officiel-usa.com\/fr\/#website","url":"https:\/\/www.esta-officiel-usa.com\/fr\/","name":"ESTA - Etats-Unis","description":"Formulaire de demande ESTA","potentialAction":[{"@type":"SearchAction","target":{"@type":"EntryPoint","urlTemplate":"https:\/\/www.esta-officiel-usa.com\/fr\/?s={search_term_string}"},"query-input":{"@type":"PropertyValueSpecification","valueRequired":true,"valueName":"search_term_string"}}],"inLanguage":"fr-FR"}]}},"_links":{"self":[{"href":"https:\/\/www.esta-officiel-usa.com\/fr\/wp-json\/wp\/v2\/pages\/71","targetHints":{"allow":["GET"]}}],"collection":[{"href":"https:\/\/www.esta-officiel-usa.com\/fr\/wp-json\/wp\/v2\/pages"}],"about":[{"href":"https:\/\/www.esta-officiel-usa.com\/fr\/wp-json\/wp\/v2\/types\/page"}],"author":[{"embeddable":true,"href":"https:\/\/www.esta-officiel-usa.com\/fr\/wp-json\/wp\/v2\/users\/1"}],"replies":[{"embeddable":true,"href":"https:\/\/www.esta-officiel-usa.com\/fr\/wp-json\/wp\/v2\/comments?post=71"}],"version-history":[{"count":2,"href":"https:\/\/www.esta-officiel-usa.com\/fr\/wp-json\/wp\/v2\/pages\/71\/revisions"}],"predecessor-version":[{"id":485,"href":"https:\/\/www.esta-officiel-usa.com\/fr\/wp-json\/wp\/v2\/pages\/71\/revisions\/485"}],"wp:attachment":[{"href":"https:\/\/www.esta-officiel-usa.com\/fr\/wp-json\/wp\/v2\/media?parent=71"}],"curies":[{"name":"wp","href":"https:\/\/api.w.org\/{rel}","templated":true}]}}