{"id":73,"date":"2020-01-20T09:09:34","date_gmt":"2020-01-20T09:09:34","guid":{"rendered":"http:\/\/esta-officiel-usa.com\/?page_id=73"},"modified":"2020-02-01T13:14:53","modified_gmt":"2020-02-01T13:14:53","slug":"renouveler-son-esta","status":"publish","type":"page","link":"https:\/\/www.esta-officiel-usa.com\/fr\/renouveler-son-esta\/","title":{"rendered":"Renouveler son ESTA"},"content":{"rendered":"\n<h1 class=\"wp-block-heading\">RENOUVELER SA DEMANDE D\u2019ESTA<\/h1>\n\n\n\n<p>M\u00eame si vous avez pass\u00e9 avec succ\u00e8s votre premi\u00e8re demande d\u2019ESTA, cette autorisation n\u2019est valable que deux ans. Une fois ce d\u00e9lai termin\u00e9, il vous faudra dans tous les cas repasser par la case formulaire pour un nouveau s\u00e9jour aux USA. Renouveler son ESTA signifie donc simplement effectuer une nouvelle demande. C\u2019est d\u2019ailleurs faisable m\u00eame si votre premier document n\u2019est pas arriv\u00e9 \u00e0 son terme. Pr\u00e9parez-vous donc \u00e0 une impression de d\u00e9j\u00e0-vu et retournez sur Internet !<\/p>\n\n\n\n<h2 class=\"wp-block-heading\">D\u00c9MARCHE POUR RENOUVELER L\u2019ESTA<\/h2>\n\n\n\n<p>La validit\u00e9 de deux ans de l\u2019ESTA (Electronic System for Travel Authorization) est stricte : pas un jour de plus ne vous sera accord\u00e9 par les autorit\u00e9s am\u00e9ricaines. Ne prenez jamais le risque de vous trouver aux \u00c9tats-Unis muni d\u2019un document p\u00e9rim\u00e9. Une seule solution : renouveler votre\u00a0<a href=\"https:\/\/www.esta-officiel-usa.com\/fr\/completer-sa-demande-officielle-desta\/\">demande ESTA<\/a>\u00a0en ligne.<\/p>\n\n\n\n<p>Ce renouvellement ne consiste en rien de plus que de r\u00e9pondre \u00e0 nouveau aux champs&nbsp;du formulaire \u00e0 compl\u00e9ter. En effet, vous ne pouvez pas revenir sur votre pr\u00e9c\u00e9dent ESTA et cliquer sur un \u00e9ventuel bouton \u00ab renouveler la demande \u00bb par exemple. \u00c9vitez le copier-coller de votre formulaire initial : vous pourriez oublier certains changements qui ont eu lieu entre temps. De plus, les raisons du s\u00e9jour sont peut-\u00eatre diff\u00e9rentes, tout comme votre \u00e9tat de sant\u00e9.<\/p>\n\n\n\n<p>N\u2019esp\u00e9rez pas non plus \u00eatre exempt\u00e9 des frais de traitement : chaque demande implique de les r\u00e9gler puisque votre dossier est r\u00e9vis\u00e9 enti\u00e8rement.<\/p>\n\n\n\n<p>Vous pouvez tout \u00e0 fait renouveler votre ESTA officiel sans attendre la fin des 2 ans de validit\u00e9. C\u2019est parfois indispensable lorsque des \u00e9l\u00e9ments renseign\u00e9s ne sont plus d\u2019actualit\u00e9 : n\u00b0 de passeport, adresse, ant\u00e9c\u00e9dents judiciaires\u2026<\/p>\n\n\n\n<h2 class=\"wp-block-heading\">UNE PREMI\u00c8RE OBTENTION D\u2019ESTA N\u2019ASSURE PAS LA DEUXI\u00c8ME !<\/h2>\n\n\n\n<p>Attention, ne pensez pas qu\u2019apr\u00e8s une premi\u00e8re acceptation, la deuxi\u00e8me adviendra automatiquement. Les autorit\u00e9s am\u00e9ricaines ne font aucun lien entre deux demandes, et un seul changement depuis votre pr\u00e9c\u00e9dent ESTA peut suffire \u00e0 entra\u00eener un refus s\u2019il ne respecte plus\u00a0<a href=\"https:\/\/www.esta-officiel-usa.com\/fr\/quelles-sont-les-regles-dobtention-de-lesta\/\">les r\u00e8gles d\u2019obtention<\/a>.<\/p>\n\n\n\n<p>Gardez en t\u00eate toutes les conditions li\u00e9es au\u00a0<a href=\"https:\/\/www.esta-officiel-usa.com\/fr\/a-propos-du-visa-waiver-program\/\">programme d\u2019exemption de Visa (VWP)<\/a>\u00a0:<\/p>\n\n\n\n<ul class=\"wp-block-list\"><li>Il concerne les ressortissants de 38 pays membres mais exclut ceux ayant pour double nationalit\u00e9 la nationalit\u00e9 irakienne, irannienne, syrienne et soudanaise&nbsp;;<\/li><li>Les s\u00e9jours sur le territoire am\u00e9ricain doivent durer 90 jours maximum ;<\/li><li>Leur but doit \u00eatre du tourisme, des affaires ou du transit ;<\/li><li>Votre passeport doit \u00eatre valide ;<\/li><li>Vous devez r\u00e9pondre de mani\u00e8re satisfaisante au questionnaire.<\/li><\/ul>\n\n\n\n<p>Si rien n\u2019a chang\u00e9 depuis votre premi\u00e8re demande, il est probable que la deuxi\u00e8me obtienne aussi gain de cause, mais ne vous d\u00e9concentrez pas pour autant.<\/p>\n\n\n\n<p>Afin de ne pas retarder votre autorisation, en cas de coquille par exemple, sollicitez notre assistance ESTA en ligne, qui pourra \u00e9galement vous aider pour vos\u00a0<a href=\"https:\/\/www.esta-officiel-usa.com\/fr\/les-demarches-pour-visiter-les-etats-unis\/\">d\u00e9marches de visite aux \u00c9tats-Unis<\/a>.<\/p>\n","protected":false},"excerpt":{"rendered":"<p>RENOUVELER SA DEMANDE D\u2019ESTA M\u00eame si vous avez pass\u00e9 avec succ\u00e8s votre premi\u00e8re demande d\u2019ESTA, cette autorisation n\u2019est valable que deux ans. Une fois ce d\u00e9lai termin\u00e9, il vous faudra dans tous les cas repasser par la case formulaire pour un nouveau s\u00e9jour aux USA. Renouveler son ESTA signifie donc simplement effectuer une nouvelle demande. [&hellip;]<\/p>\n","protected":false},"author":1,"featured_media":0,"parent":0,"menu_order":0,"comment_status":"closed","ping_status":"closed","template":"","meta":{"footnotes":""},"class_list":["post-73","page","type-page","status-publish","hentry"],"yoast_head":"<!-- This site is optimized with the Yoast SEO plugin v26.2 - https:\/\/yoast.com\/wordpress\/plugins\/seo\/ -->\n<title>Renouveler son ESTA<\/title>\n<meta name=\"description\" content=\"M\u00eame si vous avez pass\u00e9 avec succ\u00e8s votre premi\u00e8re demande d\u2019ESTA, cette autorisation n\u2019est valable que deux ans, vous devrez donc la renouveler.\" \/>\n<meta name=\"robots\" content=\"index, follow, max-snippet:-1, max-image-preview:large, max-video-preview:-1\" \/>\n<link rel=\"canonical\" href=\"https:\/\/www.esta-officiel-usa.com\/fr\/renouveler-son-esta\/\" \/>\n<meta property=\"og:locale\" content=\"fr_FR\" \/>\n<meta property=\"og:type\" content=\"article\" \/>\n<meta property=\"og:title\" content=\"Renouveler son ESTA\" \/>\n<meta property=\"og:description\" content=\"M\u00eame si vous avez pass\u00e9 avec succ\u00e8s votre premi\u00e8re demande d\u2019ESTA, cette autorisation n\u2019est valable que deux ans, vous devrez donc la renouveler.\" \/>\n<meta property=\"og:url\" content=\"https:\/\/www.esta-officiel-usa.com\/fr\/renouveler-son-esta\/\" \/>\n<meta property=\"og:site_name\" content=\"ESTA - Etats-Unis\" \/>\n<meta property=\"article:modified_time\" content=\"2020-02-01T13:14:53+00:00\" \/>\n<meta name=\"twitter:card\" content=\"summary_large_image\" \/>\n<meta name=\"twitter:label1\" content=\"Dur\u00e9e de lecture estim\u00e9e\" \/>\n\t<meta name=\"twitter:data1\" content=\"3 minutes\" \/>\n<script type=\"application\/ld+json\" class=\"yoast-schema-graph\">{\"@context\":\"https:\/\/schema.org\",\"@graph\":[{\"@type\":\"WebPage\",\"@id\":\"https:\/\/www.esta-officiel-usa.com\/fr\/renouveler-son-esta\/\",\"url\":\"https:\/\/www.esta-officiel-usa.com\/fr\/renouveler-son-esta\/\",\"name\":\"Renouveler son ESTA\",\"isPartOf\":{\"@id\":\"https:\/\/www.esta-officiel-usa.com\/fr\/#website\"},\"datePublished\":\"2020-01-20T09:09:34+00:00\",\"dateModified\":\"2020-02-01T13:14:53+00:00\",\"description\":\"M\u00eame si vous avez pass\u00e9 avec succ\u00e8s votre premi\u00e8re demande d\u2019ESTA, cette autorisation n\u2019est valable que deux ans, vous devrez donc la renouveler.\",\"breadcrumb\":{\"@id\":\"https:\/\/www.esta-officiel-usa.com\/fr\/renouveler-son-esta\/#breadcrumb\"},\"inLanguage\":\"fr-FR\",\"potentialAction\":[{\"@type\":\"ReadAction\",\"target\":[\"https:\/\/www.esta-officiel-usa.com\/fr\/renouveler-son-esta\/\"]}]},{\"@type\":\"BreadcrumbList\",\"@id\":\"https:\/\/www.esta-officiel-usa.com\/fr\/renouveler-son-esta\/#breadcrumb\",\"itemListElement\":[{\"@type\":\"ListItem\",\"position\":1,\"name\":\"Home\",\"item\":\"https:\/\/www.esta-officiel-usa.com\/fr\/\"},{\"@type\":\"ListItem\",\"position\":2,\"name\":\"Renouveler son ESTA\"}]},{\"@type\":\"WebSite\",\"@id\":\"https:\/\/www.esta-officiel-usa.com\/fr\/#website\",\"url\":\"https:\/\/www.esta-officiel-usa.com\/fr\/\",\"name\":\"ESTA - Etats-Unis\",\"description\":\"Formulaire de demande ESTA\",\"potentialAction\":[{\"@type\":\"SearchAction\",\"target\":{\"@type\":\"EntryPoint\",\"urlTemplate\":\"https:\/\/www.esta-officiel-usa.com\/fr\/?s={search_term_string}\"},\"query-input\":{\"@type\":\"PropertyValueSpecification\",\"valueRequired\":true,\"valueName\":\"search_term_string\"}}],\"inLanguage\":\"fr-FR\"}]}<\/script>\n<!-- \/ Yoast SEO plugin. -->","yoast_head_json":{"title":"Renouveler son ESTA","description":"M\u00eame si vous avez pass\u00e9 avec succ\u00e8s votre premi\u00e8re demande d\u2019ESTA, cette autorisation n\u2019est valable que deux ans, vous devrez donc la renouveler.","robots":{"index":"index","follow":"follow","max-snippet":"max-snippet:-1","max-image-preview":"max-image-preview:large","max-video-preview":"max-video-preview:-1"},"canonical":"https:\/\/www.esta-officiel-usa.com\/fr\/renouveler-son-esta\/","og_locale":"fr_FR","og_type":"article","og_title":"Renouveler son ESTA","og_description":"M\u00eame si vous avez pass\u00e9 avec succ\u00e8s votre premi\u00e8re demande d\u2019ESTA, cette autorisation n\u2019est valable que deux ans, vous devrez donc la renouveler.","og_url":"https:\/\/www.esta-officiel-usa.com\/fr\/renouveler-son-esta\/","og_site_name":"ESTA - Etats-Unis","article_modified_time":"2020-02-01T13:14:53+00:00","twitter_card":"summary_large_image","twitter_misc":{"Dur\u00e9e de lecture estim\u00e9e":"3 minutes"},"schema":{"@context":"https:\/\/schema.org","@graph":[{"@type":"WebPage","@id":"https:\/\/www.esta-officiel-usa.com\/fr\/renouveler-son-esta\/","url":"https:\/\/www.esta-officiel-usa.com\/fr\/renouveler-son-esta\/","name":"Renouveler son ESTA","isPartOf":{"@id":"https:\/\/www.esta-officiel-usa.com\/fr\/#website"},"datePublished":"2020-01-20T09:09:34+00:00","dateModified":"2020-02-01T13:14:53+00:00","description":"M\u00eame si vous avez pass\u00e9 avec succ\u00e8s votre premi\u00e8re demande d\u2019ESTA, cette autorisation n\u2019est valable que deux ans, vous devrez donc la renouveler.","breadcrumb":{"@id":"https:\/\/www.esta-officiel-usa.com\/fr\/renouveler-son-esta\/#breadcrumb"},"inLanguage":"fr-FR","potentialAction":[{"@type":"ReadAction","target":["https:\/\/www.esta-officiel-usa.com\/fr\/renouveler-son-esta\/"]}]},{"@type":"BreadcrumbList","@id":"https:\/\/www.esta-officiel-usa.com\/fr\/renouveler-son-esta\/#breadcrumb","itemListElement":[{"@type":"ListItem","position":1,"name":"Home","item":"https:\/\/www.esta-officiel-usa.com\/fr\/"},{"@type":"ListItem","position":2,"name":"Renouveler son ESTA"}]},{"@type":"WebSite","@id":"https:\/\/www.esta-officiel-usa.com\/fr\/#website","url":"https:\/\/www.esta-officiel-usa.com\/fr\/","name":"ESTA - Etats-Unis","description":"Formulaire de demande ESTA","potentialAction":[{"@type":"SearchAction","target":{"@type":"EntryPoint","urlTemplate":"https:\/\/www.esta-officiel-usa.com\/fr\/?s={search_term_string}"},"query-input":{"@type":"PropertyValueSpecification","valueRequired":true,"valueName":"search_term_string"}}],"inLanguage":"fr-FR"}]}},"_links":{"self":[{"href":"https:\/\/www.esta-officiel-usa.com\/fr\/wp-json\/wp\/v2\/pages\/73","targetHints":{"allow":["GET"]}}],"collection":[{"href":"https:\/\/www.esta-officiel-usa.com\/fr\/wp-json\/wp\/v2\/pages"}],"about":[{"href":"https:\/\/www.esta-officiel-usa.com\/fr\/wp-json\/wp\/v2\/types\/page"}],"author":[{"embeddable":true,"href":"https:\/\/www.esta-officiel-usa.com\/fr\/wp-json\/wp\/v2\/users\/1"}],"replies":[{"embeddable":true,"href":"https:\/\/www.esta-officiel-usa.com\/fr\/wp-json\/wp\/v2\/comments?post=73"}],"version-history":[{"count":2,"href":"https:\/\/www.esta-officiel-usa.com\/fr\/wp-json\/wp\/v2\/pages\/73\/revisions"}],"predecessor-version":[{"id":484,"href":"https:\/\/www.esta-officiel-usa.com\/fr\/wp-json\/wp\/v2\/pages\/73\/revisions\/484"}],"wp:attachment":[{"href":"https:\/\/www.esta-officiel-usa.com\/fr\/wp-json\/wp\/v2\/media?parent=73"}],"curies":[{"name":"wp","href":"https:\/\/api.w.org\/{rel}","templated":true}]}}