{"id":75,"date":"2020-01-20T09:13:59","date_gmt":"2020-01-20T09:13:59","guid":{"rendered":"http:\/\/esta-officiel-usa.com\/?page_id=75"},"modified":"2020-02-01T14:06:43","modified_gmt":"2020-02-01T14:06:43","slug":"obtention-de-lesta-usa-dans-les-plus-brefs-delais","status":"publish","type":"page","link":"https:\/\/www.esta-officiel-usa.com\/fr\/obtention-de-lesta-usa-dans-les-plus-brefs-delais\/","title":{"rendered":"Quels sont les d\u00e9lais d&rsquo;obtention de l&rsquo;ESTA"},"content":{"rendered":"\n<h1 class=\"wp-block-heading\">D\u00c9LAIS REQUIS POUR OBTENIR L\u2019ESTA<\/h1>\n\n\n\n<p>38 pays, dont la France, ont la chance de participer au Visa Waiver Program. Ainsi, leurs ressortissants peuvent b\u00e9n\u00e9ficier d\u2019une exemption de visa pour se rendre aux \u00c9tats-Unis. Vous \u00eates int\u00e9ress\u00e9 par l&rsquo;<a href=\"https:\/\/www.esta-officiel-usa.com\/fr\/\">ESTA<\/a>\u00a0? Nos experts vous expliquent tout sur les d\u00e9lais d\u2019obtention ESTA.<\/p>\n\n\n\n<h2 class=\"wp-block-heading\">QUEL EST LE D\u00c9LAI DE R\u00c9CEPTION D\u2019UN ESTA ?<\/h2>\n\n\n\n<p>L\u2019ESTA a \u00e9t\u00e9 cr\u00e9\u00e9 afin de faciliter l\u2019entr\u00e9e sur le sol am\u00e9ricain des ressortissants de certains pays.<\/p>\n\n\n\n<p>Son obtention requiert de r\u00e9pondre \u00e0 quelques crit\u00e8res, tels que :<\/p>\n\n\n\n<ul class=\"wp-block-list\"><li>\u00eatre resssortissant d&rsquo;un pays membre du\u00a0<a href=\"https:\/\/www.esta-officiel-usa.com\/fr\/a-propos-du-visa-waiver-program\/\">Visa Waiver Program<\/a>\u00a0(certaines doubles nationalit\u00e9s sont automatiquement exclues) ;<\/li><li>s\u00e9journer aux USA pour motif touristique ou professionel ou simplement transiter sur le sol am\u00e9ricain;<\/li><li>voyager avec une compagnie agr\u00e9\u00e9e par les \u00c9tats-Unis ;<\/li><li>rester sur le territoire\u00a0am\u00e9ricain pour une dur\u00e9e de 90 jours maximum ;<\/li><li>poss\u00e9der un\u00a0<a href=\"https:\/\/www.esta-officiel-usa.com\/fr\/quel-type-de-passeport-pour-les-usa\/\">passeport<\/a>\u00a0de type \u00e9lectronique ou biom\u00e9trique en cours de validit\u00e9;<\/li><li>remplir correctement le questionnaire ESTA obligatoire puis valider la demande en proc\u00e9dant au paiement des frais de traitement.<\/li><\/ul>\n\n\n\n<p>Si vous souhaitez recevoir votre ESTA dans les meilleurs d\u00e9lais, vous devez \u00eatre vigilant au moment du remplissage du formulaire. Ce dernier est compos\u00e9 de trois rubriques :<\/p>\n\n\n\n<ul class=\"wp-block-list\"><li>identit\u00e9 du voyageur ;<\/li><li>raisons du s\u00e9jour aux USA ;<\/li><li>ant\u00e9c\u00e9dents m\u00e9dicaux et judiciaires.<\/li><\/ul>\n\n\n\n<p>Les informations doivent correspondre \u00e0 la stricte r\u00e9alit\u00e9, sous risque d\u2019\u00eatre confront\u00e9 \u00e0 un refus de d\u00e9livrance d\u2019autorisation de la part des autorit\u00e9s am\u00e9ricaines.<\/p>\n\n\n\n<p>Afin de limiter cela, esta-officiel-usa.com vous assiste dans votre d\u00e9marche d\u2019obtention de l\u2019ESTA.<\/p>\n\n\n\n<p>Nos \u00e9quipes v\u00e9rifient une \u00e0 une vos r\u00e9ponses. Vous recevez votre ESTA dans un d\u00e9lai de 72 heures et le plus souvent le jour m\u00eame.<\/p>\n\n\n\n<h2 class=\"wp-block-heading\">D\u00c9LAIS&nbsp; POUR UNE NOUVELLE DEMANDE ESTA EN CAS DE REFUS<\/h2>\n\n\n\n<p>Les refus d\u2019ESTA sont tr\u00e8s rares, toutefois, si vous faites partie des malchanceux, sachez que vous devez respecter un d\u00e9lai de 10 jours avant d\u2019effectuer une nouvelle demande d\u2019autorisation.<\/p>\n\n\n\n<p>Dans ce cas, il conviendra de bien v\u00e9rifier chacune des r\u00e9ponses apport\u00e9es et \u00e9viter les fautes de frappe ou inversion de lettres ou chiffres.<\/p>\n\n\n\n<p>Si l&rsquo;autorisation est approuv\u00e9e,&nbsp;vous recevez votre certificat ESTA officiel par e-mail, \u00e0 t\u00e9l\u00e9charger sous format PDF. En cas de nouveau refus, vous n\u2019aurez d\u2019autre&nbsp;choix que de vous tourner vers une autre forme d\u2019autorisation de s\u00e9jour, telle que le visa.<\/p>\n\n\n\n<h2 class=\"wp-block-heading\">DUR\u00c9E DE VALIDIT\u00c9 DE L\u2019ESTA<\/h2>\n\n\n\n<p>Le formulaire ESTA est valable deux ans. Plusieurs s\u00e9jours sont donc possibles au cours de cette p\u00e9riode, sous conditions de respecter un d\u00e9lai maximal de 90 jours sur place.<\/p>\n\n\n\n<p>Sachez toutefois, que si au cours du temps vos informations (\u00e9tat civil, num\u00e9ro de passeport\u2026) venaient \u00e0 changer, vous devez commander sans d\u00e9lai un nouvel ESTA.<\/p>\n\n\n\n<p>Si vous ne le faites pas, vous pourriez en cas de\u00a0<a href=\"https:\/\/www.esta-officiel-usa.com\/fr\/passer-les-controles-des-douanes-americaines\/\">contr\u00f4le des douanes<\/a>\u00a0vous voir refuser l\u2019acc\u00e8s au sol am\u00e9ricain par le\u00a0<a href=\"https:\/\/www.esta-officiel-usa.com\/fr\/le-departement-de-la-securite-interieure-americain\/\">d\u00e9partement de la s\u00e9curit\u00e9 int\u00e9rieure<\/a>.<\/p>\n\n\n\n<p>Si vous souhaitez commander un ESTA \u00e0 jour, la proc\u00e9dure est la m\u00eame que celle appliqu\u00e9e lors d\u2019une premi\u00e8re demande. Le d\u00e9lai de r\u00e9ception reste lui aussi inchang\u00e9, c\u2019est \u00e0 dire 72 heures maximum, et le plus souvent le jour m\u00eame.&nbsp;<\/p>\n","protected":false},"excerpt":{"rendered":"<p>D\u00c9LAIS REQUIS POUR OBTENIR L\u2019ESTA 38 pays, dont la France, ont la chance de participer au Visa Waiver Program. Ainsi, leurs ressortissants peuvent b\u00e9n\u00e9ficier d\u2019une exemption de visa pour se rendre aux \u00c9tats-Unis. Vous \u00eates int\u00e9ress\u00e9 par l&rsquo;ESTA\u00a0? Nos experts vous expliquent tout sur les d\u00e9lais d\u2019obtention ESTA. QUEL EST LE D\u00c9LAI DE R\u00c9CEPTION D\u2019UN [&hellip;]<\/p>\n","protected":false},"author":1,"featured_media":0,"parent":0,"menu_order":0,"comment_status":"closed","ping_status":"closed","template":"","meta":{"footnotes":""},"class_list":["post-75","page","type-page","status-publish","hentry"],"yoast_head":"<!-- This site is optimized with the Yoast SEO plugin v26.2 - https:\/\/yoast.com\/wordpress\/plugins\/seo\/ -->\n<title>Quels sont les d\u00e9lais d&#039;obtention de l&#039;ESTA<\/title>\n<meta name=\"description\" content=\"Pour recevoir votre ESTA dans les meilleurs d\u00e9lais ( de quelques heures \u00e0 72 heures), vous devez \u00eatre vigilant au moment du remplissage du formulaire.\" \/>\n<meta name=\"robots\" content=\"index, follow, max-snippet:-1, max-image-preview:large, max-video-preview:-1\" \/>\n<link rel=\"canonical\" href=\"https:\/\/www.esta-officiel-usa.com\/fr\/obtention-de-lesta-usa-dans-les-plus-brefs-delais\/\" \/>\n<meta property=\"og:locale\" content=\"fr_FR\" \/>\n<meta property=\"og:type\" content=\"article\" \/>\n<meta property=\"og:title\" content=\"Quels sont les d\u00e9lais d&#039;obtention de l&#039;ESTA\" \/>\n<meta property=\"og:description\" content=\"Pour recevoir votre ESTA dans les meilleurs d\u00e9lais ( de quelques heures \u00e0 72 heures), vous devez \u00eatre vigilant au moment du remplissage du formulaire.\" \/>\n<meta property=\"og:url\" content=\"https:\/\/www.esta-officiel-usa.com\/fr\/obtention-de-lesta-usa-dans-les-plus-brefs-delais\/\" \/>\n<meta property=\"og:site_name\" content=\"ESTA - Etats-Unis\" \/>\n<meta property=\"article:modified_time\" content=\"2020-02-01T14:06:43+00:00\" \/>\n<meta name=\"twitter:card\" content=\"summary_large_image\" \/>\n<meta name=\"twitter:label1\" content=\"Dur\u00e9e de lecture estim\u00e9e\" \/>\n\t<meta name=\"twitter:data1\" content=\"3 minutes\" \/>\n<script type=\"application\/ld+json\" class=\"yoast-schema-graph\">{\"@context\":\"https:\/\/schema.org\",\"@graph\":[{\"@type\":\"WebPage\",\"@id\":\"https:\/\/www.esta-officiel-usa.com\/fr\/obtention-de-lesta-usa-dans-les-plus-brefs-delais\/\",\"url\":\"https:\/\/www.esta-officiel-usa.com\/fr\/obtention-de-lesta-usa-dans-les-plus-brefs-delais\/\",\"name\":\"Quels sont les d\u00e9lais d'obtention de l'ESTA\",\"isPartOf\":{\"@id\":\"https:\/\/www.esta-officiel-usa.com\/fr\/#website\"},\"datePublished\":\"2020-01-20T09:13:59+00:00\",\"dateModified\":\"2020-02-01T14:06:43+00:00\",\"description\":\"Pour recevoir votre ESTA dans les meilleurs d\u00e9lais ( de quelques heures \u00e0 72 heures), vous devez \u00eatre vigilant au moment du remplissage du formulaire.\",\"breadcrumb\":{\"@id\":\"https:\/\/www.esta-officiel-usa.com\/fr\/obtention-de-lesta-usa-dans-les-plus-brefs-delais\/#breadcrumb\"},\"inLanguage\":\"fr-FR\",\"potentialAction\":[{\"@type\":\"ReadAction\",\"target\":[\"https:\/\/www.esta-officiel-usa.com\/fr\/obtention-de-lesta-usa-dans-les-plus-brefs-delais\/\"]}]},{\"@type\":\"BreadcrumbList\",\"@id\":\"https:\/\/www.esta-officiel-usa.com\/fr\/obtention-de-lesta-usa-dans-les-plus-brefs-delais\/#breadcrumb\",\"itemListElement\":[{\"@type\":\"ListItem\",\"position\":1,\"name\":\"Home\",\"item\":\"https:\/\/www.esta-officiel-usa.com\/fr\/\"},{\"@type\":\"ListItem\",\"position\":2,\"name\":\"Quels sont les d\u00e9lais d&rsquo;obtention de l&rsquo;ESTA\"}]},{\"@type\":\"WebSite\",\"@id\":\"https:\/\/www.esta-officiel-usa.com\/fr\/#website\",\"url\":\"https:\/\/www.esta-officiel-usa.com\/fr\/\",\"name\":\"ESTA - Etats-Unis\",\"description\":\"Formulaire de demande ESTA\",\"potentialAction\":[{\"@type\":\"SearchAction\",\"target\":{\"@type\":\"EntryPoint\",\"urlTemplate\":\"https:\/\/www.esta-officiel-usa.com\/fr\/?s={search_term_string}\"},\"query-input\":{\"@type\":\"PropertyValueSpecification\",\"valueRequired\":true,\"valueName\":\"search_term_string\"}}],\"inLanguage\":\"fr-FR\"}]}<\/script>\n<!-- \/ Yoast SEO plugin. -->","yoast_head_json":{"title":"Quels sont les d\u00e9lais d'obtention de l'ESTA","description":"Pour recevoir votre ESTA dans les meilleurs d\u00e9lais ( de quelques heures \u00e0 72 heures), vous devez \u00eatre vigilant au moment du remplissage du formulaire.","robots":{"index":"index","follow":"follow","max-snippet":"max-snippet:-1","max-image-preview":"max-image-preview:large","max-video-preview":"max-video-preview:-1"},"canonical":"https:\/\/www.esta-officiel-usa.com\/fr\/obtention-de-lesta-usa-dans-les-plus-brefs-delais\/","og_locale":"fr_FR","og_type":"article","og_title":"Quels sont les d\u00e9lais d'obtention de l'ESTA","og_description":"Pour recevoir votre ESTA dans les meilleurs d\u00e9lais ( de quelques heures \u00e0 72 heures), vous devez \u00eatre vigilant au moment du remplissage du formulaire.","og_url":"https:\/\/www.esta-officiel-usa.com\/fr\/obtention-de-lesta-usa-dans-les-plus-brefs-delais\/","og_site_name":"ESTA - Etats-Unis","article_modified_time":"2020-02-01T14:06:43+00:00","twitter_card":"summary_large_image","twitter_misc":{"Dur\u00e9e de lecture estim\u00e9e":"3 minutes"},"schema":{"@context":"https:\/\/schema.org","@graph":[{"@type":"WebPage","@id":"https:\/\/www.esta-officiel-usa.com\/fr\/obtention-de-lesta-usa-dans-les-plus-brefs-delais\/","url":"https:\/\/www.esta-officiel-usa.com\/fr\/obtention-de-lesta-usa-dans-les-plus-brefs-delais\/","name":"Quels sont les d\u00e9lais d'obtention de l'ESTA","isPartOf":{"@id":"https:\/\/www.esta-officiel-usa.com\/fr\/#website"},"datePublished":"2020-01-20T09:13:59+00:00","dateModified":"2020-02-01T14:06:43+00:00","description":"Pour recevoir votre ESTA dans les meilleurs d\u00e9lais ( de quelques heures \u00e0 72 heures), vous devez \u00eatre vigilant au moment du remplissage du formulaire.","breadcrumb":{"@id":"https:\/\/www.esta-officiel-usa.com\/fr\/obtention-de-lesta-usa-dans-les-plus-brefs-delais\/#breadcrumb"},"inLanguage":"fr-FR","potentialAction":[{"@type":"ReadAction","target":["https:\/\/www.esta-officiel-usa.com\/fr\/obtention-de-lesta-usa-dans-les-plus-brefs-delais\/"]}]},{"@type":"BreadcrumbList","@id":"https:\/\/www.esta-officiel-usa.com\/fr\/obtention-de-lesta-usa-dans-les-plus-brefs-delais\/#breadcrumb","itemListElement":[{"@type":"ListItem","position":1,"name":"Home","item":"https:\/\/www.esta-officiel-usa.com\/fr\/"},{"@type":"ListItem","position":2,"name":"Quels sont les d\u00e9lais d&rsquo;obtention de l&rsquo;ESTA"}]},{"@type":"WebSite","@id":"https:\/\/www.esta-officiel-usa.com\/fr\/#website","url":"https:\/\/www.esta-officiel-usa.com\/fr\/","name":"ESTA - Etats-Unis","description":"Formulaire de demande ESTA","potentialAction":[{"@type":"SearchAction","target":{"@type":"EntryPoint","urlTemplate":"https:\/\/www.esta-officiel-usa.com\/fr\/?s={search_term_string}"},"query-input":{"@type":"PropertyValueSpecification","valueRequired":true,"valueName":"search_term_string"}}],"inLanguage":"fr-FR"}]}},"_links":{"self":[{"href":"https:\/\/www.esta-officiel-usa.com\/fr\/wp-json\/wp\/v2\/pages\/75","targetHints":{"allow":["GET"]}}],"collection":[{"href":"https:\/\/www.esta-officiel-usa.com\/fr\/wp-json\/wp\/v2\/pages"}],"about":[{"href":"https:\/\/www.esta-officiel-usa.com\/fr\/wp-json\/wp\/v2\/types\/page"}],"author":[{"embeddable":true,"href":"https:\/\/www.esta-officiel-usa.com\/fr\/wp-json\/wp\/v2\/users\/1"}],"replies":[{"embeddable":true,"href":"https:\/\/www.esta-officiel-usa.com\/fr\/wp-json\/wp\/v2\/comments?post=75"}],"version-history":[{"count":2,"href":"https:\/\/www.esta-officiel-usa.com\/fr\/wp-json\/wp\/v2\/pages\/75\/revisions"}],"predecessor-version":[{"id":501,"href":"https:\/\/www.esta-officiel-usa.com\/fr\/wp-json\/wp\/v2\/pages\/75\/revisions\/501"}],"wp:attachment":[{"href":"https:\/\/www.esta-officiel-usa.com\/fr\/wp-json\/wp\/v2\/media?parent=75"}],"curies":[{"name":"wp","href":"https:\/\/api.w.org\/{rel}","templated":true}]}}