{"id":77,"date":"2020-01-20T09:17:15","date_gmt":"2020-01-20T09:17:15","guid":{"rendered":"http:\/\/esta-officiel-usa.com\/?page_id=77"},"modified":"2020-02-01T13:04:43","modified_gmt":"2020-02-01T13:04:43","slug":"verifier-la-validite-de-votre-esta","status":"publish","type":"page","link":"https:\/\/www.esta-officiel-usa.com\/fr\/verifier-la-validite-de-votre-esta\/","title":{"rendered":"V\u00e9rifier la validit\u00e9 de votre ESTA"},"content":{"rendered":"\n<h1 class=\"wp-block-heading\">TOUT SAVOIR SUR LA VALIDIT\u00c9 DE L\u2019ESTA &nbsp;&nbsp;<\/h1>\n\n\n\n<p>Des millions de voyageurs profitent des avantages de l\u2019Electronic System for Travel Authorisation (<a href=\"https:\/\/www.esta-officiel-usa.com\/fr\/\">ESTA<\/a>) chaque ann\u00e9e. En effet, les \u00c9tats-Unis ne font pas partie de l\u2019espace Schengen, il est donc obligation de poss\u00e9der un visa ou une autorisation de voyage ESTA en cours de validit\u00e9. Dans le cas contraire, vous ne serez pas autoris\u00e9 \u00e0 entrer sur le territoire am\u00e9ricain.<\/p>\n\n\n\n<h2 class=\"wp-block-heading\">COMMENT V\u00c9RIFIER LA DUR\u00c9E DE VALIDIT\u00c9 DE L\u2019ESTA ?<\/h2>\n\n\n\n<p>Avant toute chose, la validit\u00e9 de votre autorisation ESTA est li\u00e9e \u00e0 votre\u00a0<a href=\"https:\/\/www.esta-officiel-usa.com\/fr\/quel-type-de-passeport-pour-les-usa\/\">passeport<\/a>. En effet, lorsque vous r\u00e9alisez une demande d\u2019ESTA via le formulaire en ligne, il vous faudra renseigner les informations contenues dans celui-ci et votre autorisation ESTA sera alors rattach\u00e9e \u00e0 votre num\u00e9ro de passeport. Notons \u00e9galement que tout changement dans les informations d\u00e9clar\u00e9es dans le formulaire ESTA est \u00e9galement susceptible d&rsquo;annuler\u00a0la validit\u00e9 de votre ESTA :<\/p>\n\n\n\n<ul class=\"wp-block-list\"><li>Vous avez d\u00e9m\u00e9nag\u00e9 dans un pays diff\u00e9rent ;<\/li><li>Votre \u00e9tat de sant\u00e9 a chang\u00e9 ;<\/li><li>Votre casier judiciaire n\u2019est plus vierge ;<\/li><li>L\u2019adresse de votre domicile n\u2019est plus \u00e0 jour ;<\/li><li>Votre passeport n\u2019est plus valide ;<\/li><li>Etc.<\/li><\/ul>\n\n\n\n<p>Si tel est votre cas, vous \u00eates tenu de renouveler votre ESTA afin de pouvoir continuer \u00e0 profiter de sa validit\u00e9 fix\u00e9e \u00e0 deux ans par le\u00a0<a href=\"https:\/\/www.esta-officiel-usa.com\/fr\/le-departement-de-la-securite-interieure-americain\/\">Department of Homeland Security<\/a>. Tous les d\u00e9tenteurs de l\u2019ESTA peuvent alors entreprendre plusieurs voyages de 90 jours cons\u00e9cutifs pour des raisons touristiques ou professionnelles.<br>\u00a0<\/p>\n\n\n\n<h2 class=\"wp-block-heading\">QUELS SONT LES AVANTAGES DE LA VALIDIT\u00c9 ESTA ?<\/h2>\n\n\n\n<p>L\u2019ESTA doit son succ\u00e8s au fait que la d\u00e9marche se r\u00e9alise uniquement en ligne : pas besoin de se rendre \u00e0 l\u2019ambassade ou au consulat, pas besoin d\u2019attendre des semaines, pas besoin de passer un entretien et surtout, pas besoin de d\u00e9bourser des centaines d\u2019euros ! Le prix de l\u2019ESTA est de 14 dollars&nbsp;pour les frais de dossier.&nbsp;Autre atout int\u00e9ressant, sa dur\u00e9e de validit\u00e9 de deux ans qui vous permet d&rsquo;entreprendre les activit\u00e9s suivantes aux \u00c9tats-Unis :<\/p>\n\n\n\n<ul class=\"wp-block-list\"><li>Participer \u00e0 des activit\u00e9s culturelles non r\u00e9mun\u00e9r\u00e9es ;<\/li><li>Faire du camping dans les parcs nationaux ;<\/li><li>Faire du b\u00e9n\u00e9volat pour des associations caritatives ;<\/li><li>N\u00e9gocier des contrats avec des compagnies am\u00e9ricaines ;<\/li><li>Participer \u00e0 des r\u00e9unions professionnelles ;<\/li><li>Se pr\u00e9senter \u00e0 des formations non r\u00e9mun\u00e9r\u00e9es ou n&rsquo;offrant pas de&nbsp;cr\u00e9dits pour des dipl\u00f4mes universitaires ;<\/li><li>Etc.<\/li><\/ul>\n\n\n\n<p>Pour faire une\u00a0<a href=\"https:\/\/www.esta-officiel-usa.com\/fr\/la-declaration-esta\/\">d\u00e9claration ESTA<\/a>, vous devez tout d\u2019abord \u00eatre ressortissant d\u2019un des 38 pays du\u00a0<a href=\"https:\/\/www.esta-officiel-usa.com\/fr\/a-propos-du-visa-waiver-program\/\">Visa Waiver Program<\/a>\u00a0et vous rendre ou sur le site de la douane am\u00e9ricaine ou remplir notre\u00a0formulaire simplifi\u00e9 et en fran\u00e7ais, vous pouvez \u00e9galement faire appel \u00e0 notre assistance en ligne 6 jours sur 7.<\/p>\n\n\n\n<p>Note : lorsque que la validit\u00e9 de votre ESTA expire, celle-ci ne se renouvelle pas automatiquement, il vous faudra r\u00e9it\u00e9rer votre demande.<\/p>\n","protected":false},"excerpt":{"rendered":"<p>TOUT SAVOIR SUR LA VALIDIT\u00c9 DE L\u2019ESTA &nbsp;&nbsp; Des millions de voyageurs profitent des avantages de l\u2019Electronic System for Travel Authorisation (ESTA) chaque ann\u00e9e. En effet, les \u00c9tats-Unis ne font pas partie de l\u2019espace Schengen, il est donc obligation de poss\u00e9der un visa ou une autorisation de voyage ESTA en cours de validit\u00e9. Dans le [&hellip;]<\/p>\n","protected":false},"author":1,"featured_media":0,"parent":0,"menu_order":0,"comment_status":"closed","ping_status":"closed","template":"","meta":{"footnotes":""},"class_list":["post-77","page","type-page","status-publish","hentry"],"yoast_head":"<!-- This site is optimized with the Yoast SEO plugin v26.2 - https:\/\/yoast.com\/wordpress\/plugins\/seo\/ -->\n<title>V\u00e9rifier la validit\u00e9 de votre ESTA<\/title>\n<meta name=\"description\" content=\"pour renforcer la s\u00e9curit\u00e9 du territoire, le gouvernement Am\u00e9ricain \u00e9xige une demande d&#039;ESTA, d\u00e9couvrez comment v\u00e9rifier la validit\u00e9 de votre demande.\" \/>\n<meta name=\"robots\" content=\"index, follow, max-snippet:-1, max-image-preview:large, max-video-preview:-1\" \/>\n<link rel=\"canonical\" href=\"https:\/\/www.esta-officiel-usa.com\/fr\/verifier-la-validite-de-votre-esta\/\" \/>\n<meta property=\"og:locale\" content=\"fr_FR\" \/>\n<meta property=\"og:type\" content=\"article\" \/>\n<meta property=\"og:title\" content=\"V\u00e9rifier la validit\u00e9 de votre ESTA\" \/>\n<meta property=\"og:description\" content=\"pour renforcer la s\u00e9curit\u00e9 du territoire, le gouvernement Am\u00e9ricain \u00e9xige une demande d&#039;ESTA, d\u00e9couvrez comment v\u00e9rifier la validit\u00e9 de votre demande.\" \/>\n<meta property=\"og:url\" content=\"https:\/\/www.esta-officiel-usa.com\/fr\/verifier-la-validite-de-votre-esta\/\" \/>\n<meta property=\"og:site_name\" content=\"ESTA - Etats-Unis\" \/>\n<meta property=\"article:modified_time\" content=\"2020-02-01T13:04:43+00:00\" \/>\n<meta name=\"twitter:card\" content=\"summary_large_image\" \/>\n<meta name=\"twitter:label1\" content=\"Dur\u00e9e de lecture estim\u00e9e\" \/>\n\t<meta name=\"twitter:data1\" content=\"2 minutes\" \/>\n<script type=\"application\/ld+json\" class=\"yoast-schema-graph\">{\"@context\":\"https:\/\/schema.org\",\"@graph\":[{\"@type\":\"WebPage\",\"@id\":\"https:\/\/www.esta-officiel-usa.com\/fr\/verifier-la-validite-de-votre-esta\/\",\"url\":\"https:\/\/www.esta-officiel-usa.com\/fr\/verifier-la-validite-de-votre-esta\/\",\"name\":\"V\u00e9rifier la validit\u00e9 de votre ESTA\",\"isPartOf\":{\"@id\":\"https:\/\/www.esta-officiel-usa.com\/fr\/#website\"},\"datePublished\":\"2020-01-20T09:17:15+00:00\",\"dateModified\":\"2020-02-01T13:04:43+00:00\",\"description\":\"pour renforcer la s\u00e9curit\u00e9 du territoire, le gouvernement Am\u00e9ricain \u00e9xige une demande d'ESTA, d\u00e9couvrez comment v\u00e9rifier la validit\u00e9 de votre demande.\",\"breadcrumb\":{\"@id\":\"https:\/\/www.esta-officiel-usa.com\/fr\/verifier-la-validite-de-votre-esta\/#breadcrumb\"},\"inLanguage\":\"fr-FR\",\"potentialAction\":[{\"@type\":\"ReadAction\",\"target\":[\"https:\/\/www.esta-officiel-usa.com\/fr\/verifier-la-validite-de-votre-esta\/\"]}]},{\"@type\":\"BreadcrumbList\",\"@id\":\"https:\/\/www.esta-officiel-usa.com\/fr\/verifier-la-validite-de-votre-esta\/#breadcrumb\",\"itemListElement\":[{\"@type\":\"ListItem\",\"position\":1,\"name\":\"Home\",\"item\":\"https:\/\/www.esta-officiel-usa.com\/fr\/\"},{\"@type\":\"ListItem\",\"position\":2,\"name\":\"V\u00e9rifier la validit\u00e9 de votre ESTA\"}]},{\"@type\":\"WebSite\",\"@id\":\"https:\/\/www.esta-officiel-usa.com\/fr\/#website\",\"url\":\"https:\/\/www.esta-officiel-usa.com\/fr\/\",\"name\":\"ESTA - Etats-Unis\",\"description\":\"Formulaire de demande ESTA\",\"potentialAction\":[{\"@type\":\"SearchAction\",\"target\":{\"@type\":\"EntryPoint\",\"urlTemplate\":\"https:\/\/www.esta-officiel-usa.com\/fr\/?s={search_term_string}\"},\"query-input\":{\"@type\":\"PropertyValueSpecification\",\"valueRequired\":true,\"valueName\":\"search_term_string\"}}],\"inLanguage\":\"fr-FR\"}]}<\/script>\n<!-- \/ Yoast SEO plugin. -->","yoast_head_json":{"title":"V\u00e9rifier la validit\u00e9 de votre ESTA","description":"pour renforcer la s\u00e9curit\u00e9 du territoire, le gouvernement Am\u00e9ricain \u00e9xige une demande d'ESTA, d\u00e9couvrez comment v\u00e9rifier la validit\u00e9 de votre demande.","robots":{"index":"index","follow":"follow","max-snippet":"max-snippet:-1","max-image-preview":"max-image-preview:large","max-video-preview":"max-video-preview:-1"},"canonical":"https:\/\/www.esta-officiel-usa.com\/fr\/verifier-la-validite-de-votre-esta\/","og_locale":"fr_FR","og_type":"article","og_title":"V\u00e9rifier la validit\u00e9 de votre ESTA","og_description":"pour renforcer la s\u00e9curit\u00e9 du territoire, le gouvernement Am\u00e9ricain \u00e9xige une demande d'ESTA, d\u00e9couvrez comment v\u00e9rifier la validit\u00e9 de votre demande.","og_url":"https:\/\/www.esta-officiel-usa.com\/fr\/verifier-la-validite-de-votre-esta\/","og_site_name":"ESTA - Etats-Unis","article_modified_time":"2020-02-01T13:04:43+00:00","twitter_card":"summary_large_image","twitter_misc":{"Dur\u00e9e de lecture estim\u00e9e":"2 minutes"},"schema":{"@context":"https:\/\/schema.org","@graph":[{"@type":"WebPage","@id":"https:\/\/www.esta-officiel-usa.com\/fr\/verifier-la-validite-de-votre-esta\/","url":"https:\/\/www.esta-officiel-usa.com\/fr\/verifier-la-validite-de-votre-esta\/","name":"V\u00e9rifier la validit\u00e9 de votre ESTA","isPartOf":{"@id":"https:\/\/www.esta-officiel-usa.com\/fr\/#website"},"datePublished":"2020-01-20T09:17:15+00:00","dateModified":"2020-02-01T13:04:43+00:00","description":"pour renforcer la s\u00e9curit\u00e9 du territoire, le gouvernement Am\u00e9ricain \u00e9xige une demande d'ESTA, d\u00e9couvrez comment v\u00e9rifier la validit\u00e9 de votre demande.","breadcrumb":{"@id":"https:\/\/www.esta-officiel-usa.com\/fr\/verifier-la-validite-de-votre-esta\/#breadcrumb"},"inLanguage":"fr-FR","potentialAction":[{"@type":"ReadAction","target":["https:\/\/www.esta-officiel-usa.com\/fr\/verifier-la-validite-de-votre-esta\/"]}]},{"@type":"BreadcrumbList","@id":"https:\/\/www.esta-officiel-usa.com\/fr\/verifier-la-validite-de-votre-esta\/#breadcrumb","itemListElement":[{"@type":"ListItem","position":1,"name":"Home","item":"https:\/\/www.esta-officiel-usa.com\/fr\/"},{"@type":"ListItem","position":2,"name":"V\u00e9rifier la validit\u00e9 de votre ESTA"}]},{"@type":"WebSite","@id":"https:\/\/www.esta-officiel-usa.com\/fr\/#website","url":"https:\/\/www.esta-officiel-usa.com\/fr\/","name":"ESTA - Etats-Unis","description":"Formulaire de demande ESTA","potentialAction":[{"@type":"SearchAction","target":{"@type":"EntryPoint","urlTemplate":"https:\/\/www.esta-officiel-usa.com\/fr\/?s={search_term_string}"},"query-input":{"@type":"PropertyValueSpecification","valueRequired":true,"valueName":"search_term_string"}}],"inLanguage":"fr-FR"}]}},"_links":{"self":[{"href":"https:\/\/www.esta-officiel-usa.com\/fr\/wp-json\/wp\/v2\/pages\/77","targetHints":{"allow":["GET"]}}],"collection":[{"href":"https:\/\/www.esta-officiel-usa.com\/fr\/wp-json\/wp\/v2\/pages"}],"about":[{"href":"https:\/\/www.esta-officiel-usa.com\/fr\/wp-json\/wp\/v2\/types\/page"}],"author":[{"embeddable":true,"href":"https:\/\/www.esta-officiel-usa.com\/fr\/wp-json\/wp\/v2\/users\/1"}],"replies":[{"embeddable":true,"href":"https:\/\/www.esta-officiel-usa.com\/fr\/wp-json\/wp\/v2\/comments?post=77"}],"version-history":[{"count":2,"href":"https:\/\/www.esta-officiel-usa.com\/fr\/wp-json\/wp\/v2\/pages\/77\/revisions"}],"predecessor-version":[{"id":478,"href":"https:\/\/www.esta-officiel-usa.com\/fr\/wp-json\/wp\/v2\/pages\/77\/revisions\/478"}],"wp:attachment":[{"href":"https:\/\/www.esta-officiel-usa.com\/fr\/wp-json\/wp\/v2\/media?parent=77"}],"curies":[{"name":"wp","href":"https:\/\/api.w.org\/{rel}","templated":true}]}}