{"id":79,"date":"2020-01-20T09:23:56","date_gmt":"2020-01-20T09:23:56","guid":{"rendered":"http:\/\/esta-officiel-usa.com\/?page_id=79"},"modified":"2024-04-12T09:43:55","modified_gmt":"2024-04-12T09:43:55","slug":"demander-un-esta-sans-projet-precis","status":"publish","type":"page","link":"https:\/\/www.esta-officiel-usa.com\/fr\/demander-un-esta-sans-projet-precis\/","title":{"rendered":"Faire une demande d&rsquo;ESTA sans projet pr\u00e9cis"},"content":{"rendered":"\n<h1 class=\"wp-block-heading\">L&rsquo;ESTA EST-IL&nbsp;POSSIBLE M\u00caME SANS PROJET PR\u00c9CIS ?<\/h1>\n\n\n\n<p>Vous vous inqui\u00e9tez peut-\u00eatre de ne pas avoir d\u00e9fini pr\u00e9cis\u00e9ment tout votre parcours aux \u00c9tats-Unis pour votre futur voyage. Nulle inqui\u00e9tude \u00e0 avoir, vous devez juste avant tout,  \u00eatre au clair sur le caract\u00e8re temporaire de votre s\u00e9jour, et son objectif de tourisme, d\u2019affaires ou de transit.<\/p>\n\n\n\n<p>Nous vous rappelons qu\u2019un d\u00e9lai de 72h est parfois n\u00e9cessaire au traitement d\u2019une demande. Evitez de&nbsp;<a href=\"https:\/\/www.esta-officiel-usa.com\/fr\/remplir-le-formulaire-esta-en-ligne\/\">remplir le formulaire ESTA en ligne<\/a>&nbsp;au dernier moment !<\/p>\n\n\n\n<h2 class=\"wp-block-heading\">LA DEMANDE D\u2019ESTA D\u00c9PEND DU BUT DU VOYAGE<\/h2>\n\n\n\n<p>L\u2019ESTA est un dispositif mis en place par les \u00c9tats-Unis afin d\u2019all\u00e9ger la charge de traitement des demandes de visas. En effet, l\u2019Electronic System for Travel Authorization est d\u00e9pendante du programme d\u2019exemption de visa. Comme son nom l\u2019indique, il permet \u00e0 un certain nombre de pays (38 pour \u00eatre pr\u00e9cis) de faire voyager leurs ressortissants avec une simple autorisation de voyage obtenue en ligne, c&rsquo;est-\u00e0-dire sans besoin de visa. L\u2019ESTA est d\u00e9livr\u00e9 (ou refus\u00e9 dans de rares cas) apr\u00e8s que les demandeurs aient compl\u00e9t\u00e9 diverses informations dans un formulaire en ligne.<\/p>\n\n\n\n<p>Attention toutefois, certains s\u00e9jours ne rentrent pas dans ce champ d\u2019application mais dans celui des visas, malgr\u00e9 le programme d\u2019exemption (VWP). Par exemple, si vous comptez travailler aux USA, ce n\u2019est pas un ESTA qu\u2019il vous faut requ\u00e9rir. Cette autorisation de voyage concerne les s\u00e9jours&nbsp;:<\/p>\n\n\n\n<ul class=\"wp-block-list\">\n<li>De 90 jours cons\u00e9cutifs maximum ;<\/li>\n\n\n\n<li>Touristiques, d\u2019affaires ou de transit ;<\/li>\n\n\n\n<li>Dont la compagnie a\u00e9rienne ou maritime est reconnue par les \u00c9tats-Unis.<\/li>\n<\/ul>\n\n\n\n<p>L\u2019ESTA est payant et valable deux ans : au cours de cette p\u00e9riode, vous pouvez effectuer autant de s\u00e9jours que vous d\u00e9sirez, en respectant la dur\u00e9e limit\u00e9e (90 jours maximum par s\u00e9jour).<\/p>\n\n\n\n<p>En cas de rapprochement familial, lancement d\u2019entreprise, mariage, emploi au pair, \u00e9tudes\u2026, l\u2019ESTA ne fonctionne pas. Ces diff\u00e9rents motifs n\u00e9cessitent soit un visa non-immigrant&nbsp;soit une green card. Bien entendu, ces deux documents sont bien plus compliqu\u00e9s \u00e0 obtenir qu\u2019un ESTA, que vous pouvez recevoir en quelques clics via notre site esta-officiel-usa.com, ce dernier vous proposant aussi une assistance en ligne qui s\u2019occupe de toute votre d\u00e9marche !<\/p>\n\n\n\n<p>Pour plus de d\u00e9tails, consultez notre page sur les&nbsp;<a href=\"https:\/\/www.esta-officiel-usa.com\/fr\/difference-entre-esta-et-demande-de-visa-usa\/\">diff\u00e9rences entre l\u2019ESTA et le visa<\/a>.<\/p>\n\n\n\n<h2 class=\"wp-block-heading\">S\u00c9JOUR TOURISTIQUE ? NUL BESOIN DE D\u00c9TAILS POUR OBTENIR L\u2019ESTA<\/h2>\n\n\n\n<p>Comme expliqu\u00e9 ci-dessus, il suffit de mentionner que vous voyagez pour du tourisme lors de votre&nbsp;<a href=\"https:\/\/www.esta-officiel-usa.com\/fr\/la-declaration-esta\/\">d\u00e9claration d\u2019ESTA<\/a>. Vous n\u2019aurez pas \u00e0 pr\u00e9ciser votre projet, votre motif ou votre programme une fois entr\u00e9 sur le territoire am\u00e9ricain. Ainsi, vous pouvez compl\u00e8tement revoir vos plans en plein s\u00e9jour sans devoir en informer qui que ce soit, du moment que vous respectez toujours les crit\u00e8res de l\u2019ESTA. Si votre tourisme se transforme en travail ou en mariage, vous serez dans l\u2019obligation de requ\u00e9rir le visa ad\u00e9quat.<\/p>\n","protected":false},"excerpt":{"rendered":"<p>L&rsquo;ESTA EST-IL&nbsp;POSSIBLE M\u00caME SANS PROJET PR\u00c9CIS ? Vous vous inqui\u00e9tez peut-\u00eatre de ne pas avoir d\u00e9fini pr\u00e9cis\u00e9ment tout votre parcours aux \u00c9tats-Unis pour votre futur voyage. Nulle inqui\u00e9tude \u00e0 avoir, vous devez juste avant tout, \u00eatre au clair sur le caract\u00e8re temporaire de votre s\u00e9jour, et son objectif de tourisme, d\u2019affaires ou de transit. Nous [&hellip;]<\/p>\n","protected":false},"author":1,"featured_media":0,"parent":0,"menu_order":0,"comment_status":"closed","ping_status":"closed","template":"","meta":{"footnotes":""},"class_list":["post-79","page","type-page","status-publish","hentry"],"yoast_head":"<!-- This site is optimized with the Yoast SEO plugin v26.2 - https:\/\/yoast.com\/wordpress\/plugins\/seo\/ -->\n<title>Faire une demande d&#039;ESTA sans projet pr\u00e9cis<\/title>\n<meta name=\"description\" content=\"Vous envisagez de vous rendre aux Etats-Unis sans projet de voyage pr\u00e9cis, nos experts r\u00e9pondent aux questions que vous vous posez.\" \/>\n<meta name=\"robots\" content=\"index, follow, max-snippet:-1, max-image-preview:large, max-video-preview:-1\" \/>\n<link rel=\"canonical\" href=\"https:\/\/www.esta-officiel-usa.com\/fr\/demander-un-esta-sans-projet-precis\/\" \/>\n<meta property=\"og:locale\" content=\"fr_FR\" \/>\n<meta property=\"og:type\" content=\"article\" \/>\n<meta property=\"og:title\" content=\"Faire une demande d&#039;ESTA sans projet pr\u00e9cis\" \/>\n<meta property=\"og:description\" content=\"Vous envisagez de vous rendre aux Etats-Unis sans projet de voyage pr\u00e9cis, nos experts r\u00e9pondent aux questions que vous vous posez.\" \/>\n<meta property=\"og:url\" content=\"https:\/\/www.esta-officiel-usa.com\/fr\/demander-un-esta-sans-projet-precis\/\" \/>\n<meta property=\"og:site_name\" content=\"ESTA - Etats-Unis\" \/>\n<meta property=\"article:modified_time\" content=\"2024-04-12T09:43:55+00:00\" \/>\n<meta name=\"twitter:card\" content=\"summary_large_image\" \/>\n<meta name=\"twitter:label1\" content=\"Dur\u00e9e de lecture estim\u00e9e\" \/>\n\t<meta name=\"twitter:data1\" content=\"3 minutes\" \/>\n<script type=\"application\/ld+json\" class=\"yoast-schema-graph\">{\"@context\":\"https:\/\/schema.org\",\"@graph\":[{\"@type\":\"WebPage\",\"@id\":\"https:\/\/www.esta-officiel-usa.com\/fr\/demander-un-esta-sans-projet-precis\/\",\"url\":\"https:\/\/www.esta-officiel-usa.com\/fr\/demander-un-esta-sans-projet-precis\/\",\"name\":\"Faire une demande d'ESTA sans projet pr\u00e9cis\",\"isPartOf\":{\"@id\":\"https:\/\/www.esta-officiel-usa.com\/fr\/#website\"},\"datePublished\":\"2020-01-20T09:23:56+00:00\",\"dateModified\":\"2024-04-12T09:43:55+00:00\",\"description\":\"Vous envisagez de vous rendre aux Etats-Unis sans projet de voyage pr\u00e9cis, nos experts r\u00e9pondent aux questions que vous vous posez.\",\"breadcrumb\":{\"@id\":\"https:\/\/www.esta-officiel-usa.com\/fr\/demander-un-esta-sans-projet-precis\/#breadcrumb\"},\"inLanguage\":\"fr-FR\",\"potentialAction\":[{\"@type\":\"ReadAction\",\"target\":[\"https:\/\/www.esta-officiel-usa.com\/fr\/demander-un-esta-sans-projet-precis\/\"]}]},{\"@type\":\"BreadcrumbList\",\"@id\":\"https:\/\/www.esta-officiel-usa.com\/fr\/demander-un-esta-sans-projet-precis\/#breadcrumb\",\"itemListElement\":[{\"@type\":\"ListItem\",\"position\":1,\"name\":\"Home\",\"item\":\"https:\/\/www.esta-officiel-usa.com\/fr\/\"},{\"@type\":\"ListItem\",\"position\":2,\"name\":\"Faire une demande d&rsquo;ESTA sans projet pr\u00e9cis\"}]},{\"@type\":\"WebSite\",\"@id\":\"https:\/\/www.esta-officiel-usa.com\/fr\/#website\",\"url\":\"https:\/\/www.esta-officiel-usa.com\/fr\/\",\"name\":\"ESTA - Etats-Unis\",\"description\":\"Formulaire de demande ESTA\",\"potentialAction\":[{\"@type\":\"SearchAction\",\"target\":{\"@type\":\"EntryPoint\",\"urlTemplate\":\"https:\/\/www.esta-officiel-usa.com\/fr\/?s={search_term_string}\"},\"query-input\":{\"@type\":\"PropertyValueSpecification\",\"valueRequired\":true,\"valueName\":\"search_term_string\"}}],\"inLanguage\":\"fr-FR\"}]}<\/script>\n<!-- \/ Yoast SEO plugin. -->","yoast_head_json":{"title":"Faire une demande d'ESTA sans projet pr\u00e9cis","description":"Vous envisagez de vous rendre aux Etats-Unis sans projet de voyage pr\u00e9cis, nos experts r\u00e9pondent aux questions que vous vous posez.","robots":{"index":"index","follow":"follow","max-snippet":"max-snippet:-1","max-image-preview":"max-image-preview:large","max-video-preview":"max-video-preview:-1"},"canonical":"https:\/\/www.esta-officiel-usa.com\/fr\/demander-un-esta-sans-projet-precis\/","og_locale":"fr_FR","og_type":"article","og_title":"Faire une demande d'ESTA sans projet pr\u00e9cis","og_description":"Vous envisagez de vous rendre aux Etats-Unis sans projet de voyage pr\u00e9cis, nos experts r\u00e9pondent aux questions que vous vous posez.","og_url":"https:\/\/www.esta-officiel-usa.com\/fr\/demander-un-esta-sans-projet-precis\/","og_site_name":"ESTA - Etats-Unis","article_modified_time":"2024-04-12T09:43:55+00:00","twitter_card":"summary_large_image","twitter_misc":{"Dur\u00e9e de lecture estim\u00e9e":"3 minutes"},"schema":{"@context":"https:\/\/schema.org","@graph":[{"@type":"WebPage","@id":"https:\/\/www.esta-officiel-usa.com\/fr\/demander-un-esta-sans-projet-precis\/","url":"https:\/\/www.esta-officiel-usa.com\/fr\/demander-un-esta-sans-projet-precis\/","name":"Faire une demande d'ESTA sans projet pr\u00e9cis","isPartOf":{"@id":"https:\/\/www.esta-officiel-usa.com\/fr\/#website"},"datePublished":"2020-01-20T09:23:56+00:00","dateModified":"2024-04-12T09:43:55+00:00","description":"Vous envisagez de vous rendre aux Etats-Unis sans projet de voyage pr\u00e9cis, nos experts r\u00e9pondent aux questions que vous vous posez.","breadcrumb":{"@id":"https:\/\/www.esta-officiel-usa.com\/fr\/demander-un-esta-sans-projet-precis\/#breadcrumb"},"inLanguage":"fr-FR","potentialAction":[{"@type":"ReadAction","target":["https:\/\/www.esta-officiel-usa.com\/fr\/demander-un-esta-sans-projet-precis\/"]}]},{"@type":"BreadcrumbList","@id":"https:\/\/www.esta-officiel-usa.com\/fr\/demander-un-esta-sans-projet-precis\/#breadcrumb","itemListElement":[{"@type":"ListItem","position":1,"name":"Home","item":"https:\/\/www.esta-officiel-usa.com\/fr\/"},{"@type":"ListItem","position":2,"name":"Faire une demande d&rsquo;ESTA sans projet pr\u00e9cis"}]},{"@type":"WebSite","@id":"https:\/\/www.esta-officiel-usa.com\/fr\/#website","url":"https:\/\/www.esta-officiel-usa.com\/fr\/","name":"ESTA - Etats-Unis","description":"Formulaire de demande ESTA","potentialAction":[{"@type":"SearchAction","target":{"@type":"EntryPoint","urlTemplate":"https:\/\/www.esta-officiel-usa.com\/fr\/?s={search_term_string}"},"query-input":{"@type":"PropertyValueSpecification","valueRequired":true,"valueName":"search_term_string"}}],"inLanguage":"fr-FR"}]}},"_links":{"self":[{"href":"https:\/\/www.esta-officiel-usa.com\/fr\/wp-json\/wp\/v2\/pages\/79","targetHints":{"allow":["GET"]}}],"collection":[{"href":"https:\/\/www.esta-officiel-usa.com\/fr\/wp-json\/wp\/v2\/pages"}],"about":[{"href":"https:\/\/www.esta-officiel-usa.com\/fr\/wp-json\/wp\/v2\/types\/page"}],"author":[{"embeddable":true,"href":"https:\/\/www.esta-officiel-usa.com\/fr\/wp-json\/wp\/v2\/users\/1"}],"replies":[{"embeddable":true,"href":"https:\/\/www.esta-officiel-usa.com\/fr\/wp-json\/wp\/v2\/comments?post=79"}],"version-history":[{"count":5,"href":"https:\/\/www.esta-officiel-usa.com\/fr\/wp-json\/wp\/v2\/pages\/79\/revisions"}],"predecessor-version":[{"id":815,"href":"https:\/\/www.esta-officiel-usa.com\/fr\/wp-json\/wp\/v2\/pages\/79\/revisions\/815"}],"wp:attachment":[{"href":"https:\/\/www.esta-officiel-usa.com\/fr\/wp-json\/wp\/v2\/media?parent=79"}],"curies":[{"name":"wp","href":"https:\/\/api.w.org\/{rel}","templated":true}]}}