{"id":8,"date":"2020-01-16T07:39:12","date_gmt":"2020-01-16T07:39:12","guid":{"rendered":"http:\/\/esta-officiel-usa.com\/?page_id=8"},"modified":"2020-02-01T12:26:10","modified_gmt":"2020-02-01T12:26:10","slug":"la-duree-de-validite-de-lesta","status":"publish","type":"page","link":"https:\/\/www.esta-officiel-usa.com\/fr\/la-duree-de-validite-de-lesta\/","title":{"rendered":"Quelle est la dur\u00e9e de validit\u00e9 de l&rsquo;ESTA"},"content":{"rendered":"\n<h1 class=\"wp-block-heading\">ESTA : QUELLE EST SA DUR\u00c9E DE VALIDIT\u00c9 ?<\/h1>\n\n\n\n<p>Les \u00c9tats-Unis ne faisant pas partie de l\u2019espace Schengen, il n\u2019est donc pas possible de se rendre sur place sans une\u00a0<a href=\"https:\/\/www.esta-officiel-usa.com\/fr\/\">autorisation ESTA<\/a>\u00a0ou un visa valide.<\/p>\n\n\n\n<h2 class=\"wp-block-heading\">CONDITIONS DE VALIDIT\u00c9 ESTA<\/h2>\n\n\n\n<p>Avant d\u2019aborder la dur\u00e9e de validit\u00e9 ESTA, il est important de souligner que pour \u00eatre valable, ce document doit contenir des renseignements actuels et v\u00e9ridiques. Si l\u2019une des informations que vous avez saisies sur le formulaire a chang\u00e9 ou doit \u00eatre\u00a0<a href=\"https:\/\/www.esta-officiel-usa.com\/fr\/autorisation-esta-mise-a-jour\/\">mise \u00e0 jour<\/a>, cela annulera la validit\u00e9 de votre autorisation,\u00a0par exemple :\u00a0si vous avez d\u00e9m\u00e9nag\u00e9 dans un autre pays, si votre \u00e9tat de sant\u00e9 a chang\u00e9 ou encore, si l\u2019adresse de votre domicile n\u2019est plus \u00e0 jour.<\/p>\n\n\n\n<p>Le minist\u00e8re de la s\u00e9curit\u00e9 int\u00e9rieure des \u00c9tats-Unis (Department of Homeland Security) a fix\u00e9 la dur\u00e9e de validit\u00e9 de\u00a0<a href=\"https:\/\/www.esta-officiel-usa.com\/fr\/comment-faire-une-demande-esta-officiel\/\">l&rsquo;ESTA officiel<\/a>\u00a0\u00e0 deux ans. Depuis sa cr\u00e9ation en 2009, cette autorisation de voyage a permis \u00e0 tous les voyageurs de s\u00e9journer plusieurs fois aux USA au cours des deux ann\u00e9es suivant\u00a0la date de d\u00e9livrance.<\/p>\n\n\n\n<p><strong>Attention\u00a0<\/strong>: votre num\u00e9ro de passeport est associ\u00e9 \u00e0 votre autorisation ESTA.\u00a0Si celui-ci expire, votre ESTA USA ne sera plus consid\u00e9r\u00e9 comme valide pour les autorit\u00e9s am\u00e9ricaines. Si tel est le cas, il faudra obtenir une nouvelle autorisation associ\u00e9e \u00e0 votre nouveau passeport, ce qui\u00a0<a href=\"https:\/\/www.esta-officiel-usa.com\/fr\/renouveler-son-esta\/\">renouvellera la validit\u00e9 ESTA<\/a>\u00a0pour deux ans suppl\u00e9mentaires.<\/p>\n\n\n\n<h2 class=\"wp-block-heading\">DUR\u00c9E DE S\u00c9JOUR AUTORIS\u00c9E PAR L&rsquo;ESTA<\/h2>\n\n\n\n<p>Comme expliqu\u00e9 pr\u00e9c\u00e9demment, la dur\u00e9e de validit\u00e9 ESTA USA est de deux ans, mais celle-ci ne doit pas \u00eatre confondue avec la dur\u00e9e de s\u00e9jour accord\u00e9e par l\u2019autorisation ESTA. En effet, que vous partiez aux \u00c9tats-Unis pour des raisons touristiques ou professionnelles, votre voyage sera limit\u00e9 \u00e0 tr\u00e8s exactement\u00a0<a href=\"https:\/\/www.esta-officiel-usa.com\/fr\/esta-usa-pour-90-jours\/\">90 jours<\/a>\u00a0cons\u00e9cutifs. Pass\u00e9 ce d\u00e9lai, vous devez quitter le territoire am\u00e9ricain, mais cela ne vous emp\u00eache pas d\u2019y retourner d\u00e8s que vous le souhaitez tant que la dur\u00e9e de validit\u00e9 ESTA USA est toujours en cours.<\/p>\n\n\n\n<p>Voici la validit\u00e9 de l&rsquo;ESTA selon votre type de voyage :<\/p>\n\n\n\n<figure class=\"wp-block-table\"><table class=\"\"><tbody><tr><td><strong>Vous voyagez par voie a\u00e9rienne<\/strong><\/td><td><strong>Valide 2 ans pour des s\u00e9jours de 90 jours maximum.<\/strong><\/td><\/tr><tr><td><strong>Vous voyagez par voie maritime<\/strong><\/td><td><strong>Valide 2 ans pour des s\u00e9jours de 90 jours maximum.<\/strong><\/td><\/tr><tr><td><strong>Vous voyagez par voie terrestre<\/strong><\/td><td><strong>Il n\u2019y a pas besoin d\u2019autorisation ESTA.<\/strong><\/td><\/tr><tr><td><strong>Vous transitez par les USA<\/strong><\/td><td><strong>Valide 2 ans pour autant de <a href=\"https:\/\/www.esta-officiel-usa.com\/fr\/quels-sont-les-differents-visas-de-transit-pour-les-etats-unis\/\">transits<\/a> que vous le souhaitez.<\/strong><\/td><\/tr><tr><td><strong>Vous sortez des USA puis revenez sur le territoire <\/strong><\/td><td><strong>\u00c0 condition que votre ESTA soit toujours valide, il n\u2019est pas besoin d\u2019en faire le renouvellement.<\/strong><\/td><\/tr><\/tbody><\/table><\/figure>\n\n\n\n<p>Lorsque votre ESTA expire, contrairement \u00e0 certains documents officiels, il ne sera pas renouvel\u00e9 automatiquement ; vous devez&nbsp;faire une nouvelle demande en ligne si vous souhaitez retourner aux \u00c9tats-Unis. Pour ce faire, il suffit de vous rendre sur le site officiel de la douane am\u00e9ricaine ou faire appel \u00e0 des soci\u00e9t\u00e9s priv\u00e9es sp\u00e9cialis\u00e9es dans les d\u00e9marches administratives proposant des services n&rsquo;existant pas sur le site am\u00e9ricain (formulaire simplifi\u00e9, assistance en ligne, v\u00e9rification et correction des informations, etc.)<\/p>\n\n\n\n<p>Partez l\u2019esprit serein : contactez notre\u00a0<a href=\"https:\/\/www.esta-officiel-usa.com\/fr\/contact\/\">service client<\/a>\u00a0se tenant \u00e0 votre disposition pour toute demande d\u2019informations compl\u00e9mentaires.<br><\/p>\n","protected":false},"excerpt":{"rendered":"<p>ESTA : QUELLE EST SA DUR\u00c9E DE VALIDIT\u00c9 ? Les \u00c9tats-Unis ne faisant pas partie de l\u2019espace Schengen, il n\u2019est donc pas possible de se rendre sur place sans une\u00a0autorisation ESTA\u00a0ou un visa valide. CONDITIONS DE VALIDIT\u00c9 ESTA Avant d\u2019aborder la dur\u00e9e de validit\u00e9 ESTA, il est important de souligner que pour \u00eatre valable, ce [&hellip;]<\/p>\n","protected":false},"author":1,"featured_media":0,"parent":0,"menu_order":0,"comment_status":"closed","ping_status":"closed","template":"","meta":{"footnotes":""},"class_list":["post-8","page","type-page","status-publish","hentry"],"yoast_head":"<!-- This site is optimized with the Yoast SEO plugin v26.2 - https:\/\/yoast.com\/wordpress\/plugins\/seo\/ -->\n<title>Quelle est la dur\u00e9e de validit\u00e9 de l&#039;ESTA<\/title>\n<meta name=\"description\" content=\"Lorsque votre ESTA expire, contrairement \u00e0 certains documents officiels, il ne sera pas renouvel\u00e9 automatiquement, d\u00e9couvrez sa dur\u00e9e de validit\u00e9.\" \/>\n<meta name=\"robots\" content=\"index, follow, max-snippet:-1, max-image-preview:large, max-video-preview:-1\" \/>\n<link rel=\"canonical\" href=\"https:\/\/www.esta-officiel-usa.com\/fr\/la-duree-de-validite-de-lesta\/\" \/>\n<meta property=\"og:locale\" content=\"fr_FR\" \/>\n<meta property=\"og:type\" content=\"article\" \/>\n<meta property=\"og:title\" content=\"Quelle est la dur\u00e9e de validit\u00e9 de l&#039;ESTA\" \/>\n<meta property=\"og:description\" content=\"Lorsque votre ESTA expire, contrairement \u00e0 certains documents officiels, il ne sera pas renouvel\u00e9 automatiquement, d\u00e9couvrez sa dur\u00e9e de validit\u00e9.\" \/>\n<meta property=\"og:url\" content=\"https:\/\/www.esta-officiel-usa.com\/fr\/la-duree-de-validite-de-lesta\/\" \/>\n<meta property=\"og:site_name\" content=\"ESTA - Etats-Unis\" \/>\n<meta property=\"article:modified_time\" content=\"2020-02-01T12:26:10+00:00\" \/>\n<meta name=\"twitter:card\" content=\"summary_large_image\" \/>\n<meta name=\"twitter:label1\" content=\"Dur\u00e9e de lecture estim\u00e9e\" \/>\n\t<meta name=\"twitter:data1\" content=\"3 minutes\" \/>\n<script type=\"application\/ld+json\" class=\"yoast-schema-graph\">{\"@context\":\"https:\/\/schema.org\",\"@graph\":[{\"@type\":\"WebPage\",\"@id\":\"https:\/\/www.esta-officiel-usa.com\/fr\/la-duree-de-validite-de-lesta\/\",\"url\":\"https:\/\/www.esta-officiel-usa.com\/fr\/la-duree-de-validite-de-lesta\/\",\"name\":\"Quelle est la dur\u00e9e de validit\u00e9 de l'ESTA\",\"isPartOf\":{\"@id\":\"https:\/\/www.esta-officiel-usa.com\/fr\/#website\"},\"datePublished\":\"2020-01-16T07:39:12+00:00\",\"dateModified\":\"2020-02-01T12:26:10+00:00\",\"description\":\"Lorsque votre ESTA expire, contrairement \u00e0 certains documents officiels, il ne sera pas renouvel\u00e9 automatiquement, d\u00e9couvrez sa dur\u00e9e de validit\u00e9.\",\"breadcrumb\":{\"@id\":\"https:\/\/www.esta-officiel-usa.com\/fr\/la-duree-de-validite-de-lesta\/#breadcrumb\"},\"inLanguage\":\"fr-FR\",\"potentialAction\":[{\"@type\":\"ReadAction\",\"target\":[\"https:\/\/www.esta-officiel-usa.com\/fr\/la-duree-de-validite-de-lesta\/\"]}]},{\"@type\":\"BreadcrumbList\",\"@id\":\"https:\/\/www.esta-officiel-usa.com\/fr\/la-duree-de-validite-de-lesta\/#breadcrumb\",\"itemListElement\":[{\"@type\":\"ListItem\",\"position\":1,\"name\":\"Home\",\"item\":\"https:\/\/www.esta-officiel-usa.com\/fr\/\"},{\"@type\":\"ListItem\",\"position\":2,\"name\":\"Quelle est la dur\u00e9e de validit\u00e9 de l&rsquo;ESTA\"}]},{\"@type\":\"WebSite\",\"@id\":\"https:\/\/www.esta-officiel-usa.com\/fr\/#website\",\"url\":\"https:\/\/www.esta-officiel-usa.com\/fr\/\",\"name\":\"ESTA - Etats-Unis\",\"description\":\"Formulaire de demande ESTA\",\"potentialAction\":[{\"@type\":\"SearchAction\",\"target\":{\"@type\":\"EntryPoint\",\"urlTemplate\":\"https:\/\/www.esta-officiel-usa.com\/fr\/?s={search_term_string}\"},\"query-input\":{\"@type\":\"PropertyValueSpecification\",\"valueRequired\":true,\"valueName\":\"search_term_string\"}}],\"inLanguage\":\"fr-FR\"}]}<\/script>\n<!-- \/ Yoast SEO plugin. -->","yoast_head_json":{"title":"Quelle est la dur\u00e9e de validit\u00e9 de l'ESTA","description":"Lorsque votre ESTA expire, contrairement \u00e0 certains documents officiels, il ne sera pas renouvel\u00e9 automatiquement, d\u00e9couvrez sa dur\u00e9e de validit\u00e9.","robots":{"index":"index","follow":"follow","max-snippet":"max-snippet:-1","max-image-preview":"max-image-preview:large","max-video-preview":"max-video-preview:-1"},"canonical":"https:\/\/www.esta-officiel-usa.com\/fr\/la-duree-de-validite-de-lesta\/","og_locale":"fr_FR","og_type":"article","og_title":"Quelle est la dur\u00e9e de validit\u00e9 de l'ESTA","og_description":"Lorsque votre ESTA expire, contrairement \u00e0 certains documents officiels, il ne sera pas renouvel\u00e9 automatiquement, d\u00e9couvrez sa dur\u00e9e de validit\u00e9.","og_url":"https:\/\/www.esta-officiel-usa.com\/fr\/la-duree-de-validite-de-lesta\/","og_site_name":"ESTA - Etats-Unis","article_modified_time":"2020-02-01T12:26:10+00:00","twitter_card":"summary_large_image","twitter_misc":{"Dur\u00e9e de lecture estim\u00e9e":"3 minutes"},"schema":{"@context":"https:\/\/schema.org","@graph":[{"@type":"WebPage","@id":"https:\/\/www.esta-officiel-usa.com\/fr\/la-duree-de-validite-de-lesta\/","url":"https:\/\/www.esta-officiel-usa.com\/fr\/la-duree-de-validite-de-lesta\/","name":"Quelle est la dur\u00e9e de validit\u00e9 de l'ESTA","isPartOf":{"@id":"https:\/\/www.esta-officiel-usa.com\/fr\/#website"},"datePublished":"2020-01-16T07:39:12+00:00","dateModified":"2020-02-01T12:26:10+00:00","description":"Lorsque votre ESTA expire, contrairement \u00e0 certains documents officiels, il ne sera pas renouvel\u00e9 automatiquement, d\u00e9couvrez sa dur\u00e9e de validit\u00e9.","breadcrumb":{"@id":"https:\/\/www.esta-officiel-usa.com\/fr\/la-duree-de-validite-de-lesta\/#breadcrumb"},"inLanguage":"fr-FR","potentialAction":[{"@type":"ReadAction","target":["https:\/\/www.esta-officiel-usa.com\/fr\/la-duree-de-validite-de-lesta\/"]}]},{"@type":"BreadcrumbList","@id":"https:\/\/www.esta-officiel-usa.com\/fr\/la-duree-de-validite-de-lesta\/#breadcrumb","itemListElement":[{"@type":"ListItem","position":1,"name":"Home","item":"https:\/\/www.esta-officiel-usa.com\/fr\/"},{"@type":"ListItem","position":2,"name":"Quelle est la dur\u00e9e de validit\u00e9 de l&rsquo;ESTA"}]},{"@type":"WebSite","@id":"https:\/\/www.esta-officiel-usa.com\/fr\/#website","url":"https:\/\/www.esta-officiel-usa.com\/fr\/","name":"ESTA - Etats-Unis","description":"Formulaire de demande ESTA","potentialAction":[{"@type":"SearchAction","target":{"@type":"EntryPoint","urlTemplate":"https:\/\/www.esta-officiel-usa.com\/fr\/?s={search_term_string}"},"query-input":{"@type":"PropertyValueSpecification","valueRequired":true,"valueName":"search_term_string"}}],"inLanguage":"fr-FR"}]}},"_links":{"self":[{"href":"https:\/\/www.esta-officiel-usa.com\/fr\/wp-json\/wp\/v2\/pages\/8","targetHints":{"allow":["GET"]}}],"collection":[{"href":"https:\/\/www.esta-officiel-usa.com\/fr\/wp-json\/wp\/v2\/pages"}],"about":[{"href":"https:\/\/www.esta-officiel-usa.com\/fr\/wp-json\/wp\/v2\/types\/page"}],"author":[{"embeddable":true,"href":"https:\/\/www.esta-officiel-usa.com\/fr\/wp-json\/wp\/v2\/users\/1"}],"replies":[{"embeddable":true,"href":"https:\/\/www.esta-officiel-usa.com\/fr\/wp-json\/wp\/v2\/comments?post=8"}],"version-history":[{"count":3,"href":"https:\/\/www.esta-officiel-usa.com\/fr\/wp-json\/wp\/v2\/pages\/8\/revisions"}],"predecessor-version":[{"id":462,"href":"https:\/\/www.esta-officiel-usa.com\/fr\/wp-json\/wp\/v2\/pages\/8\/revisions\/462"}],"wp:attachment":[{"href":"https:\/\/www.esta-officiel-usa.com\/fr\/wp-json\/wp\/v2\/media?parent=8"}],"curies":[{"name":"wp","href":"https:\/\/api.w.org\/{rel}","templated":true}]}}