{"id":82,"date":"2020-01-20T09:28:31","date_gmt":"2020-01-20T09:28:31","guid":{"rendered":"http:\/\/esta-officiel-usa.com\/?page_id=82"},"modified":"2020-02-01T13:19:32","modified_gmt":"2020-02-01T13:19:32","slug":"quels-motifs-menent-a-un-refus-de-lesta","status":"publish","type":"page","link":"https:\/\/www.esta-officiel-usa.com\/fr\/quels-motifs-menent-a-un-refus-de-lesta\/","title":{"rendered":"Quels sont les motifs qui m\u00e8nent \u00e0 un refus de l&rsquo;ESTA"},"content":{"rendered":"\n<h1 class=\"wp-block-heading\">LES MOTIFS D\u2019UN REFUS D\u2019ESTA<\/h1>\n\n\n\n<p>Si vos projets personnels ou professionnels vous am\u00e8nent \u00e0 voyager aux \u00c9tats-Unis pour moins de 90 jours, vous allez probablement faire une demande d\u2019<a href=\"https:\/\/www.esta-officiel-usa.com\/fr\/\">ESTA<\/a>, \u00e0 moins bien s\u00fbr que vous ne soyiez pas ressortissant de l\u2019un des 38 pays du\u00a0<a href=\"https:\/\/www.esta-officiel-usa.com\/fr\/a-propos-du-visa-waiver-program\/\">Visa Waiver Program<\/a>. Selon les statistiques, vous n\u2019avez pratiquement aucun risque d\u2019obtenir un refus. N\u00e9anmoins, cela n\u2019est pas totalement impossible, si certains motifs sont suffisamment incriminants\u00a0aux yeux des autorit\u00e9s am\u00e9ricaines.<br>\u00a0<\/p>\n\n\n\n<h2 class=\"wp-block-heading\">UN REFUS EN CAS DE NON-RESPECT DES CRIT\u00c8RES DE L\u2019ESTA<\/h2>\n\n\n\n<p>L\u2019ESTA est une autorisation que doit obtenir tout ressortissant d\u2019un pays du programme d\u2019exemption de visa, lorsqu\u2019il transite aux USA ou s&rsquo;y&nbsp;rend pour un voyage touristique ou d&rsquo;affaires de 90 jours cons\u00e9cutifs maximum. Parall\u00e8lement, son passeport doit \u00eatre valide tout au long du s\u00e9jour. La demande d\u2019ESTA est simple et rapide : elle s\u2019effectue en ligne via un formulaire comportant plusieurs \u00e9tapes, avec des questions sur votre identit\u00e9, les raisons de votre voyage, vos ant\u00e9c\u00e9dents judiciaires, etc.<br>&nbsp;<\/p>\n\n\n\n<p>\u00c9videmment, si l\u2019un des crit\u00e8res \u00e9voqu\u00e9s ci-dessus n\u2019est pas valid\u00e9, l\u2019ESTA sera automatiquement refus\u00e9 :<\/p>\n\n\n\n<ul class=\"wp-block-list\"><li>si vous venez d\u2019un pays o\u00f9 le visa est indispensable, ne tentez m\u00eame pas d\u2019obtenir l\u2019autorisation puisqu\u2019une r\u00e9ponse n\u00e9gative vous parviendra automatiquement ;<\/li><li>de la m\u00eame fa\u00e7on, si votre voyage dure 6 mois, 1 an, ou que vous comptez vous installer durablement sur le sol am\u00e9ricain, tournez-vous vers d\u2019autres documents : visa ou\u00a0<a href=\"https:\/\/www.esta-officiel-usa.com\/fr\/obtenir-une-green-card-par-un-mariage\/\">Green card<\/a>\u00a0;<\/li><li>vous avez l\u2019intention de travailler,\u00a0<a href=\"https:\/\/www.esta-officiel-usa.com\/fr\/comment-etudier-dans-une-universite-americaine\/\">d\u2019\u00e9tudier<\/a>, de faire un stage m\u00eame pour moins de 90 jours ? Ne perdez pas votre temps \u00e0\u00a0<a href=\"https:\/\/www.esta-officiel-usa.com\/fr\/le-formulaire-esta-pour-les-usa-a-completer\/\">compl\u00e9ter le formulaire ESTA<\/a>\u00a0en ligne, celui-ci n\u2019est pas fait pour vous ;<\/li><li>d\u2019autre part, si vous \u00eates binational et qu\u2019une de vos nationalit\u00e9s est iranienne, irakienne, syrienne ou soudanaise, la permission de s\u00e9jour aux \u00c9tats-Unis ne vous sera pas accord\u00e9e.<\/li><\/ul>\n\n\n\n<p>Enfin, au-del\u00e0 des crit\u00e8res de base de l\u2019ESTA, un refus plus subjectif peut \u00e9maner de vos r\u00e9ponses, si celles-ci posent un probl\u00e8me de<a href=\"https:\/\/www.esta-officiel-usa.com\/fr\/les-mesures-de-securite-pour-entrer-aux-etats-unis\/\">\u00a0s\u00e9curit\u00e9<\/a>. Le\u00a0<a href=\"https:\/\/www.esta-officiel-usa.com\/fr\/le-departement-de-la-securite-interieure-americain\/\">DHS \u2013 D\u00e9partement de la S\u00e9curit\u00e9 Int\u00e9rieure des USA<\/a>\u00a0\u2013 consid\u00e8re parfois que vos ant\u00e9c\u00e9dents judiciaires, votre \u00e9tat de sant\u00e9 ou vos intentions repr\u00e9sentent un danger pour le pays. Dans ce cas, l\u2019ESTA ne vous sera pas d\u00e9livr\u00e9. Pour plus de renseignements sur les motifs de refus, ne contactez pas les ambassades ou consulats ; ces derniers n\u2019ont ni l\u2019acc\u00e8s ni le droit de vous expliquer les motifs du\u00a0refus. Adressez une demande via le site du DHS Travel Redress Inquiry Program (TRIP).<br>\u00a0<\/p>\n\n\n\n<h2 class=\"wp-block-heading\">QUE FAIRE SI L\u2019ESTA EST REFUS\u00c9 POUR CES MOTIFS ?<\/h2>\n\n\n\n<p>Une fois le refus re\u00e7u (vous devez consulter le statut de votre d\u00e9marche sur Internet gr\u00e2ce \u00e0 votre num\u00e9ro de demande ESTA), vous pouvez esp\u00e9rer obtenir une r\u00e9ponse positive en r\u00e9it\u00e9rant votre demande si vous avez constat\u00e9 une erreur de frappe dans votre questionnaire. Toutefois, vous devrez repasser par l\u2019\u00e9tape du paiement d\u2019ESTA.<\/p>\n\n\n\n<p>Pour \u00e9viter ce type de d\u00e9sagr\u00e9ment&nbsp;impr\u00e9vu, faites confiance \u00e0 nos&nbsp;experts qui v\u00e9rifieront vos donn\u00e9es, afin de vous pr\u00e9server de toute faute retardant votre d\u00e9part pour les \u00c9tats-Unis. Notre plateforme esta-officiel-usa.com propose un service d\u2019assistance dans cet objectif. En cas de questions, nos conseillers sont joignables en ligne pour faciliter votre d\u00e9marche.<\/p>\n\n\n\n<p>S\u2019il n\u2019y a pas eu de coquilles ou que vous recevez un second refus, vous pouvez faire une croix sur votre s\u00e9jour via l\u2019ESTA USA. Autre solution : obtenir un visa, m\u00eame si cette proc\u00e9dure est plus longue et co\u00fbteuse.<\/p>\n","protected":false},"excerpt":{"rendered":"<p>LES MOTIFS D\u2019UN REFUS D\u2019ESTA Si vos projets personnels ou professionnels vous am\u00e8nent \u00e0 voyager aux \u00c9tats-Unis pour moins de 90 jours, vous allez probablement faire une demande d\u2019ESTA, \u00e0 moins bien s\u00fbr que vous ne soyiez pas ressortissant de l\u2019un des 38 pays du\u00a0Visa Waiver Program. Selon les statistiques, vous n\u2019avez pratiquement aucun risque [&hellip;]<\/p>\n","protected":false},"author":1,"featured_media":0,"parent":0,"menu_order":0,"comment_status":"closed","ping_status":"closed","template":"","meta":{"footnotes":""},"class_list":["post-82","page","type-page","status-publish","hentry"],"yoast_head":"<!-- This site is optimized with the Yoast SEO plugin v26.2 - https:\/\/yoast.com\/wordpress\/plugins\/seo\/ -->\n<title>Quels sont les motifs qui m\u00e8nent \u00e0 un refus de l&#039;ESTA<\/title>\n<meta name=\"description\" content=\"Si vous \u00eates ressortissant d&#039;un des 38 pays du VWP, il y a peu de risque que votre ESTA soit refus\u00e9, d\u00e9couvrez n\u00e9anmoins les motifs possibles de refus.\" \/>\n<meta name=\"robots\" content=\"index, follow, max-snippet:-1, max-image-preview:large, max-video-preview:-1\" \/>\n<link rel=\"canonical\" href=\"https:\/\/www.esta-officiel-usa.com\/fr\/quels-motifs-menent-a-un-refus-de-lesta\/\" \/>\n<meta property=\"og:locale\" content=\"fr_FR\" \/>\n<meta property=\"og:type\" content=\"article\" \/>\n<meta property=\"og:title\" content=\"Quels sont les motifs qui m\u00e8nent \u00e0 un refus de l&#039;ESTA\" \/>\n<meta property=\"og:description\" content=\"Si vous \u00eates ressortissant d&#039;un des 38 pays du VWP, il y a peu de risque que votre ESTA soit refus\u00e9, d\u00e9couvrez n\u00e9anmoins les motifs possibles de refus.\" \/>\n<meta property=\"og:url\" content=\"https:\/\/www.esta-officiel-usa.com\/fr\/quels-motifs-menent-a-un-refus-de-lesta\/\" \/>\n<meta property=\"og:site_name\" content=\"ESTA - Etats-Unis\" \/>\n<meta property=\"article:modified_time\" content=\"2020-02-01T13:19:32+00:00\" \/>\n<meta name=\"twitter:card\" content=\"summary_large_image\" \/>\n<meta name=\"twitter:label1\" content=\"Dur\u00e9e de lecture estim\u00e9e\" \/>\n\t<meta name=\"twitter:data1\" content=\"3 minutes\" \/>\n<script type=\"application\/ld+json\" class=\"yoast-schema-graph\">{\"@context\":\"https:\/\/schema.org\",\"@graph\":[{\"@type\":\"WebPage\",\"@id\":\"https:\/\/www.esta-officiel-usa.com\/fr\/quels-motifs-menent-a-un-refus-de-lesta\/\",\"url\":\"https:\/\/www.esta-officiel-usa.com\/fr\/quels-motifs-menent-a-un-refus-de-lesta\/\",\"name\":\"Quels sont les motifs qui m\u00e8nent \u00e0 un refus de l'ESTA\",\"isPartOf\":{\"@id\":\"https:\/\/www.esta-officiel-usa.com\/fr\/#website\"},\"datePublished\":\"2020-01-20T09:28:31+00:00\",\"dateModified\":\"2020-02-01T13:19:32+00:00\",\"description\":\"Si vous \u00eates ressortissant d'un des 38 pays du VWP, il y a peu de risque que votre ESTA soit refus\u00e9, d\u00e9couvrez n\u00e9anmoins les motifs possibles de refus.\",\"breadcrumb\":{\"@id\":\"https:\/\/www.esta-officiel-usa.com\/fr\/quels-motifs-menent-a-un-refus-de-lesta\/#breadcrumb\"},\"inLanguage\":\"fr-FR\",\"potentialAction\":[{\"@type\":\"ReadAction\",\"target\":[\"https:\/\/www.esta-officiel-usa.com\/fr\/quels-motifs-menent-a-un-refus-de-lesta\/\"]}]},{\"@type\":\"BreadcrumbList\",\"@id\":\"https:\/\/www.esta-officiel-usa.com\/fr\/quels-motifs-menent-a-un-refus-de-lesta\/#breadcrumb\",\"itemListElement\":[{\"@type\":\"ListItem\",\"position\":1,\"name\":\"Home\",\"item\":\"https:\/\/www.esta-officiel-usa.com\/fr\/\"},{\"@type\":\"ListItem\",\"position\":2,\"name\":\"Quels sont les motifs qui m\u00e8nent \u00e0 un refus de l&rsquo;ESTA\"}]},{\"@type\":\"WebSite\",\"@id\":\"https:\/\/www.esta-officiel-usa.com\/fr\/#website\",\"url\":\"https:\/\/www.esta-officiel-usa.com\/fr\/\",\"name\":\"ESTA - Etats-Unis\",\"description\":\"Formulaire de demande ESTA\",\"potentialAction\":[{\"@type\":\"SearchAction\",\"target\":{\"@type\":\"EntryPoint\",\"urlTemplate\":\"https:\/\/www.esta-officiel-usa.com\/fr\/?s={search_term_string}\"},\"query-input\":{\"@type\":\"PropertyValueSpecification\",\"valueRequired\":true,\"valueName\":\"search_term_string\"}}],\"inLanguage\":\"fr-FR\"}]}<\/script>\n<!-- \/ Yoast SEO plugin. -->","yoast_head_json":{"title":"Quels sont les motifs qui m\u00e8nent \u00e0 un refus de l'ESTA","description":"Si vous \u00eates ressortissant d'un des 38 pays du VWP, il y a peu de risque que votre ESTA soit refus\u00e9, d\u00e9couvrez n\u00e9anmoins les motifs possibles de refus.","robots":{"index":"index","follow":"follow","max-snippet":"max-snippet:-1","max-image-preview":"max-image-preview:large","max-video-preview":"max-video-preview:-1"},"canonical":"https:\/\/www.esta-officiel-usa.com\/fr\/quels-motifs-menent-a-un-refus-de-lesta\/","og_locale":"fr_FR","og_type":"article","og_title":"Quels sont les motifs qui m\u00e8nent \u00e0 un refus de l'ESTA","og_description":"Si vous \u00eates ressortissant d'un des 38 pays du VWP, il y a peu de risque que votre ESTA soit refus\u00e9, d\u00e9couvrez n\u00e9anmoins les motifs possibles de refus.","og_url":"https:\/\/www.esta-officiel-usa.com\/fr\/quels-motifs-menent-a-un-refus-de-lesta\/","og_site_name":"ESTA - Etats-Unis","article_modified_time":"2020-02-01T13:19:32+00:00","twitter_card":"summary_large_image","twitter_misc":{"Dur\u00e9e de lecture estim\u00e9e":"3 minutes"},"schema":{"@context":"https:\/\/schema.org","@graph":[{"@type":"WebPage","@id":"https:\/\/www.esta-officiel-usa.com\/fr\/quels-motifs-menent-a-un-refus-de-lesta\/","url":"https:\/\/www.esta-officiel-usa.com\/fr\/quels-motifs-menent-a-un-refus-de-lesta\/","name":"Quels sont les motifs qui m\u00e8nent \u00e0 un refus de l'ESTA","isPartOf":{"@id":"https:\/\/www.esta-officiel-usa.com\/fr\/#website"},"datePublished":"2020-01-20T09:28:31+00:00","dateModified":"2020-02-01T13:19:32+00:00","description":"Si vous \u00eates ressortissant d'un des 38 pays du VWP, il y a peu de risque que votre ESTA soit refus\u00e9, d\u00e9couvrez n\u00e9anmoins les motifs possibles de refus.","breadcrumb":{"@id":"https:\/\/www.esta-officiel-usa.com\/fr\/quels-motifs-menent-a-un-refus-de-lesta\/#breadcrumb"},"inLanguage":"fr-FR","potentialAction":[{"@type":"ReadAction","target":["https:\/\/www.esta-officiel-usa.com\/fr\/quels-motifs-menent-a-un-refus-de-lesta\/"]}]},{"@type":"BreadcrumbList","@id":"https:\/\/www.esta-officiel-usa.com\/fr\/quels-motifs-menent-a-un-refus-de-lesta\/#breadcrumb","itemListElement":[{"@type":"ListItem","position":1,"name":"Home","item":"https:\/\/www.esta-officiel-usa.com\/fr\/"},{"@type":"ListItem","position":2,"name":"Quels sont les motifs qui m\u00e8nent \u00e0 un refus de l&rsquo;ESTA"}]},{"@type":"WebSite","@id":"https:\/\/www.esta-officiel-usa.com\/fr\/#website","url":"https:\/\/www.esta-officiel-usa.com\/fr\/","name":"ESTA - Etats-Unis","description":"Formulaire de demande ESTA","potentialAction":[{"@type":"SearchAction","target":{"@type":"EntryPoint","urlTemplate":"https:\/\/www.esta-officiel-usa.com\/fr\/?s={search_term_string}"},"query-input":{"@type":"PropertyValueSpecification","valueRequired":true,"valueName":"search_term_string"}}],"inLanguage":"fr-FR"}]}},"_links":{"self":[{"href":"https:\/\/www.esta-officiel-usa.com\/fr\/wp-json\/wp\/v2\/pages\/82","targetHints":{"allow":["GET"]}}],"collection":[{"href":"https:\/\/www.esta-officiel-usa.com\/fr\/wp-json\/wp\/v2\/pages"}],"about":[{"href":"https:\/\/www.esta-officiel-usa.com\/fr\/wp-json\/wp\/v2\/types\/page"}],"author":[{"embeddable":true,"href":"https:\/\/www.esta-officiel-usa.com\/fr\/wp-json\/wp\/v2\/users\/1"}],"replies":[{"embeddable":true,"href":"https:\/\/www.esta-officiel-usa.com\/fr\/wp-json\/wp\/v2\/comments?post=82"}],"version-history":[{"count":2,"href":"https:\/\/www.esta-officiel-usa.com\/fr\/wp-json\/wp\/v2\/pages\/82\/revisions"}],"predecessor-version":[{"id":489,"href":"https:\/\/www.esta-officiel-usa.com\/fr\/wp-json\/wp\/v2\/pages\/82\/revisions\/489"}],"wp:attachment":[{"href":"https:\/\/www.esta-officiel-usa.com\/fr\/wp-json\/wp\/v2\/media?parent=82"}],"curies":[{"name":"wp","href":"https:\/\/api.w.org\/{rel}","templated":true}]}}