{"id":86,"date":"2020-01-20T09:40:33","date_gmt":"2020-01-20T09:40:33","guid":{"rendered":"http:\/\/esta-officiel-usa.com\/?page_id=86"},"modified":"2024-04-12T07:36:58","modified_gmt":"2024-04-12T07:36:58","slug":"comment-faire-nouvelle-demande-esta-usa-apres-refus","status":"publish","type":"page","link":"https:\/\/www.esta-officiel-usa.com\/fr\/comment-faire-nouvelle-demande-esta-usa-apres-refus\/","title":{"rendered":"Comment faire une nouvelle demande d&rsquo;ESTA apr\u00e8s un refus"},"content":{"rendered":"\n<h1 class=\"wp-block-heading\">R\u00c9ALISER UNE NOUVELLE DEMANDE D\u2019ESTA APR\u00c8S UN REFUS<\/h1>\n\n\n\n<p>L\u2019<a href=\"https:\/\/www.esta-officiel-usa.com\/fr\/\">ESTA<\/a>&nbsp;est d\u00e9livr\u00e9 dans la majeure partie des cas. Si toutefois, votre demande est rejet\u00e9e, il convient dans un premier temps d\u2019analyser les raisons. esta-officiel-usa.com vous conseille sur les points \u00e0 v\u00e9rifier avant d\u2019effectuer une nouvelle demande ESTA apr\u00e8s refus.<\/p>\n\n\n\n<h2 class=\"wp-block-heading\">POURQUOI MA DEMANDE ESTA A \u00c9T\u00c9 REFUS\u00c9E ?<\/h2>\n\n\n\n<p>Tout citoyen non am\u00e9ricain a pour obligation de disposer d\u2019une autorisation de s\u00e9jour valide pour se rendre aux \u00c9tats-Unis. Ce peut \u00eatre un visa, un ESTA ou une <a href=\"https:\/\/www.esta-officiel-usa.com\/fr\/obtenir-une-green-card-par-un-mariage\/\">green card<\/a>. L\u2019ESTA est la solution fr\u00e9quemment choisie par les voyageurs. En effet, il est plus facile et moins long \u00e0 obtenir que les deux autres documents. Valable deux ans, il est aussi int\u00e9ressant pour son co\u00fbt tr\u00e8s avantageux.<\/p>\n\n\n\n<p>Si vous avez d\u2019ores et d\u00e9j\u00e0 effectu\u00e9 une demande d\u2019ESTA mais que celle-ci a \u00e9t\u00e9 rejet\u00e9e, commencez par v\u00e9rifier les points suivants :<\/p>\n\n\n\n<ul class=\"wp-block-list\">\n<li>l\u2019\u00e9tat civil enregistr\u00e9 doit imp\u00e9rativement correspondre aux informations mentionn\u00e9es sur le\u00a0<a href=\"https:\/\/www.esta-officiel-usa.com\/fr\/quel-type-de-passeport-pour-les-usa\/\">passeport<\/a>\u00a0(nom, pr\u00e9nom, statut\u2026) ;<\/li>\n\n\n\n<li>le passeport doit \u00eatre biom\u00e9trique ou \u00e9lectronique et couvrir toute la dur\u00e9e du s\u00e9jour ;<\/li>\n\n\n\n<li>vous devez \u00eatre citoyen d&rsquo;un des pays participant\u00a0au\u00a0<a href=\"https:\/\/www.esta-officiel-usa.com\/fr\/a-propos-du-visa-waiver-program\/\">Visa Waiver Program<\/a>\u00a0mais ne pas binational d&rsquo;Irak, de Syrie, d&rsquo;Iran ou de Somalie ;<\/li>\n\n\n\n<li>vous devez voyager avec une compagnie agr\u00e9\u00e9e par les Etats-Unis et disposer d\u2019un billet retour ou de continuation t\u00e9moignant\u00a0d\u2019une dur\u00e9e sur le territoire US de 90 jours maximum;<\/li>\n\n\n\n<li>votre profil ne doit pas pr\u00e9senter une menace pour les \u00c9tats-Unis.<\/li>\n<\/ul>\n\n\n\n<p>Si vous souhaitez b\u00e9n\u00e9ficier de l\u2019assistance d\u2019experts afin de mener \u00e0 bien votre nouvelle demande d\u2019ESTA apr\u00e8s refus, sachez que notre \u00e9quipe de&nbsp;professionnels du voyage se tient \u00e0 votre disposition.<\/p>\n\n\n\n<h2 class=\"wp-block-heading\">COMMENT R\u00c9ALISER UNE NOUVELLE DEMANDE ESTA ?<\/h2>\n\n\n\n<p>En prenant le temps d&rsquo;effectuer vos d\u00e9marches, vous limitez le risque d\u2019erreur lors de votre nouvelle demande d\u2019ESTA. Vous devez bien relire vos r\u00e9ponses avant d\u2019envoyer votre&nbsp;<a href=\"https:\/\/www.esta-officiel-usa.com\/fr\/obtenir-le-formulaire-esta-en-ligne\/\">formulaire ESTA<\/a>&nbsp;au service habilit\u00e9 \u00e0 la d\u00e9livrance d\u2019autorisations.<\/p>\n\n\n\n<p>Vous recevez votre autorisation en moins de 72 heures, et le plus souvent le jour m\u00eame.<\/p>\n\n\n\n<p>En cas de refus faisant suite \u00e0 la nouvelle demande ESTA ; vous pouvez consid\u00e9rer que votre profil n\u2019est pas \u00e9ligible. En effet, les personnels de la&nbsp;<a href=\"https:\/\/www.esta-officiel-usa.com\/fr\/les-mesures-de-securite-pour-entrer-aux-etats-unis\/\">s\u00e9curit\u00e9&nbsp;int\u00e9rieure des \u00c9tats-Unis<\/a> poss\u00e8dent les pleins pouvoirs concernant les entr\u00e9es sur leur sol, avant le d\u00e9part ou apr\u00e8s que l\u2019avion ait d\u00e9j\u00e0 atterri ! &nbsp;<\/p>\n\n\n\n<p>Ainsi, si votre nouvelle demande d\u2019ESTA conduit \u00e0 refus, vous devez vous tourner vers d\u2019autres formes d\u2019autorisation&nbsp;de s\u00e9jour, telles que le visa ou la green card. Pour ce faire, n\u2019h\u00e9sitez pas \u00e0 contacter votre consulat ou&nbsp;l\u2019<a href=\"https:\/\/www.esta-officiel-usa.com\/fr\/se-rendre-a-lambassade-des-usa-pour-un-visa\/\">ambassade&nbsp;am\u00e9ricaine<\/a> de votre pays.<\/p>\n","protected":false},"excerpt":{"rendered":"<p>R\u00c9ALISER UNE NOUVELLE DEMANDE D\u2019ESTA APR\u00c8S UN REFUS L\u2019ESTA&nbsp;est d\u00e9livr\u00e9 dans la majeure partie des cas. Si toutefois, votre demande est rejet\u00e9e, il convient dans un premier temps d\u2019analyser les raisons. esta-officiel-usa.com vous conseille sur les points \u00e0 v\u00e9rifier avant d\u2019effectuer une nouvelle demande ESTA apr\u00e8s refus. POURQUOI MA DEMANDE ESTA A \u00c9T\u00c9 REFUS\u00c9E ? [&hellip;]<\/p>\n","protected":false},"author":1,"featured_media":0,"parent":0,"menu_order":0,"comment_status":"closed","ping_status":"closed","template":"","meta":{"footnotes":""},"class_list":["post-86","page","type-page","status-publish","hentry"],"yoast_head":"<!-- This site is optimized with the Yoast SEO plugin v26.2 - https:\/\/yoast.com\/wordpress\/plugins\/seo\/ -->\n<title>Comment faire une nouvelle demande d&#039;ESTA apr\u00e8s un refus<\/title>\n<meta name=\"description\" content=\"Si vous \u00eates ressortissants d&#039;un des pays du VWP, il est peu probable que votre demande soit refus\u00e9e, que faire apr\u00e8s un refus.\" \/>\n<meta name=\"robots\" content=\"index, follow, max-snippet:-1, max-image-preview:large, max-video-preview:-1\" \/>\n<link rel=\"canonical\" href=\"https:\/\/www.esta-officiel-usa.com\/fr\/comment-faire-nouvelle-demande-esta-usa-apres-refus\/\" \/>\n<meta property=\"og:locale\" content=\"fr_FR\" \/>\n<meta property=\"og:type\" content=\"article\" \/>\n<meta property=\"og:title\" content=\"Comment faire une nouvelle demande d&#039;ESTA apr\u00e8s un refus\" \/>\n<meta property=\"og:description\" content=\"Si vous \u00eates ressortissants d&#039;un des pays du VWP, il est peu probable que votre demande soit refus\u00e9e, que faire apr\u00e8s un refus.\" \/>\n<meta property=\"og:url\" content=\"https:\/\/www.esta-officiel-usa.com\/fr\/comment-faire-nouvelle-demande-esta-usa-apres-refus\/\" \/>\n<meta property=\"og:site_name\" content=\"ESTA - Etats-Unis\" \/>\n<meta property=\"article:modified_time\" content=\"2024-04-12T07:36:58+00:00\" \/>\n<meta name=\"twitter:card\" content=\"summary_large_image\" \/>\n<meta name=\"twitter:label1\" content=\"Dur\u00e9e de lecture estim\u00e9e\" \/>\n\t<meta name=\"twitter:data1\" content=\"3 minutes\" \/>\n<script type=\"application\/ld+json\" class=\"yoast-schema-graph\">{\"@context\":\"https:\/\/schema.org\",\"@graph\":[{\"@type\":\"WebPage\",\"@id\":\"https:\/\/www.esta-officiel-usa.com\/fr\/comment-faire-nouvelle-demande-esta-usa-apres-refus\/\",\"url\":\"https:\/\/www.esta-officiel-usa.com\/fr\/comment-faire-nouvelle-demande-esta-usa-apres-refus\/\",\"name\":\"Comment faire une nouvelle demande d'ESTA apr\u00e8s un refus\",\"isPartOf\":{\"@id\":\"https:\/\/www.esta-officiel-usa.com\/fr\/#website\"},\"datePublished\":\"2020-01-20T09:40:33+00:00\",\"dateModified\":\"2024-04-12T07:36:58+00:00\",\"description\":\"Si vous \u00eates ressortissants d'un des pays du VWP, il est peu probable que votre demande soit refus\u00e9e, que faire apr\u00e8s un refus.\",\"breadcrumb\":{\"@id\":\"https:\/\/www.esta-officiel-usa.com\/fr\/comment-faire-nouvelle-demande-esta-usa-apres-refus\/#breadcrumb\"},\"inLanguage\":\"fr-FR\",\"potentialAction\":[{\"@type\":\"ReadAction\",\"target\":[\"https:\/\/www.esta-officiel-usa.com\/fr\/comment-faire-nouvelle-demande-esta-usa-apres-refus\/\"]}]},{\"@type\":\"BreadcrumbList\",\"@id\":\"https:\/\/www.esta-officiel-usa.com\/fr\/comment-faire-nouvelle-demande-esta-usa-apres-refus\/#breadcrumb\",\"itemListElement\":[{\"@type\":\"ListItem\",\"position\":1,\"name\":\"Home\",\"item\":\"https:\/\/www.esta-officiel-usa.com\/fr\/\"},{\"@type\":\"ListItem\",\"position\":2,\"name\":\"Comment faire une nouvelle demande d&rsquo;ESTA apr\u00e8s un refus\"}]},{\"@type\":\"WebSite\",\"@id\":\"https:\/\/www.esta-officiel-usa.com\/fr\/#website\",\"url\":\"https:\/\/www.esta-officiel-usa.com\/fr\/\",\"name\":\"ESTA - Etats-Unis\",\"description\":\"Formulaire de demande ESTA\",\"potentialAction\":[{\"@type\":\"SearchAction\",\"target\":{\"@type\":\"EntryPoint\",\"urlTemplate\":\"https:\/\/www.esta-officiel-usa.com\/fr\/?s={search_term_string}\"},\"query-input\":{\"@type\":\"PropertyValueSpecification\",\"valueRequired\":true,\"valueName\":\"search_term_string\"}}],\"inLanguage\":\"fr-FR\"}]}<\/script>\n<!-- \/ Yoast SEO plugin. -->","yoast_head_json":{"title":"Comment faire une nouvelle demande d'ESTA apr\u00e8s un refus","description":"Si vous \u00eates ressortissants d'un des pays du VWP, il est peu probable que votre demande soit refus\u00e9e, que faire apr\u00e8s un refus.","robots":{"index":"index","follow":"follow","max-snippet":"max-snippet:-1","max-image-preview":"max-image-preview:large","max-video-preview":"max-video-preview:-1"},"canonical":"https:\/\/www.esta-officiel-usa.com\/fr\/comment-faire-nouvelle-demande-esta-usa-apres-refus\/","og_locale":"fr_FR","og_type":"article","og_title":"Comment faire une nouvelle demande d'ESTA apr\u00e8s un refus","og_description":"Si vous \u00eates ressortissants d'un des pays du VWP, il est peu probable que votre demande soit refus\u00e9e, que faire apr\u00e8s un refus.","og_url":"https:\/\/www.esta-officiel-usa.com\/fr\/comment-faire-nouvelle-demande-esta-usa-apres-refus\/","og_site_name":"ESTA - Etats-Unis","article_modified_time":"2024-04-12T07:36:58+00:00","twitter_card":"summary_large_image","twitter_misc":{"Dur\u00e9e de lecture estim\u00e9e":"3 minutes"},"schema":{"@context":"https:\/\/schema.org","@graph":[{"@type":"WebPage","@id":"https:\/\/www.esta-officiel-usa.com\/fr\/comment-faire-nouvelle-demande-esta-usa-apres-refus\/","url":"https:\/\/www.esta-officiel-usa.com\/fr\/comment-faire-nouvelle-demande-esta-usa-apres-refus\/","name":"Comment faire une nouvelle demande d'ESTA apr\u00e8s un refus","isPartOf":{"@id":"https:\/\/www.esta-officiel-usa.com\/fr\/#website"},"datePublished":"2020-01-20T09:40:33+00:00","dateModified":"2024-04-12T07:36:58+00:00","description":"Si vous \u00eates ressortissants d'un des pays du VWP, il est peu probable que votre demande soit refus\u00e9e, que faire apr\u00e8s un refus.","breadcrumb":{"@id":"https:\/\/www.esta-officiel-usa.com\/fr\/comment-faire-nouvelle-demande-esta-usa-apres-refus\/#breadcrumb"},"inLanguage":"fr-FR","potentialAction":[{"@type":"ReadAction","target":["https:\/\/www.esta-officiel-usa.com\/fr\/comment-faire-nouvelle-demande-esta-usa-apres-refus\/"]}]},{"@type":"BreadcrumbList","@id":"https:\/\/www.esta-officiel-usa.com\/fr\/comment-faire-nouvelle-demande-esta-usa-apres-refus\/#breadcrumb","itemListElement":[{"@type":"ListItem","position":1,"name":"Home","item":"https:\/\/www.esta-officiel-usa.com\/fr\/"},{"@type":"ListItem","position":2,"name":"Comment faire une nouvelle demande d&rsquo;ESTA apr\u00e8s un refus"}]},{"@type":"WebSite","@id":"https:\/\/www.esta-officiel-usa.com\/fr\/#website","url":"https:\/\/www.esta-officiel-usa.com\/fr\/","name":"ESTA - Etats-Unis","description":"Formulaire de demande ESTA","potentialAction":[{"@type":"SearchAction","target":{"@type":"EntryPoint","urlTemplate":"https:\/\/www.esta-officiel-usa.com\/fr\/?s={search_term_string}"},"query-input":{"@type":"PropertyValueSpecification","valueRequired":true,"valueName":"search_term_string"}}],"inLanguage":"fr-FR"}]}},"_links":{"self":[{"href":"https:\/\/www.esta-officiel-usa.com\/fr\/wp-json\/wp\/v2\/pages\/86","targetHints":{"allow":["GET"]}}],"collection":[{"href":"https:\/\/www.esta-officiel-usa.com\/fr\/wp-json\/wp\/v2\/pages"}],"about":[{"href":"https:\/\/www.esta-officiel-usa.com\/fr\/wp-json\/wp\/v2\/types\/page"}],"author":[{"embeddable":true,"href":"https:\/\/www.esta-officiel-usa.com\/fr\/wp-json\/wp\/v2\/users\/1"}],"replies":[{"embeddable":true,"href":"https:\/\/www.esta-officiel-usa.com\/fr\/wp-json\/wp\/v2\/comments?post=86"}],"version-history":[{"count":7,"href":"https:\/\/www.esta-officiel-usa.com\/fr\/wp-json\/wp\/v2\/pages\/86\/revisions"}],"predecessor-version":[{"id":770,"href":"https:\/\/www.esta-officiel-usa.com\/fr\/wp-json\/wp\/v2\/pages\/86\/revisions\/770"}],"wp:attachment":[{"href":"https:\/\/www.esta-officiel-usa.com\/fr\/wp-json\/wp\/v2\/media?parent=86"}],"curies":[{"name":"wp","href":"https:\/\/api.w.org\/{rel}","templated":true}]}}