{"id":88,"date":"2020-01-20T09:45:36","date_gmt":"2020-01-20T09:45:36","guid":{"rendered":"http:\/\/esta-officiel-usa.com\/?page_id=88"},"modified":"2020-02-14T09:02:42","modified_gmt":"2020-02-14T09:02:42","slug":"esta-perdu-que-faire","status":"publish","type":"page","link":"https:\/\/www.esta-officiel-usa.com\/fr\/esta-perdu-que-faire\/","title":{"rendered":"Que faire si votre demande d&rsquo;ESTA est perdue"},"content":{"rendered":"\n<h1 class=\"wp-block-heading\">QUE FAIRE SI VOUS AVEZ PERDU VOTRE ESTA ?<\/h1>\n\n\n\n<p>Partir en voyage est toujours une entreprise qui peut \u00eatre stressante surtout lorsque l\u2019on part dans un pays aussi loin que les \u00c9tats-Unis. Nos lecteurs nous contactent souvent lorsqu\u2019ils ne retrouvent plus leur\u00a0<a href=\"https:\/\/www.esta-officiel-usa.com\/fr\/\">autorisation de voyage ESTA<\/a>. Si tel est votre cas, pas de panique ! Nous vous expliquons les \u00e9tapes \u00e0 suivre pour retrouver votre pr\u00e9cieux s\u00e9same !<\/p>\n\n\n\n<h2 class=\"wp-block-heading\">FAUT-IL REFAIRE UNE DEMANDE EN CAS D\u2019ESTA PERDU ?<\/h2>\n\n\n\n<p>Avant toute chose, il faut savoir que la validit\u00e9 de votre ESTA est enti\u00e8rement li\u00e9e \u00e0 la validit\u00e9 de votre passeport et les informations que vous avez transmises lors de votre premi\u00e8re demande ESTA. Si ces informations ont subi des modifications, il ne s\u2019agira pas de retrouver votre ESTA perdu mais de renouveler votre demande \u00e0 l\u2019aide des nouvelles informations.<\/p>\n\n\n\n<p>La v\u00e9racit\u00e9 de vos informations est tr\u00e8s importante pour le gouvernement am\u00e9ricain qui proc\u00e9dera \u00e0 la v\u00e9rification minutieuse de celle-ci. Gr\u00e2ce au&nbsp;<a href=\"https:\/\/www.esta-officiel-usa.com\/fr\/a-propos-du-visa-waiver-program\/\">Visa Waiver Program<\/a>, les ressortissants des 38 pays participants sont \u00e9ligibles \u00e0 l\u2019exemption de visa pour aller aux USA mais \u00e0 la condition sine qua non de fournir des informations v\u00e9ridiques.<\/p>\n\n\n\n<p>Il est tout \u00e0 fait normal de paniquer lorsqu\u2019on se rend compte de la perte d\u2019un document important, surtout \u00e0 la veille du d\u00e9part ou m\u00eame durant le s\u00e9jour. Rassurez-vous, votre&nbsp;<a href=\"https:\/\/www.esta-officiel-usa.com\/fr\/lautorisation-esta\/\">autorisation ESTA<\/a>&nbsp;demeure valide durant deux ans, que vous ayez une copie imprim\u00e9e avec vous ou non. Une copie physique est pratique afin de pouvoir prouver rapidement votre \u00e9ligibilit\u00e9 \u00e0 rentrer sur le territoire am\u00e9ricain aux agents de la douane, mais ceux-ci sont parfaitement habilit\u00e9s \u00e0 retrouver votre autorisation en ligne gr\u00e2ce \u00e0 leur logiciel interne.<\/p>\n\n\n\n<p>Astuce : imprimer plusieurs copies de votre ESTA sur papier et conserver une version PDF sur une clef USB \u00e0 conserver avec vos biens.<\/p>\n\n\n\n<h2 class=\"wp-block-heading\">RETROUVER LA DEMANDE D\u2019ESTA PERDU<\/h2>\n\n\n\n<p>Vous pouvez tr\u00e8s facilement acc\u00e9der \u00e0 votre compte personnel sur le site de la douane am\u00e9ricaine \u00e0 l\u2019aide des informations utilis\u00e9es lors de votre premi\u00e8re\u00a0<a href=\"https:\/\/www.esta-officiel-usa.com\/fr\/demande-desta-sur-site-officiel\/\">demande ESTA<\/a> : \u00a0<\/p>\n\n\n\n<ul class=\"wp-block-list\"><li>Si vous connaissez votre num\u00e9ro de demande, il faudra simplement le renseigner ainsi que le num\u00e9ro de votre passeport, votre nom&nbsp;et votre date de naissance ;<\/li><li>Si vous avez perdu votre num\u00e9ro de demande, vous devrez renseigner votre num\u00e9ro de passeport, votre date de naissance, votre nom et pr\u00e9nom et votre pays d\u2019origine.<\/li><\/ul>\n\n\n\n<p>Cliquez ensuite sur le bouton \u201cR\u00e9cup\u00e9rer la demande\u201d afin d\u2019acc\u00e9der \u00e0 votre autorisation ESTA en cours de validit\u00e9. En cas de probl\u00e8me, vous pouvez \u00e9galement faire appel au service d\u2019assistance en ligne de notre partenaire sp\u00e9cialis\u00e9 en formalit\u00e9s de voyages internationaux. Les agents sont disponibles 6 jours sur 7 pour r\u00e9pondre \u00e0 toutes vos interrogations.<\/p>\n","protected":false},"excerpt":{"rendered":"<p>QUE FAIRE SI VOUS AVEZ PERDU VOTRE ESTA ? Partir en voyage est toujours une entreprise qui peut \u00eatre stressante surtout lorsque l\u2019on part dans un pays aussi loin que les \u00c9tats-Unis. Nos lecteurs nous contactent souvent lorsqu\u2019ils ne retrouvent plus leur\u00a0autorisation de voyage ESTA. Si tel est votre cas, pas de panique ! Nous [&hellip;]<\/p>\n","protected":false},"author":1,"featured_media":0,"parent":0,"menu_order":0,"comment_status":"closed","ping_status":"closed","template":"","meta":{"footnotes":""},"class_list":["post-88","page","type-page","status-publish","hentry"],"yoast_head":"<!-- This site is optimized with the Yoast SEO plugin v26.2 - https:\/\/yoast.com\/wordpress\/plugins\/seo\/ -->\n<title>Que faire si votre demande d&#039;ESTA est perdue<\/title>\n<meta name=\"description\" content=\"Le d\u00e9part est imminent et vous n&#039;arrivez plus \u00e0 retrouver votre ESTA, pas de panique nous vous expliquons les \u00e9tapes pour retrouver votre pr\u00e9cieux s\u00e9same.\" \/>\n<meta name=\"robots\" content=\"index, follow, max-snippet:-1, max-image-preview:large, max-video-preview:-1\" \/>\n<link rel=\"canonical\" href=\"https:\/\/www.esta-officiel-usa.com\/fr\/esta-perdu-que-faire\/\" \/>\n<meta property=\"og:locale\" content=\"fr_FR\" \/>\n<meta property=\"og:type\" content=\"article\" \/>\n<meta property=\"og:title\" content=\"Que faire si votre demande d&#039;ESTA est perdue\" \/>\n<meta property=\"og:description\" content=\"Le d\u00e9part est imminent et vous n&#039;arrivez plus \u00e0 retrouver votre ESTA, pas de panique nous vous expliquons les \u00e9tapes pour retrouver votre pr\u00e9cieux s\u00e9same.\" \/>\n<meta property=\"og:url\" content=\"https:\/\/www.esta-officiel-usa.com\/fr\/esta-perdu-que-faire\/\" \/>\n<meta property=\"og:site_name\" content=\"ESTA - Etats-Unis\" \/>\n<meta property=\"article:modified_time\" content=\"2020-02-14T09:02:42+00:00\" \/>\n<meta name=\"twitter:card\" content=\"summary_large_image\" \/>\n<meta name=\"twitter:label1\" content=\"Dur\u00e9e de lecture estim\u00e9e\" \/>\n\t<meta name=\"twitter:data1\" content=\"2 minutes\" \/>\n<script type=\"application\/ld+json\" class=\"yoast-schema-graph\">{\"@context\":\"https:\/\/schema.org\",\"@graph\":[{\"@type\":\"WebPage\",\"@id\":\"https:\/\/www.esta-officiel-usa.com\/fr\/esta-perdu-que-faire\/\",\"url\":\"https:\/\/www.esta-officiel-usa.com\/fr\/esta-perdu-que-faire\/\",\"name\":\"Que faire si votre demande d'ESTA est perdue\",\"isPartOf\":{\"@id\":\"https:\/\/www.esta-officiel-usa.com\/fr\/#website\"},\"datePublished\":\"2020-01-20T09:45:36+00:00\",\"dateModified\":\"2020-02-14T09:02:42+00:00\",\"description\":\"Le d\u00e9part est imminent et vous n'arrivez plus \u00e0 retrouver votre ESTA, pas de panique nous vous expliquons les \u00e9tapes pour retrouver votre pr\u00e9cieux s\u00e9same.\",\"breadcrumb\":{\"@id\":\"https:\/\/www.esta-officiel-usa.com\/fr\/esta-perdu-que-faire\/#breadcrumb\"},\"inLanguage\":\"fr-FR\",\"potentialAction\":[{\"@type\":\"ReadAction\",\"target\":[\"https:\/\/www.esta-officiel-usa.com\/fr\/esta-perdu-que-faire\/\"]}]},{\"@type\":\"BreadcrumbList\",\"@id\":\"https:\/\/www.esta-officiel-usa.com\/fr\/esta-perdu-que-faire\/#breadcrumb\",\"itemListElement\":[{\"@type\":\"ListItem\",\"position\":1,\"name\":\"Home\",\"item\":\"https:\/\/www.esta-officiel-usa.com\/fr\/\"},{\"@type\":\"ListItem\",\"position\":2,\"name\":\"Que faire si votre demande d&rsquo;ESTA est perdue\"}]},{\"@type\":\"WebSite\",\"@id\":\"https:\/\/www.esta-officiel-usa.com\/fr\/#website\",\"url\":\"https:\/\/www.esta-officiel-usa.com\/fr\/\",\"name\":\"ESTA - Etats-Unis\",\"description\":\"Formulaire de demande ESTA\",\"potentialAction\":[{\"@type\":\"SearchAction\",\"target\":{\"@type\":\"EntryPoint\",\"urlTemplate\":\"https:\/\/www.esta-officiel-usa.com\/fr\/?s={search_term_string}\"},\"query-input\":{\"@type\":\"PropertyValueSpecification\",\"valueRequired\":true,\"valueName\":\"search_term_string\"}}],\"inLanguage\":\"fr-FR\"}]}<\/script>\n<!-- \/ Yoast SEO plugin. -->","yoast_head_json":{"title":"Que faire si votre demande d'ESTA est perdue","description":"Le d\u00e9part est imminent et vous n'arrivez plus \u00e0 retrouver votre ESTA, pas de panique nous vous expliquons les \u00e9tapes pour retrouver votre pr\u00e9cieux s\u00e9same.","robots":{"index":"index","follow":"follow","max-snippet":"max-snippet:-1","max-image-preview":"max-image-preview:large","max-video-preview":"max-video-preview:-1"},"canonical":"https:\/\/www.esta-officiel-usa.com\/fr\/esta-perdu-que-faire\/","og_locale":"fr_FR","og_type":"article","og_title":"Que faire si votre demande d'ESTA est perdue","og_description":"Le d\u00e9part est imminent et vous n'arrivez plus \u00e0 retrouver votre ESTA, pas de panique nous vous expliquons les \u00e9tapes pour retrouver votre pr\u00e9cieux s\u00e9same.","og_url":"https:\/\/www.esta-officiel-usa.com\/fr\/esta-perdu-que-faire\/","og_site_name":"ESTA - Etats-Unis","article_modified_time":"2020-02-14T09:02:42+00:00","twitter_card":"summary_large_image","twitter_misc":{"Dur\u00e9e de lecture estim\u00e9e":"2 minutes"},"schema":{"@context":"https:\/\/schema.org","@graph":[{"@type":"WebPage","@id":"https:\/\/www.esta-officiel-usa.com\/fr\/esta-perdu-que-faire\/","url":"https:\/\/www.esta-officiel-usa.com\/fr\/esta-perdu-que-faire\/","name":"Que faire si votre demande d'ESTA est perdue","isPartOf":{"@id":"https:\/\/www.esta-officiel-usa.com\/fr\/#website"},"datePublished":"2020-01-20T09:45:36+00:00","dateModified":"2020-02-14T09:02:42+00:00","description":"Le d\u00e9part est imminent et vous n'arrivez plus \u00e0 retrouver votre ESTA, pas de panique nous vous expliquons les \u00e9tapes pour retrouver votre pr\u00e9cieux s\u00e9same.","breadcrumb":{"@id":"https:\/\/www.esta-officiel-usa.com\/fr\/esta-perdu-que-faire\/#breadcrumb"},"inLanguage":"fr-FR","potentialAction":[{"@type":"ReadAction","target":["https:\/\/www.esta-officiel-usa.com\/fr\/esta-perdu-que-faire\/"]}]},{"@type":"BreadcrumbList","@id":"https:\/\/www.esta-officiel-usa.com\/fr\/esta-perdu-que-faire\/#breadcrumb","itemListElement":[{"@type":"ListItem","position":1,"name":"Home","item":"https:\/\/www.esta-officiel-usa.com\/fr\/"},{"@type":"ListItem","position":2,"name":"Que faire si votre demande d&rsquo;ESTA est perdue"}]},{"@type":"WebSite","@id":"https:\/\/www.esta-officiel-usa.com\/fr\/#website","url":"https:\/\/www.esta-officiel-usa.com\/fr\/","name":"ESTA - Etats-Unis","description":"Formulaire de demande ESTA","potentialAction":[{"@type":"SearchAction","target":{"@type":"EntryPoint","urlTemplate":"https:\/\/www.esta-officiel-usa.com\/fr\/?s={search_term_string}"},"query-input":{"@type":"PropertyValueSpecification","valueRequired":true,"valueName":"search_term_string"}}],"inLanguage":"fr-FR"}]}},"_links":{"self":[{"href":"https:\/\/www.esta-officiel-usa.com\/fr\/wp-json\/wp\/v2\/pages\/88","targetHints":{"allow":["GET"]}}],"collection":[{"href":"https:\/\/www.esta-officiel-usa.com\/fr\/wp-json\/wp\/v2\/pages"}],"about":[{"href":"https:\/\/www.esta-officiel-usa.com\/fr\/wp-json\/wp\/v2\/types\/page"}],"author":[{"embeddable":true,"href":"https:\/\/www.esta-officiel-usa.com\/fr\/wp-json\/wp\/v2\/users\/1"}],"replies":[{"embeddable":true,"href":"https:\/\/www.esta-officiel-usa.com\/fr\/wp-json\/wp\/v2\/comments?post=88"}],"version-history":[{"count":3,"href":"https:\/\/www.esta-officiel-usa.com\/fr\/wp-json\/wp\/v2\/pages\/88\/revisions"}],"predecessor-version":[{"id":563,"href":"https:\/\/www.esta-officiel-usa.com\/fr\/wp-json\/wp\/v2\/pages\/88\/revisions\/563"}],"wp:attachment":[{"href":"https:\/\/www.esta-officiel-usa.com\/fr\/wp-json\/wp\/v2\/media?parent=88"}],"curies":[{"name":"wp","href":"https:\/\/api.w.org\/{rel}","templated":true}]}}