{"id":90,"date":"2020-01-20T09:48:24","date_gmt":"2020-01-20T09:48:24","guid":{"rendered":"http:\/\/esta-officiel-usa.com\/?page_id=90"},"modified":"2020-02-01T10:42:50","modified_gmt":"2020-02-01T10:42:50","slug":"etias-lesta-europeen","status":"publish","type":"page","link":"https:\/\/www.esta-officiel-usa.com\/fr\/etias-lesta-europeen\/","title":{"rendered":"L&rsquo;ETIAS Europe, inspir\u00e9 de l&rsquo;ESTA Am\u00e9ricain"},"content":{"rendered":"\n<h1 class=\"wp-block-heading\">ETIAS : L\u2019AVENIR DE L\u2019ESTA EN EUROPE ?<\/h1>\n\n\n\n<p>L\u2019ETIAS est une autorisation de voyage dont l\u2019inauguration est pr\u00e9vue pour 2020. Souhait\u00e9 par les gouvernements fran\u00e7ais et allemand depuis plusieurs ann\u00e9es, ce document s\u2019inspire de l\u2019<a href=\"https:\/\/www.esta-officiel-usa.com\/fr\/\">ESTA<\/a>\u00a0am\u00e9ricain (\u00e9galement adopt\u00e9 par le Canada). L\u2019ETIAS a pour mission de renforcer la s\u00e9curit\u00e9 du territoire europ\u00e9en en contr\u00f4lant l&rsquo;identit\u00e9 des voyageurs avant m\u00eame leur mont\u00e9e dans l\u2019avion.<\/p>\n\n\n\n<h2 class=\"wp-block-heading\">\u00c0 QUOI SERT L\u2019ETIAS ?<\/h2>\n\n\n\n<p>Suite aux attaques terroristes ayant frapp\u00e9 l\u2019Europe ces derni\u00e8res ann\u00e9es, un sentiment d\u2019ins\u00e9curit\u00e9 a r\u00e9cemment forc\u00e9 les d\u00e9put\u00e9s de la Commission des libert\u00e9s civiles du Parlement europ\u00e9en \u00e0 \u00e9tablir de nouveaux protocoles de s\u00e9curit\u00e9. C\u2019est vers le syst\u00e8me de s\u00e9curit\u00e9 am\u00e9ricain mat\u00e9rialis\u00e9 par l\u2019ESTA (Electronic System for Travel Authorisation) que l\u2019Union europ\u00e9en s\u2019est tourn\u00e9e, en r\u00e9sum\u00e9 : &nbsp;<\/p>\n\n\n\n<ul class=\"wp-block-list\"><li>Obligation pour les voyageurs de remplir un\u00a0<a href=\"https:\/\/www.esta-officiel-usa.com\/fr\/remplir-le-questionnaire-est-en-francais\/\">questionnaire<\/a>\u00a0\u00e0 l\u2019aide des informations de leur passeport ;<\/li><li>La demande est trait\u00e9e en ligne de mani\u00e8re automatique en fonction des r\u00e9glementations de chaque pays d\u2019entr\u00e9e ;<\/li><li>Une autorisation de voyage valable plusieurs ann\u00e9es ;<\/li><li>Permet de r\u00e9aliser des s\u00e9jours de 90 jours cons\u00e9cutifs maximum ;<\/li><li>Permet au d\u00e9tenteur d\u2019entreprendre des s\u00e9jours touristiques, d\u2019affaires ou tout simplement de transiter.<\/li><\/ul>\n\n\n\n<p>En place depuis 2009, l\u2019ESTA USA a d\u00e9montr\u00e9 une efficacit\u00e9 incomparable : l\u2019autorisation facilite l&rsquo;acc\u00e8s au territoire am\u00e9ricain \u00e0 des millions de visiteurs, de m\u00eame qu\u2019il permet aux agents de la\u00a0<a href=\"https:\/\/www.esta-officiel-usa.com\/fr\/passer-les-controles-des-douanes-americaines\/\">douane<\/a>\u00a0de faire une pr\u00e9s\u00e9lection parmi les voyageurs. Les frais de dossier permettent \u00e9galement le financement des services traitant les dossiers ainsi que les op\u00e9rations de promotion du tourisme aux \u00c9tats-Unis. L\u2019ESTA est une formule qui b\u00e9n\u00e9ficie tant aux voyageurs qu\u2019au gouvernement am\u00e9ricain et c\u2019est essentiellement ce mod\u00e8le qui sera appliqu\u00e9 \u00e0 l\u2019ETIAS.<\/p>\n\n\n\n<h2 class=\"wp-block-heading\">\u00c0 QUI S\u2019ADRESSE L\u2019ETIAS ?<\/h2>\n\n\n\n<p>Obtenir un ETIAS sera une d\u00e9marche obligatoire pour les ressortissants de tous les pays d\u00e9j\u00e0 exempt\u00e9s de visa \u00e0 l\u2019heure actuelle. Il se peut qu\u2019entre le moment o\u00f9 vous lisiez cet article et 2020, de nouveau pays se soient ajout\u00e9s au programme.<\/p>\n\n\n\n<p>Actuellement, &nbsp;les pays participant au programme ETIAS sont les suivants :<br><br>Albanie, Andorre, Antigua-et-Barbuda, Argentine, Australie, Bahamas, Barbade, Bosnie-Herz\u00e9govine, Br\u00e9sil, Brunei, Canada, Chili, Colombie, Costa Rica, Dominique, Salvador, Grenada, Guatemala, Honduras, Hong Kong, Isra\u00ebl, Japon, Kiribati, Cor\u00e9e du Sud, Macao, Mac\u00e9doine, Malaisie, \u00celes Marshall, Maurice, Mexique, Micron\u00e9sie, Moldavie, Mont\u00e9n\u00e9gro, Nouvelle-Z\u00e9lande, Nicaragua, Palaos, Panama, Paraguay, P\u00e9rou, Saint-Christophe-et-Ni\u00e9v\u00e8s, Sainte-Lucie, Saint-Vincent-et-les-Grenadines, Samoa, Serbie, Seychelles, Singapour, \u00celes Salomon, Ta\u00efwan, Timor oriental, Tonga, Trinit\u00e9-et-Tobago, Tuvalu, Angleterre, Uruguay, Vanuatu, Venezuela.<\/p>\n\n\n\n<p>Les personnes en possession d\u2019une autorisation de voyage ETIAS pourront alors circuler librement dans les pays suivants :<\/p>\n\n\n\n<p>Allemagne, Autriche, Belgique, Danemark, &nbsp;Espagne, Estonie, Finlande, France, Gr\u00e8ce, Hongrie, Islande, Italie, Lettonie, Liechtenstein, Lituanie, Luxembourg, Malte, Norv\u00e8ge, Pays-Bas, Pologne, Portugal, Slovaquie, Slov\u00e9nie, Su\u00e8de, Suisse, R\u00e9publique tch\u00e8que.<\/p>\n","protected":false},"excerpt":{"rendered":"<p>ETIAS : L\u2019AVENIR DE L\u2019ESTA EN EUROPE ? L\u2019ETIAS est une autorisation de voyage dont l\u2019inauguration est pr\u00e9vue pour 2020. Souhait\u00e9 par les gouvernements fran\u00e7ais et allemand depuis plusieurs ann\u00e9es, ce document s\u2019inspire de l\u2019ESTA\u00a0am\u00e9ricain (\u00e9galement adopt\u00e9 par le Canada). L\u2019ETIAS a pour mission de renforcer la s\u00e9curit\u00e9 du territoire europ\u00e9en en contr\u00f4lant l&rsquo;identit\u00e9 des [&hellip;]<\/p>\n","protected":false},"author":1,"featured_media":0,"parent":0,"menu_order":0,"comment_status":"closed","ping_status":"closed","template":"","meta":{"footnotes":""},"class_list":["post-90","page","type-page","status-publish","hentry"],"yoast_head":"<!-- This site is optimized with the Yoast SEO plugin v26.2 - https:\/\/yoast.com\/wordpress\/plugins\/seo\/ -->\n<title>L&#039;ETIAS Europe, inspir\u00e9 de l&#039;ESTA Am\u00e9ricain<\/title>\n<meta name=\"description\" content=\"L\u2019ETIAS est une autorisation de voyage dont l\u2019inauguration est pr\u00e9vue pour 2020. Nos \u00e9quipes vous expliquent ce que c&#039;est.\" \/>\n<meta name=\"robots\" content=\"index, follow, max-snippet:-1, max-image-preview:large, max-video-preview:-1\" \/>\n<link rel=\"canonical\" href=\"https:\/\/www.esta-officiel-usa.com\/fr\/etias-lesta-europeen\/\" \/>\n<meta property=\"og:locale\" content=\"fr_FR\" \/>\n<meta property=\"og:type\" content=\"article\" \/>\n<meta property=\"og:title\" content=\"L&#039;ETIAS Europe, inspir\u00e9 de l&#039;ESTA Am\u00e9ricain\" \/>\n<meta property=\"og:description\" content=\"L\u2019ETIAS est une autorisation de voyage dont l\u2019inauguration est pr\u00e9vue pour 2020. Nos \u00e9quipes vous expliquent ce que c&#039;est.\" \/>\n<meta property=\"og:url\" content=\"https:\/\/www.esta-officiel-usa.com\/fr\/etias-lesta-europeen\/\" \/>\n<meta property=\"og:site_name\" content=\"ESTA - Etats-Unis\" \/>\n<meta property=\"article:modified_time\" content=\"2020-02-01T10:42:50+00:00\" \/>\n<meta name=\"twitter:card\" content=\"summary_large_image\" \/>\n<meta name=\"twitter:label1\" content=\"Dur\u00e9e de lecture estim\u00e9e\" \/>\n\t<meta name=\"twitter:data1\" content=\"3 minutes\" \/>\n<script type=\"application\/ld+json\" class=\"yoast-schema-graph\">{\"@context\":\"https:\/\/schema.org\",\"@graph\":[{\"@type\":\"WebPage\",\"@id\":\"https:\/\/www.esta-officiel-usa.com\/fr\/etias-lesta-europeen\/\",\"url\":\"https:\/\/www.esta-officiel-usa.com\/fr\/etias-lesta-europeen\/\",\"name\":\"L'ETIAS Europe, inspir\u00e9 de l'ESTA Am\u00e9ricain\",\"isPartOf\":{\"@id\":\"https:\/\/www.esta-officiel-usa.com\/fr\/#website\"},\"datePublished\":\"2020-01-20T09:48:24+00:00\",\"dateModified\":\"2020-02-01T10:42:50+00:00\",\"description\":\"L\u2019ETIAS est une autorisation de voyage dont l\u2019inauguration est pr\u00e9vue pour 2020. Nos \u00e9quipes vous expliquent ce que c'est.\",\"breadcrumb\":{\"@id\":\"https:\/\/www.esta-officiel-usa.com\/fr\/etias-lesta-europeen\/#breadcrumb\"},\"inLanguage\":\"fr-FR\",\"potentialAction\":[{\"@type\":\"ReadAction\",\"target\":[\"https:\/\/www.esta-officiel-usa.com\/fr\/etias-lesta-europeen\/\"]}]},{\"@type\":\"BreadcrumbList\",\"@id\":\"https:\/\/www.esta-officiel-usa.com\/fr\/etias-lesta-europeen\/#breadcrumb\",\"itemListElement\":[{\"@type\":\"ListItem\",\"position\":1,\"name\":\"Home\",\"item\":\"https:\/\/www.esta-officiel-usa.com\/fr\/\"},{\"@type\":\"ListItem\",\"position\":2,\"name\":\"L&rsquo;ETIAS Europe, inspir\u00e9 de l&rsquo;ESTA Am\u00e9ricain\"}]},{\"@type\":\"WebSite\",\"@id\":\"https:\/\/www.esta-officiel-usa.com\/fr\/#website\",\"url\":\"https:\/\/www.esta-officiel-usa.com\/fr\/\",\"name\":\"ESTA - Etats-Unis\",\"description\":\"Formulaire de demande ESTA\",\"potentialAction\":[{\"@type\":\"SearchAction\",\"target\":{\"@type\":\"EntryPoint\",\"urlTemplate\":\"https:\/\/www.esta-officiel-usa.com\/fr\/?s={search_term_string}\"},\"query-input\":{\"@type\":\"PropertyValueSpecification\",\"valueRequired\":true,\"valueName\":\"search_term_string\"}}],\"inLanguage\":\"fr-FR\"}]}<\/script>\n<!-- \/ Yoast SEO plugin. -->","yoast_head_json":{"title":"L'ETIAS Europe, inspir\u00e9 de l'ESTA Am\u00e9ricain","description":"L\u2019ETIAS est une autorisation de voyage dont l\u2019inauguration est pr\u00e9vue pour 2020. Nos \u00e9quipes vous expliquent ce que c'est.","robots":{"index":"index","follow":"follow","max-snippet":"max-snippet:-1","max-image-preview":"max-image-preview:large","max-video-preview":"max-video-preview:-1"},"canonical":"https:\/\/www.esta-officiel-usa.com\/fr\/etias-lesta-europeen\/","og_locale":"fr_FR","og_type":"article","og_title":"L'ETIAS Europe, inspir\u00e9 de l'ESTA Am\u00e9ricain","og_description":"L\u2019ETIAS est une autorisation de voyage dont l\u2019inauguration est pr\u00e9vue pour 2020. Nos \u00e9quipes vous expliquent ce que c'est.","og_url":"https:\/\/www.esta-officiel-usa.com\/fr\/etias-lesta-europeen\/","og_site_name":"ESTA - Etats-Unis","article_modified_time":"2020-02-01T10:42:50+00:00","twitter_card":"summary_large_image","twitter_misc":{"Dur\u00e9e de lecture estim\u00e9e":"3 minutes"},"schema":{"@context":"https:\/\/schema.org","@graph":[{"@type":"WebPage","@id":"https:\/\/www.esta-officiel-usa.com\/fr\/etias-lesta-europeen\/","url":"https:\/\/www.esta-officiel-usa.com\/fr\/etias-lesta-europeen\/","name":"L'ETIAS Europe, inspir\u00e9 de l'ESTA Am\u00e9ricain","isPartOf":{"@id":"https:\/\/www.esta-officiel-usa.com\/fr\/#website"},"datePublished":"2020-01-20T09:48:24+00:00","dateModified":"2020-02-01T10:42:50+00:00","description":"L\u2019ETIAS est une autorisation de voyage dont l\u2019inauguration est pr\u00e9vue pour 2020. Nos \u00e9quipes vous expliquent ce que c'est.","breadcrumb":{"@id":"https:\/\/www.esta-officiel-usa.com\/fr\/etias-lesta-europeen\/#breadcrumb"},"inLanguage":"fr-FR","potentialAction":[{"@type":"ReadAction","target":["https:\/\/www.esta-officiel-usa.com\/fr\/etias-lesta-europeen\/"]}]},{"@type":"BreadcrumbList","@id":"https:\/\/www.esta-officiel-usa.com\/fr\/etias-lesta-europeen\/#breadcrumb","itemListElement":[{"@type":"ListItem","position":1,"name":"Home","item":"https:\/\/www.esta-officiel-usa.com\/fr\/"},{"@type":"ListItem","position":2,"name":"L&rsquo;ETIAS Europe, inspir\u00e9 de l&rsquo;ESTA Am\u00e9ricain"}]},{"@type":"WebSite","@id":"https:\/\/www.esta-officiel-usa.com\/fr\/#website","url":"https:\/\/www.esta-officiel-usa.com\/fr\/","name":"ESTA - Etats-Unis","description":"Formulaire de demande ESTA","potentialAction":[{"@type":"SearchAction","target":{"@type":"EntryPoint","urlTemplate":"https:\/\/www.esta-officiel-usa.com\/fr\/?s={search_term_string}"},"query-input":{"@type":"PropertyValueSpecification","valueRequired":true,"valueName":"search_term_string"}}],"inLanguage":"fr-FR"}]}},"_links":{"self":[{"href":"https:\/\/www.esta-officiel-usa.com\/fr\/wp-json\/wp\/v2\/pages\/90","targetHints":{"allow":["GET"]}}],"collection":[{"href":"https:\/\/www.esta-officiel-usa.com\/fr\/wp-json\/wp\/v2\/pages"}],"about":[{"href":"https:\/\/www.esta-officiel-usa.com\/fr\/wp-json\/wp\/v2\/types\/page"}],"author":[{"embeddable":true,"href":"https:\/\/www.esta-officiel-usa.com\/fr\/wp-json\/wp\/v2\/users\/1"}],"replies":[{"embeddable":true,"href":"https:\/\/www.esta-officiel-usa.com\/fr\/wp-json\/wp\/v2\/comments?post=90"}],"version-history":[{"count":2,"href":"https:\/\/www.esta-officiel-usa.com\/fr\/wp-json\/wp\/v2\/pages\/90\/revisions"}],"predecessor-version":[{"id":442,"href":"https:\/\/www.esta-officiel-usa.com\/fr\/wp-json\/wp\/v2\/pages\/90\/revisions\/442"}],"wp:attachment":[{"href":"https:\/\/www.esta-officiel-usa.com\/fr\/wp-json\/wp\/v2\/media?parent=90"}],"curies":[{"name":"wp","href":"https:\/\/api.w.org\/{rel}","templated":true}]}}