{"id":94,"date":"2020-01-20T09:59:00","date_gmt":"2020-01-20T09:59:00","guid":{"rendered":"http:\/\/esta-officiel-usa.com\/?page_id=94"},"modified":"2020-02-01T17:17:50","modified_gmt":"2020-02-01T17:17:50","slug":"les-formalites-dentree-aux-etats-unis","status":"publish","type":"page","link":"https:\/\/www.esta-officiel-usa.com\/fr\/les-formalites-dentree-aux-etats-unis\/","title":{"rendered":"Quelles sont les formalit\u00e9s d&rsquo;entr\u00e9e aux Etats-Unis"},"content":{"rendered":"\n<h1 class=\"wp-block-heading\">ARRIV\u00c9E AUX \u00c9TATS-UNIS : LES FORMALIT\u00c9S<\/h1>\n\n\n\n<p>G\u00e9n\u00e9ralement, un s\u00e9jour aux \u00c9tats-Unis ne s\u2019improvise pas. D\u2019abord notamment par rapport au co\u00fbt des billets de transport, de par la dur\u00e9e du voyage (entre 8 et 12 h de vol selon la destination au d\u00e9part de Paris), mais aussi parce qu\u2019il faut en amont disposer d\u2019une autorisation de s\u00e9jour (<a href=\"https:\/\/www.esta-officiel-usa.com\/fr\/\">ESTA<\/a>\u00a0ou visa) et d&rsquo;une\u00a0<a href=\"https:\/\/www.esta-officiel-usa.com\/fr\/quelle-assurance-sante-pour-un-voyage-aux-usa\/\">bonne assurance<\/a>. Tout ceci demande du temps et un minimum d\u2019organisation. Aussi, d\u00e8s lors que vous avez obtenu votre s\u00e9same, autant mettre toutes les chances de votre c\u00f4t\u00e9 pour passer le dernier contr\u00f4le avec succ\u00e8s une fois que vous vous trouvez aux portes de la fronti\u00e8re am\u00e9ricaine.<br>\u00a0<\/p>\n\n\n\n<h2 class=\"wp-block-heading\">LE SERVICE D\u2019IMMIGRATION AM\u00c9RICAIN<\/h2>\n\n\n\n<p>Comme son nom l\u2019indique, l\u2019ESTA\u00a0est une\u00a0<a href=\"https:\/\/www.esta-officiel-usa.com\/fr\/lautorisation-esta\/\">autorisation<\/a>\u00a0de voyage. Autrement dit, lorsque vous arrivez aux \u00c9tats-Unis, ce sont les agents du service de l\u2019immigration qui d\u00e9cident de vous laisser entrer ou non sur le territoire am\u00e9ricain. Cette d\u00e9cision leur revient et il n\u2019y a aucun moyen de recours. Autant alors prendre toutes les pr\u00e9cautions avant votre d\u00e9part !<\/p>\n\n\n\n<h2 class=\"wp-block-heading\">LES DOCUMENTS \u00c0 PR\u00c9SENTER \u00c0 VOTRE ARRIV\u00c9E SUR LE SOL AM\u00c9RICAIN<\/h2>\n\n\n\n<p>Nous reprenons ci-apr\u00e8s les\u00a0<a href=\"https:\/\/www.esta-officiel-usa.com\/fr\/liste-des-documents-de-voyage-pour-les-usa\/\">documents de voyage<\/a>\u00a0que vous devez avoir en votre possession lors de votre arriv\u00e9e :<\/p>\n\n\n\n<ul class=\"wp-block-list\"><li>Votre passeport \u00e9lectronique ou biom\u00e9trique, valable pour toute la dur\u00e9e de votre s\u00e9jour et 6 mois apr\u00e8s votre date retour ;<\/li><li>La fiche bleue 6059B ou formulaire de d\u00e9claration de douane. Cette fiche vous est remise dans l\u2019avion. Il vous sera demand\u00e9 de renseigner vos noms, pr\u00e9noms et num\u00e9ro de passeport. Vous devez \u00e9galement d\u00e9clarer les produits que vous transportez ainsi que votre adresse durant votre s\u00e9jour. \u00a0<\/li><li>Eventuellement votre attestation ESTA, copie \u00e9lectronique ou papier (<a href=\"https:\/\/www.esta-officiel-usa.com\/fr\/doit-on-obligatoirement-imprimer-lesta\/\">imprimer l&rsquo;ESTA<\/a>\u00a0est recommand\u00e9 pour parer \u00e0 tout \u00e9ventuel probl\u00e8me technique).<\/li><\/ul>\n\n\n\n<h2 class=\"wp-block-heading\">PASSAGE AU SERVICE DE L\u2019IMMIGRATION<\/h2>\n\n\n\n<p>Le passage \u00e0 l\u2019immigration est g\u00e9n\u00e9ralement tr\u00e8s rapide, mais le temps d\u2019attente varie naturellement en fonction de l\u2019affluence des voyageurs.&nbsp;Lorsque ce sera votre tour, vous devez&nbsp;pr\u00e9senter votre passeport et la fameuse fiche bleue.&nbsp;L\u2019agent prendra ensuite une photo de vous ainsi qu\u2019un scan de vos empreintes digitales.<\/p>\n\n\n\n<p>Surtout, restez naturel et r\u00e9pondez aux questions pos\u00e9es par l\u2019agent avec franchise. Il s\u2019agit g\u00e9n\u00e9ralement de questions de routine, les m\u00eames que celles pos\u00e9es lorsque vous avez rempli votre dossier ESTA. Si vous ne comprenez pas ce que l\u2019agent vous dit (l\u2019accent am\u00e9ricain est parfois difficile \u00e0 comprendre), n\u2019h\u00e9sitez pas \u00e0 lui demander de r\u00e9p\u00e9ter. \u00c9vitez l&rsquo;humour, ceci ne fait pas partie des\u00a0<a href=\"https:\/\/www.esta-officiel-usa.com\/fr\/quelles-sont-les-bonnes-manieres-aux-etats-unis\/\">bonnes mani\u00e8res<\/a>\u00a0aux USA et vous causera du tort.<\/p>\n\n\n\n<p>Enfin, si vous ne faites que\u00a0<a href=\"https:\/\/www.esta-officiel-usa.com\/fr\/esta-pour-transit-aux-etats-unis\/\">transiter par les \u00c9tats-Unis<\/a>, vous devez \u00e9galement passer par cette \u00e9tape, mais en prenant une file d\u2019attente d\u00e9di\u00e9e aux passagers en transit (avant d&rsquo;aller \u00e0\u00a0<a href=\"https:\/\/www.esta-officiel-usa.com\/fr\/visiter-cuba-lors-dun-voyage-aux-etats-unis\/\">Cuba<\/a>\u00a0par exmple).<\/p>\n\n\n\n<p>Bon \u00e0 savoir : l&rsquo;ESTA ne vous permet pas de travailler aux \u00c9tats-Unis. Si c&rsquo;est votre souhait, vous devez faire une demande de\u00a0<a href=\"https:\/\/www.esta-officiel-usa.com\/fr\/la-demande-de-green-card-pour-le-travail\/\">green card travail<\/a>.<\/p>\n","protected":false},"excerpt":{"rendered":"<p>ARRIV\u00c9E AUX \u00c9TATS-UNIS : LES FORMALIT\u00c9S G\u00e9n\u00e9ralement, un s\u00e9jour aux \u00c9tats-Unis ne s\u2019improvise pas. D\u2019abord notamment par rapport au co\u00fbt des billets de transport, de par la dur\u00e9e du voyage (entre 8 et 12 h de vol selon la destination au d\u00e9part de Paris), mais aussi parce qu\u2019il faut en amont disposer d\u2019une autorisation de [&hellip;]<\/p>\n","protected":false},"author":1,"featured_media":0,"parent":0,"menu_order":0,"comment_status":"closed","ping_status":"closed","template":"","meta":{"footnotes":""},"class_list":["post-94","page","type-page","status-publish","hentry"],"yoast_head":"<!-- This site is optimized with the Yoast SEO plugin v26.2 - https:\/\/yoast.com\/wordpress\/plugins\/seo\/ -->\n<title>Quelles sont les formalit\u00e9s d&#039;entr\u00e9e aux Etats-Unis<\/title>\n<meta name=\"description\" content=\"Le passage \u00e0 l\u2019immigration est g\u00e9n\u00e9ralement tr\u00e8s rapide, mais nos experts r\u00e9pondent \u00e0 toutes les questions que vous vous pos\u00e9es sur les formalit\u00e9s.\" \/>\n<meta name=\"robots\" content=\"index, follow, max-snippet:-1, max-image-preview:large, max-video-preview:-1\" \/>\n<link rel=\"canonical\" href=\"https:\/\/www.esta-officiel-usa.com\/fr\/les-formalites-dentree-aux-etats-unis\/\" \/>\n<meta property=\"og:locale\" content=\"fr_FR\" \/>\n<meta property=\"og:type\" content=\"article\" \/>\n<meta property=\"og:title\" content=\"Quelles sont les formalit\u00e9s d&#039;entr\u00e9e aux Etats-Unis\" \/>\n<meta property=\"og:description\" content=\"Le passage \u00e0 l\u2019immigration est g\u00e9n\u00e9ralement tr\u00e8s rapide, mais nos experts r\u00e9pondent \u00e0 toutes les questions que vous vous pos\u00e9es sur les formalit\u00e9s.\" \/>\n<meta property=\"og:url\" content=\"https:\/\/www.esta-officiel-usa.com\/fr\/les-formalites-dentree-aux-etats-unis\/\" \/>\n<meta property=\"og:site_name\" content=\"ESTA - Etats-Unis\" \/>\n<meta property=\"article:modified_time\" content=\"2020-02-01T17:17:50+00:00\" \/>\n<meta name=\"twitter:card\" content=\"summary_large_image\" \/>\n<meta name=\"twitter:label1\" content=\"Dur\u00e9e de lecture estim\u00e9e\" \/>\n\t<meta name=\"twitter:data1\" content=\"3 minutes\" \/>\n<script type=\"application\/ld+json\" class=\"yoast-schema-graph\">{\"@context\":\"https:\/\/schema.org\",\"@graph\":[{\"@type\":\"WebPage\",\"@id\":\"https:\/\/www.esta-officiel-usa.com\/fr\/les-formalites-dentree-aux-etats-unis\/\",\"url\":\"https:\/\/www.esta-officiel-usa.com\/fr\/les-formalites-dentree-aux-etats-unis\/\",\"name\":\"Quelles sont les formalit\u00e9s d'entr\u00e9e aux Etats-Unis\",\"isPartOf\":{\"@id\":\"https:\/\/www.esta-officiel-usa.com\/fr\/#website\"},\"datePublished\":\"2020-01-20T09:59:00+00:00\",\"dateModified\":\"2020-02-01T17:17:50+00:00\",\"description\":\"Le passage \u00e0 l\u2019immigration est g\u00e9n\u00e9ralement tr\u00e8s rapide, mais nos experts r\u00e9pondent \u00e0 toutes les questions que vous vous pos\u00e9es sur les formalit\u00e9s.\",\"breadcrumb\":{\"@id\":\"https:\/\/www.esta-officiel-usa.com\/fr\/les-formalites-dentree-aux-etats-unis\/#breadcrumb\"},\"inLanguage\":\"fr-FR\",\"potentialAction\":[{\"@type\":\"ReadAction\",\"target\":[\"https:\/\/www.esta-officiel-usa.com\/fr\/les-formalites-dentree-aux-etats-unis\/\"]}]},{\"@type\":\"BreadcrumbList\",\"@id\":\"https:\/\/www.esta-officiel-usa.com\/fr\/les-formalites-dentree-aux-etats-unis\/#breadcrumb\",\"itemListElement\":[{\"@type\":\"ListItem\",\"position\":1,\"name\":\"Home\",\"item\":\"https:\/\/www.esta-officiel-usa.com\/fr\/\"},{\"@type\":\"ListItem\",\"position\":2,\"name\":\"Quelles sont les formalit\u00e9s d&rsquo;entr\u00e9e aux Etats-Unis\"}]},{\"@type\":\"WebSite\",\"@id\":\"https:\/\/www.esta-officiel-usa.com\/fr\/#website\",\"url\":\"https:\/\/www.esta-officiel-usa.com\/fr\/\",\"name\":\"ESTA - Etats-Unis\",\"description\":\"Formulaire de demande ESTA\",\"potentialAction\":[{\"@type\":\"SearchAction\",\"target\":{\"@type\":\"EntryPoint\",\"urlTemplate\":\"https:\/\/www.esta-officiel-usa.com\/fr\/?s={search_term_string}\"},\"query-input\":{\"@type\":\"PropertyValueSpecification\",\"valueRequired\":true,\"valueName\":\"search_term_string\"}}],\"inLanguage\":\"fr-FR\"}]}<\/script>\n<!-- \/ Yoast SEO plugin. -->","yoast_head_json":{"title":"Quelles sont les formalit\u00e9s d'entr\u00e9e aux Etats-Unis","description":"Le passage \u00e0 l\u2019immigration est g\u00e9n\u00e9ralement tr\u00e8s rapide, mais nos experts r\u00e9pondent \u00e0 toutes les questions que vous vous pos\u00e9es sur les formalit\u00e9s.","robots":{"index":"index","follow":"follow","max-snippet":"max-snippet:-1","max-image-preview":"max-image-preview:large","max-video-preview":"max-video-preview:-1"},"canonical":"https:\/\/www.esta-officiel-usa.com\/fr\/les-formalites-dentree-aux-etats-unis\/","og_locale":"fr_FR","og_type":"article","og_title":"Quelles sont les formalit\u00e9s d'entr\u00e9e aux Etats-Unis","og_description":"Le passage \u00e0 l\u2019immigration est g\u00e9n\u00e9ralement tr\u00e8s rapide, mais nos experts r\u00e9pondent \u00e0 toutes les questions que vous vous pos\u00e9es sur les formalit\u00e9s.","og_url":"https:\/\/www.esta-officiel-usa.com\/fr\/les-formalites-dentree-aux-etats-unis\/","og_site_name":"ESTA - Etats-Unis","article_modified_time":"2020-02-01T17:17:50+00:00","twitter_card":"summary_large_image","twitter_misc":{"Dur\u00e9e de lecture estim\u00e9e":"3 minutes"},"schema":{"@context":"https:\/\/schema.org","@graph":[{"@type":"WebPage","@id":"https:\/\/www.esta-officiel-usa.com\/fr\/les-formalites-dentree-aux-etats-unis\/","url":"https:\/\/www.esta-officiel-usa.com\/fr\/les-formalites-dentree-aux-etats-unis\/","name":"Quelles sont les formalit\u00e9s d'entr\u00e9e aux Etats-Unis","isPartOf":{"@id":"https:\/\/www.esta-officiel-usa.com\/fr\/#website"},"datePublished":"2020-01-20T09:59:00+00:00","dateModified":"2020-02-01T17:17:50+00:00","description":"Le passage \u00e0 l\u2019immigration est g\u00e9n\u00e9ralement tr\u00e8s rapide, mais nos experts r\u00e9pondent \u00e0 toutes les questions que vous vous pos\u00e9es sur les formalit\u00e9s.","breadcrumb":{"@id":"https:\/\/www.esta-officiel-usa.com\/fr\/les-formalites-dentree-aux-etats-unis\/#breadcrumb"},"inLanguage":"fr-FR","potentialAction":[{"@type":"ReadAction","target":["https:\/\/www.esta-officiel-usa.com\/fr\/les-formalites-dentree-aux-etats-unis\/"]}]},{"@type":"BreadcrumbList","@id":"https:\/\/www.esta-officiel-usa.com\/fr\/les-formalites-dentree-aux-etats-unis\/#breadcrumb","itemListElement":[{"@type":"ListItem","position":1,"name":"Home","item":"https:\/\/www.esta-officiel-usa.com\/fr\/"},{"@type":"ListItem","position":2,"name":"Quelles sont les formalit\u00e9s d&rsquo;entr\u00e9e aux Etats-Unis"}]},{"@type":"WebSite","@id":"https:\/\/www.esta-officiel-usa.com\/fr\/#website","url":"https:\/\/www.esta-officiel-usa.com\/fr\/","name":"ESTA - Etats-Unis","description":"Formulaire de demande ESTA","potentialAction":[{"@type":"SearchAction","target":{"@type":"EntryPoint","urlTemplate":"https:\/\/www.esta-officiel-usa.com\/fr\/?s={search_term_string}"},"query-input":{"@type":"PropertyValueSpecification","valueRequired":true,"valueName":"search_term_string"}}],"inLanguage":"fr-FR"}]}},"_links":{"self":[{"href":"https:\/\/www.esta-officiel-usa.com\/fr\/wp-json\/wp\/v2\/pages\/94","targetHints":{"allow":["GET"]}}],"collection":[{"href":"https:\/\/www.esta-officiel-usa.com\/fr\/wp-json\/wp\/v2\/pages"}],"about":[{"href":"https:\/\/www.esta-officiel-usa.com\/fr\/wp-json\/wp\/v2\/types\/page"}],"author":[{"embeddable":true,"href":"https:\/\/www.esta-officiel-usa.com\/fr\/wp-json\/wp\/v2\/users\/1"}],"replies":[{"embeddable":true,"href":"https:\/\/www.esta-officiel-usa.com\/fr\/wp-json\/wp\/v2\/comments?post=94"}],"version-history":[{"count":2,"href":"https:\/\/www.esta-officiel-usa.com\/fr\/wp-json\/wp\/v2\/pages\/94\/revisions"}],"predecessor-version":[{"id":524,"href":"https:\/\/www.esta-officiel-usa.com\/fr\/wp-json\/wp\/v2\/pages\/94\/revisions\/524"}],"wp:attachment":[{"href":"https:\/\/www.esta-officiel-usa.com\/fr\/wp-json\/wp\/v2\/media?parent=94"}],"curies":[{"name":"wp","href":"https:\/\/api.w.org\/{rel}","templated":true}]}}