{"id":96,"date":"2020-01-20T10:03:28","date_gmt":"2020-01-20T10:03:28","guid":{"rendered":"http:\/\/esta-officiel-usa.com\/?page_id=96"},"modified":"2020-02-01T17:41:34","modified_gmt":"2020-02-01T17:41:34","slug":"quel-type-de-passeport-pour-les-usa","status":"publish","type":"page","link":"https:\/\/www.esta-officiel-usa.com\/fr\/quel-type-de-passeport-pour-les-usa\/","title":{"rendered":"Quel type de passeport est n\u00e9cessaire pour les Etats-Unis"},"content":{"rendered":"\n<h1 class=\"wp-block-heading\">QUEL PASSEPORT POUR VOYAGER AUX USA ?<\/h1>\n\n\n\n<p>Vous comptez partir aux \u00c9tats-Unis pour des vacances ou y faire du business ? Gr\u00e2ce \u00e0 l\u2019ESTA, vous pouvez&nbsp;de ne pas avoir \u00e0 obtenir de visa. L&rsquo;ESTA permet de vous simplifier la vie pour tout ce qui concerne les d\u00e9marches d\u2019autorisation pour vous&nbsp;rendre aux USA. Mais il est n\u00e9cessaire de disposer du bon passeport !<\/p>\n\n\n\n<h2 class=\"wp-block-heading\">PASSEPORT \u00c0 LECTURE OPTIQUE, \u00c9LECTRONIQUE OU BIOM\u00c9TRIQUE ?<\/h2>\n\n\n\n<p>Le service des\u00a0<a href=\"https:\/\/www.esta-officiel-usa.com\/fr\/passer-les-controles-des-douanes-americaines\/\">douanes<\/a>\u00a0am\u00e9ricain a adopt\u00e9 pour tous ses contr\u00f4les des outils de v\u00e9rification informatis\u00e9s. Cela se traduit par l\u2019impossibilit\u00e9 de voyager aux \u00c9tats-Unis avec un passeport \u00e0 lecture optique, qui n\u2019est plus assez fiable d\u2019apr\u00e8s les standards de s\u00e9curit\u00e9 am\u00e9ricains. Ainsi, il est obligatoire de d\u00e9tenir un passeport \u00e9lectronique ou biom\u00e9trique. Vous pouvez v\u00e9rifier le type de votre passeport en v\u00e9rifiant que le symbole d&rsquo;une puce \u00e9lectronique soit\u00a0bien pr\u00e9sent sous le mot \u00ab PASSEPORT \u00bb sur la premi\u00e8re de couverture.<\/p>\n\n\n\n<p>Si malheureusement votre pas passeport ne remplit pas les crit\u00e8res \u00e9nonc\u00e9s ci-dessus, il vous faudra imp\u00e9rativement faire une demande pour en acqu\u00e9rir un nouveau aux normes. Comptez un budget de 86 \u20ac pour un document valide 10&nbsp;ans. Le passerport pour un mineur est, quant \u00e0 lui valable 5 ans. Son c\u00f4ut est de 42 \u20ac pour un mineur de 15 \u00e0 17 ans et 17 \u20ac pour un mineur de moins de 15 ans. Faites \u00e9galement attention aux d\u00e9lais de fabrication et d\u2019envoi qui varient en fonction de votre ville et du moment de l\u2019ann\u00e9e \u00e0 laquelle vous faites votre demande.<\/p>\n\n\n\n<h2 class=\"wp-block-heading\">L\u2019ESTA ET VOTRE PASSEPORT<\/h2>\n\n\n\n<p>Il est important de noter que sans passeport biom\u00e9trique ou \u00e9lectronique il est impossible de valider une demande d\u2019<a href=\"https:\/\/www.esta-officiel-usa.com\/fr\/obtenir-le-formulaire-esta-en-ligne\/\">ESTA en ligne<\/a>. En effet, le\u00a0<a href=\"https:\/\/www.esta-officiel-usa.com\/fr\/le-formulaire-esta-pour-les-usa-a-completer\/\">formulaire<\/a>\u00a0\u00e0 remplir exige que vous renseignez des informations concernant votre passeport. S\u2019il n\u2019est pas conforme, votre requ\u00eate sera in\u00e9vitablement\u00a0<a href=\"https:\/\/www.esta-officiel-usa.com\/fr\/pourquoi-mon-visa-tourisme-usa-est-il-refuse\/\">refus\u00e9e<\/a>. Cette obligation s\u2019applique aussi pour une demande de visa dans le cas o\u00f9 vous n\u2019\u00eates pas \u00e9ligible \u00e0 l\u2019ESTA.<\/p>\n\n\n\n<p>Une fois que vous vous \u00eates assur\u00e9 d\u2019avoir le bon passeport ou que vous venez d\u2019en recevoir un tout neuf ad\u00e9quat, n\u2019h\u00e9sitez pas \u00e0 faire appel \u00e0 esta-officiel-usa.com pour votre ou vos\u00a0<a href=\"https:\/\/www.esta-officiel-usa.com\/fr\/\">demandes ESTA<\/a>\u00a0! Notre \u00e9quipe de sp\u00e9cialistes prend en charge, en votre nom, toutes les d\u00e9marches et vous soulage\u00a0ainsi\u00a0de ce poids. Nous assurons la v\u00e9rification des informations (num\u00e9ro de passeport, nom de jeune fille, nom de femme mari\u00e9e&#8230;) que vous nous transmettez afin de vous faire parvenir votre autorisation dans les plus brefs d\u00e9lais. Nous mettons \u00e9galement \u00e0 votre disposition une assistance en ligne pour r\u00e9pondre \u00e0 vos questions concernant l\u2019<a href=\"https:\/\/www.esta-officiel-usa.com\/fr\/demander-un-esta-obligatoire-pour-les-usa-sur-internet\/\">ESTA obligatoire<\/a>.<\/p>\n","protected":false},"excerpt":{"rendered":"<p>QUEL PASSEPORT POUR VOYAGER AUX USA ? Vous comptez partir aux \u00c9tats-Unis pour des vacances ou y faire du business ? Gr\u00e2ce \u00e0 l\u2019ESTA, vous pouvez&nbsp;de ne pas avoir \u00e0 obtenir de visa. L&rsquo;ESTA permet de vous simplifier la vie pour tout ce qui concerne les d\u00e9marches d\u2019autorisation pour vous&nbsp;rendre aux USA. Mais il est [&hellip;]<\/p>\n","protected":false},"author":1,"featured_media":0,"parent":0,"menu_order":0,"comment_status":"closed","ping_status":"closed","template":"","meta":{"footnotes":""},"class_list":["post-96","page","type-page","status-publish","hentry"],"yoast_head":"<!-- This site is optimized with the Yoast SEO plugin v26.2 - https:\/\/yoast.com\/wordpress\/plugins\/seo\/ -->\n<title>Quel type de passeport est n\u00e9cessaire pour les Etats-Unis<\/title>\n<meta name=\"description\" content=\"Vous envisagez de partir aux \u00c9tats-Unis pour des vacances ou pour le travail, d\u00e9couvrez quel type de passeport est necessaire sur notre page.\" \/>\n<meta name=\"robots\" content=\"index, follow, max-snippet:-1, max-image-preview:large, max-video-preview:-1\" \/>\n<link rel=\"canonical\" href=\"https:\/\/www.esta-officiel-usa.com\/fr\/quel-type-de-passeport-pour-les-usa\/\" \/>\n<meta property=\"og:locale\" content=\"fr_FR\" \/>\n<meta property=\"og:type\" content=\"article\" \/>\n<meta property=\"og:title\" content=\"Quel type de passeport est n\u00e9cessaire pour les Etats-Unis\" \/>\n<meta property=\"og:description\" content=\"Vous envisagez de partir aux \u00c9tats-Unis pour des vacances ou pour le travail, d\u00e9couvrez quel type de passeport est necessaire sur notre page.\" \/>\n<meta property=\"og:url\" content=\"https:\/\/www.esta-officiel-usa.com\/fr\/quel-type-de-passeport-pour-les-usa\/\" \/>\n<meta property=\"og:site_name\" content=\"ESTA - Etats-Unis\" \/>\n<meta property=\"article:modified_time\" content=\"2020-02-01T17:41:34+00:00\" \/>\n<meta name=\"twitter:card\" content=\"summary_large_image\" \/>\n<meta name=\"twitter:label1\" content=\"Dur\u00e9e de lecture estim\u00e9e\" \/>\n\t<meta name=\"twitter:data1\" content=\"2 minutes\" \/>\n<script type=\"application\/ld+json\" class=\"yoast-schema-graph\">{\"@context\":\"https:\/\/schema.org\",\"@graph\":[{\"@type\":\"WebPage\",\"@id\":\"https:\/\/www.esta-officiel-usa.com\/fr\/quel-type-de-passeport-pour-les-usa\/\",\"url\":\"https:\/\/www.esta-officiel-usa.com\/fr\/quel-type-de-passeport-pour-les-usa\/\",\"name\":\"Quel type de passeport est n\u00e9cessaire pour les Etats-Unis\",\"isPartOf\":{\"@id\":\"https:\/\/www.esta-officiel-usa.com\/fr\/#website\"},\"datePublished\":\"2020-01-20T10:03:28+00:00\",\"dateModified\":\"2020-02-01T17:41:34+00:00\",\"description\":\"Vous envisagez de partir aux \u00c9tats-Unis pour des vacances ou pour le travail, d\u00e9couvrez quel type de passeport est necessaire sur notre page.\",\"breadcrumb\":{\"@id\":\"https:\/\/www.esta-officiel-usa.com\/fr\/quel-type-de-passeport-pour-les-usa\/#breadcrumb\"},\"inLanguage\":\"fr-FR\",\"potentialAction\":[{\"@type\":\"ReadAction\",\"target\":[\"https:\/\/www.esta-officiel-usa.com\/fr\/quel-type-de-passeport-pour-les-usa\/\"]}]},{\"@type\":\"BreadcrumbList\",\"@id\":\"https:\/\/www.esta-officiel-usa.com\/fr\/quel-type-de-passeport-pour-les-usa\/#breadcrumb\",\"itemListElement\":[{\"@type\":\"ListItem\",\"position\":1,\"name\":\"Home\",\"item\":\"https:\/\/www.esta-officiel-usa.com\/fr\/\"},{\"@type\":\"ListItem\",\"position\":2,\"name\":\"Quel type de passeport est n\u00e9cessaire pour les Etats-Unis\"}]},{\"@type\":\"WebSite\",\"@id\":\"https:\/\/www.esta-officiel-usa.com\/fr\/#website\",\"url\":\"https:\/\/www.esta-officiel-usa.com\/fr\/\",\"name\":\"ESTA - Etats-Unis\",\"description\":\"Formulaire de demande ESTA\",\"potentialAction\":[{\"@type\":\"SearchAction\",\"target\":{\"@type\":\"EntryPoint\",\"urlTemplate\":\"https:\/\/www.esta-officiel-usa.com\/fr\/?s={search_term_string}\"},\"query-input\":{\"@type\":\"PropertyValueSpecification\",\"valueRequired\":true,\"valueName\":\"search_term_string\"}}],\"inLanguage\":\"fr-FR\"}]}<\/script>\n<!-- \/ Yoast SEO plugin. -->","yoast_head_json":{"title":"Quel type de passeport est n\u00e9cessaire pour les Etats-Unis","description":"Vous envisagez de partir aux \u00c9tats-Unis pour des vacances ou pour le travail, d\u00e9couvrez quel type de passeport est necessaire sur notre page.","robots":{"index":"index","follow":"follow","max-snippet":"max-snippet:-1","max-image-preview":"max-image-preview:large","max-video-preview":"max-video-preview:-1"},"canonical":"https:\/\/www.esta-officiel-usa.com\/fr\/quel-type-de-passeport-pour-les-usa\/","og_locale":"fr_FR","og_type":"article","og_title":"Quel type de passeport est n\u00e9cessaire pour les Etats-Unis","og_description":"Vous envisagez de partir aux \u00c9tats-Unis pour des vacances ou pour le travail, d\u00e9couvrez quel type de passeport est necessaire sur notre page.","og_url":"https:\/\/www.esta-officiel-usa.com\/fr\/quel-type-de-passeport-pour-les-usa\/","og_site_name":"ESTA - Etats-Unis","article_modified_time":"2020-02-01T17:41:34+00:00","twitter_card":"summary_large_image","twitter_misc":{"Dur\u00e9e de lecture estim\u00e9e":"2 minutes"},"schema":{"@context":"https:\/\/schema.org","@graph":[{"@type":"WebPage","@id":"https:\/\/www.esta-officiel-usa.com\/fr\/quel-type-de-passeport-pour-les-usa\/","url":"https:\/\/www.esta-officiel-usa.com\/fr\/quel-type-de-passeport-pour-les-usa\/","name":"Quel type de passeport est n\u00e9cessaire pour les Etats-Unis","isPartOf":{"@id":"https:\/\/www.esta-officiel-usa.com\/fr\/#website"},"datePublished":"2020-01-20T10:03:28+00:00","dateModified":"2020-02-01T17:41:34+00:00","description":"Vous envisagez de partir aux \u00c9tats-Unis pour des vacances ou pour le travail, d\u00e9couvrez quel type de passeport est necessaire sur notre page.","breadcrumb":{"@id":"https:\/\/www.esta-officiel-usa.com\/fr\/quel-type-de-passeport-pour-les-usa\/#breadcrumb"},"inLanguage":"fr-FR","potentialAction":[{"@type":"ReadAction","target":["https:\/\/www.esta-officiel-usa.com\/fr\/quel-type-de-passeport-pour-les-usa\/"]}]},{"@type":"BreadcrumbList","@id":"https:\/\/www.esta-officiel-usa.com\/fr\/quel-type-de-passeport-pour-les-usa\/#breadcrumb","itemListElement":[{"@type":"ListItem","position":1,"name":"Home","item":"https:\/\/www.esta-officiel-usa.com\/fr\/"},{"@type":"ListItem","position":2,"name":"Quel type de passeport est n\u00e9cessaire pour les Etats-Unis"}]},{"@type":"WebSite","@id":"https:\/\/www.esta-officiel-usa.com\/fr\/#website","url":"https:\/\/www.esta-officiel-usa.com\/fr\/","name":"ESTA - Etats-Unis","description":"Formulaire de demande ESTA","potentialAction":[{"@type":"SearchAction","target":{"@type":"EntryPoint","urlTemplate":"https:\/\/www.esta-officiel-usa.com\/fr\/?s={search_term_string}"},"query-input":{"@type":"PropertyValueSpecification","valueRequired":true,"valueName":"search_term_string"}}],"inLanguage":"fr-FR"}]}},"_links":{"self":[{"href":"https:\/\/www.esta-officiel-usa.com\/fr\/wp-json\/wp\/v2\/pages\/96","targetHints":{"allow":["GET"]}}],"collection":[{"href":"https:\/\/www.esta-officiel-usa.com\/fr\/wp-json\/wp\/v2\/pages"}],"about":[{"href":"https:\/\/www.esta-officiel-usa.com\/fr\/wp-json\/wp\/v2\/types\/page"}],"author":[{"embeddable":true,"href":"https:\/\/www.esta-officiel-usa.com\/fr\/wp-json\/wp\/v2\/users\/1"}],"replies":[{"embeddable":true,"href":"https:\/\/www.esta-officiel-usa.com\/fr\/wp-json\/wp\/v2\/comments?post=96"}],"version-history":[{"count":2,"href":"https:\/\/www.esta-officiel-usa.com\/fr\/wp-json\/wp\/v2\/pages\/96\/revisions"}],"predecessor-version":[{"id":538,"href":"https:\/\/www.esta-officiel-usa.com\/fr\/wp-json\/wp\/v2\/pages\/96\/revisions\/538"}],"wp:attachment":[{"href":"https:\/\/www.esta-officiel-usa.com\/fr\/wp-json\/wp\/v2\/media?parent=96"}],"curies":[{"name":"wp","href":"https:\/\/api.w.org\/{rel}","templated":true}]}}