{"id":98,"date":"2020-01-20T10:07:06","date_gmt":"2020-01-20T10:07:06","guid":{"rendered":"http:\/\/esta-officiel-usa.com\/?page_id=98"},"modified":"2020-02-01T17:15:04","modified_gmt":"2020-02-01T17:15:04","slug":"les-demarches-pour-visiter-les-etats-unis","status":"publish","type":"page","link":"https:\/\/www.esta-officiel-usa.com\/fr\/les-demarches-pour-visiter-les-etats-unis\/","title":{"rendered":"Les d\u00e9marches pour visiter les Etats-Unis"},"content":{"rendered":"\n<h1 class=\"wp-block-heading\">VISITER&nbsp;LES USA : LES D\u00c9MARCHES<\/h1>\n\n\n\n<p>Pr\u00eat \u00e0 conqu\u00e9rir l\u2019Am\u00e9rique ? Nos experts vous aident \u00e0 organiser votre voyage. Partez sereinement gr\u00e2ce \u00e0 esta-officiel-usa.com !<\/p>\n\n\n\n<h2 class=\"wp-block-heading\">VISITER LES USA AVEC UN PASSEPORT FRAN\u00c7AIS<\/h2>\n\n\n\n<p>Si vous \u00eates ressortissant fran\u00e7ais, sachez que vous pouvez vous rendre relativement facilement aux \u00c9tats-Unis.<\/p>\n\n\n\n<p>Pour ce faire, vous devez :<\/p>\n\n\n\n<ul class=\"wp-block-list\"><li>disposer d\u2019un passeport \u00e9lectronique ou biom\u00e9trique en cours de\u00a0<a href=\"https:\/\/www.esta-officiel-usa.com\/fr\/verifier-la-validite-de-votre-esta\/\">validit\u00e9<\/a>\u00a0;<\/li><li>poss\u00e9der un billet d\u2019avion (ou de bateau) aller-retour ou de continuation affr\u00e9t\u00e9 par une compagnie agr\u00e9\u00e9e par les autorit\u00e9s am\u00e9ricaines (une\u00a0<a href=\"https:\/\/www.esta-officiel-usa.com\/fr\/les-formalites-darrivee-aux-usa-par-voie-terrestre\/\">arriv\u00e9e aux USA par voie terrestre<\/a>\u00a0ne n\u00e9cessite pas d&rsquo;ESTA) ;<\/li><li>disposer d\u2019une autorisation de s\u00e9jour, telle que le\u00a0<a href=\"https:\/\/www.esta-officiel-usa.com\/fr\/etats-unis-demander-un-visa-ou-lesta\/\">Visa ou l\u2019ESTA<\/a>(<a href=\"https:\/\/www.esta-officiel-usa.com\/fr\/doit-on-obligatoirement-imprimer-lesta\/\">ESTA \u00e0 imprimer<\/a>\u00a0si vous le d\u00e9sirez)\u00a0;<\/li><li>rester sur le sol am\u00e9ricain pour une dur\u00e9e de 90 jours maximum.<\/li><\/ul>\n\n\n\n<p>L\u2019ESTA est la solution id\u00e9ale pour les personnes qui souhaitent se rendre aux \u00c9tats-Unis dans le but d\u2019effectuer des visites touristiques ou d&rsquo;affaires de courte dur\u00e9e.\u00a0Plus rapide et moins co\u00fbteux \u00e0 obtenir que le visa ou la\u00a0<a href=\"https:\/\/www.esta-officiel-usa.com\/fr\/obtenir-une-green-card-par-la-loterie\/\">green card<\/a>, il est choisi chaque ann\u00e9e par des millions d\u2019usagers.<\/p>\n\n\n\n<p>Accessible aux ressortissants des pays membres du\u00a0<a href=\"https:\/\/www.esta-officiel-usa.com\/fr\/les-38-pays-partenaires-du-visa-waiver-program\/\">Visa Waiver Program<\/a>, le\u00a0<a href=\"https:\/\/www.esta-officiel-usa.com\/fr\/le-formulaire-esta-usa-en-francais\/\">formulaire ESTA<\/a>\u00a0offre \u00e9galement l\u2019avantage d\u2019avoir une dur\u00e9e de validit\u00e9 de deux ans, ce qui permet aux voyageurs souhaitant poursuivre leur visite des \u00c9tats-Unis, d\u2019effectuer de multiples s\u00e9jours, sans avoir \u00e0 renouveler leur autorisation ESTA.<\/p>\n\n\n\n<h2 class=\"wp-block-heading\">POURQUOI VISITER LES USA ?<\/h2>\n\n\n\n<p>Les \u00c9tats-Unis constituent un pays vaste et tr\u00e8s contrast\u00e9. Chaque \u00e9tat pr\u00e9sente un int\u00e9r\u00eat particulier. Vous trouverez toujours des\u00a0<a href=\"https:\/\/www.esta-officiel-usa.com\/fr\/partir-en-voyage-aux-etats-unis\/\">visites int\u00e9ressantes \u00e0 faire aux \u00c9tats-Unis<\/a>, et ce, que vous voyagiez seul, en couple, entre amis, ou avec vos enfants.<\/p>\n\n\n\n<p>\u00c0 New York, vous trouverez un grand nombre de sites et de monuments c\u00e9l\u00e8bres qui m\u00e9ritent d\u2019\u00eatre vus, ne serait-ce qu\u2019une fois dans sa vie : Broadway, Central Park, la statue de la libert\u00e9, les mus\u00e9es Guggenheim et MOMA, etc. Impossible de s\u2019ennuyer dans la grande pomme.<\/p>\n\n\n\n<p>Envie de soleil ? Pourquoi ne pas s\u2019envoler vers la Californie et ses soir\u00e9es anim\u00e9es, la Floride et ses nombreux parcs d\u2019attraction ou\u00a0<a href=\"https:\/\/www.esta-officiel-usa.com\/fr\/decouvrir-hawai-avec-lesta\/\">Hawa\u00ef<\/a>\u00a0et ses plages de r\u00eave ?<\/p>\n\n\n\n<p>Les amoureux des grands espaces pourront quant \u00e0 eux se diriger vers l\u2019ouest et admirer le Grand Canyon (un des nombreux\u00a0<a href=\"https:\/\/www.esta-officiel-usa.com\/fr\/visite-des-parcs-nationaux-aux-etats-unis\/\">parcs nationaux<\/a>\u00a0am\u00e9ricains), ou opter pour le Nord et ses c\u00e9l\u00e8bres chutes du Niagara.<\/p>\n\n\n\n<p>Vos enfants sont passionn\u00e9s par les animaux ? Sachez qu\u2019avec l\u2019<a href=\"https:\/\/www.esta-officiel-usa.com\/fr\/\">ESTA<\/a>\u00a0vous avez la possibilit\u00e9 de vous rendre en Alaska o\u00f9 vous attendent une multitude d\u2019animaux : ours, baleines, loutres, caribous&#8230;, il y en a pour tous les go\u00fbts ! Vous pouvez \u00e9galement choisir de vous rendre dans les Everglades et ainsi admirer une faune totalement diff\u00e9rente. Paradis pour reptiles, alligators, crocodiles, tortues et autres esp\u00e8ces en tout genre, ces animaux feront la joie de toute la famille.<\/p>\n\n\n\n<p>Alors n\u2019attendez plus et\u00a0obtenez d\u00e8s \u00e0 pr\u00e9sent l\u2019<a href=\"https:\/\/www.esta-officiel-usa.com\/fr\/obtenir-le-formulaire-esta-en-ligne\/\">autorisation ESTA en ligne<\/a>\u00a0!\u00a0Votre r\u00eave d\u2019aventure n\u2019est plus qu\u2019\u00e0 un pas, il ne vous reste plus qu&rsquo;\u00e0 conna\u00eetre les\u00a0<a href=\"https:\/\/www.esta-officiel-usa.com\/fr\/quelles-sont-les-bonnes-manieres-aux-etats-unis\/\">bonnes mani\u00e8res<\/a>\u00a0du pays\u00a0! \u00a0<br><\/p>\n","protected":false},"excerpt":{"rendered":"<p>VISITER&nbsp;LES USA : LES D\u00c9MARCHES Pr\u00eat \u00e0 conqu\u00e9rir l\u2019Am\u00e9rique ? Nos experts vous aident \u00e0 organiser votre voyage. Partez sereinement gr\u00e2ce \u00e0 esta-officiel-usa.com ! VISITER LES USA AVEC UN PASSEPORT FRAN\u00c7AIS Si vous \u00eates ressortissant fran\u00e7ais, sachez que vous pouvez vous rendre relativement facilement aux \u00c9tats-Unis. Pour ce faire, vous devez : disposer d\u2019un passeport [&hellip;]<\/p>\n","protected":false},"author":1,"featured_media":0,"parent":0,"menu_order":0,"comment_status":"closed","ping_status":"closed","template":"","meta":{"footnotes":""},"class_list":["post-98","page","type-page","status-publish","hentry"],"yoast_head":"<!-- This site is optimized with the Yoast SEO plugin v26.2 - https:\/\/yoast.com\/wordpress\/plugins\/seo\/ -->\n<title>Les d\u00e9marches pour visiter les Etats-Unis<\/title>\n<meta name=\"description\" content=\"Vous \u00eates pr\u00eat \u00e0 vous envoler sur le territoire Am\u00e9ricain, nos experts vous parlent de toutes les d\u00e9marches \u00e0 effectuer pour visiter les USA.\" \/>\n<meta name=\"robots\" content=\"index, follow, max-snippet:-1, max-image-preview:large, max-video-preview:-1\" \/>\n<link rel=\"canonical\" href=\"https:\/\/www.esta-officiel-usa.com\/fr\/les-demarches-pour-visiter-les-etats-unis\/\" \/>\n<meta property=\"og:locale\" content=\"fr_FR\" \/>\n<meta property=\"og:type\" content=\"article\" \/>\n<meta property=\"og:title\" content=\"Les d\u00e9marches pour visiter les Etats-Unis\" \/>\n<meta property=\"og:description\" content=\"Vous \u00eates pr\u00eat \u00e0 vous envoler sur le territoire Am\u00e9ricain, nos experts vous parlent de toutes les d\u00e9marches \u00e0 effectuer pour visiter les USA.\" \/>\n<meta property=\"og:url\" content=\"https:\/\/www.esta-officiel-usa.com\/fr\/les-demarches-pour-visiter-les-etats-unis\/\" \/>\n<meta property=\"og:site_name\" content=\"ESTA - Etats-Unis\" \/>\n<meta property=\"article:modified_time\" content=\"2020-02-01T17:15:04+00:00\" \/>\n<meta name=\"twitter:card\" content=\"summary_large_image\" \/>\n<meta name=\"twitter:label1\" content=\"Dur\u00e9e de lecture estim\u00e9e\" \/>\n\t<meta name=\"twitter:data1\" content=\"3 minutes\" \/>\n<script type=\"application\/ld+json\" class=\"yoast-schema-graph\">{\"@context\":\"https:\/\/schema.org\",\"@graph\":[{\"@type\":\"WebPage\",\"@id\":\"https:\/\/www.esta-officiel-usa.com\/fr\/les-demarches-pour-visiter-les-etats-unis\/\",\"url\":\"https:\/\/www.esta-officiel-usa.com\/fr\/les-demarches-pour-visiter-les-etats-unis\/\",\"name\":\"Les d\u00e9marches pour visiter les Etats-Unis\",\"isPartOf\":{\"@id\":\"https:\/\/www.esta-officiel-usa.com\/fr\/#website\"},\"datePublished\":\"2020-01-20T10:07:06+00:00\",\"dateModified\":\"2020-02-01T17:15:04+00:00\",\"description\":\"Vous \u00eates pr\u00eat \u00e0 vous envoler sur le territoire Am\u00e9ricain, nos experts vous parlent de toutes les d\u00e9marches \u00e0 effectuer pour visiter les USA.\",\"breadcrumb\":{\"@id\":\"https:\/\/www.esta-officiel-usa.com\/fr\/les-demarches-pour-visiter-les-etats-unis\/#breadcrumb\"},\"inLanguage\":\"fr-FR\",\"potentialAction\":[{\"@type\":\"ReadAction\",\"target\":[\"https:\/\/www.esta-officiel-usa.com\/fr\/les-demarches-pour-visiter-les-etats-unis\/\"]}]},{\"@type\":\"BreadcrumbList\",\"@id\":\"https:\/\/www.esta-officiel-usa.com\/fr\/les-demarches-pour-visiter-les-etats-unis\/#breadcrumb\",\"itemListElement\":[{\"@type\":\"ListItem\",\"position\":1,\"name\":\"Home\",\"item\":\"https:\/\/www.esta-officiel-usa.com\/fr\/\"},{\"@type\":\"ListItem\",\"position\":2,\"name\":\"Les d\u00e9marches pour visiter les Etats-Unis\"}]},{\"@type\":\"WebSite\",\"@id\":\"https:\/\/www.esta-officiel-usa.com\/fr\/#website\",\"url\":\"https:\/\/www.esta-officiel-usa.com\/fr\/\",\"name\":\"ESTA - Etats-Unis\",\"description\":\"Formulaire de demande ESTA\",\"potentialAction\":[{\"@type\":\"SearchAction\",\"target\":{\"@type\":\"EntryPoint\",\"urlTemplate\":\"https:\/\/www.esta-officiel-usa.com\/fr\/?s={search_term_string}\"},\"query-input\":{\"@type\":\"PropertyValueSpecification\",\"valueRequired\":true,\"valueName\":\"search_term_string\"}}],\"inLanguage\":\"fr-FR\"}]}<\/script>\n<!-- \/ Yoast SEO plugin. -->","yoast_head_json":{"title":"Les d\u00e9marches pour visiter les Etats-Unis","description":"Vous \u00eates pr\u00eat \u00e0 vous envoler sur le territoire Am\u00e9ricain, nos experts vous parlent de toutes les d\u00e9marches \u00e0 effectuer pour visiter les USA.","robots":{"index":"index","follow":"follow","max-snippet":"max-snippet:-1","max-image-preview":"max-image-preview:large","max-video-preview":"max-video-preview:-1"},"canonical":"https:\/\/www.esta-officiel-usa.com\/fr\/les-demarches-pour-visiter-les-etats-unis\/","og_locale":"fr_FR","og_type":"article","og_title":"Les d\u00e9marches pour visiter les Etats-Unis","og_description":"Vous \u00eates pr\u00eat \u00e0 vous envoler sur le territoire Am\u00e9ricain, nos experts vous parlent de toutes les d\u00e9marches \u00e0 effectuer pour visiter les USA.","og_url":"https:\/\/www.esta-officiel-usa.com\/fr\/les-demarches-pour-visiter-les-etats-unis\/","og_site_name":"ESTA - Etats-Unis","article_modified_time":"2020-02-01T17:15:04+00:00","twitter_card":"summary_large_image","twitter_misc":{"Dur\u00e9e de lecture estim\u00e9e":"3 minutes"},"schema":{"@context":"https:\/\/schema.org","@graph":[{"@type":"WebPage","@id":"https:\/\/www.esta-officiel-usa.com\/fr\/les-demarches-pour-visiter-les-etats-unis\/","url":"https:\/\/www.esta-officiel-usa.com\/fr\/les-demarches-pour-visiter-les-etats-unis\/","name":"Les d\u00e9marches pour visiter les Etats-Unis","isPartOf":{"@id":"https:\/\/www.esta-officiel-usa.com\/fr\/#website"},"datePublished":"2020-01-20T10:07:06+00:00","dateModified":"2020-02-01T17:15:04+00:00","description":"Vous \u00eates pr\u00eat \u00e0 vous envoler sur le territoire Am\u00e9ricain, nos experts vous parlent de toutes les d\u00e9marches \u00e0 effectuer pour visiter les USA.","breadcrumb":{"@id":"https:\/\/www.esta-officiel-usa.com\/fr\/les-demarches-pour-visiter-les-etats-unis\/#breadcrumb"},"inLanguage":"fr-FR","potentialAction":[{"@type":"ReadAction","target":["https:\/\/www.esta-officiel-usa.com\/fr\/les-demarches-pour-visiter-les-etats-unis\/"]}]},{"@type":"BreadcrumbList","@id":"https:\/\/www.esta-officiel-usa.com\/fr\/les-demarches-pour-visiter-les-etats-unis\/#breadcrumb","itemListElement":[{"@type":"ListItem","position":1,"name":"Home","item":"https:\/\/www.esta-officiel-usa.com\/fr\/"},{"@type":"ListItem","position":2,"name":"Les d\u00e9marches pour visiter les Etats-Unis"}]},{"@type":"WebSite","@id":"https:\/\/www.esta-officiel-usa.com\/fr\/#website","url":"https:\/\/www.esta-officiel-usa.com\/fr\/","name":"ESTA - Etats-Unis","description":"Formulaire de demande ESTA","potentialAction":[{"@type":"SearchAction","target":{"@type":"EntryPoint","urlTemplate":"https:\/\/www.esta-officiel-usa.com\/fr\/?s={search_term_string}"},"query-input":{"@type":"PropertyValueSpecification","valueRequired":true,"valueName":"search_term_string"}}],"inLanguage":"fr-FR"}]}},"_links":{"self":[{"href":"https:\/\/www.esta-officiel-usa.com\/fr\/wp-json\/wp\/v2\/pages\/98","targetHints":{"allow":["GET"]}}],"collection":[{"href":"https:\/\/www.esta-officiel-usa.com\/fr\/wp-json\/wp\/v2\/pages"}],"about":[{"href":"https:\/\/www.esta-officiel-usa.com\/fr\/wp-json\/wp\/v2\/types\/page"}],"author":[{"embeddable":true,"href":"https:\/\/www.esta-officiel-usa.com\/fr\/wp-json\/wp\/v2\/users\/1"}],"replies":[{"embeddable":true,"href":"https:\/\/www.esta-officiel-usa.com\/fr\/wp-json\/wp\/v2\/comments?post=98"}],"version-history":[{"count":2,"href":"https:\/\/www.esta-officiel-usa.com\/fr\/wp-json\/wp\/v2\/pages\/98\/revisions"}],"predecessor-version":[{"id":522,"href":"https:\/\/www.esta-officiel-usa.com\/fr\/wp-json\/wp\/v2\/pages\/98\/revisions\/522"}],"wp:attachment":[{"href":"https:\/\/www.esta-officiel-usa.com\/fr\/wp-json\/wp\/v2\/media?parent=98"}],"curies":[{"name":"wp","href":"https:\/\/api.w.org\/{rel}","templated":true}]}}