{"id":1030,"date":"2025-09-13T11:59:27","date_gmt":"2025-09-13T11:59:27","guid":{"rendered":"https:\/\/www.esta-officiel-usa.com\/cose-lesta\/"},"modified":"2025-09-13T11:59:27","modified_gmt":"2025-09-13T11:59:27","slug":"cose-lesta","status":"publish","type":"page","link":"https:\/\/www.esta-officiel-usa.com\/it\/cose-lesta\/","title":{"rendered":"Cos&#8217;\u00e8 l&#8217;ESTA"},"content":{"rendered":"\n<h1 class=\"wp-block-heading\">ESTA: CHE COS&#8217;\u00c8?<\/h1>\n\n<p>I confini degli Stati Uniti sono tra i pi\u00f9 sorvegliati al mondo. Poich\u00e9 l&#8217;accesso al territorio americano \u00e8 estremamente controllato, prima di rilasciare l&#8217;ESTA <a href=\"https:\/\/www.esta-officiel-usa.com\/fr\/obtenir-un-esta-en-ligne\/\">online<\/a> il governo vuole assicurarsi che i cittadini stranieri che desiderano attraversare il confine non abbiano intenzione di danneggiare la nazione e non siano soggetti a un provvedimento di inammissibilit\u00e0. <\/p>\n\n<p><a href=\"https:\/\/www.esta-officiel-usa.com\/fr\/difference-entre-esta-et-demande-de-visa-usa\/\">A differenza del<\/a> visto tradizionale, il Sistema Elettronico per l&#8217;Autorizzazione al Viaggio (ESTA) \u00e8 un modulo che i cittadini dei 38 Paesi che partecipano al Programma Viaggio <a href=\"https:\/\/www.esta-officiel-usa.com\/fr\/les-38-pays-partenaires-du-visa-waiver-program\/\">senza<\/a> Visto devono compilare online se desiderano recarsi negli Stati Uniti per un periodo inferiore ai 90 giorni. Creata nel 2009 dal governo statunitense (e pi\u00f9 recentemente in <a href=\"https:\/\/www.esta-officiel-usa.com\/fr\/lautorisation-de-voyage-esta-canada\/\">Canada<\/a> e presto in Europa con l&#8217;<a href=\"https:\/\/www.esta-officiel-usa.com\/fr\/etias-lesta-europeen\/\">ETIAS<\/a>), questa autorizzazione preventiva (gestita dal <a href=\"https:\/\/www.esta-officiel-usa.com\/fr\/le-departement-de-la-securite-interieure-americain\/\">DHS<\/a>) \u00e8 stata pensata per migliorare la <a href=\"https:\/\/www.esta-officiel-usa.com\/fr\/les-mesures-de-securite-pour-entrer-aux-etats-unis\/\">sicurezza<\/a> negli aeroporti e negli Stati Uniti. <\/p>\n\n<p>Di conseguenza, i cittadini francesi che desiderano attraversare il confine con gli Stati Uniti per un breve soggiorno o per il <a href=\"https:\/\/www.esta-officiel-usa.com\/fr\/esta-pour-transit-aux-etats-unis\/\">transito<\/a> non devono pi\u00f9 seguire la procedura relativamente lunga per ottenere un <a href=\"https:\/\/www.esta-officiel-usa.com\/it\/condizioni-per-ottenere-lesta\/\">VISTO USA<\/a>, ma devono semplicemente compilare il <a href=\"https:\/\/www.esta-officiel-usa.com\/it\/modulo-esta-a-chi-e-destinato\/\">modulo ESTA<\/a> per segnalare il loro arrivo nel paese.<\/p>\n\n<p>Puoi ottenere senza problemi l&#8217;autorizzazione <a href=\"https:\/\/www.esta-officiel-usa.com\/fr\/lautorisation-esta-france\/\">ESTA France<\/a>, che \u00e8 destinata solo a chi si reca negli Stati Uniti per <a href=\"https:\/\/www.esta-officiel-usa.com\/fr\/les-demarches-pour-visiter-les-etats-unis\/\">visite turistiche<\/a> (non dimenticare di visitare i <a href=\"https:\/\/www.esta-officiel-usa.com\/fr\/visite-des-parcs-nationaux-aux-etats-unis\/\">parchi nazionali<\/a>, per esempio!), viaggi di lavoro o semplice transito.<\/p>\n\n<p>L&#8217;ESTA <a href=\"https:\/\/www.esta-officiel-usa.com\/fr\/la-duree-de-validite-de-lesta\/\">\u00e8 valida per<\/a> due anni dalla data di emissione, o fino alla data di scadenza del passaporto se questo ha una validit\u00e0 inferiore ai due anni.<\/p>\n\n<p>Il possesso di uno dei due tipi di passaporto accettati \u00e8 una condizione essenziale per ottenere questa autorizzazione:<\/p>\n\n<ul class=\"wp-block-list\"><li>passaporto biometrico<\/li><li>passaporto elettronico<\/li><\/ul>\n\n<p><strong>Nota bene: <\/strong>La <a href=\"https:\/\/www.esta-officiel-usa.com\/it\/\">domanda di autorizzazione al viaggio ESTA<\/a> deve essere compilata online al pi\u00f9 tardi 72 ore prima della partenza. Ricordati quindi di <a href=\"https:\/\/www.esta-officiel-usa.com\/it\/compilare-il-modulo-esta-online\/\">compilare il modulo<\/a> non appena conosci le date del tuo viaggio. <\/p>\n","protected":false},"excerpt":{"rendered":"<p>ESTA: CHE COS&#8217;\u00c8? I confini degli Stati Uniti sono tra i pi\u00f9 sorvegliati al mondo. Poich\u00e9 l&#8217;accesso al territorio americano \u00e8 estremamente controllato, prima di rilasciare l&#8217;ESTA online il governo vuole assicurarsi che i cittadini stranieri che desiderano attraversare il confine non abbiano intenzione di danneggiare la nazione e non siano soggetti a un provvedimento [&hellip;]<\/p>\n","protected":false},"author":1,"featured_media":0,"parent":0,"menu_order":0,"comment_status":"closed","ping_status":"closed","template":"","meta":{"footnotes":""},"class_list":["post-1030","page","type-page","status-publish","hentry"],"yoast_head":"<!-- This site is optimized with the Yoast SEO plugin v26.2 - https:\/\/yoast.com\/wordpress\/plugins\/seo\/ -->\n<title>Cos&#039;\u00e8 l&#039;ESTA<\/title>\n<meta name=\"description\" content=\"Per rafforzare la sicurezza sul suolo americano, il governo ha introdotto l&#039;ESTA: i nostri esperti ci spiegano di cosa si tratta.\" \/>\n<meta name=\"robots\" content=\"index, follow, max-snippet:-1, max-image-preview:large, max-video-preview:-1\" \/>\n<link rel=\"canonical\" href=\"https:\/\/www.esta-officiel-usa.com\/it\/cose-lesta\/\" \/>\n<meta property=\"og:locale\" content=\"it_IT\" \/>\n<meta property=\"og:type\" content=\"article\" \/>\n<meta property=\"og:title\" content=\"Cos&#039;\u00e8 l&#039;ESTA\" \/>\n<meta property=\"og:description\" content=\"Per rafforzare la sicurezza sul suolo americano, il governo ha introdotto l&#039;ESTA: i nostri esperti ci spiegano di cosa si tratta.\" \/>\n<meta property=\"og:url\" content=\"https:\/\/www.esta-officiel-usa.com\/it\/cose-lesta\/\" \/>\n<meta property=\"og:site_name\" content=\"ESTA - Stati Uniti\" \/>\n<meta name=\"twitter:card\" content=\"summary_large_image\" \/>\n<meta name=\"twitter:label1\" content=\"Tempo di lettura stimato\" \/>\n\t<meta name=\"twitter:data1\" content=\"1 minuto\" \/>\n<script type=\"application\/ld+json\" class=\"yoast-schema-graph\">{\"@context\":\"https:\/\/schema.org\",\"@graph\":[{\"@type\":\"WebPage\",\"@id\":\"https:\/\/www.esta-officiel-usa.com\/it\/cose-lesta\/\",\"url\":\"https:\/\/www.esta-officiel-usa.com\/it\/cose-lesta\/\",\"name\":\"Cos'\u00e8 l'ESTA\",\"isPartOf\":{\"@id\":\"https:\/\/www.esta-officiel-usa.com\/it\/#website\"},\"datePublished\":\"2025-09-13T11:59:27+00:00\",\"description\":\"Per rafforzare la sicurezza sul suolo americano, il governo ha introdotto l'ESTA: i nostri esperti ci spiegano di cosa si tratta.\",\"breadcrumb\":{\"@id\":\"https:\/\/www.esta-officiel-usa.com\/it\/cose-lesta\/#breadcrumb\"},\"inLanguage\":\"it-IT\",\"potentialAction\":[{\"@type\":\"ReadAction\",\"target\":[\"https:\/\/www.esta-officiel-usa.com\/it\/cose-lesta\/\"]}]},{\"@type\":\"BreadcrumbList\",\"@id\":\"https:\/\/www.esta-officiel-usa.com\/it\/cose-lesta\/#breadcrumb\",\"itemListElement\":[{\"@type\":\"ListItem\",\"position\":1,\"name\":\"Casa\",\"item\":\"https:\/\/www.esta-officiel-usa.com\/it\/\"},{\"@type\":\"ListItem\",\"position\":2,\"name\":\"Cos&#8217;\u00e8 l&#8217;ESTA\"}]},{\"@type\":\"WebSite\",\"@id\":\"https:\/\/www.esta-officiel-usa.com\/it\/#website\",\"url\":\"https:\/\/www.esta-officiel-usa.com\/it\/\",\"name\":\"ESTA - Stati Uniti\",\"description\":\"Modulo di richiesta ESTA\",\"potentialAction\":[{\"@type\":\"SearchAction\",\"target\":{\"@type\":\"EntryPoint\",\"urlTemplate\":\"https:\/\/www.esta-officiel-usa.com\/it\/?s={search_term_string}\"},\"query-input\":{\"@type\":\"PropertyValueSpecification\",\"valueRequired\":true,\"valueName\":\"search_term_string\"}}],\"inLanguage\":\"it-IT\"}]}<\/script>\n<!-- \/ Yoast SEO plugin. -->","yoast_head_json":{"title":"Cos'\u00e8 l'ESTA","description":"Per rafforzare la sicurezza sul suolo americano, il governo ha introdotto l'ESTA: i nostri esperti ci spiegano di cosa si tratta.","robots":{"index":"index","follow":"follow","max-snippet":"max-snippet:-1","max-image-preview":"max-image-preview:large","max-video-preview":"max-video-preview:-1"},"canonical":"https:\/\/www.esta-officiel-usa.com\/it\/cose-lesta\/","og_locale":"it_IT","og_type":"article","og_title":"Cos'\u00e8 l'ESTA","og_description":"Per rafforzare la sicurezza sul suolo americano, il governo ha introdotto l'ESTA: i nostri esperti ci spiegano di cosa si tratta.","og_url":"https:\/\/www.esta-officiel-usa.com\/it\/cose-lesta\/","og_site_name":"ESTA - Stati Uniti","twitter_card":"summary_large_image","twitter_misc":{"Tempo di lettura stimato":"1 minuto"},"schema":{"@context":"https:\/\/schema.org","@graph":[{"@type":"WebPage","@id":"https:\/\/www.esta-officiel-usa.com\/it\/cose-lesta\/","url":"https:\/\/www.esta-officiel-usa.com\/it\/cose-lesta\/","name":"Cos'\u00e8 l'ESTA","isPartOf":{"@id":"https:\/\/www.esta-officiel-usa.com\/it\/#website"},"datePublished":"2025-09-13T11:59:27+00:00","description":"Per rafforzare la sicurezza sul suolo americano, il governo ha introdotto l'ESTA: i nostri esperti ci spiegano di cosa si tratta.","breadcrumb":{"@id":"https:\/\/www.esta-officiel-usa.com\/it\/cose-lesta\/#breadcrumb"},"inLanguage":"it-IT","potentialAction":[{"@type":"ReadAction","target":["https:\/\/www.esta-officiel-usa.com\/it\/cose-lesta\/"]}]},{"@type":"BreadcrumbList","@id":"https:\/\/www.esta-officiel-usa.com\/it\/cose-lesta\/#breadcrumb","itemListElement":[{"@type":"ListItem","position":1,"name":"Casa","item":"https:\/\/www.esta-officiel-usa.com\/it\/"},{"@type":"ListItem","position":2,"name":"Cos&#8217;\u00e8 l&#8217;ESTA"}]},{"@type":"WebSite","@id":"https:\/\/www.esta-officiel-usa.com\/it\/#website","url":"https:\/\/www.esta-officiel-usa.com\/it\/","name":"ESTA - Stati Uniti","description":"Modulo di richiesta ESTA","potentialAction":[{"@type":"SearchAction","target":{"@type":"EntryPoint","urlTemplate":"https:\/\/www.esta-officiel-usa.com\/it\/?s={search_term_string}"},"query-input":{"@type":"PropertyValueSpecification","valueRequired":true,"valueName":"search_term_string"}}],"inLanguage":"it-IT"}]}},"_links":{"self":[{"href":"https:\/\/www.esta-officiel-usa.com\/it\/wp-json\/wp\/v2\/pages\/1030","targetHints":{"allow":["GET"]}}],"collection":[{"href":"https:\/\/www.esta-officiel-usa.com\/it\/wp-json\/wp\/v2\/pages"}],"about":[{"href":"https:\/\/www.esta-officiel-usa.com\/it\/wp-json\/wp\/v2\/types\/page"}],"author":[{"embeddable":true,"href":"https:\/\/www.esta-officiel-usa.com\/it\/wp-json\/wp\/v2\/users\/1"}],"replies":[{"embeddable":true,"href":"https:\/\/www.esta-officiel-usa.com\/it\/wp-json\/wp\/v2\/comments?post=1030"}],"version-history":[{"count":1,"href":"https:\/\/www.esta-officiel-usa.com\/it\/wp-json\/wp\/v2\/pages\/1030\/revisions"}],"predecessor-version":[{"id":1032,"href":"https:\/\/www.esta-officiel-usa.com\/it\/wp-json\/wp\/v2\/pages\/1030\/revisions\/1032"}],"wp:attachment":[{"href":"https:\/\/www.esta-officiel-usa.com\/it\/wp-json\/wp\/v2\/media?parent=1030"}],"curies":[{"name":"wp","href":"https:\/\/api.w.org\/{rel}","templated":true}]}}