{"id":1037,"date":"2025-09-13T11:59:30","date_gmt":"2025-09-13T11:59:30","guid":{"rendered":"https:\/\/www.esta-officiel-usa.com\/etias-europa-ispirato-allesta-americano\/"},"modified":"2025-09-13T11:59:33","modified_gmt":"2025-09-13T11:59:33","slug":"etias-europa-ispirato-allesta-americano","status":"publish","type":"page","link":"https:\/\/www.esta-officiel-usa.com\/it\/etias-europa-ispirato-allesta-americano\/","title":{"rendered":"ETIAS Europa, ispirato all&#8217;ESTA americano"},"content":{"rendered":"\n<h1 class=\"wp-block-heading\">ETIAS: IL FUTURO DELL&#8217;ESTA IN EUROPA?<\/h1>\n\n<p>L&#8217;ETIAS \u00e8 un&#8217;autorizzazione di viaggio che verr\u00e0 lanciata nel 2020. Richiesto da diversi anni dai governi francese e tedesco, questo documento si ispira all&#8217;<a href=\"https:\/\/www.esta-officiel-usa.com\/it\/\">ESTA<\/a> americano (adottato anche dal Canada). Lo scopo dell&#8217;ETIAS \u00e8 quello di rafforzare la sicurezza del territorio europeo verificando l&#8217;identit\u00e0 dei viaggiatori ancor prima che salgano a bordo dell&#8217;aereo.  <\/p>\n\n<h2 class=\"wp-block-heading\">A COSA SERVE L&#8217;ETIAS?<\/h2>\n\n<p>In seguito agli attacchi terroristici che hanno colpito l&#8217;Europa negli ultimi anni, un senso di insicurezza ha recentemente costretto i membri del Comitato per le Libert\u00e0 Civili del Parlamento Europeo a stabilire nuovi protocolli di sicurezza. L&#8217;Unione Europea si \u00e8 rivolta al sistema di sicurezza americano ESTA (Electronic System for Travel Authorisation):   <\/p>\n\n<ul class=\"wp-block-list\"><li>I viaggiatori devono compilare un <a href=\"https:\/\/www.esta-officiel-usa.com\/fr\/remplir-le-questionnaire-est-en-francais\/\">questionario<\/a> utilizzando le informazioni contenute nel loro passaporto;<\/li><li>La domanda viene elaborata automaticamente online in base alle normative di ciascun paese di ingresso;<\/li><li>Un&#8217;autorizzazione di viaggio valida per diversi anni;<\/li><li>Permette soggiorni fino a 90 giorni consecutivi;<\/li><li>Permette ai titolari di intraprendere viaggi turistici o di lavoro, o semplicemente di transitare.<\/li><\/ul>\n\n<p>In vigore dal 2009, l&#8217;ESTA USA ha dimostrato un&#8217;efficacia incomparabile: l&#8217;autorizzazione facilita l&#8217;accesso agli Stati Uniti a milioni di visitatori, oltre a consentire ai funzionari <a href=\"https:\/\/www.esta-officiel-usa.com\/fr\/passer-les-controles-des-douanes-americaines\/\">doganali<\/a> di effettuare un pre-screening dei viaggiatori. Le tasse di richiesta vengono inoltre utilizzate per finanziare i servizi che elaborano le domande e per promuovere il turismo negli Stati Uniti. L&#8217;ESTA \u00e8 una formula che avvantaggia sia i viaggiatori che il governo degli Stati Uniti ed \u00e8 essenzialmente questo il modello che verr\u00e0 applicato all&#8217;ETIAS.  <\/p>\n\n<h2 class=\"wp-block-heading\">A CHI SI RIVOLGE ETIAS?<\/h2>\n\n<p>L&#8217;ottenimento dell&#8217;ETIAS sar\u00e0 obbligatorio per i cittadini di tutti i paesi che attualmente sono esenti da visto. Tra il momento in cui leggerai questo articolo e il 2020, potrebbero essere aggiunti nuovi paesi al programma. <\/p>\n\n<p>Attualmente partecipano al programma ETIAS i seguenti paesi:<br\/><br\/>Albania, Andorra, Antigua e Barbuda, Argentina, Australia, Bahamas, Barbados, Bosnia-Erzegovina, Brasile, Brunei, Canada, Cile, Colombia, Costa Rica, Dominica, El Salvador, Grenada, Guatemala, Honduras, Hong Kong, Israele, Giappone, Kiribati, Corea del Sud, Macao, Macedonia, Malesia, Isole Marshall, Maurizio, Messico, Micronesia, Moldavia, Montenegro, Nuova Zelanda, Nicaragua, Palau, Panama, Paraguay, Per\u00f9, Saint Kitts e Nevis, Saint Lucia, Saint Vincent e Grenadine, Samoa, Serbia, Seychelles, Singapore, Isole Salomone, Taiwan, Timor Est, Tonga, Trinidad e Tobago, Tuvalu, Inghilterra, Uruguay, Vanuatu, Venezuela.<\/p>\n\n<p>Le persone in possesso di un&#8217;autorizzazione di viaggio ETIAS potranno quindi viaggiare liberamente nei seguenti paesi:<\/p>\n\n<p>Austria, Belgio, Repubblica Ceca, Danimarca, Estonia, Finlandia, Francia, Germania, Grecia, Ungheria, Islanda, Italia, Lettonia, Liechtenstein, Lituania, Lussemburgo, Malta, Paesi Bassi, Norvegia, Polonia, Portogallo, Slovacchia, Slovenia, Spagna, Svezia, Svizzera.<\/p>\n","protected":false},"excerpt":{"rendered":"<p>ETIAS: IL FUTURO DELL&#8217;ESTA IN EUROPA? L&#8217;ETIAS \u00e8 un&#8217;autorizzazione di viaggio che verr\u00e0 lanciata nel 2020. Richiesto da diversi anni dai governi francese e tedesco, questo documento si ispira all&#8217;ESTA americano (adottato anche dal Canada). Lo scopo dell&#8217;ETIAS \u00e8 quello di rafforzare la sicurezza del territorio europeo verificando l&#8217;identit\u00e0 dei viaggiatori ancor prima che salgano [&hellip;]<\/p>\n","protected":false},"author":1,"featured_media":0,"parent":0,"menu_order":0,"comment_status":"closed","ping_status":"closed","template":"","meta":{"footnotes":""},"class_list":["post-1037","page","type-page","status-publish","hentry"],"yoast_head":"<!-- This site is optimized with the Yoast SEO plugin v26.2 - https:\/\/yoast.com\/wordpress\/plugins\/seo\/ -->\n<title>ETIAS Europa, ispirato all&#039;ESTA americano<\/title>\n<meta name=\"description\" content=\"L&#039;ETIAS \u00e8 un&#039;autorizzazione di viaggio che verr\u00e0 lanciata nel 2020. I nostri team ci spiegano di cosa si tratta.\" \/>\n<meta name=\"robots\" content=\"index, follow, max-snippet:-1, max-image-preview:large, max-video-preview:-1\" \/>\n<link rel=\"canonical\" href=\"https:\/\/www.esta-officiel-usa.com\/it\/etias-europa-ispirato-allesta-americano\/\" \/>\n<meta property=\"og:locale\" content=\"it_IT\" \/>\n<meta property=\"og:type\" content=\"article\" \/>\n<meta property=\"og:title\" content=\"ETIAS Europa, ispirato all&#039;ESTA americano\" \/>\n<meta property=\"og:description\" content=\"L&#039;ETIAS \u00e8 un&#039;autorizzazione di viaggio che verr\u00e0 lanciata nel 2020. I nostri team ci spiegano di cosa si tratta.\" \/>\n<meta property=\"og:url\" content=\"https:\/\/www.esta-officiel-usa.com\/it\/etias-europa-ispirato-allesta-americano\/\" \/>\n<meta property=\"og:site_name\" content=\"ESTA - Stati Uniti\" \/>\n<meta property=\"article:modified_time\" content=\"2025-09-13T11:59:33+00:00\" \/>\n<meta name=\"twitter:card\" content=\"summary_large_image\" \/>\n<meta name=\"twitter:label1\" content=\"Tempo di lettura stimato\" \/>\n\t<meta name=\"twitter:data1\" content=\"2 minuti\" \/>\n<script type=\"application\/ld+json\" class=\"yoast-schema-graph\">{\"@context\":\"https:\/\/schema.org\",\"@graph\":[{\"@type\":\"WebPage\",\"@id\":\"https:\/\/www.esta-officiel-usa.com\/it\/etias-europa-ispirato-allesta-americano\/\",\"url\":\"https:\/\/www.esta-officiel-usa.com\/it\/etias-europa-ispirato-allesta-americano\/\",\"name\":\"ETIAS Europa, ispirato all'ESTA americano\",\"isPartOf\":{\"@id\":\"https:\/\/www.esta-officiel-usa.com\/it\/#website\"},\"datePublished\":\"2025-09-13T11:59:30+00:00\",\"dateModified\":\"2025-09-13T11:59:33+00:00\",\"description\":\"L'ETIAS \u00e8 un'autorizzazione di viaggio che verr\u00e0 lanciata nel 2020. I nostri team ci spiegano di cosa si tratta.\",\"breadcrumb\":{\"@id\":\"https:\/\/www.esta-officiel-usa.com\/it\/etias-europa-ispirato-allesta-americano\/#breadcrumb\"},\"inLanguage\":\"it-IT\",\"potentialAction\":[{\"@type\":\"ReadAction\",\"target\":[\"https:\/\/www.esta-officiel-usa.com\/it\/etias-europa-ispirato-allesta-americano\/\"]}]},{\"@type\":\"BreadcrumbList\",\"@id\":\"https:\/\/www.esta-officiel-usa.com\/it\/etias-europa-ispirato-allesta-americano\/#breadcrumb\",\"itemListElement\":[{\"@type\":\"ListItem\",\"position\":1,\"name\":\"Casa\",\"item\":\"https:\/\/www.esta-officiel-usa.com\/it\/\"},{\"@type\":\"ListItem\",\"position\":2,\"name\":\"ETIAS Europa, ispirato all&#8217;ESTA americano\"}]},{\"@type\":\"WebSite\",\"@id\":\"https:\/\/www.esta-officiel-usa.com\/it\/#website\",\"url\":\"https:\/\/www.esta-officiel-usa.com\/it\/\",\"name\":\"ESTA - Stati Uniti\",\"description\":\"Modulo di richiesta ESTA\",\"potentialAction\":[{\"@type\":\"SearchAction\",\"target\":{\"@type\":\"EntryPoint\",\"urlTemplate\":\"https:\/\/www.esta-officiel-usa.com\/it\/?s={search_term_string}\"},\"query-input\":{\"@type\":\"PropertyValueSpecification\",\"valueRequired\":true,\"valueName\":\"search_term_string\"}}],\"inLanguage\":\"it-IT\"}]}<\/script>\n<!-- \/ Yoast SEO plugin. -->","yoast_head_json":{"title":"ETIAS Europa, ispirato all'ESTA americano","description":"L'ETIAS \u00e8 un'autorizzazione di viaggio che verr\u00e0 lanciata nel 2020. I nostri team ci spiegano di cosa si tratta.","robots":{"index":"index","follow":"follow","max-snippet":"max-snippet:-1","max-image-preview":"max-image-preview:large","max-video-preview":"max-video-preview:-1"},"canonical":"https:\/\/www.esta-officiel-usa.com\/it\/etias-europa-ispirato-allesta-americano\/","og_locale":"it_IT","og_type":"article","og_title":"ETIAS Europa, ispirato all'ESTA americano","og_description":"L'ETIAS \u00e8 un'autorizzazione di viaggio che verr\u00e0 lanciata nel 2020. I nostri team ci spiegano di cosa si tratta.","og_url":"https:\/\/www.esta-officiel-usa.com\/it\/etias-europa-ispirato-allesta-americano\/","og_site_name":"ESTA - Stati Uniti","article_modified_time":"2025-09-13T11:59:33+00:00","twitter_card":"summary_large_image","twitter_misc":{"Tempo di lettura stimato":"2 minuti"},"schema":{"@context":"https:\/\/schema.org","@graph":[{"@type":"WebPage","@id":"https:\/\/www.esta-officiel-usa.com\/it\/etias-europa-ispirato-allesta-americano\/","url":"https:\/\/www.esta-officiel-usa.com\/it\/etias-europa-ispirato-allesta-americano\/","name":"ETIAS Europa, ispirato all'ESTA americano","isPartOf":{"@id":"https:\/\/www.esta-officiel-usa.com\/it\/#website"},"datePublished":"2025-09-13T11:59:30+00:00","dateModified":"2025-09-13T11:59:33+00:00","description":"L'ETIAS \u00e8 un'autorizzazione di viaggio che verr\u00e0 lanciata nel 2020. I nostri team ci spiegano di cosa si tratta.","breadcrumb":{"@id":"https:\/\/www.esta-officiel-usa.com\/it\/etias-europa-ispirato-allesta-americano\/#breadcrumb"},"inLanguage":"it-IT","potentialAction":[{"@type":"ReadAction","target":["https:\/\/www.esta-officiel-usa.com\/it\/etias-europa-ispirato-allesta-americano\/"]}]},{"@type":"BreadcrumbList","@id":"https:\/\/www.esta-officiel-usa.com\/it\/etias-europa-ispirato-allesta-americano\/#breadcrumb","itemListElement":[{"@type":"ListItem","position":1,"name":"Casa","item":"https:\/\/www.esta-officiel-usa.com\/it\/"},{"@type":"ListItem","position":2,"name":"ETIAS Europa, ispirato all&#8217;ESTA americano"}]},{"@type":"WebSite","@id":"https:\/\/www.esta-officiel-usa.com\/it\/#website","url":"https:\/\/www.esta-officiel-usa.com\/it\/","name":"ESTA - Stati Uniti","description":"Modulo di richiesta ESTA","potentialAction":[{"@type":"SearchAction","target":{"@type":"EntryPoint","urlTemplate":"https:\/\/www.esta-officiel-usa.com\/it\/?s={search_term_string}"},"query-input":{"@type":"PropertyValueSpecification","valueRequired":true,"valueName":"search_term_string"}}],"inLanguage":"it-IT"}]}},"_links":{"self":[{"href":"https:\/\/www.esta-officiel-usa.com\/it\/wp-json\/wp\/v2\/pages\/1037","targetHints":{"allow":["GET"]}}],"collection":[{"href":"https:\/\/www.esta-officiel-usa.com\/it\/wp-json\/wp\/v2\/pages"}],"about":[{"href":"https:\/\/www.esta-officiel-usa.com\/it\/wp-json\/wp\/v2\/types\/page"}],"author":[{"embeddable":true,"href":"https:\/\/www.esta-officiel-usa.com\/it\/wp-json\/wp\/v2\/users\/1"}],"replies":[{"embeddable":true,"href":"https:\/\/www.esta-officiel-usa.com\/it\/wp-json\/wp\/v2\/comments?post=1037"}],"version-history":[{"count":3,"href":"https:\/\/www.esta-officiel-usa.com\/it\/wp-json\/wp\/v2\/pages\/1037\/revisions"}],"predecessor-version":[{"id":1040,"href":"https:\/\/www.esta-officiel-usa.com\/it\/wp-json\/wp\/v2\/pages\/1037\/revisions\/1040"}],"wp:attachment":[{"href":"https:\/\/www.esta-officiel-usa.com\/it\/wp-json\/wp\/v2\/media?parent=1037"}],"curies":[{"name":"wp","href":"https:\/\/api.w.org\/{rel}","templated":true}]}}