{"id":1041,"date":"2025-09-13T11:59:42","date_gmt":"2025-09-13T11:59:42","guid":{"rendered":"https:\/\/www.esta-officiel-usa.com\/esta-domande-frequenti\/"},"modified":"2025-09-13T11:59:43","modified_gmt":"2025-09-13T11:59:43","slug":"esta-domande-frequenti","status":"publish","type":"page","link":"https:\/\/www.esta-officiel-usa.com\/it\/esta-domande-frequenti\/","title":{"rendered":"ESTA: Domande frequenti"},"content":{"rendered":"\n<h1 class=\"wp-block-heading\">FAQ &#8211; TUTTO QUELLO CHE C&#8217;\u00c8 DA SAPERE SU ESTA<\/h1>\n\n<p>Grazie alla nostra esperienza professionale nelle procedure amministrative, possiamo occuparci della <a href=\"https:\/\/www.esta-officiel-usa.com\/it\/\">tua domanda ESTA USA<\/a> in modo che tu possa concentrarti completamente sul tuo viaggio negli Stati Uniti. Questa sezione contiene un elenco delle domande pi\u00f9 frequenti poste dai nostri lettori, per rispondere a tutti i tuoi dubbi. <br\/> <\/p>\n\n<h2 class=\"wp-block-heading\">CHE SIGNIFICA ESTA<\/h2>\n\n<p>Il Sistema Elettronico per l&#8217;Autorizzazione al Viaggio (ESTA) \u00e8 una procedura computerizzata istituita dalle autorit\u00e0 americane per rilasciare l&#8217;autorizzazione a viaggiare negli Stati Uniti. Questo documento elettronico consente ai cittadini dei paesi che partecipano al Visa Waiver Program (VWP) di recarsi negli Stati Uniti senza bisogno di un visto. <br\/> <\/p>\n\n<h2 class=\"wp-block-heading\">LE APPLICAZIONI ESTA SI APPLICANO A ME?<\/h2>\n\n<p>Solo i cittadini dei Paesi aderenti al VWP possono richiedere questa autorizzazione. Per un elenco completo dei Paesi aderenti, consulta la tabella sottostante. L&#8217;ESTA \u00e8 necessaria per il transito e i soggiorni brevi negli Stati Uniti.  <\/p>\n\n<h2 class=\"wp-block-heading\">IL MIO ESTA GARANTISCE L&#8217;INGRESSO NEGLI STATI UNITI?<\/h2>\n\n<p>L&#8217;ESTA \u00e8 un controllo informatico della tua identit\u00e0 prima del viaggio. I funzionari dell&#8217;immigrazione effettueranno sempre un controllo al tuo arrivo ed \u00e8 loro responsabilit\u00e0 decidere se autorizzarti o meno ad entrare negli Stati Uniti. Tuttavia, \u00e8 un ottimo segno che la tua domanda ESTA sia stata accettata online e in genere non c&#8217;\u00e8 nulla di cui preoccuparsi.  <br\/> <\/p>\n\n<h2 class=\"wp-block-heading\">IL MIO ESTA USA \u00c8 EQUIVALENTE A UN VISTO?<\/h2>\n\n<p>\u00c8 importante ricordare che l&#8217;ESTA e il visto sono due documenti diversi con ruoli ben distinti. L&#8217;autorizzazione ESTA non sostituisce il visto se ne hai esplicitamente bisogno (ad esempio per lavorare, fare uno stage, studiare, ecc.). Inoltre, il possesso di un visto appropriato (per turismo o affari) significa che non \u00e8 necessario richiedere l&#8217;ESTA.  <br\/> <\/p>\n\n<h2 class=\"wp-block-heading\">PER QUANTO TEMPO \u00c8 VALIDO IL MIO ESTA?<\/h2>\n\n<p>Sebbene l&#8217;autorizzazione ESTA ti permetta di soggiornare negli Stati Uniti per un massimo di 90 giorni, il documento \u00e8 valido per due anni dal giorno del rilascio. Tuttavia, non sar\u00e0 pi\u00f9 valido se le informazioni sul passaporto utilizzato per richiederlo cambiano. In questo caso, dovrai rinnovare la domanda ESTA.  <br\/> <\/p>\n\n<h2 class=\"wp-block-heading\">QUANDO \u00c8 IL MOMENTO MIGLIORE PER RICHIEDERE IL MIO ESTA USA?<\/h2>\n\n<p>Ti consigliamo di richiedere l&#8217;ESTA il prima possibile, per evitare un eventuale rifiuto. Le autorit\u00e0 americane specificano che le domande vengono esaminate entro un massimo di 72 ore. Anche se l&#8217;autorizzazione ESTA online pu\u00f2 essere accettata in pochi minuti, \u00e8 consigliabile rispettare questo limite di tempo.  <br\/> <\/p>\n\n<h2 class=\"wp-block-heading\">DEVO SPIEGARE IL MOTIVO DEL MIO SOGGIORNO NEGLI USA?<\/h2>\n\n<p>Queste informazioni non sono obbligatorie. Puoi richiedere l&#8217;ESTA anche senza un piano specifico, purch\u00e9 tu tenga presente che il tuo soggiorno deve essere per turismo o per affari. Puoi anche specificare se si tratta di un soggiorno di solo transito.  <br\/> <\/p>\n\n<h2 class=\"wp-block-heading\">HO BISOGNO DELL&#8217;AUTORIZZAZIONE ESTA PER UNO SCALO NEGLI STATI UNITI?<\/h2>\n\n<p>L&#8217;ingresso negli Stati Uniti \u00e8 altamente regolamentato e la sicurezza alle frontiere \u00e8 molto elevata, per questo motivo l&#8217;autorizzazione ESTA \u00e8 necessaria anche per un semplice scalo sul suolo americano.<br\/> <\/p>\n\n<h2 class=\"wp-block-heading\">COS&#8217;\u00c8 IL PROGRAMMA DI ESENZIONE DAL VISTO?<\/h2>\n\n<p>Conosciuto come Visa Waiver Program, questo programma \u00e8 il risultato di un accordo tra i paesi partner e gli Stati Uniti. Il suo scopo \u00e8 quello di incoraggiare il turismo negli Stati Uniti consentendo ai cittadini idonei di soggiornare negli USA per un massimo di 90 giorni senza visto. <br\/> <\/p>\n\n<h2 class=\"wp-block-heading\">QUALI PAESI FANNO PARTE DEL PROGRAMMA DI ESENZIONE DAL VISTO?<\/h2>\n\n<p>Di seguito \u00e8 riportato l&#8217;elenco dei paesi che partecipano alla PEV:<\/p>\n\n<figure class=\"wp-block-table\"><table><tbody><tr><td>Germania<\/td><td>Andorra<\/td><td>Australia<\/td><td>Austria<\/td><td>Belgio<\/td><\/tr><tr><td>Brunei<\/td><td>Chile<\/td><td>Corea del Sud<\/td><td>Danimarca<\/td><td>Spagna<\/td><\/tr><tr><td>Estonia<\/td><td>Finlandia<\/td><td>Francia<\/td><td>Grecia<\/td><td>Ungheria<\/td><\/tr><tr><td>Irlanda<\/td><td>Islanda<\/td><td>Italia<\/td><td>Giappone<\/td><td>Olanda<\/td><\/tr><tr><td>Lettonia<\/td><td>Liechtenstein<\/td><td>Lituania<\/td><td>Lussemburgo<\/td><td>Malta<\/td><\/tr><tr><td>monaco<\/td><td>Norvegia<\/td><td>Nuova Zelanda<\/td><td>Portogallo<\/td><td>Repubblica Ceca<\/td><\/tr><tr><td>UK<\/td><td>Saint-Martin<\/td><td>Singapore<\/td><td>Slovacchia<\/td><td>Slovenia<\/td><\/tr><tr><td>Svezia<\/td><td>svizzero<\/td><td>Taiwan<\/td><td>Polonia<\/td><td>Croazia<\/td><\/tr><tr><td>Israele<\/td><td><\/td><td><\/td><td><\/td><td><\/td><\/tr><\/tbody><\/table><figcaption class=\"wp-element-caption\">Elenco dei paesi VWP<\/figcaption><\/figure>\n\n<h2 class=\"wp-block-heading\">COSA SUCCEDE SE IL MIO ESTA USA SCADE DURANTE IL MIO SOGGIORNO?<\/h2>\n\n<p>Dovrai presentare l&#8217;ESTA solo al tuo arrivo negli Stati Uniti. Il documento non \u00e8 necessario per lasciare il paese, quindi non c&#8217;\u00e8 da preoccuparsi se l&#8217;autorizzazione ESTA non \u00e8 valida durante il tuo soggiorno.   <br\/> <\/p>\n\n<h2 class=\"wp-block-heading\">DEVO STAMPARE LA MIA AUTORIZZAZIONE ESTA SU CARTA?<\/h2>\n\n<p>Poich\u00e9 la procedura \u00e8 completamente informatizzata, le autorit\u00e0 americane e le compagnie aeree saranno automaticamente informate del tuo permesso di viaggio negli Stati Uniti. Non sono quindi necessarie copie cartacee.   <br\/> <\/p>\n\n<h2 class=\"wp-block-heading\">CI SONO DEI REQUISITI PER COMPLETARE LA MIA DOMANDA DI ISCRIZIONE ALL&#8217;ESTA?<\/h2>\n\n<p>L&#8217;ESTA \u00e8 una misura di sicurezza introdotta nell&#8217;ambito del Programma Viaggio senza Visto (Visa Waiver Programme), pertanto \u00e8 necessario soddisfare determinate condizioni di ammissione:<\/p>\n\n<ol class=\"wp-block-list\">\n<li>essere in possesso di un passaporto elettronico o biometrico rilasciato da uno dei paesi partecipanti al VWP;<\/li>\n\n\n\n<li>non avere la doppia cittadinanza irachena, iraniana, siriana o sudanese;<\/li>\n\n\n\n<li>pianificare un soggiorno turistico o di lavoro non superiore a 90 giorni;<\/li>\n\n\n\n<li>hanno un biglietto di uscita;<\/li>\n\n\n\n<li>essere in grado di rispondere &#8220;no&#8221; alla serie di domande del modulo di iscrizione.<br\/> <\/li>\n<\/ol>\n\n<h2 class=\"wp-block-heading\">QUANTO COSTA UN&#8217;AUTORIZZAZIONE ESTA?<\/h2>\n\n<p>Per ottenere l&#8217;autorizzazione al viaggio \u00e8 necessario un contributo di soli 21 dollari se si passa attraverso il sito web della dogana statunitense.<br\/><\/p>\n\n<h2 class=\"wp-block-heading\">COSA SUCCEDE SE LA MIA DOMANDA DI ESTA VIENE RIFIUTATA?<\/h2>\n\n<p>A volte una domanda ESTA viene respinta. Se ti succede, controlla le informazioni che hai inserito per verificare se c&#8217;\u00e8 un errore di battitura nelle tue risposte. Se tutte le informazioni fornite sono corrette, ti consigliamo di contattare l&#8217;ambasciata o il consolato statunitense per richiedere un visto.  <br\/> <\/p>\n\n<h2 class=\"wp-block-heading\">COSA FARE SE L&#8217;AUTORIZZAZIONE \u00c8 IN SOSPESO?<\/h2>\n\n<p>Un&#8217;autorizzazione in sospeso non \u00e8 un&#8217;autorizzazione rifiutata. L&#8217;elaborazione della tua domanda richieder\u00e0 solo un po&#8217; pi\u00f9 di tempo. Controlla lo stato della tua domanda collegandoti al sito ufficiale. Riceverai una risposta entro 72 ore.   <\/p>\n","protected":false},"excerpt":{"rendered":"<p>FAQ &#8211; TUTTO QUELLO CHE C&#8217;\u00c8 DA SAPERE SU ESTA Grazie alla nostra esperienza professionale nelle procedure amministrative, possiamo occuparci della tua domanda ESTA USA in modo che tu possa concentrarti completamente sul tuo viaggio negli Stati Uniti. Questa sezione contiene un elenco delle domande pi\u00f9 frequenti poste dai nostri lettori, per rispondere a tutti [&hellip;]<\/p>\n","protected":false},"author":1,"featured_media":0,"parent":0,"menu_order":0,"comment_status":"closed","ping_status":"closed","template":"","meta":{"footnotes":""},"class_list":["post-1041","page","type-page","status-publish","hentry"],"yoast_head":"<!-- This site is optimized with the Yoast SEO plugin v26.2 - https:\/\/yoast.com\/wordpress\/plugins\/seo\/ -->\n<title>ESTA: Domande frequenti<\/title>\n<meta name=\"description\" content=\"Grazie all&#039;esperienza professionale nelle procedure amministrative, i nostri team sono in grado di rispondere a tutte le tue domande sull&#039;ESTA.\" \/>\n<meta name=\"robots\" content=\"index, follow, max-snippet:-1, max-image-preview:large, max-video-preview:-1\" \/>\n<link rel=\"canonical\" href=\"https:\/\/www.esta-officiel-usa.com\/it\/esta-domande-frequenti\/\" \/>\n<meta property=\"og:locale\" content=\"it_IT\" \/>\n<meta property=\"og:type\" content=\"article\" \/>\n<meta property=\"og:title\" content=\"ESTA: Domande frequenti\" \/>\n<meta property=\"og:description\" content=\"Grazie all&#039;esperienza professionale nelle procedure amministrative, i nostri team sono in grado di rispondere a tutte le tue domande sull&#039;ESTA.\" \/>\n<meta property=\"og:url\" content=\"https:\/\/www.esta-officiel-usa.com\/it\/esta-domande-frequenti\/\" \/>\n<meta property=\"og:site_name\" content=\"ESTA - Stati Uniti\" \/>\n<meta property=\"article:modified_time\" content=\"2025-09-13T11:59:43+00:00\" \/>\n<meta name=\"twitter:card\" content=\"summary_large_image\" \/>\n<meta name=\"twitter:label1\" content=\"Tempo di lettura stimato\" \/>\n\t<meta name=\"twitter:data1\" content=\"4 minuti\" \/>\n<script type=\"application\/ld+json\" class=\"yoast-schema-graph\">{\"@context\":\"https:\/\/schema.org\",\"@graph\":[{\"@type\":\"WebPage\",\"@id\":\"https:\/\/www.esta-officiel-usa.com\/it\/esta-domande-frequenti\/\",\"url\":\"https:\/\/www.esta-officiel-usa.com\/it\/esta-domande-frequenti\/\",\"name\":\"ESTA: Domande frequenti\",\"isPartOf\":{\"@id\":\"https:\/\/www.esta-officiel-usa.com\/it\/#website\"},\"datePublished\":\"2025-09-13T11:59:42+00:00\",\"dateModified\":\"2025-09-13T11:59:43+00:00\",\"description\":\"Grazie all'esperienza professionale nelle procedure amministrative, i nostri team sono in grado di rispondere a tutte le tue domande sull'ESTA.\",\"breadcrumb\":{\"@id\":\"https:\/\/www.esta-officiel-usa.com\/it\/esta-domande-frequenti\/#breadcrumb\"},\"inLanguage\":\"it-IT\",\"potentialAction\":[{\"@type\":\"ReadAction\",\"target\":[\"https:\/\/www.esta-officiel-usa.com\/it\/esta-domande-frequenti\/\"]}]},{\"@type\":\"BreadcrumbList\",\"@id\":\"https:\/\/www.esta-officiel-usa.com\/it\/esta-domande-frequenti\/#breadcrumb\",\"itemListElement\":[{\"@type\":\"ListItem\",\"position\":1,\"name\":\"Casa\",\"item\":\"https:\/\/www.esta-officiel-usa.com\/it\/\"},{\"@type\":\"ListItem\",\"position\":2,\"name\":\"ESTA: Domande frequenti\"}]},{\"@type\":\"WebSite\",\"@id\":\"https:\/\/www.esta-officiel-usa.com\/it\/#website\",\"url\":\"https:\/\/www.esta-officiel-usa.com\/it\/\",\"name\":\"ESTA - Stati Uniti\",\"description\":\"Modulo di richiesta ESTA\",\"potentialAction\":[{\"@type\":\"SearchAction\",\"target\":{\"@type\":\"EntryPoint\",\"urlTemplate\":\"https:\/\/www.esta-officiel-usa.com\/it\/?s={search_term_string}\"},\"query-input\":{\"@type\":\"PropertyValueSpecification\",\"valueRequired\":true,\"valueName\":\"search_term_string\"}}],\"inLanguage\":\"it-IT\"}]}<\/script>\n<!-- \/ Yoast SEO plugin. -->","yoast_head_json":{"title":"ESTA: Domande frequenti","description":"Grazie all'esperienza professionale nelle procedure amministrative, i nostri team sono in grado di rispondere a tutte le tue domande sull'ESTA.","robots":{"index":"index","follow":"follow","max-snippet":"max-snippet:-1","max-image-preview":"max-image-preview:large","max-video-preview":"max-video-preview:-1"},"canonical":"https:\/\/www.esta-officiel-usa.com\/it\/esta-domande-frequenti\/","og_locale":"it_IT","og_type":"article","og_title":"ESTA: Domande frequenti","og_description":"Grazie all'esperienza professionale nelle procedure amministrative, i nostri team sono in grado di rispondere a tutte le tue domande sull'ESTA.","og_url":"https:\/\/www.esta-officiel-usa.com\/it\/esta-domande-frequenti\/","og_site_name":"ESTA - Stati Uniti","article_modified_time":"2025-09-13T11:59:43+00:00","twitter_card":"summary_large_image","twitter_misc":{"Tempo di lettura stimato":"4 minuti"},"schema":{"@context":"https:\/\/schema.org","@graph":[{"@type":"WebPage","@id":"https:\/\/www.esta-officiel-usa.com\/it\/esta-domande-frequenti\/","url":"https:\/\/www.esta-officiel-usa.com\/it\/esta-domande-frequenti\/","name":"ESTA: Domande frequenti","isPartOf":{"@id":"https:\/\/www.esta-officiel-usa.com\/it\/#website"},"datePublished":"2025-09-13T11:59:42+00:00","dateModified":"2025-09-13T11:59:43+00:00","description":"Grazie all'esperienza professionale nelle procedure amministrative, i nostri team sono in grado di rispondere a tutte le tue domande sull'ESTA.","breadcrumb":{"@id":"https:\/\/www.esta-officiel-usa.com\/it\/esta-domande-frequenti\/#breadcrumb"},"inLanguage":"it-IT","potentialAction":[{"@type":"ReadAction","target":["https:\/\/www.esta-officiel-usa.com\/it\/esta-domande-frequenti\/"]}]},{"@type":"BreadcrumbList","@id":"https:\/\/www.esta-officiel-usa.com\/it\/esta-domande-frequenti\/#breadcrumb","itemListElement":[{"@type":"ListItem","position":1,"name":"Casa","item":"https:\/\/www.esta-officiel-usa.com\/it\/"},{"@type":"ListItem","position":2,"name":"ESTA: Domande frequenti"}]},{"@type":"WebSite","@id":"https:\/\/www.esta-officiel-usa.com\/it\/#website","url":"https:\/\/www.esta-officiel-usa.com\/it\/","name":"ESTA - Stati Uniti","description":"Modulo di richiesta ESTA","potentialAction":[{"@type":"SearchAction","target":{"@type":"EntryPoint","urlTemplate":"https:\/\/www.esta-officiel-usa.com\/it\/?s={search_term_string}"},"query-input":{"@type":"PropertyValueSpecification","valueRequired":true,"valueName":"search_term_string"}}],"inLanguage":"it-IT"}]}},"_links":{"self":[{"href":"https:\/\/www.esta-officiel-usa.com\/it\/wp-json\/wp\/v2\/pages\/1041","targetHints":{"allow":["GET"]}}],"collection":[{"href":"https:\/\/www.esta-officiel-usa.com\/it\/wp-json\/wp\/v2\/pages"}],"about":[{"href":"https:\/\/www.esta-officiel-usa.com\/it\/wp-json\/wp\/v2\/types\/page"}],"author":[{"embeddable":true,"href":"https:\/\/www.esta-officiel-usa.com\/it\/wp-json\/wp\/v2\/users\/1"}],"replies":[{"embeddable":true,"href":"https:\/\/www.esta-officiel-usa.com\/it\/wp-json\/wp\/v2\/comments?post=1041"}],"version-history":[{"count":1,"href":"https:\/\/www.esta-officiel-usa.com\/it\/wp-json\/wp\/v2\/pages\/1041\/revisions"}],"predecessor-version":[{"id":1042,"href":"https:\/\/www.esta-officiel-usa.com\/it\/wp-json\/wp\/v2\/pages\/1041\/revisions\/1042"}],"wp:attachment":[{"href":"https:\/\/www.esta-officiel-usa.com\/it\/wp-json\/wp\/v2\/media?parent=1041"}],"curies":[{"name":"wp","href":"https:\/\/api.w.org\/{rel}","templated":true}]}}