{"id":1049,"date":"2025-09-13T11:59:50","date_gmt":"2025-09-13T11:59:50","guid":{"rendered":"https:\/\/www.esta-officiel-usa.com\/rinnovo-dellesta\/"},"modified":"2025-09-13T11:59:53","modified_gmt":"2025-09-13T11:59:53","slug":"rinnovo-dellesta","status":"publish","type":"page","link":"https:\/\/www.esta-officiel-usa.com\/it\/rinnovo-dellesta\/","title":{"rendered":"Rinnovo dell&#8217;ESTA"},"content":{"rendered":"\n<h1 class=\"wp-block-heading\">RINNOVA LA TUA DOMANDA ESTA<\/h1>\n\n<p>Anche se la prima richiesta ESTA va a buon fine, l&#8217;autorizzazione \u00e8 valida solo per due anni. Una volta trascorso questo periodo, dovrai ripetere la procedura di richiesta per un nuovo soggiorno negli Stati Uniti. Rinnovare l&#8217;ESTA significa semplicemente presentare una nuova domanda. Puoi farlo anche se il tuo primo documento non \u00e8 scaduto. Preparati quindi a una sensazione di d\u00e9j\u00e0 vu e torna online!    <\/p>\n\n<h2 class=\"wp-block-heading\">PASSI PER RINNOVARE L&#8217;ESTA<\/h2>\n\n<p>La validit\u00e0 di due anni dell&#8217;ESTA (Electronic System for Travel Authorization) \u00e8 rigida: le autorit\u00e0 americane non ti concederanno un altro giorno. Non correre mai il rischio di trovarti negli Stati Uniti con un documento non aggiornato. C&#8217;\u00e8 solo una soluzione: rinnovare la <a href=\"https:\/\/www.esta-officiel-usa.com\/fr\/completer-sa-demande-officielle-desta\/\">domanda ESTA<\/a> online.  <\/p>\n\n<p>Il rinnovo non comporta altro che la compilazione dei campi del modulo. Non puoi tornare al tuo precedente ESTA e cliccare sul pulsante &#8220;rinnova domanda&#8221;, ad esempio. Evita di copiare e incollare il tuo modulo originale: potresti dimenticare alcuni cambiamenti avvenuti nel frattempo. Inoltre, i motivi del tuo soggiorno potrebbero essere diversi, cos\u00ec come il tuo stato di salute.   <\/p>\n\n<p>Inoltre, non aspettarti di essere esente dalle tasse di elaborazione: ogni domanda comporta il pagamento di tali tasse, poich\u00e9 il tuo file viene esaminato nella sua interezza.<\/p>\n\n<p>Puoi rinnovare il tuo ESTA ufficiale senza attendere la scadenza del periodo di validit\u00e0 di 2 anni. Questo \u00e8 talvolta essenziale se alcune delle informazioni fornite non sono pi\u00f9 aggiornate: numero di passaporto, indirizzo, fedina penale, ecc. <\/p>\n\n<h2 class=\"wp-block-heading\">OTTENERE UN ESTA PER LA PRIMA VOLTA NON GARANTISCE LA SECONDA!<\/h2>\n\n<p>Non dare per scontato che una volta accettata una domanda, questa venga automaticamente accettata una seconda volta. Le autorit\u00e0 americane non stabiliscono alcun collegamento tra due domande e un solo cambiamento rispetto al tuo precedente ESTA pu\u00f2 essere sufficiente a causare un rifiuto se non \u00e8 pi\u00f9 conforme alle <a href=\"https:\/\/www.esta-officiel-usa.com\/fr\/quelles-sont-les-regles-dobtention-de-lesta\/\">regole per ottenerlo<\/a>. <\/p>\n\n<p>Tieni presente tutte le condizioni associate al <a href=\"https:\/\/www.esta-officiel-usa.com\/fr\/a-propos-du-visa-waiver-program\/\">Programma Viaggio senza Visto (VWP)<\/a>:<\/p>\n\n<ul class=\"wp-block-list\"><li>Copre i cittadini di 38 paesi membri, ma esclude quelli con doppia nazionalit\u00e0 di Iraq, Iran, Siria e Sudan;<\/li><li>Il soggiorno negli Stati Uniti non deve superare i 90 giorni;<\/li><li>Il loro scopo deve essere turistico, commerciale o di transito;<\/li><li>Il passaporto deve essere valido;<\/li><li>Devi rispondere in modo soddisfacente al questionario.<\/li><\/ul>\n\n<p>Se non \u00e8 cambiato nulla dalla prima richiesta, \u00e8 probabile che anche la seconda vada a buon fine, ma non lasciarti scoraggiare.<\/p>\n\n<p>Per non ritardare la tua autorizzazione, ad esempio in caso di errore di battitura, richiedi la nostra assistenza ESTA online, che ti aiuter\u00e0 anche a sbrigare <a href=\"https:\/\/www.esta-officiel-usa.com\/fr\/les-demarches-pour-visiter-les-etats-unis\/\">le formalit\u00e0 per il tuo viaggio negli Stati Uniti<\/a>.<\/p>\n","protected":false},"excerpt":{"rendered":"<p>RINNOVA LA TUA DOMANDA ESTA Anche se la prima richiesta ESTA va a buon fine, l&#8217;autorizzazione \u00e8 valida solo per due anni. Una volta trascorso questo periodo, dovrai ripetere la procedura di richiesta per un nuovo soggiorno negli Stati Uniti. Rinnovare l&#8217;ESTA significa semplicemente presentare una nuova domanda. Puoi farlo anche se il tuo primo [&hellip;]<\/p>\n","protected":false},"author":1,"featured_media":0,"parent":0,"menu_order":0,"comment_status":"closed","ping_status":"closed","template":"","meta":{"footnotes":""},"class_list":["post-1049","page","type-page","status-publish","hentry"],"yoast_head":"<!-- This site is optimized with the Yoast SEO plugin v26.2 - https:\/\/yoast.com\/wordpress\/plugins\/seo\/ -->\n<title>Rinnovo dell&#039;ESTA<\/title>\n<meta name=\"description\" content=\"Anche se la tua prima richiesta di ESTA \u00e8 andata a buon fine, questa autorizzazione \u00e8 valida solo per due anni, quindi dovrai rinnovarla.\" \/>\n<meta name=\"robots\" content=\"index, follow, max-snippet:-1, max-image-preview:large, max-video-preview:-1\" \/>\n<link rel=\"canonical\" href=\"https:\/\/www.esta-officiel-usa.com\/it\/rinnovo-dellesta\/\" \/>\n<meta property=\"og:locale\" content=\"it_IT\" \/>\n<meta property=\"og:type\" content=\"article\" \/>\n<meta property=\"og:title\" content=\"Rinnovo dell&#039;ESTA\" \/>\n<meta property=\"og:description\" content=\"Anche se la tua prima richiesta di ESTA \u00e8 andata a buon fine, questa autorizzazione \u00e8 valida solo per due anni, quindi dovrai rinnovarla.\" \/>\n<meta property=\"og:url\" content=\"https:\/\/www.esta-officiel-usa.com\/it\/rinnovo-dellesta\/\" \/>\n<meta property=\"og:site_name\" content=\"ESTA - Stati Uniti\" \/>\n<meta property=\"article:modified_time\" content=\"2025-09-13T11:59:53+00:00\" \/>\n<meta name=\"twitter:card\" content=\"summary_large_image\" \/>\n<meta name=\"twitter:label1\" content=\"Tempo di lettura stimato\" \/>\n\t<meta name=\"twitter:data1\" content=\"2 minuti\" \/>\n<script type=\"application\/ld+json\" class=\"yoast-schema-graph\">{\"@context\":\"https:\/\/schema.org\",\"@graph\":[{\"@type\":\"WebPage\",\"@id\":\"https:\/\/www.esta-officiel-usa.com\/it\/rinnovo-dellesta\/\",\"url\":\"https:\/\/www.esta-officiel-usa.com\/it\/rinnovo-dellesta\/\",\"name\":\"Rinnovo dell'ESTA\",\"isPartOf\":{\"@id\":\"https:\/\/www.esta-officiel-usa.com\/it\/#website\"},\"datePublished\":\"2025-09-13T11:59:50+00:00\",\"dateModified\":\"2025-09-13T11:59:53+00:00\",\"description\":\"Anche se la tua prima richiesta di ESTA \u00e8 andata a buon fine, questa autorizzazione \u00e8 valida solo per due anni, quindi dovrai rinnovarla.\",\"breadcrumb\":{\"@id\":\"https:\/\/www.esta-officiel-usa.com\/it\/rinnovo-dellesta\/#breadcrumb\"},\"inLanguage\":\"it-IT\",\"potentialAction\":[{\"@type\":\"ReadAction\",\"target\":[\"https:\/\/www.esta-officiel-usa.com\/it\/rinnovo-dellesta\/\"]}]},{\"@type\":\"BreadcrumbList\",\"@id\":\"https:\/\/www.esta-officiel-usa.com\/it\/rinnovo-dellesta\/#breadcrumb\",\"itemListElement\":[{\"@type\":\"ListItem\",\"position\":1,\"name\":\"Casa\",\"item\":\"https:\/\/www.esta-officiel-usa.com\/it\/\"},{\"@type\":\"ListItem\",\"position\":2,\"name\":\"Rinnovo dell&#8217;ESTA\"}]},{\"@type\":\"WebSite\",\"@id\":\"https:\/\/www.esta-officiel-usa.com\/it\/#website\",\"url\":\"https:\/\/www.esta-officiel-usa.com\/it\/\",\"name\":\"ESTA - Stati Uniti\",\"description\":\"Modulo di richiesta ESTA\",\"potentialAction\":[{\"@type\":\"SearchAction\",\"target\":{\"@type\":\"EntryPoint\",\"urlTemplate\":\"https:\/\/www.esta-officiel-usa.com\/it\/?s={search_term_string}\"},\"query-input\":{\"@type\":\"PropertyValueSpecification\",\"valueRequired\":true,\"valueName\":\"search_term_string\"}}],\"inLanguage\":\"it-IT\"}]}<\/script>\n<!-- \/ Yoast SEO plugin. -->","yoast_head_json":{"title":"Rinnovo dell'ESTA","description":"Anche se la tua prima richiesta di ESTA \u00e8 andata a buon fine, questa autorizzazione \u00e8 valida solo per due anni, quindi dovrai rinnovarla.","robots":{"index":"index","follow":"follow","max-snippet":"max-snippet:-1","max-image-preview":"max-image-preview:large","max-video-preview":"max-video-preview:-1"},"canonical":"https:\/\/www.esta-officiel-usa.com\/it\/rinnovo-dellesta\/","og_locale":"it_IT","og_type":"article","og_title":"Rinnovo dell'ESTA","og_description":"Anche se la tua prima richiesta di ESTA \u00e8 andata a buon fine, questa autorizzazione \u00e8 valida solo per due anni, quindi dovrai rinnovarla.","og_url":"https:\/\/www.esta-officiel-usa.com\/it\/rinnovo-dellesta\/","og_site_name":"ESTA - Stati Uniti","article_modified_time":"2025-09-13T11:59:53+00:00","twitter_card":"summary_large_image","twitter_misc":{"Tempo di lettura stimato":"2 minuti"},"schema":{"@context":"https:\/\/schema.org","@graph":[{"@type":"WebPage","@id":"https:\/\/www.esta-officiel-usa.com\/it\/rinnovo-dellesta\/","url":"https:\/\/www.esta-officiel-usa.com\/it\/rinnovo-dellesta\/","name":"Rinnovo dell'ESTA","isPartOf":{"@id":"https:\/\/www.esta-officiel-usa.com\/it\/#website"},"datePublished":"2025-09-13T11:59:50+00:00","dateModified":"2025-09-13T11:59:53+00:00","description":"Anche se la tua prima richiesta di ESTA \u00e8 andata a buon fine, questa autorizzazione \u00e8 valida solo per due anni, quindi dovrai rinnovarla.","breadcrumb":{"@id":"https:\/\/www.esta-officiel-usa.com\/it\/rinnovo-dellesta\/#breadcrumb"},"inLanguage":"it-IT","potentialAction":[{"@type":"ReadAction","target":["https:\/\/www.esta-officiel-usa.com\/it\/rinnovo-dellesta\/"]}]},{"@type":"BreadcrumbList","@id":"https:\/\/www.esta-officiel-usa.com\/it\/rinnovo-dellesta\/#breadcrumb","itemListElement":[{"@type":"ListItem","position":1,"name":"Casa","item":"https:\/\/www.esta-officiel-usa.com\/it\/"},{"@type":"ListItem","position":2,"name":"Rinnovo dell&#8217;ESTA"}]},{"@type":"WebSite","@id":"https:\/\/www.esta-officiel-usa.com\/it\/#website","url":"https:\/\/www.esta-officiel-usa.com\/it\/","name":"ESTA - Stati Uniti","description":"Modulo di richiesta ESTA","potentialAction":[{"@type":"SearchAction","target":{"@type":"EntryPoint","urlTemplate":"https:\/\/www.esta-officiel-usa.com\/it\/?s={search_term_string}"},"query-input":{"@type":"PropertyValueSpecification","valueRequired":true,"valueName":"search_term_string"}}],"inLanguage":"it-IT"}]}},"_links":{"self":[{"href":"https:\/\/www.esta-officiel-usa.com\/it\/wp-json\/wp\/v2\/pages\/1049","targetHints":{"allow":["GET"]}}],"collection":[{"href":"https:\/\/www.esta-officiel-usa.com\/it\/wp-json\/wp\/v2\/pages"}],"about":[{"href":"https:\/\/www.esta-officiel-usa.com\/it\/wp-json\/wp\/v2\/types\/page"}],"author":[{"embeddable":true,"href":"https:\/\/www.esta-officiel-usa.com\/it\/wp-json\/wp\/v2\/users\/1"}],"replies":[{"embeddable":true,"href":"https:\/\/www.esta-officiel-usa.com\/it\/wp-json\/wp\/v2\/comments?post=1049"}],"version-history":[{"count":3,"href":"https:\/\/www.esta-officiel-usa.com\/it\/wp-json\/wp\/v2\/pages\/1049\/revisions"}],"predecessor-version":[{"id":1054,"href":"https:\/\/www.esta-officiel-usa.com\/it\/wp-json\/wp\/v2\/pages\/1049\/revisions\/1054"}],"wp:attachment":[{"href":"https:\/\/www.esta-officiel-usa.com\/it\/wp-json\/wp\/v2\/media?parent=1049"}],"curies":[{"name":"wp","href":"https:\/\/api.w.org\/{rel}","templated":true}]}}