{"id":1074,"date":"2025-09-13T12:00:05","date_gmt":"2025-09-13T12:00:05","guid":{"rendered":"https:\/\/www.esta-officiel-usa.com\/come-pagare-la-domanda-esta\/"},"modified":"2025-09-13T12:00:09","modified_gmt":"2025-09-13T12:00:09","slug":"come-pagare-la-domanda-esta","status":"publish","type":"page","link":"https:\/\/www.esta-officiel-usa.com\/it\/come-pagare-la-domanda-esta\/","title":{"rendered":"Come pagare la domanda ESTA"},"content":{"rendered":"\n<h1 class=\"wp-block-heading\">COME POSSO PAGARE ESTA?<\/h1>\n\n<p>Hai intenzione di visitare gli Stati Uniti in futuro? Visitare gli Stati Uniti recandosi a San Francisco, Miami o nei pi\u00f9 bei parchi nazionali come lo Yosemite o il Grand Canyon fa parte del tuo sogno americano? Prima di tutto, sei sicuro di essere a conoscenza delle procedure amministrative da seguire e dei documenti ufficiali da ottenere? Questo articolo ti spiega come pagare l&#8217;ESTA.   <\/p>\n\n<p>Per recarti negli Stati Uniti \u00e8 necessario un passaporto biometrico (con le impronte digitali) o un passaporto elettronico valido per tutto il periodo del tuo soggiorno. Dovrai inoltre ottenere l&#8217;autorizzazione del governo statunitense per entrare nel paese: un visto o un&#8217;ESTA. <\/p>\n\n<h2 class=\"wp-block-heading\">QUALI SONO LE CARATTERISTICHE DELL&#8217;AUTORIZZAZIONE ESTA?<\/h2>\n\n<p>Il documento ESTA \u00e8 un&#8217;esenzione dal visto che autorizza il suo titolare a recarsi negli Stati Uniti senza visto.<\/p>\n\n<p>Questo documento \u00e8 il risultato dei negoziati tra gli Stati Uniti e i paesi che fanno parte del <a href=\"https:\/\/www.esta-officiel-usa.com\/fr\/a-propos-du-visa-waiver-program\/\">Programma Viaggio senza Visto<\/a>. Questi paesi sono : <\/p>\n\n<p>Andorra, Australia, Austria, Belgio, Brunei, Cile, Croazia, Danimarca, Estonia, Finlandia, Francia, Germania, Grecia, Irlanda, Islanda, Italia, Israele, Giappone, Paesi Bassi, Lettonia, Liechtenstein, Lituania, Lussemburgo, Malta, Monaco, Norvegia, Nuova Zelanda, Portogallo, Polonia, San Marino, Singapore, Slovacchia, Slovenia, Spagna, Svezia, Svizzera, Taiwan e Ungheria.<\/p>\n\n<p>Per poter ottenere questo documento, non devi esserti visto rifiutato in passato e non devi aver visitato Siria, Sudan, Somalia, Yemen, Libia o Iran dopo il 1\u00b0 marzo 2011. Se la tua domanda viene rifiutata, dovrai attendere 10 giorni prima di ripresentarla. <\/p>\n\n<p>L&#8217;ESTA \u00e8 valida per 2 anni e consente soggiorni multipli fino a 90 giorni.<\/p>\n\n<p>Il tuo viaggio negli Stati Uniti con l&#8217;ESTA deve essere un soggiorno temporaneo e una visita turistica: non \u00e8 possibile fare uno stage negli Stati Uniti, studiare in un&#8217;universit\u00e0 americana o lavorare. Se ti rechi negli Stati Uniti per questo motivo, dovrai richiedere un visto in anticipo. <\/p>\n\n<p>Scopri come pagare l&#8217;ESTA nel prossimo paragrafo.<\/p>\n\n<h2 class=\"wp-block-heading\">PAGARE L&#8217;ESTA: LA PROCEDURA<\/h2>\n\n<p>\u00c8 possibile <a href=\"https:\/\/www.esta-officiel-usa.com\/fr\/demande-desta-sur-site-officiel\/\">richiedere l&#8217;ESTA<\/a> solo online; non esiste una versione cartacea. Per ottenere il documento, visita il sito ufficiale del governo statunitense. A differenza del visto USA, non \u00e8 necessario recarsi all&#8217;ambasciata o al consolato statunitense: la richiesta dell&#8217;ESTA \u00e8 a portata di clic e si paga al termine della procedura.  <\/p>\n\n<p>Puoi anche rivolgerti a una societ\u00e0 indipendente, che ti chieder\u00e0 di compilare un modulo online. Queste societ\u00e0 sono in grado di supportarti, controllare i tuoi dati e rispondere alle tue domande. Possono quindi garantirti un&#8217;ESTA in tempo per il tuo viaggio. Si consiglia di presentare la domanda non pi\u00f9 di 72 ore prima del tuo viaggio negli Stati Uniti.   <\/p>\n\n<p>In entrambi i casi, sia che tu ti rivolga direttamente al sito web del governo degli Stati Uniti sia che tu ti rivolga a una societ\u00e0 indipendente, dovrai pagare l&#8217;ESTA online.<\/p>\n\n<p>Per pagare l&#8217;ESTA \u00e8 necessaria una carta di credito valida come MasterCard, VISA, PayPal o American Express. L&#8217;ESTA non \u00e8 un documento gratuito: il <a href=\"https:\/\/www.esta-officiel-usa.com\/fr\/le-prix-dun-esta\/\">costo di un&#8217;autorizzazione ESTA<\/a> \u00e8 di 21 dollari. <\/p>\n","protected":false},"excerpt":{"rendered":"<p>COME POSSO PAGARE ESTA? Hai intenzione di visitare gli Stati Uniti in futuro? Visitare gli Stati Uniti recandosi a San Francisco, Miami o nei pi\u00f9 bei parchi nazionali come lo Yosemite o il Grand Canyon fa parte del tuo sogno americano? Prima di tutto, sei sicuro di essere a conoscenza delle procedure amministrative da seguire [&hellip;]<\/p>\n","protected":false},"author":1,"featured_media":0,"parent":0,"menu_order":0,"comment_status":"closed","ping_status":"closed","template":"","meta":{"footnotes":""},"class_list":["post-1074","page","type-page","status-publish","hentry"],"yoast_head":"<!-- This site is optimized with the Yoast SEO plugin v26.2 - https:\/\/yoast.com\/wordpress\/plugins\/seo\/ -->\n<title>Come pagare la domanda ESTA<\/title>\n<meta name=\"description\" content=\"Non c&#039;\u00e8 bisogno di recarsi all&#039;ambasciata statunitense: puoi richiedere l&#039;ESTA con pochi clic online e dovrai pagare alla fine della procedura.\" \/>\n<meta name=\"robots\" content=\"index, follow, max-snippet:-1, max-image-preview:large, max-video-preview:-1\" \/>\n<link rel=\"canonical\" href=\"https:\/\/www.esta-officiel-usa.com\/it\/come-pagare-la-domanda-esta\/\" \/>\n<meta property=\"og:locale\" content=\"it_IT\" \/>\n<meta property=\"og:type\" content=\"article\" \/>\n<meta property=\"og:title\" content=\"Come pagare la domanda ESTA\" \/>\n<meta property=\"og:description\" content=\"Non c&#039;\u00e8 bisogno di recarsi all&#039;ambasciata statunitense: puoi richiedere l&#039;ESTA con pochi clic online e dovrai pagare alla fine della procedura.\" \/>\n<meta property=\"og:url\" content=\"https:\/\/www.esta-officiel-usa.com\/it\/come-pagare-la-domanda-esta\/\" \/>\n<meta property=\"og:site_name\" content=\"ESTA - Stati Uniti\" \/>\n<meta property=\"article:modified_time\" content=\"2025-09-13T12:00:09+00:00\" \/>\n<meta name=\"twitter:card\" content=\"summary_large_image\" \/>\n<meta name=\"twitter:label1\" content=\"Tempo di lettura stimato\" \/>\n\t<meta name=\"twitter:data1\" content=\"2 minuti\" \/>\n<script type=\"application\/ld+json\" class=\"yoast-schema-graph\">{\"@context\":\"https:\/\/schema.org\",\"@graph\":[{\"@type\":\"WebPage\",\"@id\":\"https:\/\/www.esta-officiel-usa.com\/it\/come-pagare-la-domanda-esta\/\",\"url\":\"https:\/\/www.esta-officiel-usa.com\/it\/come-pagare-la-domanda-esta\/\",\"name\":\"Come pagare la domanda ESTA\",\"isPartOf\":{\"@id\":\"https:\/\/www.esta-officiel-usa.com\/it\/#website\"},\"datePublished\":\"2025-09-13T12:00:05+00:00\",\"dateModified\":\"2025-09-13T12:00:09+00:00\",\"description\":\"Non c'\u00e8 bisogno di recarsi all'ambasciata statunitense: puoi richiedere l'ESTA con pochi clic online e dovrai pagare alla fine della procedura.\",\"breadcrumb\":{\"@id\":\"https:\/\/www.esta-officiel-usa.com\/it\/come-pagare-la-domanda-esta\/#breadcrumb\"},\"inLanguage\":\"it-IT\",\"potentialAction\":[{\"@type\":\"ReadAction\",\"target\":[\"https:\/\/www.esta-officiel-usa.com\/it\/come-pagare-la-domanda-esta\/\"]}]},{\"@type\":\"BreadcrumbList\",\"@id\":\"https:\/\/www.esta-officiel-usa.com\/it\/come-pagare-la-domanda-esta\/#breadcrumb\",\"itemListElement\":[{\"@type\":\"ListItem\",\"position\":1,\"name\":\"Casa\",\"item\":\"https:\/\/www.esta-officiel-usa.com\/it\/\"},{\"@type\":\"ListItem\",\"position\":2,\"name\":\"Come pagare la domanda ESTA\"}]},{\"@type\":\"WebSite\",\"@id\":\"https:\/\/www.esta-officiel-usa.com\/it\/#website\",\"url\":\"https:\/\/www.esta-officiel-usa.com\/it\/\",\"name\":\"ESTA - Stati Uniti\",\"description\":\"Modulo di richiesta ESTA\",\"potentialAction\":[{\"@type\":\"SearchAction\",\"target\":{\"@type\":\"EntryPoint\",\"urlTemplate\":\"https:\/\/www.esta-officiel-usa.com\/it\/?s={search_term_string}\"},\"query-input\":{\"@type\":\"PropertyValueSpecification\",\"valueRequired\":true,\"valueName\":\"search_term_string\"}}],\"inLanguage\":\"it-IT\"}]}<\/script>\n<!-- \/ Yoast SEO plugin. -->","yoast_head_json":{"title":"Come pagare la domanda ESTA","description":"Non c'\u00e8 bisogno di recarsi all'ambasciata statunitense: puoi richiedere l'ESTA con pochi clic online e dovrai pagare alla fine della procedura.","robots":{"index":"index","follow":"follow","max-snippet":"max-snippet:-1","max-image-preview":"max-image-preview:large","max-video-preview":"max-video-preview:-1"},"canonical":"https:\/\/www.esta-officiel-usa.com\/it\/come-pagare-la-domanda-esta\/","og_locale":"it_IT","og_type":"article","og_title":"Come pagare la domanda ESTA","og_description":"Non c'\u00e8 bisogno di recarsi all'ambasciata statunitense: puoi richiedere l'ESTA con pochi clic online e dovrai pagare alla fine della procedura.","og_url":"https:\/\/www.esta-officiel-usa.com\/it\/come-pagare-la-domanda-esta\/","og_site_name":"ESTA - Stati Uniti","article_modified_time":"2025-09-13T12:00:09+00:00","twitter_card":"summary_large_image","twitter_misc":{"Tempo di lettura stimato":"2 minuti"},"schema":{"@context":"https:\/\/schema.org","@graph":[{"@type":"WebPage","@id":"https:\/\/www.esta-officiel-usa.com\/it\/come-pagare-la-domanda-esta\/","url":"https:\/\/www.esta-officiel-usa.com\/it\/come-pagare-la-domanda-esta\/","name":"Come pagare la domanda ESTA","isPartOf":{"@id":"https:\/\/www.esta-officiel-usa.com\/it\/#website"},"datePublished":"2025-09-13T12:00:05+00:00","dateModified":"2025-09-13T12:00:09+00:00","description":"Non c'\u00e8 bisogno di recarsi all'ambasciata statunitense: puoi richiedere l'ESTA con pochi clic online e dovrai pagare alla fine della procedura.","breadcrumb":{"@id":"https:\/\/www.esta-officiel-usa.com\/it\/come-pagare-la-domanda-esta\/#breadcrumb"},"inLanguage":"it-IT","potentialAction":[{"@type":"ReadAction","target":["https:\/\/www.esta-officiel-usa.com\/it\/come-pagare-la-domanda-esta\/"]}]},{"@type":"BreadcrumbList","@id":"https:\/\/www.esta-officiel-usa.com\/it\/come-pagare-la-domanda-esta\/#breadcrumb","itemListElement":[{"@type":"ListItem","position":1,"name":"Casa","item":"https:\/\/www.esta-officiel-usa.com\/it\/"},{"@type":"ListItem","position":2,"name":"Come pagare la domanda ESTA"}]},{"@type":"WebSite","@id":"https:\/\/www.esta-officiel-usa.com\/it\/#website","url":"https:\/\/www.esta-officiel-usa.com\/it\/","name":"ESTA - Stati Uniti","description":"Modulo di richiesta ESTA","potentialAction":[{"@type":"SearchAction","target":{"@type":"EntryPoint","urlTemplate":"https:\/\/www.esta-officiel-usa.com\/it\/?s={search_term_string}"},"query-input":{"@type":"PropertyValueSpecification","valueRequired":true,"valueName":"search_term_string"}}],"inLanguage":"it-IT"}]}},"_links":{"self":[{"href":"https:\/\/www.esta-officiel-usa.com\/it\/wp-json\/wp\/v2\/pages\/1074","targetHints":{"allow":["GET"]}}],"collection":[{"href":"https:\/\/www.esta-officiel-usa.com\/it\/wp-json\/wp\/v2\/pages"}],"about":[{"href":"https:\/\/www.esta-officiel-usa.com\/it\/wp-json\/wp\/v2\/types\/page"}],"author":[{"embeddable":true,"href":"https:\/\/www.esta-officiel-usa.com\/it\/wp-json\/wp\/v2\/users\/1"}],"replies":[{"embeddable":true,"href":"https:\/\/www.esta-officiel-usa.com\/it\/wp-json\/wp\/v2\/comments?post=1074"}],"version-history":[{"count":3,"href":"https:\/\/www.esta-officiel-usa.com\/it\/wp-json\/wp\/v2\/pages\/1074\/revisions"}],"predecessor-version":[{"id":1078,"href":"https:\/\/www.esta-officiel-usa.com\/it\/wp-json\/wp\/v2\/pages\/1074\/revisions\/1078"}],"wp:attachment":[{"href":"https:\/\/www.esta-officiel-usa.com\/it\/wp-json\/wp\/v2\/media?parent=1074"}],"curies":[{"name":"wp","href":"https:\/\/api.w.org\/{rel}","templated":true}]}}