{"id":1089,"date":"2025-09-13T12:00:29","date_gmt":"2025-09-13T12:00:29","guid":{"rendered":"https:\/\/www.esta-officiel-usa.com\/compilazione-del-questionario-esta-in-francese\/"},"modified":"2025-09-13T12:00:29","modified_gmt":"2025-09-13T12:00:29","slug":"compilazione-del-questionario-esta-in-francese","status":"publish","type":"page","link":"https:\/\/www.esta-officiel-usa.com\/it\/compilazione-del-questionario-esta-in-francese\/","title":{"rendered":"Compilazione del questionario ESTA in francese"},"content":{"rendered":"\n<h1 class=\"wp-block-heading\">COMPILAZIONE DEL QUESTIONARIO ESTA<\/h1>\n\n<p>I cittadini dei Paesi che partecipano al <a href=\"https:\/\/www.esta-officiel-usa.com\/fr\/a-propos-du-visa-waiver-program\/\">Programma Viaggio senza Visto<\/a> possono richiedere l <a href=\"https:\/\/www.esta-officiel-usa.com\/it\/\">&#8216;ESTA<\/a> online. Il questionario pu\u00f2 essere completato in pochi minuti, a patto che tu abbia i documenti necessari.   <\/p>\n\n<h2 class=\"wp-block-heading\">COS&#8217;\u00c8 IL QUESTIONARIO ESTA USA?<\/h2>\n\n<p>Il questionario ESTA \u00e8 un modulo che deve essere compilato per ricevere l&#8217;autorizzazione a visitare gli Stati Uniti<a href=\"https:\/\/www.esta-officiel-usa.com\/fr\/voyager-aux-usa-et-decouvrir-las-vegas\/\">(ESTA Las Vegas<\/a>, New York, Miami, Los Angeles, ecc.).<\/p>\n\n<p>Per compilare correttamente il modulo, assicurati di avere a portata di mano i seguenti documenti:<\/p>\n\n<ul class=\"wp-block-list\"><li>il <a href=\"https:\/\/www.esta-officiel-usa.com\/fr\/quel-type-de-passeport-pour-les-usa\/\">passaporto per gli Stati Uniti<\/a>;<\/li><li>una carta di pagamento (le spese di elaborazione possono essere pagate solo online).<\/li><\/ul>\n\n<p>Il questionario ESTA \u00e8 composto da diverse sezioni. La prima riguarda i dati personali del viaggiatore. Per prima cosa ti verranno poste domande relative al tuo stato civile: cognome, nome, data di nascita, nazionalit\u00e0, numero di passaporto, data di rilascio e di scadenza, nome dei genitori, indirizzo postale e di posta elettronica, numero di telefono, ecc. Puoi anche specificare se utilizzi i social network (account Facebook, ecc.). Questa domanda \u00e8 facoltativa e non sei obbligato a rispondere.    <\/p>\n\n<p>La seconda sezione riguarda il viaggio stesso, indicando le ragioni del tuo viaggio e l&#8217;indirizzo verso il quale ti recherai.<\/p>\n\n<p>Le ultime domande riguardano la tua storia medica (allergie, malattie infettive, ecc.), la tua fedina penale (appartenenza a gruppi pericolosi, residenza illegale sul suolo americano, precedenti rifiuti del visto, ecc.) e i tuoi viaggi passati in Iraq, Iran, Siria, Sudan, Yemen, Somalia e Libia dal 1\u00b0 marzo 2011.<\/p>\n\n<p>Il questionario deve essere compilato con seriet\u00e0. Qualsiasi risposta errata o non corrispondente alla realt\u00e0 pu\u00f2 comportare un rifiuto da parte delle autorit\u00e0 americane. In questo caso, dovrai <a href=\"https:\/\/www.esta-officiel-usa.com\/fr\/comment-faire-nouvelle-demande-esta-usa-apres-refus\/\">presentare una nuova domanda<\/a>.  <\/p>\n\n<h2 class=\"wp-block-heading\">ACCEDI AL QUESTIONARIO ESTA ONLINE<\/h2>\n\n<p>Se hai la cittadinanza di uno dei Paesi coperti dal Programma Viaggio senza Visto e non sei anche cittadino di Iraq, Iran, Siria o Sudan (doppia nazionalit\u00e0), puoi richiedere l&#8217;ESTA online.<\/p>\n\n<p>In questo modo si accede al questionario ESTA obbligatorio, tradotto in francese. Una volta completato il documento, controlla le risposte una ad una per assicurarti che il questionario sia stato compilato correttamente e che non manchi nulla. La tua domanda ESTA viene inoltrata alle autorit\u00e0 americane (in particolare al <a href=\"https:\/\/www.esta-officiel-usa.com\/it\/dipartimento-di-sicurezza-nazionale\/\">Department of Homeland Security<\/a>) autorizzate a rilasciare i permessi di soggiorno per gli Stati Uniti. Riceverai il documento, che potrai scaricare in formato PDF, entro 72 ore! Non dovrai fare altro che stamparlo o salvarlo e sarai pronto a conquistare l&#8217;America.    <\/p>\n","protected":false},"excerpt":{"rendered":"<p>COMPILAZIONE DEL QUESTIONARIO ESTA I cittadini dei Paesi che partecipano al Programma Viaggio senza Visto possono richiedere l &#8216;ESTA online. Il questionario pu\u00f2 essere completato in pochi minuti, a patto che tu abbia i documenti necessari. COS&#8217;\u00c8 IL QUESTIONARIO ESTA USA? Il questionario ESTA \u00e8 un modulo che deve essere compilato per ricevere l&#8217;autorizzazione a [&hellip;]<\/p>\n","protected":false},"author":1,"featured_media":0,"parent":0,"menu_order":0,"comment_status":"closed","ping_status":"closed","template":"","meta":{"footnotes":""},"class_list":["post-1089","page","type-page","status-publish","hentry"],"yoast_head":"<!-- This site is optimized with the Yoast SEO plugin v26.2 - https:\/\/yoast.com\/wordpress\/plugins\/seo\/ -->\n<title>Compilazione del questionario ESTA in francese<\/title>\n<meta name=\"description\" content=\"I cittadini dei paesi che partecipano al VWP sono autorizzati a richiedere l&#039;ESTA online. Scopri come compilare il modulo in francese.\" \/>\n<meta name=\"robots\" content=\"index, follow, max-snippet:-1, max-image-preview:large, max-video-preview:-1\" \/>\n<link rel=\"canonical\" href=\"https:\/\/www.esta-officiel-usa.com\/it\/compilazione-del-questionario-esta-in-francese\/\" \/>\n<meta property=\"og:locale\" content=\"it_IT\" \/>\n<meta property=\"og:type\" content=\"article\" \/>\n<meta property=\"og:title\" content=\"Compilazione del questionario ESTA in francese\" \/>\n<meta property=\"og:description\" content=\"I cittadini dei paesi che partecipano al VWP sono autorizzati a richiedere l&#039;ESTA online. Scopri come compilare il modulo in francese.\" \/>\n<meta property=\"og:url\" content=\"https:\/\/www.esta-officiel-usa.com\/it\/compilazione-del-questionario-esta-in-francese\/\" \/>\n<meta property=\"og:site_name\" content=\"ESTA - Stati Uniti\" \/>\n<meta name=\"twitter:card\" content=\"summary_large_image\" \/>\n<meta name=\"twitter:label1\" content=\"Tempo di lettura stimato\" \/>\n\t<meta name=\"twitter:data1\" content=\"2 minuti\" \/>\n<script type=\"application\/ld+json\" class=\"yoast-schema-graph\">{\"@context\":\"https:\/\/schema.org\",\"@graph\":[{\"@type\":\"WebPage\",\"@id\":\"https:\/\/www.esta-officiel-usa.com\/it\/compilazione-del-questionario-esta-in-francese\/\",\"url\":\"https:\/\/www.esta-officiel-usa.com\/it\/compilazione-del-questionario-esta-in-francese\/\",\"name\":\"Compilazione del questionario ESTA in francese\",\"isPartOf\":{\"@id\":\"https:\/\/www.esta-officiel-usa.com\/it\/#website\"},\"datePublished\":\"2025-09-13T12:00:29+00:00\",\"description\":\"I cittadini dei paesi che partecipano al VWP sono autorizzati a richiedere l'ESTA online. Scopri come compilare il modulo in francese.\",\"breadcrumb\":{\"@id\":\"https:\/\/www.esta-officiel-usa.com\/it\/compilazione-del-questionario-esta-in-francese\/#breadcrumb\"},\"inLanguage\":\"it-IT\",\"potentialAction\":[{\"@type\":\"ReadAction\",\"target\":[\"https:\/\/www.esta-officiel-usa.com\/it\/compilazione-del-questionario-esta-in-francese\/\"]}]},{\"@type\":\"BreadcrumbList\",\"@id\":\"https:\/\/www.esta-officiel-usa.com\/it\/compilazione-del-questionario-esta-in-francese\/#breadcrumb\",\"itemListElement\":[{\"@type\":\"ListItem\",\"position\":1,\"name\":\"Casa\",\"item\":\"https:\/\/www.esta-officiel-usa.com\/it\/\"},{\"@type\":\"ListItem\",\"position\":2,\"name\":\"Compilazione del questionario ESTA in francese\"}]},{\"@type\":\"WebSite\",\"@id\":\"https:\/\/www.esta-officiel-usa.com\/it\/#website\",\"url\":\"https:\/\/www.esta-officiel-usa.com\/it\/\",\"name\":\"ESTA - Stati Uniti\",\"description\":\"Modulo di richiesta ESTA\",\"potentialAction\":[{\"@type\":\"SearchAction\",\"target\":{\"@type\":\"EntryPoint\",\"urlTemplate\":\"https:\/\/www.esta-officiel-usa.com\/it\/?s={search_term_string}\"},\"query-input\":{\"@type\":\"PropertyValueSpecification\",\"valueRequired\":true,\"valueName\":\"search_term_string\"}}],\"inLanguage\":\"it-IT\"}]}<\/script>\n<!-- \/ Yoast SEO plugin. -->","yoast_head_json":{"title":"Compilazione del questionario ESTA in francese","description":"I cittadini dei paesi che partecipano al VWP sono autorizzati a richiedere l'ESTA online. Scopri come compilare il modulo in francese.","robots":{"index":"index","follow":"follow","max-snippet":"max-snippet:-1","max-image-preview":"max-image-preview:large","max-video-preview":"max-video-preview:-1"},"canonical":"https:\/\/www.esta-officiel-usa.com\/it\/compilazione-del-questionario-esta-in-francese\/","og_locale":"it_IT","og_type":"article","og_title":"Compilazione del questionario ESTA in francese","og_description":"I cittadini dei paesi che partecipano al VWP sono autorizzati a richiedere l'ESTA online. Scopri come compilare il modulo in francese.","og_url":"https:\/\/www.esta-officiel-usa.com\/it\/compilazione-del-questionario-esta-in-francese\/","og_site_name":"ESTA - Stati Uniti","twitter_card":"summary_large_image","twitter_misc":{"Tempo di lettura stimato":"2 minuti"},"schema":{"@context":"https:\/\/schema.org","@graph":[{"@type":"WebPage","@id":"https:\/\/www.esta-officiel-usa.com\/it\/compilazione-del-questionario-esta-in-francese\/","url":"https:\/\/www.esta-officiel-usa.com\/it\/compilazione-del-questionario-esta-in-francese\/","name":"Compilazione del questionario ESTA in francese","isPartOf":{"@id":"https:\/\/www.esta-officiel-usa.com\/it\/#website"},"datePublished":"2025-09-13T12:00:29+00:00","description":"I cittadini dei paesi che partecipano al VWP sono autorizzati a richiedere l'ESTA online. Scopri come compilare il modulo in francese.","breadcrumb":{"@id":"https:\/\/www.esta-officiel-usa.com\/it\/compilazione-del-questionario-esta-in-francese\/#breadcrumb"},"inLanguage":"it-IT","potentialAction":[{"@type":"ReadAction","target":["https:\/\/www.esta-officiel-usa.com\/it\/compilazione-del-questionario-esta-in-francese\/"]}]},{"@type":"BreadcrumbList","@id":"https:\/\/www.esta-officiel-usa.com\/it\/compilazione-del-questionario-esta-in-francese\/#breadcrumb","itemListElement":[{"@type":"ListItem","position":1,"name":"Casa","item":"https:\/\/www.esta-officiel-usa.com\/it\/"},{"@type":"ListItem","position":2,"name":"Compilazione del questionario ESTA in francese"}]},{"@type":"WebSite","@id":"https:\/\/www.esta-officiel-usa.com\/it\/#website","url":"https:\/\/www.esta-officiel-usa.com\/it\/","name":"ESTA - Stati Uniti","description":"Modulo di richiesta ESTA","potentialAction":[{"@type":"SearchAction","target":{"@type":"EntryPoint","urlTemplate":"https:\/\/www.esta-officiel-usa.com\/it\/?s={search_term_string}"},"query-input":{"@type":"PropertyValueSpecification","valueRequired":true,"valueName":"search_term_string"}}],"inLanguage":"it-IT"}]}},"_links":{"self":[{"href":"https:\/\/www.esta-officiel-usa.com\/it\/wp-json\/wp\/v2\/pages\/1089","targetHints":{"allow":["GET"]}}],"collection":[{"href":"https:\/\/www.esta-officiel-usa.com\/it\/wp-json\/wp\/v2\/pages"}],"about":[{"href":"https:\/\/www.esta-officiel-usa.com\/it\/wp-json\/wp\/v2\/types\/page"}],"author":[{"embeddable":true,"href":"https:\/\/www.esta-officiel-usa.com\/it\/wp-json\/wp\/v2\/users\/1"}],"replies":[{"embeddable":true,"href":"https:\/\/www.esta-officiel-usa.com\/it\/wp-json\/wp\/v2\/comments?post=1089"}],"version-history":[{"count":1,"href":"https:\/\/www.esta-officiel-usa.com\/it\/wp-json\/wp\/v2\/pages\/1089\/revisions"}],"predecessor-version":[{"id":1090,"href":"https:\/\/www.esta-officiel-usa.com\/it\/wp-json\/wp\/v2\/pages\/1089\/revisions\/1090"}],"wp:attachment":[{"href":"https:\/\/www.esta-officiel-usa.com\/it\/wp-json\/wp\/v2\/media?parent=1089"}],"curies":[{"name":"wp","href":"https:\/\/api.w.org\/{rel}","templated":true}]}}