{"id":1099,"date":"2025-09-13T12:00:39","date_gmt":"2025-09-13T12:00:39","guid":{"rendered":"https:\/\/www.esta-officiel-usa.com\/modulo-esta-da-compilare-in-francese\/"},"modified":"2025-09-13T12:00:40","modified_gmt":"2025-09-13T12:00:40","slug":"modulo-esta-da-compilare-in-francese","status":"publish","type":"page","link":"https:\/\/www.esta-officiel-usa.com\/it\/modulo-esta-da-compilare-in-francese\/","title":{"rendered":"Modulo ESTA da compilare in francese"},"content":{"rendered":"\n<h1 class=\"wp-block-heading\">COMPILAZIONE DEL MODULO ESTA IN FRANCESE<\/h1>\n\n<p>La Francia \u00e8 uno dei <a href=\"https:\/\/www.esta-officiel-usa.com\/fr\/les-38-pays-partenaires-du-visa-waiver-program\/\">38 Paesi partner<\/a> del Programma<a href=\"https:\/\/www.esta-officiel-usa.com\/fr\/a-propos-du-visa-waiver-program\/\">Viaggio senza Visto<\/a>, che consente ai cittadini francesi di ottenere l&#8217;autorizzazione al viaggio ESTA. In questo articolo diamo uno sguardo al modulo <a href=\"https:\/\/www.esta-officiel-usa.com\/it\/\">ESTA<\/a> in francese e ti spieghiamo come accedervi e cosa contiene. <\/p>\n\n<h2 class=\"wp-block-heading\">COME POSSO COMPILARE IL MODULO ESTA IN FRANCESE?<\/h2>\n\n<p>Come spiegato nell&#8217;introduzione, se ti rechi negli Stati Uniti<a href=\"https:\/\/www.esta-officiel-usa.com\/fr\/decouvrir-la-ville-de-new-york-city\/\">(New York<\/a>, Los Angeles, Miami, ecc.), <a href=\"https:\/\/www.esta-officiel-usa.com\/fr\/a-propos-du-visa-waiver-program\/\">devi<\/a> ottenere un&#8217;autorizzazione di viaggio, un visto o un ESTA. L&#8217;ESTA ti permette di visitare gli Stati Uniti pi\u00f9 volte durante il periodo di <a href=\"https:\/\/www.esta-officiel-usa.com\/fr\/verifier-la-validite-de-votre-esta\/\">validit\u00e0<\/a> di due anni, per un periodo di 90 giorni consecutivi. Prima di tutto, dovrai superare un controllo iniziale per determinare la tua idoneit\u00e0, sotto forma di un modulo ESTA in francese.  <\/p>\n\n<p>I funzionari del Dipartimento di Sicurezza Nazionale degli Stati Uniti<a href=\"https:\/\/www.esta-officiel-usa.com\/it\/dipartimento-di-sicurezza-nazionale\/\">(DHS<\/a>) verificheranno le informazioni fornite nella domanda e ti invieranno la loro risposta entro 72 ore. Per aiutarti a preparare la tua domanda nelle migliori condizioni possibili, ecco cosa contiene il modulo ESTA in francese: <\/p>\n\n<ol class=\"wp-block-list\"><li>La prima parte conterr\u00e0 <a href=\"https:\/\/www.esta-officiel-usa.com\/fr\/toutes-les-questions-posees-formulaire-esta-etats-unis\/\">domande<\/a> sulla tua identit\u00e0 e sulla tua situazione sociale: cognome, nome, et\u00e0, sesso, data e luogo di nascita, lavoro, ecc;<\/li><li>La seconda parte consiste nell&#8217;inserire le informazioni relative al tuo passaporto valido: numero, data di emissione, data di scadenza, ecc. e al tuo soggiorno negli Stati Uniti;<\/li><li>La terza parte del modulo consiste in una serie di domande a cui rispondere semplicemente con un s\u00ec o un no. Queste domande riguardano la tua situazione medica attuale e passata, nonch\u00e9 la tua fedina penale. <\/li><li>La quarta parte consiste nel pagamento della tassa di iscrizione per convalidare la tua domanda.<\/li><\/ol>\n\n<h2 class=\"wp-block-heading\">COME POSSO ACCEDERE AL MODULO ESTA IN FRANCESE?<\/h2>\n\n<p>Consigliamo a tutti i nostri utenti di richiedere l&#8217;autorizzazione al viaggio utilizzando un modulo ESTA in francese per evitare errori. Il governo americano \u00e8 severo quando si tratta di rilasciare l&#8217;ESTA obbligatorio, in quanto la sua missione principale \u00e8 quella di garantire la sicurezza interna del territorio americano. Ci\u00f2 significa che se commetti un errore di battitura o inserisci il numero di passaporto sbagliato, la tua domanda verr\u00e0 automaticamente <a href=\"https:\/\/www.esta-officiel-usa.com\/fr\/quels-motifs-menent-a-un-refus-de-lesta\/\">respinta<\/a>. Il sito ufficiale delle dogane statunitensi fornisce l&#8217;accesso al modulo in tutte le lingue, ma non offre assistenza per la sua compilazione.   <\/p>\n\n<p>Per aiutarti a compilare correttamente il tuo modulo ESTA in francese, la nostra piattaforma specializzata esta-officiel-usa.com ti offre assistenza per la tua domanda. Il nostro team di specialisti controller\u00e0 meticolosamente le informazioni fornite nel modulo semplificato e le corregger\u00e0 se necessario. Ci assicuriamo che non ci siano errori nel tuo file che potrebbero portare al rifiuto della tua domanda. Inoltre, il nostro helpdesk online \u00e8 a disposizione per rispondere a qualsiasi domanda. Grazie alla nostra profonda conoscenza del Programma Viaggio senza Visto, sappiamo esattamente cosa si aspetta il governo degli Stati Uniti in termini di <a href=\"https:\/\/www.esta-officiel-usa.com\/fr\/les-formalites-dentree-aux-etats-unis\/\">formalit\u00e0 di ingresso<\/a>.    <br\/><\/p>\n","protected":false},"excerpt":{"rendered":"<p>COMPILAZIONE DEL MODULO ESTA IN FRANCESE La Francia \u00e8 uno dei 38 Paesi partner del ProgrammaViaggio senza Visto, che consente ai cittadini francesi di ottenere l&#8217;autorizzazione al viaggio ESTA. In questo articolo diamo uno sguardo al modulo ESTA in francese e ti spieghiamo come accedervi e cosa contiene. COME POSSO COMPILARE IL MODULO ESTA IN [&hellip;]<\/p>\n","protected":false},"author":1,"featured_media":0,"parent":0,"menu_order":0,"comment_status":"closed","ping_status":"closed","template":"","meta":{"footnotes":""},"class_list":["post-1099","page","type-page","status-publish","hentry"],"yoast_head":"<!-- This site is optimized with the Yoast SEO plugin v26.2 - https:\/\/yoast.com\/wordpress\/plugins\/seo\/ -->\n<title>Modulo ESTA da compilare in francese<\/title>\n<meta name=\"description\" content=\"La Francia \u00e8 uno dei 38 paesi partner del Programma Viaggio senza Visto (VWP), pertanto verr\u00e0 fornito un modulo in francese.\" \/>\n<meta name=\"robots\" content=\"index, follow, max-snippet:-1, max-image-preview:large, max-video-preview:-1\" \/>\n<link rel=\"canonical\" href=\"https:\/\/www.esta-officiel-usa.com\/it\/modulo-esta-da-compilare-in-francese\/\" \/>\n<meta property=\"og:locale\" content=\"it_IT\" \/>\n<meta property=\"og:type\" content=\"article\" \/>\n<meta property=\"og:title\" content=\"Modulo ESTA da compilare in francese\" \/>\n<meta property=\"og:description\" content=\"La Francia \u00e8 uno dei 38 paesi partner del Programma Viaggio senza Visto (VWP), pertanto verr\u00e0 fornito un modulo in francese.\" \/>\n<meta property=\"og:url\" content=\"https:\/\/www.esta-officiel-usa.com\/it\/modulo-esta-da-compilare-in-francese\/\" \/>\n<meta property=\"og:site_name\" content=\"ESTA - Stati Uniti\" \/>\n<meta property=\"article:modified_time\" content=\"2025-09-13T12:00:40+00:00\" \/>\n<meta name=\"twitter:card\" content=\"summary_large_image\" \/>\n<meta name=\"twitter:label1\" content=\"Tempo di lettura stimato\" \/>\n\t<meta name=\"twitter:data1\" content=\"2 minuti\" \/>\n<script type=\"application\/ld+json\" class=\"yoast-schema-graph\">{\"@context\":\"https:\/\/schema.org\",\"@graph\":[{\"@type\":\"WebPage\",\"@id\":\"https:\/\/www.esta-officiel-usa.com\/it\/modulo-esta-da-compilare-in-francese\/\",\"url\":\"https:\/\/www.esta-officiel-usa.com\/it\/modulo-esta-da-compilare-in-francese\/\",\"name\":\"Modulo ESTA da compilare in francese\",\"isPartOf\":{\"@id\":\"https:\/\/www.esta-officiel-usa.com\/it\/#website\"},\"datePublished\":\"2025-09-13T12:00:39+00:00\",\"dateModified\":\"2025-09-13T12:00:40+00:00\",\"description\":\"La Francia \u00e8 uno dei 38 paesi partner del Programma Viaggio senza Visto (VWP), pertanto verr\u00e0 fornito un modulo in francese.\",\"breadcrumb\":{\"@id\":\"https:\/\/www.esta-officiel-usa.com\/it\/modulo-esta-da-compilare-in-francese\/#breadcrumb\"},\"inLanguage\":\"it-IT\",\"potentialAction\":[{\"@type\":\"ReadAction\",\"target\":[\"https:\/\/www.esta-officiel-usa.com\/it\/modulo-esta-da-compilare-in-francese\/\"]}]},{\"@type\":\"BreadcrumbList\",\"@id\":\"https:\/\/www.esta-officiel-usa.com\/it\/modulo-esta-da-compilare-in-francese\/#breadcrumb\",\"itemListElement\":[{\"@type\":\"ListItem\",\"position\":1,\"name\":\"Casa\",\"item\":\"https:\/\/www.esta-officiel-usa.com\/it\/\"},{\"@type\":\"ListItem\",\"position\":2,\"name\":\"Modulo ESTA da compilare in francese\"}]},{\"@type\":\"WebSite\",\"@id\":\"https:\/\/www.esta-officiel-usa.com\/it\/#website\",\"url\":\"https:\/\/www.esta-officiel-usa.com\/it\/\",\"name\":\"ESTA - Stati Uniti\",\"description\":\"Modulo di richiesta ESTA\",\"potentialAction\":[{\"@type\":\"SearchAction\",\"target\":{\"@type\":\"EntryPoint\",\"urlTemplate\":\"https:\/\/www.esta-officiel-usa.com\/it\/?s={search_term_string}\"},\"query-input\":{\"@type\":\"PropertyValueSpecification\",\"valueRequired\":true,\"valueName\":\"search_term_string\"}}],\"inLanguage\":\"it-IT\"}]}<\/script>\n<!-- \/ Yoast SEO plugin. -->","yoast_head_json":{"title":"Modulo ESTA da compilare in francese","description":"La Francia \u00e8 uno dei 38 paesi partner del Programma Viaggio senza Visto (VWP), pertanto verr\u00e0 fornito un modulo in francese.","robots":{"index":"index","follow":"follow","max-snippet":"max-snippet:-1","max-image-preview":"max-image-preview:large","max-video-preview":"max-video-preview:-1"},"canonical":"https:\/\/www.esta-officiel-usa.com\/it\/modulo-esta-da-compilare-in-francese\/","og_locale":"it_IT","og_type":"article","og_title":"Modulo ESTA da compilare in francese","og_description":"La Francia \u00e8 uno dei 38 paesi partner del Programma Viaggio senza Visto (VWP), pertanto verr\u00e0 fornito un modulo in francese.","og_url":"https:\/\/www.esta-officiel-usa.com\/it\/modulo-esta-da-compilare-in-francese\/","og_site_name":"ESTA - Stati Uniti","article_modified_time":"2025-09-13T12:00:40+00:00","twitter_card":"summary_large_image","twitter_misc":{"Tempo di lettura stimato":"2 minuti"},"schema":{"@context":"https:\/\/schema.org","@graph":[{"@type":"WebPage","@id":"https:\/\/www.esta-officiel-usa.com\/it\/modulo-esta-da-compilare-in-francese\/","url":"https:\/\/www.esta-officiel-usa.com\/it\/modulo-esta-da-compilare-in-francese\/","name":"Modulo ESTA da compilare in francese","isPartOf":{"@id":"https:\/\/www.esta-officiel-usa.com\/it\/#website"},"datePublished":"2025-09-13T12:00:39+00:00","dateModified":"2025-09-13T12:00:40+00:00","description":"La Francia \u00e8 uno dei 38 paesi partner del Programma Viaggio senza Visto (VWP), pertanto verr\u00e0 fornito un modulo in francese.","breadcrumb":{"@id":"https:\/\/www.esta-officiel-usa.com\/it\/modulo-esta-da-compilare-in-francese\/#breadcrumb"},"inLanguage":"it-IT","potentialAction":[{"@type":"ReadAction","target":["https:\/\/www.esta-officiel-usa.com\/it\/modulo-esta-da-compilare-in-francese\/"]}]},{"@type":"BreadcrumbList","@id":"https:\/\/www.esta-officiel-usa.com\/it\/modulo-esta-da-compilare-in-francese\/#breadcrumb","itemListElement":[{"@type":"ListItem","position":1,"name":"Casa","item":"https:\/\/www.esta-officiel-usa.com\/it\/"},{"@type":"ListItem","position":2,"name":"Modulo ESTA da compilare in francese"}]},{"@type":"WebSite","@id":"https:\/\/www.esta-officiel-usa.com\/it\/#website","url":"https:\/\/www.esta-officiel-usa.com\/it\/","name":"ESTA - Stati Uniti","description":"Modulo di richiesta ESTA","potentialAction":[{"@type":"SearchAction","target":{"@type":"EntryPoint","urlTemplate":"https:\/\/www.esta-officiel-usa.com\/it\/?s={search_term_string}"},"query-input":{"@type":"PropertyValueSpecification","valueRequired":true,"valueName":"search_term_string"}}],"inLanguage":"it-IT"}]}},"_links":{"self":[{"href":"https:\/\/www.esta-officiel-usa.com\/it\/wp-json\/wp\/v2\/pages\/1099","targetHints":{"allow":["GET"]}}],"collection":[{"href":"https:\/\/www.esta-officiel-usa.com\/it\/wp-json\/wp\/v2\/pages"}],"about":[{"href":"https:\/\/www.esta-officiel-usa.com\/it\/wp-json\/wp\/v2\/types\/page"}],"author":[{"embeddable":true,"href":"https:\/\/www.esta-officiel-usa.com\/it\/wp-json\/wp\/v2\/users\/1"}],"replies":[{"embeddable":true,"href":"https:\/\/www.esta-officiel-usa.com\/it\/wp-json\/wp\/v2\/comments?post=1099"}],"version-history":[{"count":1,"href":"https:\/\/www.esta-officiel-usa.com\/it\/wp-json\/wp\/v2\/pages\/1099\/revisions"}],"predecessor-version":[{"id":1100,"href":"https:\/\/www.esta-officiel-usa.com\/it\/wp-json\/wp\/v2\/pages\/1099\/revisions\/1100"}],"wp:attachment":[{"href":"https:\/\/www.esta-officiel-usa.com\/it\/wp-json\/wp\/v2\/media?parent=1099"}],"curies":[{"name":"wp","href":"https:\/\/api.w.org\/{rel}","templated":true}]}}