{"id":1110,"date":"2025-09-13T12:00:52","date_gmt":"2025-09-13T12:00:52","guid":{"rendered":"https:\/\/www.esta-officiel-usa.com\/la-procedura-esta-per-gli-stati-uniti\/"},"modified":"2025-09-13T12:01:00","modified_gmt":"2025-09-13T12:01:00","slug":"la-procedura-esta-per-gli-stati-uniti","status":"publish","type":"page","link":"https:\/\/www.esta-officiel-usa.com\/it\/la-procedura-esta-per-gli-stati-uniti\/","title":{"rendered":"La procedura ESTA per gli Stati Uniti"},"content":{"rendered":"\n<h1 class=\"wp-block-heading\">QUAL \u00c8 LA PROCEDURA PER L&#8217;ESTA?<\/h1>\n\n<p>Chiunque desideri recarsi negli Stati Uniti, sia per lavoro che per <a href=\"https:\/\/www.esta-officiel-usa.com\/fr\/les-demarches-pour-visiter-les-etats-unis\/\">piacere<\/a>, deve completare la procedura ESTA prima di partire. Questa autorizzazione \u00e8 necessaria, perch\u00e9 senza di essa non si pu\u00f2 viaggiare! <\/p>\n\n<h2 class=\"wp-block-heading\">LA PROCEDURA ESTA: CONDIZIONI<\/h2>\n\n<p>L&#8217;ESTA \u00e8 un programma il cui<a href=\"https:\/\/www.esta-officiel-usa.com\/fr\/la-veritable-utilite-de-lesta\/\">scopo<\/a> principale \u00e8 quello di consentire ai cittadini dei paesi che partecipano al Visa Waiver Programme di recarsi negli Stati Uniti senza bisogno di un visto<a href=\"https:\/\/www.esta-officiel-usa.com\/fr\/demande-de-visa-f1-pour-les-usa\/\">(F1<\/a>, M1, ecc.)<a href=\"https:\/\/www.esta-officiel-usa.com\/fr\/decouvrir-la-ville-de-new-york-city\/\">(ESTA New York<\/a>, Miami, Los Angeles, ecc.). Per ottenerlo \u00e8 necessario soddisfare le seguenti <a href=\"https:\/\/www.esta-officiel-usa.com\/it\/condizioni-per-ottenere-lesta\/\">condizioni<\/a>: <\/p>\n\n<ul class=\"wp-block-list\"><li>Prevedete di soggiornare per un massimo di 90 giorni;<\/li><li>Il soggiorno deve essere a scopo turistico o lavorativo, ma non deve essere retribuito;<\/li><li>Assicurati che la compagnia aerea o di navigazione utilizzata sia autorizzata a trasportare persone che beneficiano del programma<a href=\"https:\/\/www.esta-officiel-usa.com\/fr\/les-formalites-darrivee-aux-usa-par-voie-terrestre\/\">(arrivare negli Stati Uniti via terra<\/a> non richiede una procedura ESTA).<\/li><\/ul>\n\n<p>Devi anche avere :<\/p>\n\n<ul class=\"wp-block-list\"><li>un biglietto di ritorno o di proseguimento;<\/li><li>Un passaporto biometrico o elettronico valido;<\/li><li>una carta di credito che consenta il pagamento online, poich\u00e9 la procedura ESTA pu\u00f2 essere eseguita solo online.<\/li><\/ul>\n\n<h2 class=\"wp-block-heading\">LA PROCEDURA ESTA: LE FASI DELLA PROCEDURA<\/h2>\n\n<p>Una volta che ti sarai assicurato di soddisfare tutti i criteri sopra elencati, potrai iniziare la procedura.<\/p>\n\n<p>Puoi visitare il sito ufficiale del governo degli Stati Uniti o utilizzare i nostri servizi per beneficiare di una serie di vantaggi (gestione del processo di richiesta, <a href=\"https:\/\/www.esta-officiel-usa.com\/it\/modulo-esta-da-compilare-in-francese\/\">modulo francese<\/a> semplificato, assistenza online, ecc).<\/p>\n\n<p>La <a href=\"https:\/\/www.esta-officiel-usa.com\/fr\/demander-un-esta-obligatoire-pour-les-usa-sur-internet\/\">procedura obbligatoria<\/a> consiste in uno <a href=\"https:\/\/www.esta-officiel-usa.com\/it\/compilazione-del-questionario-esta-in-francese\/\">speciale questionario ESTA<\/a> da compilare in pi\u00f9 parti. Innanzitutto, dovrai rispondere a domande sulla tua identit\u00e0 (cognome, nome, data di nascita, ecc.). Successivamente ti verranno chieste informazioni sui motivi del tuo soggiorno (indirizzo locale e contatto di emergenza) e sul tuo passaporto. L&#8217;ultima parte consiste nel rispondere a domande con risposta affermativa o negativa (sulla tua fedina penale, sullo stato di salute, ecc.).   <\/p>\n\n<h2 class=\"wp-block-heading\">PROCEDURA ESTA: REGOLE E CONVALIDA<\/h2>\n\n<p>Una volta che il modulo \u00e8 stato debitamente compilato, \u00e8 necessario pagare 14 dollari perch\u00e9 la tua domanda venga presa in considerazione. Una volta effettuato il pagamento, le autorit\u00e0 americane garantiscono una risposta entro 72 ore. Le possibili risposte alla richiesta sono: autorizzazione approvata, autorizzazione <a href=\"https:\/\/www.esta-officiel-usa.com\/fr\/lesta-en-instance-dautorisation\/\">in attesa<\/a> e autorizzazione rifiutata.  <\/p>\n\n<p>Assicurati di rileggere le risposte che hai dato, perch\u00e9 se il rifiuto \u00e8 dovuto a un semplice errore di battitura, dovrai pagare nuovamente la tassa di iscrizione, in quanto non \u00e8 possibile modificare o <a href=\"https:\/\/www.esta-officiel-usa.com\/fr\/autorisation-esta-mise-a-jour\/\">aggiornare<\/a> l&#8217;ESTA. Se tutto \u00e8 andato bene, potresti ricevere la convalida dell&#8217;ESTA prima delle 72 ore annunciate e ora sei autorizzato a viaggiare negli Stati Uniti! <br\/><\/p>\n","protected":false},"excerpt":{"rendered":"<p>QUAL \u00c8 LA PROCEDURA PER L&#8217;ESTA? Chiunque desideri recarsi negli Stati Uniti, sia per lavoro che per piacere, deve completare la procedura ESTA prima di partire. Questa autorizzazione \u00e8 necessaria, perch\u00e9 senza di essa non si pu\u00f2 viaggiare! LA PROCEDURA ESTA: CONDIZIONI L&#8217;ESTA \u00e8 un programma il cuiscopo principale \u00e8 quello di consentire ai cittadini [&hellip;]<\/p>\n","protected":false},"author":1,"featured_media":0,"parent":0,"menu_order":0,"comment_status":"closed","ping_status":"closed","template":"","meta":{"footnotes":""},"class_list":["post-1110","page","type-page","status-publish","hentry"],"yoast_head":"<!-- This site is optimized with the Yoast SEO plugin v26.2 - https:\/\/yoast.com\/wordpress\/plugins\/seo\/ -->\n<title>La procedura ESTA per gli Stati Uniti<\/title>\n<meta name=\"description\" content=\"Se hai intenzione di recarti negli Stati Uniti, dovrai presentare una domanda ESTA. Scopri di pi\u00f9 sulla procedura nella nostra pagina.\" \/>\n<meta name=\"robots\" content=\"index, follow, max-snippet:-1, max-image-preview:large, max-video-preview:-1\" \/>\n<link rel=\"canonical\" href=\"https:\/\/www.esta-officiel-usa.com\/it\/la-procedura-esta-per-gli-stati-uniti\/\" \/>\n<meta property=\"og:locale\" content=\"it_IT\" \/>\n<meta property=\"og:type\" content=\"article\" \/>\n<meta property=\"og:title\" content=\"La procedura ESTA per gli Stati Uniti\" \/>\n<meta property=\"og:description\" content=\"Se hai intenzione di recarti negli Stati Uniti, dovrai presentare una domanda ESTA. Scopri di pi\u00f9 sulla procedura nella nostra pagina.\" \/>\n<meta property=\"og:url\" content=\"https:\/\/www.esta-officiel-usa.com\/it\/la-procedura-esta-per-gli-stati-uniti\/\" \/>\n<meta property=\"og:site_name\" content=\"ESTA - Stati Uniti\" \/>\n<meta property=\"article:modified_time\" content=\"2025-09-13T12:01:00+00:00\" \/>\n<meta name=\"twitter:card\" content=\"summary_large_image\" \/>\n<meta name=\"twitter:label1\" content=\"Tempo di lettura stimato\" \/>\n\t<meta name=\"twitter:data1\" content=\"2 minuti\" \/>\n<script type=\"application\/ld+json\" class=\"yoast-schema-graph\">{\"@context\":\"https:\/\/schema.org\",\"@graph\":[{\"@type\":\"WebPage\",\"@id\":\"https:\/\/www.esta-officiel-usa.com\/it\/la-procedura-esta-per-gli-stati-uniti\/\",\"url\":\"https:\/\/www.esta-officiel-usa.com\/it\/la-procedura-esta-per-gli-stati-uniti\/\",\"name\":\"La procedura ESTA per gli Stati Uniti\",\"isPartOf\":{\"@id\":\"https:\/\/www.esta-officiel-usa.com\/it\/#website\"},\"datePublished\":\"2025-09-13T12:00:52+00:00\",\"dateModified\":\"2025-09-13T12:01:00+00:00\",\"description\":\"Se hai intenzione di recarti negli Stati Uniti, dovrai presentare una domanda ESTA. Scopri di pi\u00f9 sulla procedura nella nostra pagina.\",\"breadcrumb\":{\"@id\":\"https:\/\/www.esta-officiel-usa.com\/it\/la-procedura-esta-per-gli-stati-uniti\/#breadcrumb\"},\"inLanguage\":\"it-IT\",\"potentialAction\":[{\"@type\":\"ReadAction\",\"target\":[\"https:\/\/www.esta-officiel-usa.com\/it\/la-procedura-esta-per-gli-stati-uniti\/\"]}]},{\"@type\":\"BreadcrumbList\",\"@id\":\"https:\/\/www.esta-officiel-usa.com\/it\/la-procedura-esta-per-gli-stati-uniti\/#breadcrumb\",\"itemListElement\":[{\"@type\":\"ListItem\",\"position\":1,\"name\":\"Casa\",\"item\":\"https:\/\/www.esta-officiel-usa.com\/it\/\"},{\"@type\":\"ListItem\",\"position\":2,\"name\":\"La procedura ESTA per gli Stati Uniti\"}]},{\"@type\":\"WebSite\",\"@id\":\"https:\/\/www.esta-officiel-usa.com\/it\/#website\",\"url\":\"https:\/\/www.esta-officiel-usa.com\/it\/\",\"name\":\"ESTA - Stati Uniti\",\"description\":\"Modulo di richiesta ESTA\",\"potentialAction\":[{\"@type\":\"SearchAction\",\"target\":{\"@type\":\"EntryPoint\",\"urlTemplate\":\"https:\/\/www.esta-officiel-usa.com\/it\/?s={search_term_string}\"},\"query-input\":{\"@type\":\"PropertyValueSpecification\",\"valueRequired\":true,\"valueName\":\"search_term_string\"}}],\"inLanguage\":\"it-IT\"}]}<\/script>\n<!-- \/ Yoast SEO plugin. -->","yoast_head_json":{"title":"La procedura ESTA per gli Stati Uniti","description":"Se hai intenzione di recarti negli Stati Uniti, dovrai presentare una domanda ESTA. Scopri di pi\u00f9 sulla procedura nella nostra pagina.","robots":{"index":"index","follow":"follow","max-snippet":"max-snippet:-1","max-image-preview":"max-image-preview:large","max-video-preview":"max-video-preview:-1"},"canonical":"https:\/\/www.esta-officiel-usa.com\/it\/la-procedura-esta-per-gli-stati-uniti\/","og_locale":"it_IT","og_type":"article","og_title":"La procedura ESTA per gli Stati Uniti","og_description":"Se hai intenzione di recarti negli Stati Uniti, dovrai presentare una domanda ESTA. Scopri di pi\u00f9 sulla procedura nella nostra pagina.","og_url":"https:\/\/www.esta-officiel-usa.com\/it\/la-procedura-esta-per-gli-stati-uniti\/","og_site_name":"ESTA - Stati Uniti","article_modified_time":"2025-09-13T12:01:00+00:00","twitter_card":"summary_large_image","twitter_misc":{"Tempo di lettura stimato":"2 minuti"},"schema":{"@context":"https:\/\/schema.org","@graph":[{"@type":"WebPage","@id":"https:\/\/www.esta-officiel-usa.com\/it\/la-procedura-esta-per-gli-stati-uniti\/","url":"https:\/\/www.esta-officiel-usa.com\/it\/la-procedura-esta-per-gli-stati-uniti\/","name":"La procedura ESTA per gli Stati Uniti","isPartOf":{"@id":"https:\/\/www.esta-officiel-usa.com\/it\/#website"},"datePublished":"2025-09-13T12:00:52+00:00","dateModified":"2025-09-13T12:01:00+00:00","description":"Se hai intenzione di recarti negli Stati Uniti, dovrai presentare una domanda ESTA. Scopri di pi\u00f9 sulla procedura nella nostra pagina.","breadcrumb":{"@id":"https:\/\/www.esta-officiel-usa.com\/it\/la-procedura-esta-per-gli-stati-uniti\/#breadcrumb"},"inLanguage":"it-IT","potentialAction":[{"@type":"ReadAction","target":["https:\/\/www.esta-officiel-usa.com\/it\/la-procedura-esta-per-gli-stati-uniti\/"]}]},{"@type":"BreadcrumbList","@id":"https:\/\/www.esta-officiel-usa.com\/it\/la-procedura-esta-per-gli-stati-uniti\/#breadcrumb","itemListElement":[{"@type":"ListItem","position":1,"name":"Casa","item":"https:\/\/www.esta-officiel-usa.com\/it\/"},{"@type":"ListItem","position":2,"name":"La procedura ESTA per gli Stati Uniti"}]},{"@type":"WebSite","@id":"https:\/\/www.esta-officiel-usa.com\/it\/#website","url":"https:\/\/www.esta-officiel-usa.com\/it\/","name":"ESTA - Stati Uniti","description":"Modulo di richiesta ESTA","potentialAction":[{"@type":"SearchAction","target":{"@type":"EntryPoint","urlTemplate":"https:\/\/www.esta-officiel-usa.com\/it\/?s={search_term_string}"},"query-input":{"@type":"PropertyValueSpecification","valueRequired":true,"valueName":"search_term_string"}}],"inLanguage":"it-IT"}]}},"_links":{"self":[{"href":"https:\/\/www.esta-officiel-usa.com\/it\/wp-json\/wp\/v2\/pages\/1110","targetHints":{"allow":["GET"]}}],"collection":[{"href":"https:\/\/www.esta-officiel-usa.com\/it\/wp-json\/wp\/v2\/pages"}],"about":[{"href":"https:\/\/www.esta-officiel-usa.com\/it\/wp-json\/wp\/v2\/types\/page"}],"author":[{"embeddable":true,"href":"https:\/\/www.esta-officiel-usa.com\/it\/wp-json\/wp\/v2\/users\/1"}],"replies":[{"embeddable":true,"href":"https:\/\/www.esta-officiel-usa.com\/it\/wp-json\/wp\/v2\/comments?post=1110"}],"version-history":[{"count":3,"href":"https:\/\/www.esta-officiel-usa.com\/it\/wp-json\/wp\/v2\/pages\/1110\/revisions"}],"predecessor-version":[{"id":1127,"href":"https:\/\/www.esta-officiel-usa.com\/it\/wp-json\/wp\/v2\/pages\/1110\/revisions\/1127"}],"wp:attachment":[{"href":"https:\/\/www.esta-officiel-usa.com\/it\/wp-json\/wp\/v2\/media?parent=1110"}],"curies":[{"name":"wp","href":"https:\/\/api.w.org\/{rel}","templated":true}]}}