{"id":1133,"date":"2025-09-13T12:01:11","date_gmt":"2025-09-13T12:01:11","guid":{"rendered":"https:\/\/www.esta-officiel-usa.com\/scopri-le-hawaii-con-la-tua-autorizzazione-esta\/"},"modified":"2025-09-13T12:01:11","modified_gmt":"2025-09-13T12:01:11","slug":"scopri-le-hawaii-con-la-tua-autorizzazione-esta","status":"publish","type":"page","link":"https:\/\/www.esta-officiel-usa.com\/it\/scopri-le-hawaii-con-la-tua-autorizzazione-esta\/","title":{"rendered":"Scopri le Hawaii con la tua autorizzazione ESTA"},"content":{"rendered":"\n<h1 class=\"wp-block-heading\">Scopri le Hawaii con ESTA<\/h1>\n\n<p>Aloha cari lettori! Milioni di turisti visitano ogni anno questo arcipelago vulcanico nell&#8217;Oceano Pacifico, grazie all&#8217;<a href=\"https:\/\/www.esta-officiel-usa.com\/it\/\">ESTA<\/a>. Il suo fascino risiede nel mix di scogliere, foreste pluviali tropicali, barriere coralline, spiagge sabbiose e temperature miti tutto l&#8217;anno. Questo paradiso naturale, composto da 122 isole e paesaggi diversi, dista 3.900 chilometri dalla California, che dal 1959 \u00e8 il 50\u00b0 stato americano. Lontano dalla Statua della Libert\u00e0 e dal deserto del Nevada, viaggia fuori dai sentieri battuti. Vuoi trascorrere la tua prossima vacanza nell&#8217;arcipelago? Tutto ci\u00f2 che devi fare \u00e8 richiedere un&#8217;ESTA per volare alle Hawaii! Il nostro team di esperti ti spiegher\u00e0 tutto.      <\/p>\n\n<h2 class=\"wp-block-heading\">Attivit\u00e0 da non perdere alle Hawaii<\/h2>\n\n<p>Prima di partire per una vacanza alle Hawaii, dovrai organizzare il tuo viaggio \nper non perderti nulla! Ecco i nostri consigli per una vacanza meravigliosa \n. <\/p>\n\n<h3 class=\"wp-block-heading\">Scopri la capitale: Honolulu<\/h3>\n\n<p>Immergiti nell&#8217;atmosfera hawaiana della \nfamosa spiaggia di Waikiki, dove potrai prendere il sole su \n, guardare i surfisti e fare festa. Passeggia per le strade di \n, caratterizzate da un&#8217;architettura vittoriana e da un pizzico di Asia. \nNon dimenticare di visitare Pearl Harbor, un sito mitico che \nti permette di saperne di pi\u00f9 su questa battaglia. Termina la tua passeggiata\n nel centro storico con il Palazzo Reale.  <\/p>\n\n<h3 class=\"wp-block-heading\">Avventura nel Parco Nazionale dei Vulcani delle Hawaii<\/h3>\n\n<p>In un paesaggio di rara bellezza, i due vulcani pi\u00f9 attivi del mondo \nsi affacciano sul Pacifico. Si tratta del Mauna Loa e del Kileaua. I visitatori di \npossono ammirare la flora e la fauna del parco. Tu \npuoi incontrare rare specie di uccelli.   <\/p>\n\n<p>Queste numerose spiagge sono considerate tra le pi\u00f9 belle delle Hawaii.\n Puoi trovare piccole insenature con acqua turchese e un punto di immersione \nal Kanaha Beach Park. \u00c8 anche l&#8217;occasione perfetta \nper fare surf. Un vero paradiso da scoprire.  <\/p>\n\n<h3 class=\"wp-block-heading\">Osservazione di balene e delfini<\/h3>\n\n<p>In inverno, piccole e medie imbarcazioni offrono ai turisti \nla possibilit\u00e0 di osservare balene e delfini. Questa \u00e8 una grande opportunit\u00e0 per \navvicinarsi a questi animali e scoprirne di pi\u00f9 \n! <\/p>\n\n<h3 class=\"wp-block-heading\">Assaggia i piatti tipici<\/h3>\n\n<p>Se ami mangiare, rimarrai sicuramente affascinato dalla variegata offerta culinaria delle Hawaii. Si possono trovare sapori con influenze cinesi, giapponesi, vietnamite e portoghesi. Prova il Lomi Lomi Salmon, un piatto a base di salmone, pomodori e cipolle, o il Chicken Luau, un pollo cotto in foglie di taro e latte di cocco.  <\/p>\n\n<h2 class=\"wp-block-heading\">Richiedi l&#8217;ESTA per scoprire l&#8217;arcipelago hawaiano<\/h2>\n\n<p>Sei completamente sedotto da questa destinazione da sogno? Dal 2009 puoi \nviaggiare negli Stati Uniti senza visto grazie al programma \ndi esenzione dal visto.\n L&#8217;ESTA (Electronic System for \nTravel Authorization) \u00e8 stato istituito per facilitare il lavoro delle autorit\u00e0 statunitensi \ne semplificare il processo di ottenimento dell&#8217;autorizzazione al viaggio per i richiedenti.  <\/p>\n\n<p>Per <a href=\"https:\/\/www.esta-officiel-usa.com\/fr\/obtenir-un-esta-en-ligne\/\">richiedere l&#8217;ESTA online<\/a>, tutto ci\u00f2 che devi fare \u00e8 soddisfare alcune condizioni: essere cittadino di uno dei paesi coperti dal <a href=\"https:\/\/www.esta-officiel-usa.com\/fr\/a-propos-du-visa-waiver-program\/\">VWP<\/a>, avere un passaporto valido (passaporto biometrico o passaporto elettronico), recarti negli Stati Uniti per via aerea o marittima e partire per un viaggio turistico, di lavoro o di transito.<\/p>\n\n<p>Se soddisfi tutti questi criteri, hai due opzioni:<\/p>\n\n<ul class=\"wp-block-list\">\n<li>  la domanda sul sito ufficiale del governo statunitense. Dovrai compilare un modulo ESTA completo dei tuoi dati personali (cognome, nome, data di nascita, numero di passaporto, ecc.) Ti verranno inoltre poste alcune domande sulla tua fedina penale e sulla tua salute fisica e mentale. Dovrai rispondere a questo questionario nel modo pi\u00f9 onesto possibile. Non avrai accesso ad alcun aiuto su questa piattaforma.      <\/li>\n\n\n\n<li>  la domanda su un sito privato come la piattaforma del nostro partner. Tutto ci\u00f2 che devi fare \u00e8 compilare un modulo online semplificato. Una persona autorizzata effettuer\u00e0 la richiesta a tuo nome. Se hai bisogno di assistenza, non esitare a contattare il Servizio Clienti.     <\/li>\n<\/ul>\n\n<p>Riceverai una risposta entro 72 ore dalla presentazione della domanda. E se durante il tuo soggiorno non avrai tempo di visitare le Hawaii nella loro interezza, non dovrai fare altro che acquistare nuovi biglietti aerei, poich\u00e9 l&#8217;ESTA \u00e8 <a href=\"https:\/\/www.esta-officiel-usa.com\/fr\/la-duree-de-validite-de-lesta\/\">valida per<\/a> due anni! <\/p>\n\n<p>Un rifiuto dell&#8217;ESTA \u00e8 raro, ma se ti capita, potrebbe essere dovuto a un errore nella compilazione del modulo; in questo caso, puoi ritentare la fortuna circa dieci giorni dopo la prima richiesta. In caso contrario, dovrai richiedere il visto presso l&#8217;ambasciata o il consolato americano. <\/p>\n\n<p>Una melodia di ukulele, paesaggi mozzafiato e un mare turchese, presto una realt\u00e0 per te grazie all&#8217;autorizzazione ESTA. Godetevi il vostro viaggio negli Stati Uniti!<\/p>\n","protected":false},"excerpt":{"rendered":"<p>Scopri le Hawaii con ESTA Aloha cari lettori! Milioni di turisti visitano ogni anno questo arcipelago vulcanico nell&#8217;Oceano Pacifico, grazie all&#8217;ESTA. Il suo fascino risiede nel mix di scogliere, foreste pluviali tropicali, barriere coralline, spiagge sabbiose e temperature miti tutto l&#8217;anno. Questo paradiso naturale, composto da 122 isole e paesaggi diversi, dista 3.900 chilometri dalla [&hellip;]<\/p>\n","protected":false},"author":1,"featured_media":0,"parent":0,"menu_order":0,"comment_status":"closed","ping_status":"closed","template":"","meta":{"footnotes":""},"class_list":["post-1133","page","type-page","status-publish","hentry"],"yoast_head":"<!-- This site is optimized with the Yoast SEO plugin v26.2 - https:\/\/yoast.com\/wordpress\/plugins\/seo\/ -->\n<title>Scopri le Hawaii con la tua autorizzazione ESTA<\/title>\n<meta name=\"description\" content=\"Scopri le Hawaii con la tua autorizzazione ESTA in tasca\" \/>\n<meta name=\"robots\" content=\"index, follow, max-snippet:-1, max-image-preview:large, max-video-preview:-1\" \/>\n<link rel=\"canonical\" href=\"https:\/\/www.esta-officiel-usa.com\/it\/scopri-le-hawaii-con-la-tua-autorizzazione-esta\/\" \/>\n<meta property=\"og:locale\" content=\"it_IT\" \/>\n<meta property=\"og:type\" content=\"article\" \/>\n<meta property=\"og:title\" content=\"Scopri le Hawaii con la tua autorizzazione ESTA\" \/>\n<meta property=\"og:description\" content=\"Scopri le Hawaii con la tua autorizzazione ESTA in tasca\" \/>\n<meta property=\"og:url\" content=\"https:\/\/www.esta-officiel-usa.com\/it\/scopri-le-hawaii-con-la-tua-autorizzazione-esta\/\" \/>\n<meta property=\"og:site_name\" content=\"ESTA - Stati Uniti\" \/>\n<meta name=\"twitter:card\" content=\"summary_large_image\" \/>\n<meta name=\"twitter:label1\" content=\"Tempo di lettura stimato\" \/>\n\t<meta name=\"twitter:data1\" content=\"4 minuti\" \/>\n<script type=\"application\/ld+json\" class=\"yoast-schema-graph\">{\"@context\":\"https:\/\/schema.org\",\"@graph\":[{\"@type\":\"WebPage\",\"@id\":\"https:\/\/www.esta-officiel-usa.com\/it\/scopri-le-hawaii-con-la-tua-autorizzazione-esta\/\",\"url\":\"https:\/\/www.esta-officiel-usa.com\/it\/scopri-le-hawaii-con-la-tua-autorizzazione-esta\/\",\"name\":\"Scopri le Hawaii con la tua autorizzazione ESTA\",\"isPartOf\":{\"@id\":\"https:\/\/www.esta-officiel-usa.com\/it\/#website\"},\"datePublished\":\"2025-09-13T12:01:11+00:00\",\"description\":\"Scopri le Hawaii con la tua autorizzazione ESTA in tasca\",\"breadcrumb\":{\"@id\":\"https:\/\/www.esta-officiel-usa.com\/it\/scopri-le-hawaii-con-la-tua-autorizzazione-esta\/#breadcrumb\"},\"inLanguage\":\"it-IT\",\"potentialAction\":[{\"@type\":\"ReadAction\",\"target\":[\"https:\/\/www.esta-officiel-usa.com\/it\/scopri-le-hawaii-con-la-tua-autorizzazione-esta\/\"]}]},{\"@type\":\"BreadcrumbList\",\"@id\":\"https:\/\/www.esta-officiel-usa.com\/it\/scopri-le-hawaii-con-la-tua-autorizzazione-esta\/#breadcrumb\",\"itemListElement\":[{\"@type\":\"ListItem\",\"position\":1,\"name\":\"Casa\",\"item\":\"https:\/\/www.esta-officiel-usa.com\/it\/\"},{\"@type\":\"ListItem\",\"position\":2,\"name\":\"Scopri le Hawaii con la tua autorizzazione ESTA\"}]},{\"@type\":\"WebSite\",\"@id\":\"https:\/\/www.esta-officiel-usa.com\/it\/#website\",\"url\":\"https:\/\/www.esta-officiel-usa.com\/it\/\",\"name\":\"ESTA - Stati Uniti\",\"description\":\"Modulo di richiesta ESTA\",\"potentialAction\":[{\"@type\":\"SearchAction\",\"target\":{\"@type\":\"EntryPoint\",\"urlTemplate\":\"https:\/\/www.esta-officiel-usa.com\/it\/?s={search_term_string}\"},\"query-input\":{\"@type\":\"PropertyValueSpecification\",\"valueRequired\":true,\"valueName\":\"search_term_string\"}}],\"inLanguage\":\"it-IT\"}]}<\/script>\n<!-- \/ Yoast SEO plugin. -->","yoast_head_json":{"title":"Scopri le Hawaii con la tua autorizzazione ESTA","description":"Scopri le Hawaii con la tua autorizzazione ESTA in tasca","robots":{"index":"index","follow":"follow","max-snippet":"max-snippet:-1","max-image-preview":"max-image-preview:large","max-video-preview":"max-video-preview:-1"},"canonical":"https:\/\/www.esta-officiel-usa.com\/it\/scopri-le-hawaii-con-la-tua-autorizzazione-esta\/","og_locale":"it_IT","og_type":"article","og_title":"Scopri le Hawaii con la tua autorizzazione ESTA","og_description":"Scopri le Hawaii con la tua autorizzazione ESTA in tasca","og_url":"https:\/\/www.esta-officiel-usa.com\/it\/scopri-le-hawaii-con-la-tua-autorizzazione-esta\/","og_site_name":"ESTA - Stati Uniti","twitter_card":"summary_large_image","twitter_misc":{"Tempo di lettura stimato":"4 minuti"},"schema":{"@context":"https:\/\/schema.org","@graph":[{"@type":"WebPage","@id":"https:\/\/www.esta-officiel-usa.com\/it\/scopri-le-hawaii-con-la-tua-autorizzazione-esta\/","url":"https:\/\/www.esta-officiel-usa.com\/it\/scopri-le-hawaii-con-la-tua-autorizzazione-esta\/","name":"Scopri le Hawaii con la tua autorizzazione ESTA","isPartOf":{"@id":"https:\/\/www.esta-officiel-usa.com\/it\/#website"},"datePublished":"2025-09-13T12:01:11+00:00","description":"Scopri le Hawaii con la tua autorizzazione ESTA in tasca","breadcrumb":{"@id":"https:\/\/www.esta-officiel-usa.com\/it\/scopri-le-hawaii-con-la-tua-autorizzazione-esta\/#breadcrumb"},"inLanguage":"it-IT","potentialAction":[{"@type":"ReadAction","target":["https:\/\/www.esta-officiel-usa.com\/it\/scopri-le-hawaii-con-la-tua-autorizzazione-esta\/"]}]},{"@type":"BreadcrumbList","@id":"https:\/\/www.esta-officiel-usa.com\/it\/scopri-le-hawaii-con-la-tua-autorizzazione-esta\/#breadcrumb","itemListElement":[{"@type":"ListItem","position":1,"name":"Casa","item":"https:\/\/www.esta-officiel-usa.com\/it\/"},{"@type":"ListItem","position":2,"name":"Scopri le Hawaii con la tua autorizzazione ESTA"}]},{"@type":"WebSite","@id":"https:\/\/www.esta-officiel-usa.com\/it\/#website","url":"https:\/\/www.esta-officiel-usa.com\/it\/","name":"ESTA - Stati Uniti","description":"Modulo di richiesta ESTA","potentialAction":[{"@type":"SearchAction","target":{"@type":"EntryPoint","urlTemplate":"https:\/\/www.esta-officiel-usa.com\/it\/?s={search_term_string}"},"query-input":{"@type":"PropertyValueSpecification","valueRequired":true,"valueName":"search_term_string"}}],"inLanguage":"it-IT"}]}},"_links":{"self":[{"href":"https:\/\/www.esta-officiel-usa.com\/it\/wp-json\/wp\/v2\/pages\/1133","targetHints":{"allow":["GET"]}}],"collection":[{"href":"https:\/\/www.esta-officiel-usa.com\/it\/wp-json\/wp\/v2\/pages"}],"about":[{"href":"https:\/\/www.esta-officiel-usa.com\/it\/wp-json\/wp\/v2\/types\/page"}],"author":[{"embeddable":true,"href":"https:\/\/www.esta-officiel-usa.com\/it\/wp-json\/wp\/v2\/users\/1"}],"replies":[{"embeddable":true,"href":"https:\/\/www.esta-officiel-usa.com\/it\/wp-json\/wp\/v2\/comments?post=1133"}],"version-history":[{"count":1,"href":"https:\/\/www.esta-officiel-usa.com\/it\/wp-json\/wp\/v2\/pages\/1133\/revisions"}],"predecessor-version":[{"id":1134,"href":"https:\/\/www.esta-officiel-usa.com\/it\/wp-json\/wp\/v2\/pages\/1133\/revisions\/1134"}],"wp:attachment":[{"href":"https:\/\/www.esta-officiel-usa.com\/it\/wp-json\/wp\/v2\/media?parent=1133"}],"curies":[{"name":"wp","href":"https:\/\/api.w.org\/{rel}","templated":true}]}}