{"id":1147,"date":"2025-09-13T12:01:23","date_gmt":"2025-09-13T12:01:23","guid":{"rendered":"https:\/\/www.esta-officiel-usa.com\/autorizzazione-di-viaggio-eta-canada\/"},"modified":"2025-09-13T12:01:24","modified_gmt":"2025-09-13T12:01:24","slug":"autorizzazione-di-viaggio-eta-canada","status":"publish","type":"page","link":"https:\/\/www.esta-officiel-usa.com\/it\/autorizzazione-di-viaggio-eta-canada\/","title":{"rendered":"Autorizzazione di viaggio ETA Canada"},"content":{"rendered":"\n<h1 class=\"wp-block-heading\">AGGIORNAMENTO DELL&#8217;AUTORIZZAZIONE DI VIAGGIO ETA CANADA<\/h1>\n\n<p>Il governo canadese ha introdotto un processo di autorizzazione al viaggio, simile al sistema di<a href=\"https:\/\/www.esta-officiel-usa.com\/fr\/lautorisation-esta\/\">autorizzazione ESTA<\/a> introdotto dagli Stati Uniti un decennio fa, per consentire ai viaggiatori di visitare o transitare in Canada. Lanciato il 10 novembre 2016, l&#8217;ETA Canada mira a rafforzare la sicurezza delle frontiere canadesi, facilitando al contempo l&#8217;ingresso alle persone che desiderano visitare il Paese per motivi turistici o di lavoro. <\/p>\n\n<h2 class=\"wp-block-heading\">ETA CANADA: CHI \u00c8 INTERESSATO?<\/h2>\n\n<p>Per richiedere l&#8217;ETA Canada, i viaggiatori devono essere cittadini di uno dei paesi che hanno firmato accordi con il governo canadese:<\/p>\n\n<figure class=\"wp-block-table\"><table><tbody><tr><td>Germania<\/td><td>Spagna<\/td><td>Islanda<\/td><td>Polonia<\/td><td>Vaticano<\/td><\/tr><tr><td>Andorra<\/td><td>Estonia<\/td><td>Italia<\/td><td>Portogallo<\/td><td><strong><strong>Uruguay<\/strong><\/strong><\/td><\/tr><tr><td>Anguilla<\/td><td>Finlandia<\/td><td>Giappone<\/td><td>Repubblica Ceca<\/td><td><strong>Antigua e Barbuda<\/strong><\/td><\/tr><tr><td>Australia<\/td><td>Francia<\/td><td>Lettonia<\/td><td>Repubblica di Corea<\/td><td><strong>Argentina<\/strong><\/td><\/tr><tr><td>Austria<\/td><td>Gibilterra<\/td><td>Liechtenstein<\/td><td>Romania<\/td><td><strong>Costa Rica<\/strong><\/td><\/tr><tr><td>Bahamas<\/td><td>Grecia<\/td><td>Lituania<\/td><td>UK<\/td><td><strong>Marocco<\/strong><\/td><\/tr><tr><td>Barbados<\/td><td>Hong Kong<\/td><td>Lussemburgo<\/td><td>Sainte-H\u00e9l\u00e8ne<\/td><td><strong>Panama<\/strong><\/td><\/tr><tr><td>Belgio<\/td><td>Ungheria<\/td><td>Malta<\/td><td>San Marino<\/td><td><strong>Filippine<\/strong><\/td><\/tr><tr><td>Bermuda<\/td><td>Isole Cayman<\/td><td>Messico<\/td><td>Samoa<\/td><td><strong>Saint Kitts e Nevis<\/strong><\/td><\/tr><tr><td>Brunei<\/td><td>Isole Falkland<\/td><td>monaco<\/td><td>Singapore<\/td><td><strong>Santa Lucia<\/strong><\/td><\/tr><tr><td>Bulgaria<\/td><td>Isole Pitcairn<\/td><td>Montserrat<\/td><td>Slovacchia<\/td><td><strong>Saint Vincent e Grenadine<\/strong><\/td><\/tr><tr><td>Chile<\/td><td>Isole Salomone<\/td><td>Norvegia<\/td><td>Slovenia<\/td><td><strong>Seychelles<\/strong><\/td><\/tr><tr><td>Cipro<\/td><td>Isole Turks e Caicos<\/td><td>Nuova Zelanda<\/td><td>Svezia<\/td><td><strong>Thailandia<\/strong><\/td><\/tr><tr><td>Croazia<\/td><td>Isole Vergini britanniche<\/td><td>Papua Nuova Guinea<\/td><td>svizzero<\/td><td><strong>Trinidad e Tobago<\/strong><\/td><\/tr><tr><td>Danimarca<\/td><td>Irlanda<\/td><td>Olanda<\/td><td>Taiwan<\/td><td><\/td><\/tr><\/tbody><\/table><\/figure>\n\n<p>Puoi richiedere un ETA Canada utilizzando il modulo scaricabile disponibile sul sito web del <a href=\"http:\/\/www.cic.gc.ca\/francais\/visiter\/ave-commencer.asp\">governo canadese<\/a>. La procedura \u00e8 molto semplice e richiede solo pochi minuti del tuo tempo: porta con te il passaporto, che deve essere valido per il periodo del tuo soggiorno. Una volta pagata la tassa di $7 per la richiesta, riceverai una risposta via e-mail entro 72 ore.  <\/p>\n\n<p><strong>Importante <\/strong>: se viaggi in famiglia, non \u00e8 possibile fare una domanda di gruppo: devi compilare un modulo <a href=\"https:\/\/ca-canada.net\/it\/\">eTA Canada<\/a> per ogni adulto e bambino.<\/p>\n\n<h2 class=\"wp-block-heading\">QUALI SONO I VANTAGGI DI UN ETA CANADA?<\/h2>\n\n<p>Come il suo precursore americano, l&#8217;Autorizzazione al Viaggio permette ai viaggiatori di fare a meno del visto tradizionale, che spesso \u00e8 pi\u00f9 <a href=\"https:\/\/www.esta-officiel-usa.com\/fr\/le-prix-dun-esta\/\">costoso<\/a> e richiede tempi di attesa molto lunghi. Una volta ottenuto l&#8217;ETA Canada, il documento ti autorizza a recarti in Canada tutte le volte che vuoi per un periodo di 5 anni. Se la tua richiesta viene rifiutata, non significa che ti verr\u00e0 vietato di entrare in Canada, ma che dovrai recarti all&#8217;ambasciata per ottenere un visto.  <\/p>\n\n<p><strong>Nota <\/strong>: con l&#8217;ETA Canada, ogni soggiorno che desideri intraprendere \u00e8 limitato a un massimo di 6 mesi. Tuttavia, puoi rinnovare il tuo soggiorno pi\u00f9 volte durante la sua validit\u00e0. <\/p>\n\n<p>Con la recente creazione dell&#8217;ETA Canada, sembra che questo sistema computerizzato di autorizzazione al viaggio abbia conquistato sempre pi\u00f9 paesi negli ultimi anni. Introdotto dagli Stati Uniti nel 2009, il sistema offre vantaggi sia ai viaggiatori che alle autorit\u00e0 del paese interessato: <\/p>\n\n<ul class=\"wp-block-list\">\n<li>Verifica l&#8217;identit\u00e0 e lo scopo dei turisti;<\/li>\n\n\n\n<li>Rafforzare la sicurezza delle frontiere e degli aeroporti;<\/li>\n\n\n\n<li>Finanziare campagne di promozione turistica;<\/li>\n\n\n\n<li>Esenzione dal visto per i viaggiatori ;<\/li>\n\n\n\n<li>Rapido e poco costoso da ottenere.<\/li>\n<\/ul>\n\n<p>L&#8217;Europa, che sembra anch&#8217;essa interessata al concetto, prevede di implementare la propria autorizzazione di viaggio nel 2025.<\/p>\n","protected":false},"excerpt":{"rendered":"<p>AGGIORNAMENTO DELL&#8217;AUTORIZZAZIONE DI VIAGGIO ETA CANADA Il governo canadese ha introdotto un processo di autorizzazione al viaggio, simile al sistema diautorizzazione ESTA introdotto dagli Stati Uniti un decennio fa, per consentire ai viaggiatori di visitare o transitare in Canada. Lanciato il 10 novembre 2016, l&#8217;ETA Canada mira a rafforzare la sicurezza delle frontiere canadesi, facilitando [&hellip;]<\/p>\n","protected":false},"author":1,"featured_media":0,"parent":0,"menu_order":0,"comment_status":"closed","ping_status":"closed","template":"","meta":{"footnotes":""},"class_list":["post-1147","page","type-page","status-publish","hentry"],"yoast_head":"<!-- This site is optimized with the Yoast SEO plugin v26.2 - https:\/\/yoast.com\/wordpress\/plugins\/seo\/ -->\n<title>Autorizzazione di viaggio ETA Canada<\/title>\n<meta name=\"description\" content=\"Il governo canadese ha introdotto un processo di autorizzazione al viaggio simile al sistema di autorizzazione ESTA.\" \/>\n<meta name=\"robots\" content=\"index, follow, max-snippet:-1, max-image-preview:large, max-video-preview:-1\" \/>\n<link rel=\"canonical\" href=\"https:\/\/www.esta-officiel-usa.com\/it\/autorizzazione-di-viaggio-eta-canada\/\" \/>\n<meta property=\"og:locale\" content=\"it_IT\" \/>\n<meta property=\"og:type\" content=\"article\" \/>\n<meta property=\"og:title\" content=\"Autorizzazione di viaggio ETA Canada\" \/>\n<meta property=\"og:description\" content=\"Il governo canadese ha introdotto un processo di autorizzazione al viaggio simile al sistema di autorizzazione ESTA.\" \/>\n<meta property=\"og:url\" content=\"https:\/\/www.esta-officiel-usa.com\/it\/autorizzazione-di-viaggio-eta-canada\/\" \/>\n<meta property=\"og:site_name\" content=\"ESTA - Stati Uniti\" \/>\n<meta property=\"article:modified_time\" content=\"2025-09-13T12:01:24+00:00\" \/>\n<meta name=\"twitter:card\" content=\"summary_large_image\" \/>\n<meta name=\"twitter:label1\" content=\"Tempo di lettura stimato\" \/>\n\t<meta name=\"twitter:data1\" content=\"2 minuti\" \/>\n<script type=\"application\/ld+json\" class=\"yoast-schema-graph\">{\"@context\":\"https:\/\/schema.org\",\"@graph\":[{\"@type\":\"WebPage\",\"@id\":\"https:\/\/www.esta-officiel-usa.com\/it\/autorizzazione-di-viaggio-eta-canada\/\",\"url\":\"https:\/\/www.esta-officiel-usa.com\/it\/autorizzazione-di-viaggio-eta-canada\/\",\"name\":\"Autorizzazione di viaggio ETA Canada\",\"isPartOf\":{\"@id\":\"https:\/\/www.esta-officiel-usa.com\/it\/#website\"},\"datePublished\":\"2025-09-13T12:01:23+00:00\",\"dateModified\":\"2025-09-13T12:01:24+00:00\",\"description\":\"Il governo canadese ha introdotto un processo di autorizzazione al viaggio simile al sistema di autorizzazione ESTA.\",\"breadcrumb\":{\"@id\":\"https:\/\/www.esta-officiel-usa.com\/it\/autorizzazione-di-viaggio-eta-canada\/#breadcrumb\"},\"inLanguage\":\"it-IT\",\"potentialAction\":[{\"@type\":\"ReadAction\",\"target\":[\"https:\/\/www.esta-officiel-usa.com\/it\/autorizzazione-di-viaggio-eta-canada\/\"]}]},{\"@type\":\"BreadcrumbList\",\"@id\":\"https:\/\/www.esta-officiel-usa.com\/it\/autorizzazione-di-viaggio-eta-canada\/#breadcrumb\",\"itemListElement\":[{\"@type\":\"ListItem\",\"position\":1,\"name\":\"Casa\",\"item\":\"https:\/\/www.esta-officiel-usa.com\/it\/\"},{\"@type\":\"ListItem\",\"position\":2,\"name\":\"Autorizzazione di viaggio ETA Canada\"}]},{\"@type\":\"WebSite\",\"@id\":\"https:\/\/www.esta-officiel-usa.com\/it\/#website\",\"url\":\"https:\/\/www.esta-officiel-usa.com\/it\/\",\"name\":\"ESTA - Stati Uniti\",\"description\":\"Modulo di richiesta ESTA\",\"potentialAction\":[{\"@type\":\"SearchAction\",\"target\":{\"@type\":\"EntryPoint\",\"urlTemplate\":\"https:\/\/www.esta-officiel-usa.com\/it\/?s={search_term_string}\"},\"query-input\":{\"@type\":\"PropertyValueSpecification\",\"valueRequired\":true,\"valueName\":\"search_term_string\"}}],\"inLanguage\":\"it-IT\"}]}<\/script>\n<!-- \/ Yoast SEO plugin. -->","yoast_head_json":{"title":"Autorizzazione di viaggio ETA Canada","description":"Il governo canadese ha introdotto un processo di autorizzazione al viaggio simile al sistema di autorizzazione ESTA.","robots":{"index":"index","follow":"follow","max-snippet":"max-snippet:-1","max-image-preview":"max-image-preview:large","max-video-preview":"max-video-preview:-1"},"canonical":"https:\/\/www.esta-officiel-usa.com\/it\/autorizzazione-di-viaggio-eta-canada\/","og_locale":"it_IT","og_type":"article","og_title":"Autorizzazione di viaggio ETA Canada","og_description":"Il governo canadese ha introdotto un processo di autorizzazione al viaggio simile al sistema di autorizzazione ESTA.","og_url":"https:\/\/www.esta-officiel-usa.com\/it\/autorizzazione-di-viaggio-eta-canada\/","og_site_name":"ESTA - Stati Uniti","article_modified_time":"2025-09-13T12:01:24+00:00","twitter_card":"summary_large_image","twitter_misc":{"Tempo di lettura stimato":"2 minuti"},"schema":{"@context":"https:\/\/schema.org","@graph":[{"@type":"WebPage","@id":"https:\/\/www.esta-officiel-usa.com\/it\/autorizzazione-di-viaggio-eta-canada\/","url":"https:\/\/www.esta-officiel-usa.com\/it\/autorizzazione-di-viaggio-eta-canada\/","name":"Autorizzazione di viaggio ETA Canada","isPartOf":{"@id":"https:\/\/www.esta-officiel-usa.com\/it\/#website"},"datePublished":"2025-09-13T12:01:23+00:00","dateModified":"2025-09-13T12:01:24+00:00","description":"Il governo canadese ha introdotto un processo di autorizzazione al viaggio simile al sistema di autorizzazione ESTA.","breadcrumb":{"@id":"https:\/\/www.esta-officiel-usa.com\/it\/autorizzazione-di-viaggio-eta-canada\/#breadcrumb"},"inLanguage":"it-IT","potentialAction":[{"@type":"ReadAction","target":["https:\/\/www.esta-officiel-usa.com\/it\/autorizzazione-di-viaggio-eta-canada\/"]}]},{"@type":"BreadcrumbList","@id":"https:\/\/www.esta-officiel-usa.com\/it\/autorizzazione-di-viaggio-eta-canada\/#breadcrumb","itemListElement":[{"@type":"ListItem","position":1,"name":"Casa","item":"https:\/\/www.esta-officiel-usa.com\/it\/"},{"@type":"ListItem","position":2,"name":"Autorizzazione di viaggio ETA Canada"}]},{"@type":"WebSite","@id":"https:\/\/www.esta-officiel-usa.com\/it\/#website","url":"https:\/\/www.esta-officiel-usa.com\/it\/","name":"ESTA - Stati Uniti","description":"Modulo di richiesta ESTA","potentialAction":[{"@type":"SearchAction","target":{"@type":"EntryPoint","urlTemplate":"https:\/\/www.esta-officiel-usa.com\/it\/?s={search_term_string}"},"query-input":{"@type":"PropertyValueSpecification","valueRequired":true,"valueName":"search_term_string"}}],"inLanguage":"it-IT"}]}},"_links":{"self":[{"href":"https:\/\/www.esta-officiel-usa.com\/it\/wp-json\/wp\/v2\/pages\/1147","targetHints":{"allow":["GET"]}}],"collection":[{"href":"https:\/\/www.esta-officiel-usa.com\/it\/wp-json\/wp\/v2\/pages"}],"about":[{"href":"https:\/\/www.esta-officiel-usa.com\/it\/wp-json\/wp\/v2\/types\/page"}],"author":[{"embeddable":true,"href":"https:\/\/www.esta-officiel-usa.com\/it\/wp-json\/wp\/v2\/users\/1"}],"replies":[{"embeddable":true,"href":"https:\/\/www.esta-officiel-usa.com\/it\/wp-json\/wp\/v2\/comments?post=1147"}],"version-history":[{"count":1,"href":"https:\/\/www.esta-officiel-usa.com\/it\/wp-json\/wp\/v2\/pages\/1147\/revisions"}],"predecessor-version":[{"id":1150,"href":"https:\/\/www.esta-officiel-usa.com\/it\/wp-json\/wp\/v2\/pages\/1147\/revisions\/1150"}],"wp:attachment":[{"href":"https:\/\/www.esta-officiel-usa.com\/it\/wp-json\/wp\/v2\/media?parent=1147"}],"curies":[{"name":"wp","href":"https:\/\/api.w.org\/{rel}","templated":true}]}}