{"id":1153,"date":"2025-09-13T12:01:27","date_gmt":"2025-09-13T12:01:27","guid":{"rendered":"https:\/\/www.esta-officiel-usa.com\/perche-il-mio-esta-e-stato-rifiutato\/"},"modified":"2025-09-13T12:01:28","modified_gmt":"2025-09-13T12:01:28","slug":"perche-il-mio-esta-e-stato-rifiutato","status":"publish","type":"page","link":"https:\/\/www.esta-officiel-usa.com\/it\/perche-il-mio-esta-e-stato-rifiutato\/","title":{"rendered":"Perch\u00e9 il mio ESTA \u00e8 stato rifiutato?"},"content":{"rendered":"\n<h1 class=\"wp-block-heading\">ESTA RIFIUTATO<\/h1>\n\n<p>Negli ultimi anni, gli Stati Uniti hanno imposto una serie di misure di sicurezza e di controllo dell&#8217;immigrazione, in particolare negli aeroporti.<\/p>\n\n<p>Il Dipartimento di Sicurezza Nazionale degli Stati Uniti ha introdotto il <a href=\"https:\/\/www.esta-officiel-usa.com\/it\/modulo-esta-a-chi-e-destinato\/\">modulo ESTA<\/a> per rafforzare la sicurezza interna degli Stati Uniti nell&#8217;ambito del Programma Viaggio senza Visto (Visa Waiver Program), che consente ai cittadini di 38 paesi di recarsi negli Stati Uniti senza visto.<\/p>\n\n<p>Quando compili il <a href=\"https:\/\/www.esta-officiel-usa.com\/it\/\">modulo di richiesta<\/a><a href=\"https:\/\/www.esta-officiel-usa.com\/it\/cose-lesta\/\">ESTA<\/a>, le autorit\u00e0 americane potrebbero rifiutarsi di accogliere la tua richiesta, bloccando cos\u00ec il tuo accesso al paese.  <\/p>\n\n<p>La prima cosa da fare \u00e8 rileggere le informazioni fornite nelle <a href=\"https:\/\/www.esta-officiel-usa.com\/it\/condizioni-per-ottenere-lesta\/\">3 sezioni del modulo<\/a> e verificare che siano tutte corrette (errori di battitura, inversione di numeri o lettere, nome da sposato al posto del nome da nubile, omissioni, ecc.) In questo caso, devi verificare le condizioni di ammissibilit\u00e0.   <\/p>\n\n<h2 class=\"wp-block-heading\">L&#8217;A<a href=\"javascript:void('Nero')\"><\/a>LTERNATIVA: IL VISTO TURISTICO PER GLI USA<\/h2>\n\n<p>Se ricevi la risposta &#8220;viaggio non autorizzato&#8221;, ma desideri continuare a pianificare il tuo viaggio d&#8217;affari o turistico, puoi consultare online le varie <a href=\"https:\/\/www.esta-officiel-usa.com\/fr\/les-formalites-dentree-aux-etats-unis\/\">formalit\u00e0<\/a> da seguire per la richiesta di un <a href=\"https:\/\/www.esta-officiel-usa.com\/fr\/difference-entre-esta-et-demande-de-visa-usa\/\">visto turistico USA<\/a>. Il rifiuto dell&#8217;autorizzazione al viaggio ti vieta di viaggiare nell&#8217;ambito del Programma Viaggio senza Visto (Visa Waiver Programme), ma non interferisce con il tuo diritto di ottenere un <a href=\"https:\/\/www.esta-officiel-usa.com\/it\/visti-b1-e-b2-per-lingresso-negli-stati-uniti\/\">visto turistico<\/a> USA (o visto di tipo B).  <\/p>\n\n<p>Tutto ci\u00f2 che devi fare \u00e8 visitare il sito web del Dipartimento di Stato degli Stati Uniti all&#8217;indirizzo <a href=\"http:\/\/www.travel.state.gov\/\">www.travel.state.gov.<\/a> L\u00ec troverai tutti i dettagli della procedura per ottenere un <a href=\"https:\/\/www.esta-officiel-usa.com\/fr\/etats-unis-demander-un-visa-ou-lesta\/\">visto turistico USA invece di un ESTA<\/a>. <\/p>\n\n<p>La richiesta di un visto comporta un costo maggiore e un processo pi\u00f9 lungo, che include un appuntamento con un funzionario consolare presso l&#8217;ambasciata americana. \u00c8 quindi consigliabile verificare prima il motivo per cui la tua domanda ESTA \u00e8 stata rifiutata.   <\/p>\n\n<p><strong>Attenzione: <\/strong>qualsiasi falsa <a href=\"https:\/\/www.esta-officiel-usa.com\/fr\/la-declaration-esta\/\">dichiarazione ESTA<\/a> al fine di ricevere una risposta positiva pu\u00f2 comportare il divieto permanente di ingresso negli Stati Uniti.<\/p>\n","protected":false},"excerpt":{"rendered":"<p>ESTA RIFIUTATO Negli ultimi anni, gli Stati Uniti hanno imposto una serie di misure di sicurezza e di controllo dell&#8217;immigrazione, in particolare negli aeroporti. Il Dipartimento di Sicurezza Nazionale degli Stati Uniti ha introdotto il modulo ESTA per rafforzare la sicurezza interna degli Stati Uniti nell&#8217;ambito del Programma Viaggio senza Visto (Visa Waiver Program), che [&hellip;]<\/p>\n","protected":false},"author":1,"featured_media":0,"parent":0,"menu_order":0,"comment_status":"closed","ping_status":"closed","template":"","meta":{"footnotes":""},"class_list":["post-1153","page","type-page","status-publish","hentry"],"yoast_head":"<!-- This site is optimized with the Yoast SEO plugin v26.2 - https:\/\/yoast.com\/wordpress\/plugins\/seo\/ -->\n<title>Perch\u00e9 il mio ESTA \u00e8 stato rifiutato?<\/title>\n<meta name=\"description\" content=\"Negli ultimi anni, gli Stati Uniti hanno imposto una serie di misure di sicurezza come l&#039;ESTA. Scopri perch\u00e9 l&#039;ESTA viene rifiutata.\" \/>\n<meta name=\"robots\" content=\"index, follow, max-snippet:-1, max-image-preview:large, max-video-preview:-1\" \/>\n<link rel=\"canonical\" href=\"https:\/\/www.esta-officiel-usa.com\/it\/perche-il-mio-esta-e-stato-rifiutato\/\" \/>\n<meta property=\"og:locale\" content=\"it_IT\" \/>\n<meta property=\"og:type\" content=\"article\" \/>\n<meta property=\"og:title\" content=\"Perch\u00e9 il mio ESTA \u00e8 stato rifiutato?\" \/>\n<meta property=\"og:description\" content=\"Negli ultimi anni, gli Stati Uniti hanno imposto una serie di misure di sicurezza come l&#039;ESTA. Scopri perch\u00e9 l&#039;ESTA viene rifiutata.\" \/>\n<meta property=\"og:url\" content=\"https:\/\/www.esta-officiel-usa.com\/it\/perche-il-mio-esta-e-stato-rifiutato\/\" \/>\n<meta property=\"og:site_name\" content=\"ESTA - Stati Uniti\" \/>\n<meta property=\"article:modified_time\" content=\"2025-09-13T12:01:28+00:00\" \/>\n<meta name=\"twitter:card\" content=\"summary_large_image\" \/>\n<meta name=\"twitter:label1\" content=\"Tempo di lettura stimato\" \/>\n\t<meta name=\"twitter:data1\" content=\"2 minuti\" \/>\n<script type=\"application\/ld+json\" class=\"yoast-schema-graph\">{\"@context\":\"https:\/\/schema.org\",\"@graph\":[{\"@type\":\"WebPage\",\"@id\":\"https:\/\/www.esta-officiel-usa.com\/it\/perche-il-mio-esta-e-stato-rifiutato\/\",\"url\":\"https:\/\/www.esta-officiel-usa.com\/it\/perche-il-mio-esta-e-stato-rifiutato\/\",\"name\":\"Perch\u00e9 il mio ESTA \u00e8 stato rifiutato?\",\"isPartOf\":{\"@id\":\"https:\/\/www.esta-officiel-usa.com\/it\/#website\"},\"datePublished\":\"2025-09-13T12:01:27+00:00\",\"dateModified\":\"2025-09-13T12:01:28+00:00\",\"description\":\"Negli ultimi anni, gli Stati Uniti hanno imposto una serie di misure di sicurezza come l'ESTA. Scopri perch\u00e9 l'ESTA viene rifiutata.\",\"breadcrumb\":{\"@id\":\"https:\/\/www.esta-officiel-usa.com\/it\/perche-il-mio-esta-e-stato-rifiutato\/#breadcrumb\"},\"inLanguage\":\"it-IT\",\"potentialAction\":[{\"@type\":\"ReadAction\",\"target\":[\"https:\/\/www.esta-officiel-usa.com\/it\/perche-il-mio-esta-e-stato-rifiutato\/\"]}]},{\"@type\":\"BreadcrumbList\",\"@id\":\"https:\/\/www.esta-officiel-usa.com\/it\/perche-il-mio-esta-e-stato-rifiutato\/#breadcrumb\",\"itemListElement\":[{\"@type\":\"ListItem\",\"position\":1,\"name\":\"Casa\",\"item\":\"https:\/\/www.esta-officiel-usa.com\/it\/\"},{\"@type\":\"ListItem\",\"position\":2,\"name\":\"Perch\u00e9 il mio ESTA \u00e8 stato rifiutato?\"}]},{\"@type\":\"WebSite\",\"@id\":\"https:\/\/www.esta-officiel-usa.com\/it\/#website\",\"url\":\"https:\/\/www.esta-officiel-usa.com\/it\/\",\"name\":\"ESTA - Stati Uniti\",\"description\":\"Modulo di richiesta ESTA\",\"potentialAction\":[{\"@type\":\"SearchAction\",\"target\":{\"@type\":\"EntryPoint\",\"urlTemplate\":\"https:\/\/www.esta-officiel-usa.com\/it\/?s={search_term_string}\"},\"query-input\":{\"@type\":\"PropertyValueSpecification\",\"valueRequired\":true,\"valueName\":\"search_term_string\"}}],\"inLanguage\":\"it-IT\"}]}<\/script>\n<!-- \/ Yoast SEO plugin. -->","yoast_head_json":{"title":"Perch\u00e9 il mio ESTA \u00e8 stato rifiutato?","description":"Negli ultimi anni, gli Stati Uniti hanno imposto una serie di misure di sicurezza come l'ESTA. Scopri perch\u00e9 l'ESTA viene rifiutata.","robots":{"index":"index","follow":"follow","max-snippet":"max-snippet:-1","max-image-preview":"max-image-preview:large","max-video-preview":"max-video-preview:-1"},"canonical":"https:\/\/www.esta-officiel-usa.com\/it\/perche-il-mio-esta-e-stato-rifiutato\/","og_locale":"it_IT","og_type":"article","og_title":"Perch\u00e9 il mio ESTA \u00e8 stato rifiutato?","og_description":"Negli ultimi anni, gli Stati Uniti hanno imposto una serie di misure di sicurezza come l'ESTA. Scopri perch\u00e9 l'ESTA viene rifiutata.","og_url":"https:\/\/www.esta-officiel-usa.com\/it\/perche-il-mio-esta-e-stato-rifiutato\/","og_site_name":"ESTA - Stati Uniti","article_modified_time":"2025-09-13T12:01:28+00:00","twitter_card":"summary_large_image","twitter_misc":{"Tempo di lettura stimato":"2 minuti"},"schema":{"@context":"https:\/\/schema.org","@graph":[{"@type":"WebPage","@id":"https:\/\/www.esta-officiel-usa.com\/it\/perche-il-mio-esta-e-stato-rifiutato\/","url":"https:\/\/www.esta-officiel-usa.com\/it\/perche-il-mio-esta-e-stato-rifiutato\/","name":"Perch\u00e9 il mio ESTA \u00e8 stato rifiutato?","isPartOf":{"@id":"https:\/\/www.esta-officiel-usa.com\/it\/#website"},"datePublished":"2025-09-13T12:01:27+00:00","dateModified":"2025-09-13T12:01:28+00:00","description":"Negli ultimi anni, gli Stati Uniti hanno imposto una serie di misure di sicurezza come l'ESTA. Scopri perch\u00e9 l'ESTA viene rifiutata.","breadcrumb":{"@id":"https:\/\/www.esta-officiel-usa.com\/it\/perche-il-mio-esta-e-stato-rifiutato\/#breadcrumb"},"inLanguage":"it-IT","potentialAction":[{"@type":"ReadAction","target":["https:\/\/www.esta-officiel-usa.com\/it\/perche-il-mio-esta-e-stato-rifiutato\/"]}]},{"@type":"BreadcrumbList","@id":"https:\/\/www.esta-officiel-usa.com\/it\/perche-il-mio-esta-e-stato-rifiutato\/#breadcrumb","itemListElement":[{"@type":"ListItem","position":1,"name":"Casa","item":"https:\/\/www.esta-officiel-usa.com\/it\/"},{"@type":"ListItem","position":2,"name":"Perch\u00e9 il mio ESTA \u00e8 stato rifiutato?"}]},{"@type":"WebSite","@id":"https:\/\/www.esta-officiel-usa.com\/it\/#website","url":"https:\/\/www.esta-officiel-usa.com\/it\/","name":"ESTA - Stati Uniti","description":"Modulo di richiesta ESTA","potentialAction":[{"@type":"SearchAction","target":{"@type":"EntryPoint","urlTemplate":"https:\/\/www.esta-officiel-usa.com\/it\/?s={search_term_string}"},"query-input":{"@type":"PropertyValueSpecification","valueRequired":true,"valueName":"search_term_string"}}],"inLanguage":"it-IT"}]}},"_links":{"self":[{"href":"https:\/\/www.esta-officiel-usa.com\/it\/wp-json\/wp\/v2\/pages\/1153","targetHints":{"allow":["GET"]}}],"collection":[{"href":"https:\/\/www.esta-officiel-usa.com\/it\/wp-json\/wp\/v2\/pages"}],"about":[{"href":"https:\/\/www.esta-officiel-usa.com\/it\/wp-json\/wp\/v2\/types\/page"}],"author":[{"embeddable":true,"href":"https:\/\/www.esta-officiel-usa.com\/it\/wp-json\/wp\/v2\/users\/1"}],"replies":[{"embeddable":true,"href":"https:\/\/www.esta-officiel-usa.com\/it\/wp-json\/wp\/v2\/comments?post=1153"}],"version-history":[{"count":1,"href":"https:\/\/www.esta-officiel-usa.com\/it\/wp-json\/wp\/v2\/pages\/1153\/revisions"}],"predecessor-version":[{"id":1154,"href":"https:\/\/www.esta-officiel-usa.com\/it\/wp-json\/wp\/v2\/pages\/1153\/revisions\/1154"}],"wp:attachment":[{"href":"https:\/\/www.esta-officiel-usa.com\/it\/wp-json\/wp\/v2\/media?parent=1153"}],"curies":[{"name":"wp","href":"https:\/\/api.w.org\/{rel}","templated":true}]}}