{"id":1157,"date":"2025-09-13T12:01:31","date_gmt":"2025-09-13T12:01:31","guid":{"rendered":"https:\/\/www.esta-officiel-usa.com\/la-differenza-tra-unesta-e-una-domanda-di-visto\/"},"modified":"2025-09-13T16:32:09","modified_gmt":"2025-09-13T16:32:09","slug":"la-differenza-tra-unesta-e-una-domanda-di-visto","status":"publish","type":"page","link":"https:\/\/www.esta-officiel-usa.com\/it\/la-differenza-tra-unesta-e-una-domanda-di-visto\/","title":{"rendered":"La differenza tra un&#8217;ESTA e una domanda di visto"},"content":{"rendered":"\n<h1 class=\"wp-block-heading\">QUAL \u00c8 LA DIFFERENZA TRA UNA DOMANDA DI VISTO PER GLI STATI UNITI E UNA DOMANDA DI VISTO ESTA?<\/h1>\n\n<p>Per recarsi negli Stati Uniti per un periodo inferiore ai 90 giorni, non \u00e8 necessario richiedere un visto USA, ma \u00e8 sufficiente ottenere un&#8217;<a href=\"https:\/\/www.esta-officiel-usa.com\/it\/\">autorizzazione ufficiale ESTA<\/a> (autorizzazione al viaggio).<\/p>\n\n<p>Il contenuto di questa pagina ti aiuter\u00e0 a capire meglio la differenza tra questi due elementi.<\/p>\n\n<h2 class=\"wp-block-heading\">RICHIESTA DEL VISTO USA: INFORMAZIONI UTILI<\/h2>\n\n<p>Il <a href=\"https:\/\/www.esta-officiel-usa.com\/it\/condizioni-per-ottenere-lesta\/\">visto per gli USA<\/a> \u00e8 un documento rilasciato dalle autorit\u00e0 americane che i viaggiatori stranieri devono esibire al momento dell&#8217;ingresso negli Stati Uniti. La <a href=\"https:\/\/www.esta-officiel-usa.com\/it\/i-principali-visti-per-gli-stati-uniti\/\">domanda di visto<\/a> deve essere inviata all&#8217;ambasciata o al consolato generale americano. <\/p>\n\n<p>Non \u00e8 facile<a href=\"https:\/\/www.esta-officiel-usa.com\/it\/richiedere-un-visto-per-gli-stati-uniti\/\">ottenere un visto per gli Stati Uniti<\/a>, in quanto sono richiesti numerosi documenti e prove (dei tuoi mezzi finanziari, del fatto che non desideri rimanere negli Stati Uniti per un periodo pi\u00f9 lungo, ecc.) Anche un colloquio \u00e8 un requisito fondamentale per ottenere il visto. <\/p>\n\n<p>Il tipo di visto dipende dalla natura del soggiorno. Esiste un visto statunitense per ogni situazione (visti B e C per i visitatori, visti F, J e M per gli studenti, <a href=\"https:\/\/www.esta-officiel-usa.com\/it\/investire-negli-stati-uniti-con-un-visto-e1-e2\/\">visti<\/a> <a href=\"https:\/\/www.esta-officiel-usa.com\/it\/visto-l1-per-trasferimenti-esecutivi-negli-usa\/\">L1<\/a>, H1b e E1\/E2 per i lavoratori, ecc.) La durata, le condizioni e le modalit\u00e0 di ottenimento dipendono dal visto in questione. Il costo della richiesta di un VISA USA \u00e8 superiore a quello dell&#8217;autorizzazione di viaggio <a href=\"https:\/\/www.esta-officiel-usa.com\/it\/esta-come-ottenere-questo-documento\/\">ESTA<\/a>.   <\/p>\n\n<h2 class=\"wp-block-heading\">ESTA: UNA DOMANDA DI AUTORIZZAZIONE SEMPLIFICATA<\/h2>\n\n<p>Hai intenzione di visitare gli Stati Uniti per meno di 90 giorni? Non \u00e8 necessario richiedere un VISTO USA, ma solo un&#8217;ESTA! <\/p>\n\n<p>Il governo statunitense vorr\u00e0 semplicemente assicurarsi, prima di partire, che tu non sia inammissibile e controller\u00e0 il tuo background (comportamento e salute) prima di darti una risposta.<\/p>\n\n<p><a href=\"https:\/\/www.esta-officiel-usa.com\/it\/differenza-tra-esta-e-visto-usa\/\">A differenza del visto, l&#8217;ESTA<\/a> non \u00e8 un documento a s\u00e9 stante e non pu\u00f2 essere richiesto presso un&#8217;ambasciata statunitense. \u00c8 necessario fare una semplice richiesta utilizzando un <a href=\"https:\/\/www.esta-officiel-usa.com\/it\/modulo-esta-a-chi-e-destinato\/\">modulo ESTA<\/a> online. <\/p>\n\n<p>Se hai intenzione di visitare gli Stati Uniti per affari o per piacere per un periodo massimo di 90 giorni, non \u00e8 necessario richiedere un <a href=\"https:\/\/www.esta-officiel-usa.com\/it\/per-quanto-tempo-e-valido-un-visto-usa\/\">visto<\/a> per gli Stati Uniti: ti basta un&#8217;autorizzazione ESTA (valida per 2 anni). Grazie a questa <a href=\"https:\/\/www.esta-officiel-usa.com\/it\/la-procedura-esta-per-gli-stati-uniti\/\">procedura<\/a>, le formalit\u00e0 amministrative richieste ai viaggiatori negli Stati Uniti sono state enormemente semplificate! <\/p>\n\n<p>Se desideri recarti negli Stati Uniti per lavorare, dovrai richiedere una <a href=\"https:\/\/www.esta-officiel-usa.com\/it\/richiesta-di-una-carta-verde-per-motivi-di-lavoro\/\">green card<\/a>.<\/p>\n","protected":false},"excerpt":{"rendered":"<p>QUAL \u00c8 LA DIFFERENZA TRA UNA DOMANDA DI VISTO PER GLI STATI UNITI E UNA DOMANDA DI VISTO ESTA? Per recarsi negli Stati Uniti per un periodo inferiore ai 90 giorni, non \u00e8 necessario richiedere un visto USA, ma \u00e8 sufficiente ottenere un&#8217;autorizzazione ufficiale ESTA (autorizzazione al viaggio). Il contenuto di questa pagina ti aiuter\u00e0 [&hellip;]<\/p>\n","protected":false},"author":1,"featured_media":0,"parent":0,"menu_order":0,"comment_status":"closed","ping_status":"closed","template":"","meta":{"footnotes":""},"class_list":["post-1157","page","type-page","status-publish","hentry"],"yoast_head":"<!-- This site is optimized with the Yoast SEO plugin v26.2 - https:\/\/yoast.com\/wordpress\/plugins\/seo\/ -->\n<title>La differenza tra un&#039;ESTA e una domanda di visto<\/title>\n<meta name=\"description\" content=\"Per recarsi negli Stati Uniti per 90 giorni non \u00e8 necessario richiedere un visto, ma \u00e8 sufficiente ottenere l&#039;autorizzazione ESTA.\" \/>\n<meta name=\"robots\" content=\"index, follow, max-snippet:-1, max-image-preview:large, max-video-preview:-1\" \/>\n<link rel=\"canonical\" href=\"https:\/\/www.esta-officiel-usa.com\/it\/la-differenza-tra-unesta-e-una-domanda-di-visto\/\" \/>\n<meta property=\"og:locale\" content=\"it_IT\" \/>\n<meta property=\"og:type\" content=\"article\" \/>\n<meta property=\"og:title\" content=\"La differenza tra un&#039;ESTA e una domanda di visto\" \/>\n<meta property=\"og:description\" content=\"Per recarsi negli Stati Uniti per 90 giorni non \u00e8 necessario richiedere un visto, ma \u00e8 sufficiente ottenere l&#039;autorizzazione ESTA.\" \/>\n<meta property=\"og:url\" content=\"https:\/\/www.esta-officiel-usa.com\/it\/la-differenza-tra-unesta-e-una-domanda-di-visto\/\" \/>\n<meta property=\"og:site_name\" content=\"ESTA - Stati Uniti\" \/>\n<meta property=\"article:modified_time\" content=\"2025-09-13T16:32:09+00:00\" \/>\n<meta name=\"twitter:card\" content=\"summary_large_image\" \/>\n<meta name=\"twitter:label1\" content=\"Tempo di lettura stimato\" \/>\n\t<meta name=\"twitter:data1\" content=\"2 minuti\" \/>\n<script type=\"application\/ld+json\" class=\"yoast-schema-graph\">{\"@context\":\"https:\/\/schema.org\",\"@graph\":[{\"@type\":\"WebPage\",\"@id\":\"https:\/\/www.esta-officiel-usa.com\/it\/la-differenza-tra-unesta-e-una-domanda-di-visto\/\",\"url\":\"https:\/\/www.esta-officiel-usa.com\/it\/la-differenza-tra-unesta-e-una-domanda-di-visto\/\",\"name\":\"La differenza tra un'ESTA e una domanda di visto\",\"isPartOf\":{\"@id\":\"https:\/\/www.esta-officiel-usa.com\/it\/#website\"},\"datePublished\":\"2025-09-13T12:01:31+00:00\",\"dateModified\":\"2025-09-13T16:32:09+00:00\",\"description\":\"Per recarsi negli Stati Uniti per 90 giorni non \u00e8 necessario richiedere un visto, ma \u00e8 sufficiente ottenere l'autorizzazione ESTA.\",\"breadcrumb\":{\"@id\":\"https:\/\/www.esta-officiel-usa.com\/it\/la-differenza-tra-unesta-e-una-domanda-di-visto\/#breadcrumb\"},\"inLanguage\":\"it-IT\",\"potentialAction\":[{\"@type\":\"ReadAction\",\"target\":[\"https:\/\/www.esta-officiel-usa.com\/it\/la-differenza-tra-unesta-e-una-domanda-di-visto\/\"]}]},{\"@type\":\"BreadcrumbList\",\"@id\":\"https:\/\/www.esta-officiel-usa.com\/it\/la-differenza-tra-unesta-e-una-domanda-di-visto\/#breadcrumb\",\"itemListElement\":[{\"@type\":\"ListItem\",\"position\":1,\"name\":\"Casa\",\"item\":\"https:\/\/www.esta-officiel-usa.com\/it\/\"},{\"@type\":\"ListItem\",\"position\":2,\"name\":\"La differenza tra un&#8217;ESTA e una domanda di visto\"}]},{\"@type\":\"WebSite\",\"@id\":\"https:\/\/www.esta-officiel-usa.com\/it\/#website\",\"url\":\"https:\/\/www.esta-officiel-usa.com\/it\/\",\"name\":\"ESTA - Stati Uniti\",\"description\":\"Modulo di richiesta ESTA\",\"potentialAction\":[{\"@type\":\"SearchAction\",\"target\":{\"@type\":\"EntryPoint\",\"urlTemplate\":\"https:\/\/www.esta-officiel-usa.com\/it\/?s={search_term_string}\"},\"query-input\":{\"@type\":\"PropertyValueSpecification\",\"valueRequired\":true,\"valueName\":\"search_term_string\"}}],\"inLanguage\":\"it-IT\"}]}<\/script>\n<!-- \/ Yoast SEO plugin. -->","yoast_head_json":{"title":"La differenza tra un'ESTA e una domanda di visto","description":"Per recarsi negli Stati Uniti per 90 giorni non \u00e8 necessario richiedere un visto, ma \u00e8 sufficiente ottenere l'autorizzazione ESTA.","robots":{"index":"index","follow":"follow","max-snippet":"max-snippet:-1","max-image-preview":"max-image-preview:large","max-video-preview":"max-video-preview:-1"},"canonical":"https:\/\/www.esta-officiel-usa.com\/it\/la-differenza-tra-unesta-e-una-domanda-di-visto\/","og_locale":"it_IT","og_type":"article","og_title":"La differenza tra un'ESTA e una domanda di visto","og_description":"Per recarsi negli Stati Uniti per 90 giorni non \u00e8 necessario richiedere un visto, ma \u00e8 sufficiente ottenere l'autorizzazione ESTA.","og_url":"https:\/\/www.esta-officiel-usa.com\/it\/la-differenza-tra-unesta-e-una-domanda-di-visto\/","og_site_name":"ESTA - Stati Uniti","article_modified_time":"2025-09-13T16:32:09+00:00","twitter_card":"summary_large_image","twitter_misc":{"Tempo di lettura stimato":"2 minuti"},"schema":{"@context":"https:\/\/schema.org","@graph":[{"@type":"WebPage","@id":"https:\/\/www.esta-officiel-usa.com\/it\/la-differenza-tra-unesta-e-una-domanda-di-visto\/","url":"https:\/\/www.esta-officiel-usa.com\/it\/la-differenza-tra-unesta-e-una-domanda-di-visto\/","name":"La differenza tra un'ESTA e una domanda di visto","isPartOf":{"@id":"https:\/\/www.esta-officiel-usa.com\/it\/#website"},"datePublished":"2025-09-13T12:01:31+00:00","dateModified":"2025-09-13T16:32:09+00:00","description":"Per recarsi negli Stati Uniti per 90 giorni non \u00e8 necessario richiedere un visto, ma \u00e8 sufficiente ottenere l'autorizzazione ESTA.","breadcrumb":{"@id":"https:\/\/www.esta-officiel-usa.com\/it\/la-differenza-tra-unesta-e-una-domanda-di-visto\/#breadcrumb"},"inLanguage":"it-IT","potentialAction":[{"@type":"ReadAction","target":["https:\/\/www.esta-officiel-usa.com\/it\/la-differenza-tra-unesta-e-una-domanda-di-visto\/"]}]},{"@type":"BreadcrumbList","@id":"https:\/\/www.esta-officiel-usa.com\/it\/la-differenza-tra-unesta-e-una-domanda-di-visto\/#breadcrumb","itemListElement":[{"@type":"ListItem","position":1,"name":"Casa","item":"https:\/\/www.esta-officiel-usa.com\/it\/"},{"@type":"ListItem","position":2,"name":"La differenza tra un&#8217;ESTA e una domanda di visto"}]},{"@type":"WebSite","@id":"https:\/\/www.esta-officiel-usa.com\/it\/#website","url":"https:\/\/www.esta-officiel-usa.com\/it\/","name":"ESTA - Stati Uniti","description":"Modulo di richiesta ESTA","potentialAction":[{"@type":"SearchAction","target":{"@type":"EntryPoint","urlTemplate":"https:\/\/www.esta-officiel-usa.com\/it\/?s={search_term_string}"},"query-input":{"@type":"PropertyValueSpecification","valueRequired":true,"valueName":"search_term_string"}}],"inLanguage":"it-IT"}]}},"_links":{"self":[{"href":"https:\/\/www.esta-officiel-usa.com\/it\/wp-json\/wp\/v2\/pages\/1157","targetHints":{"allow":["GET"]}}],"collection":[{"href":"https:\/\/www.esta-officiel-usa.com\/it\/wp-json\/wp\/v2\/pages"}],"about":[{"href":"https:\/\/www.esta-officiel-usa.com\/it\/wp-json\/wp\/v2\/types\/page"}],"author":[{"embeddable":true,"href":"https:\/\/www.esta-officiel-usa.com\/it\/wp-json\/wp\/v2\/users\/1"}],"replies":[{"embeddable":true,"href":"https:\/\/www.esta-officiel-usa.com\/it\/wp-json\/wp\/v2\/comments?post=1157"}],"version-history":[{"count":8,"href":"https:\/\/www.esta-officiel-usa.com\/it\/wp-json\/wp\/v2\/pages\/1157\/revisions"}],"predecessor-version":[{"id":2160,"href":"https:\/\/www.esta-officiel-usa.com\/it\/wp-json\/wp\/v2\/pages\/1157\/revisions\/2160"}],"wp:attachment":[{"href":"https:\/\/www.esta-officiel-usa.com\/it\/wp-json\/wp\/v2\/media?parent=1157"}],"curies":[{"name":"wp","href":"https:\/\/api.w.org\/{rel}","templated":true}]}}