{"id":1167,"date":"2025-09-13T12:01:38","date_gmt":"2025-09-13T12:01:38","guid":{"rendered":"https:\/\/www.esta-officiel-usa.com\/ottieni-il-modulo-esta-online\/"},"modified":"2025-09-13T12:01:38","modified_gmt":"2025-09-13T12:01:38","slug":"ottieni-il-modulo-esta-online","status":"publish","type":"page","link":"https:\/\/www.esta-officiel-usa.com\/it\/ottieni-il-modulo-esta-online\/","title":{"rendered":"Ottieni il modulo ESTA online"},"content":{"rendered":"\n<h1 class=\"wp-block-heading\">RICHIEDI IL TUO ESTA ONLINE<\/h1>\n\n<p>Per recarsi negli Stati Uniti \u00e8 necessario un permesso di soggiorno. L&#8217;ESTA online \u00e8 il documento pi\u00f9 semplice e <a href=\"https:\/\/www.esta-officiel-usa.com\/fr\/la-veritable-utilite-de-lesta\/\">utile<\/a> da ottenere. Il nostro team ti spiegher\u00e0 come ottenerlo.  <\/p>\n\n<h2 class=\"wp-block-heading\">ESTA ONLINE USA<\/h2>\n\n<p>Le autorit\u00e0 americane, desiderose di preservare la sicurezza del paese, filtrano gli ingressi nel loro territorio. Di conseguenza, tutti i cittadini non americani devono espletare alcune <a href=\"https:\/\/www.esta-officiel-usa.com\/fr\/les-formalites-dentree-aux-etats-unis\/\">formalit\u00e0 prima di partire per gli Stati Uniti<\/a>, come il possesso di un passaporto valido e di un documento aggiornato che autorizzi l&#8217;ingresso. <\/p>\n\n<p>Ad oggi esistono tre forme di autorizzazione:<\/p>\n\n<ul class=\"wp-block-list\"><li><a href=\"https:\/\/www.esta-officiel-usa.com\/it\/la-differenza-tra-unesta-e-una-domanda-di-visto\/\">Visto USA<\/a>;<\/li><li>la <a href=\"https:\/\/www.esta-officiel-usa.com\/fr\/obtenir-une-green-card-par-la-loterie\/\">carta verde<\/a>;<\/li><li><a href=\"https:\/\/www.esta-officiel-usa.com\/it\/\">ESTA<\/a>.<\/li><\/ul>\n\n<p>Per i viaggiatori che desiderano visitare gli Stati Uniti per un massimo di 90 giorni consecutivi, l&#8217;ESTA online \u00e8 la soluzione migliore.<\/p>\n\n<p>Valida per due anni (o fino alla scadenza del passaporto se precedente), questa autorizzazione consente di effettuare pi\u00f9 visite, sia per turismo che per affari.<\/p>\n\n<p>La richiesta dell&#8217;ESTA \u00e8 semplice e deve essere effettuata online. Al momento non esistono altri modi per ottenere l&#8217;ESTA. Puoi ordinare subito il tuo modulo. Tutte le procedure relative all&#8217;ESTA possono essere eseguite online, come ad esempio la ricerca di un <a href=\"https:\/\/www.esta-officiel-usa.com\/fr\/esta-perdu-que-faire\/\">ESTA smarrito<\/a>.   <\/p>\n\n<h2 class=\"wp-block-heading\">MODULO ONLINE<\/h2>\n\n<p>Sulla piattaforma ufficiale, puoi accedere a un <a href=\"https:\/\/www.esta-officiel-usa.com\/it\/modulo-esta-da-compilare-in-francese\/\">modulo ESTA tradotto in francese<\/a>.<\/p>\n\n<p>Le <a href=\"https:\/\/www.esta-officiel-usa.com\/fr\/toutes-les-questions-posees-formulaire-esta-etats-unis\/\">domande<\/a> da compilare riguardano il tuo stato civile, la tua residenza, il tuo stato di salute e la tua fedina penale. Alcune delle informazioni da compilare sono riportate sul tuo passaporto (che deve essere elettronico o biometrico), quindi assicurati di averlo con te quando fai domanda. <\/p>\n\n<p>Una volta completato il modulo ESTA online, controlla tutte le informazioni fornite e convalida la tua domanda online.<\/p>\n\n<p>Lo riceverai il giorno stesso o al massimo entro 72 ore! Potrai poi<a href=\"https:\/\/www.esta-officiel-usa.com\/fr\/doit-on-obligatoirement-imprimer-lesta\/\"> stampare l&#8217;ESTA<\/a> o salvarlo per evitare complicazioni durante i controlli. <\/p>\n","protected":false},"excerpt":{"rendered":"<p>RICHIEDI IL TUO ESTA ONLINE Per recarsi negli Stati Uniti \u00e8 necessario un permesso di soggiorno. L&#8217;ESTA online \u00e8 il documento pi\u00f9 semplice e utile da ottenere. Il nostro team ti spiegher\u00e0 come ottenerlo. ESTA ONLINE USA Le autorit\u00e0 americane, desiderose di preservare la sicurezza del paese, filtrano gli ingressi nel loro territorio. Di conseguenza, [&hellip;]<\/p>\n","protected":false},"author":1,"featured_media":0,"parent":0,"menu_order":0,"comment_status":"closed","ping_status":"closed","template":"","meta":{"footnotes":""},"class_list":["post-1167","page","type-page","status-publish","hentry"],"yoast_head":"<!-- This site is optimized with the Yoast SEO plugin v26.2 - https:\/\/yoast.com\/wordpress\/plugins\/seo\/ -->\n<title>Ottieni il modulo ESTA online<\/title>\n<meta name=\"description\" content=\"Per rafforzare la sicurezza negli Stati Uniti, il governo ha introdotto l&#039;ESTA e la nostra pagina spiega come ottenere il modulo online.\" \/>\n<meta name=\"robots\" content=\"index, follow, max-snippet:-1, max-image-preview:large, max-video-preview:-1\" \/>\n<link rel=\"canonical\" href=\"https:\/\/www.esta-officiel-usa.com\/it\/ottieni-il-modulo-esta-online\/\" \/>\n<meta property=\"og:locale\" content=\"it_IT\" \/>\n<meta property=\"og:type\" content=\"article\" \/>\n<meta property=\"og:title\" content=\"Ottieni il modulo ESTA online\" \/>\n<meta property=\"og:description\" content=\"Per rafforzare la sicurezza negli Stati Uniti, il governo ha introdotto l&#039;ESTA e la nostra pagina spiega come ottenere il modulo online.\" \/>\n<meta property=\"og:url\" content=\"https:\/\/www.esta-officiel-usa.com\/it\/ottieni-il-modulo-esta-online\/\" \/>\n<meta property=\"og:site_name\" content=\"ESTA - Stati Uniti\" \/>\n<meta name=\"twitter:card\" content=\"summary_large_image\" \/>\n<meta name=\"twitter:label1\" content=\"Tempo di lettura stimato\" \/>\n\t<meta name=\"twitter:data1\" content=\"1 minuto\" \/>\n<script type=\"application\/ld+json\" class=\"yoast-schema-graph\">{\"@context\":\"https:\/\/schema.org\",\"@graph\":[{\"@type\":\"WebPage\",\"@id\":\"https:\/\/www.esta-officiel-usa.com\/it\/ottieni-il-modulo-esta-online\/\",\"url\":\"https:\/\/www.esta-officiel-usa.com\/it\/ottieni-il-modulo-esta-online\/\",\"name\":\"Ottieni il modulo ESTA online\",\"isPartOf\":{\"@id\":\"https:\/\/www.esta-officiel-usa.com\/it\/#website\"},\"datePublished\":\"2025-09-13T12:01:38+00:00\",\"description\":\"Per rafforzare la sicurezza negli Stati Uniti, il governo ha introdotto l'ESTA e la nostra pagina spiega come ottenere il modulo online.\",\"breadcrumb\":{\"@id\":\"https:\/\/www.esta-officiel-usa.com\/it\/ottieni-il-modulo-esta-online\/#breadcrumb\"},\"inLanguage\":\"it-IT\",\"potentialAction\":[{\"@type\":\"ReadAction\",\"target\":[\"https:\/\/www.esta-officiel-usa.com\/it\/ottieni-il-modulo-esta-online\/\"]}]},{\"@type\":\"BreadcrumbList\",\"@id\":\"https:\/\/www.esta-officiel-usa.com\/it\/ottieni-il-modulo-esta-online\/#breadcrumb\",\"itemListElement\":[{\"@type\":\"ListItem\",\"position\":1,\"name\":\"Casa\",\"item\":\"https:\/\/www.esta-officiel-usa.com\/it\/\"},{\"@type\":\"ListItem\",\"position\":2,\"name\":\"Ottieni il modulo ESTA online\"}]},{\"@type\":\"WebSite\",\"@id\":\"https:\/\/www.esta-officiel-usa.com\/it\/#website\",\"url\":\"https:\/\/www.esta-officiel-usa.com\/it\/\",\"name\":\"ESTA - Stati Uniti\",\"description\":\"Modulo di richiesta ESTA\",\"potentialAction\":[{\"@type\":\"SearchAction\",\"target\":{\"@type\":\"EntryPoint\",\"urlTemplate\":\"https:\/\/www.esta-officiel-usa.com\/it\/?s={search_term_string}\"},\"query-input\":{\"@type\":\"PropertyValueSpecification\",\"valueRequired\":true,\"valueName\":\"search_term_string\"}}],\"inLanguage\":\"it-IT\"}]}<\/script>\n<!-- \/ Yoast SEO plugin. -->","yoast_head_json":{"title":"Ottieni il modulo ESTA online","description":"Per rafforzare la sicurezza negli Stati Uniti, il governo ha introdotto l'ESTA e la nostra pagina spiega come ottenere il modulo online.","robots":{"index":"index","follow":"follow","max-snippet":"max-snippet:-1","max-image-preview":"max-image-preview:large","max-video-preview":"max-video-preview:-1"},"canonical":"https:\/\/www.esta-officiel-usa.com\/it\/ottieni-il-modulo-esta-online\/","og_locale":"it_IT","og_type":"article","og_title":"Ottieni il modulo ESTA online","og_description":"Per rafforzare la sicurezza negli Stati Uniti, il governo ha introdotto l'ESTA e la nostra pagina spiega come ottenere il modulo online.","og_url":"https:\/\/www.esta-officiel-usa.com\/it\/ottieni-il-modulo-esta-online\/","og_site_name":"ESTA - Stati Uniti","twitter_card":"summary_large_image","twitter_misc":{"Tempo di lettura stimato":"1 minuto"},"schema":{"@context":"https:\/\/schema.org","@graph":[{"@type":"WebPage","@id":"https:\/\/www.esta-officiel-usa.com\/it\/ottieni-il-modulo-esta-online\/","url":"https:\/\/www.esta-officiel-usa.com\/it\/ottieni-il-modulo-esta-online\/","name":"Ottieni il modulo ESTA online","isPartOf":{"@id":"https:\/\/www.esta-officiel-usa.com\/it\/#website"},"datePublished":"2025-09-13T12:01:38+00:00","description":"Per rafforzare la sicurezza negli Stati Uniti, il governo ha introdotto l'ESTA e la nostra pagina spiega come ottenere il modulo online.","breadcrumb":{"@id":"https:\/\/www.esta-officiel-usa.com\/it\/ottieni-il-modulo-esta-online\/#breadcrumb"},"inLanguage":"it-IT","potentialAction":[{"@type":"ReadAction","target":["https:\/\/www.esta-officiel-usa.com\/it\/ottieni-il-modulo-esta-online\/"]}]},{"@type":"BreadcrumbList","@id":"https:\/\/www.esta-officiel-usa.com\/it\/ottieni-il-modulo-esta-online\/#breadcrumb","itemListElement":[{"@type":"ListItem","position":1,"name":"Casa","item":"https:\/\/www.esta-officiel-usa.com\/it\/"},{"@type":"ListItem","position":2,"name":"Ottieni il modulo ESTA online"}]},{"@type":"WebSite","@id":"https:\/\/www.esta-officiel-usa.com\/it\/#website","url":"https:\/\/www.esta-officiel-usa.com\/it\/","name":"ESTA - Stati Uniti","description":"Modulo di richiesta ESTA","potentialAction":[{"@type":"SearchAction","target":{"@type":"EntryPoint","urlTemplate":"https:\/\/www.esta-officiel-usa.com\/it\/?s={search_term_string}"},"query-input":{"@type":"PropertyValueSpecification","valueRequired":true,"valueName":"search_term_string"}}],"inLanguage":"it-IT"}]}},"_links":{"self":[{"href":"https:\/\/www.esta-officiel-usa.com\/it\/wp-json\/wp\/v2\/pages\/1167","targetHints":{"allow":["GET"]}}],"collection":[{"href":"https:\/\/www.esta-officiel-usa.com\/it\/wp-json\/wp\/v2\/pages"}],"about":[{"href":"https:\/\/www.esta-officiel-usa.com\/it\/wp-json\/wp\/v2\/types\/page"}],"author":[{"embeddable":true,"href":"https:\/\/www.esta-officiel-usa.com\/it\/wp-json\/wp\/v2\/users\/1"}],"replies":[{"embeddable":true,"href":"https:\/\/www.esta-officiel-usa.com\/it\/wp-json\/wp\/v2\/comments?post=1167"}],"version-history":[{"count":1,"href":"https:\/\/www.esta-officiel-usa.com\/it\/wp-json\/wp\/v2\/pages\/1167\/revisions"}],"predecessor-version":[{"id":1170,"href":"https:\/\/www.esta-officiel-usa.com\/it\/wp-json\/wp\/v2\/pages\/1167\/revisions\/1170"}],"wp:attachment":[{"href":"https:\/\/www.esta-officiel-usa.com\/it\/wp-json\/wp\/v2\/media?parent=1167"}],"curies":[{"name":"wp","href":"https:\/\/api.w.org\/{rel}","templated":true}]}}