{"id":1172,"date":"2025-09-13T12:01:41","date_gmt":"2025-09-13T12:01:41","guid":{"rendered":"https:\/\/www.esta-officiel-usa.com\/come-studiare-in-ununiversita-americana\/"},"modified":"2025-09-13T12:01:41","modified_gmt":"2025-09-13T12:01:41","slug":"come-studiare-in-ununiversita-americana","status":"publish","type":"page","link":"https:\/\/www.esta-officiel-usa.com\/it\/come-studiare-in-ununiversita-americana\/","title":{"rendered":"Come studiare in un&#8217;universit\u00e0 americana"},"content":{"rendered":"\n<h1 class=\"wp-block-heading\">STUDIARE IN UN&#8217;UNIVERSIT\u00c0 AMERICANA<\/h1>\n\n<p>Proprio come le scuole dei film americani, le universit\u00e0 americane sono invidiate in tutto il mondo. Con un insegnamento di altissima qualit\u00e0, grandi campus e una vasta gamma di attivit\u00e0 extra-curriculari, \u00e8 facile capire perch\u00e9 gli studenti vogliano trascorrere parte dei loro studi universitari dall&#8217;altra parte dell&#8217;Atlantico. Harvard, MIT, Princeton e Yale sono solo alcune delle universit\u00e0 che molti studenti sognano di frequentare. Oltre a rendere il tuo CV ancora pi\u00f9 interessante, ti permette di immergerti completamente nella cultura americana, di scoprire un altro sistema educativo e di parlare un inglese perfetto. Sei tentato dall&#8217;idea di studiare all&#8217;estero dopo gli esami di maturit\u00e0? Ma come si fa a entrare in una delle prestigiose universit\u00e0 sul suolo americano? \u00c8 sufficiente l&#8217;<a href=\"https:\/\/www.esta-officiel-usa.com\/it\/\">ESTA<\/a> o devi richiedere un visto? Abbiamo le risposte in questo articolo!       <\/p>\n\n<h2 class=\"wp-block-heading\">QUANTO COSTA STUDIARE NEGLI STATI UNITI?<\/h2>\n\n<p>Le tasse universitarie sono commisurate alla reputazione delle universit\u00e0 americane. Infatti, un gran numero di istituti scolastici sono classificati tra i migliori al mondo. <\/p>\n\n<p>Come in Francia, esistono universit\u00e0 pubbliche e private.<\/p>\n\n<p>Le tasse scolastiche per un anno universitario variano da 15.000 a 50.000 euro.<\/p>\n\n<p>Gli Stati Uniti sono aperti agli studenti di tutto il mondo per formare candidati di talento in discipline come la scienza, l&#8217;arte o lo sport e offrire loro un lavoro in seguito.<br\/> <\/p>\n\n<h2 class=\"wp-block-heading\">COME SI FINANZIANO GLI STUDI NEGLI STATI UNITI?<\/h2>\n\n<p>Il costo degli studi pu\u00f2 essere una prospettiva scoraggiante per molte persone, soprattutto se non provieni da una famiglia benestante, ma ci sono diverse soluzioni per aiutarti a finanziare i tuoi studi negli Stati Uniti.<\/p>\n\n<p>In primo luogo, \u00e8 possibile ottenere una borsa di studio, anche se \u00e8 difficile per gli studenti stranieri. Nella maggior parte dei casi, gli aiuti finanziari vengono concessi a studenti con un particolare talento e straordinarie capacit\u00e0, sia intellettuali che sportive, poich\u00e9 le universit\u00e0 sono molto selettive. <\/p>\n\n<p>In secondo luogo, \u00e8 possibile per gli studenti combinare i corsi con un piccolo lavoro. Quindi non avrai problemi a trovare un lavoro nel campus! Puoi lavorare nella ristorazione, nella sorveglianza della biblioteca, ecc.  <\/p>\n\n<p>Infine, puoi richiedere un prestito alla tua banca. Si tratta di una decisione da non prendere alla leggera, in quanto si tratta di un impegno importante. <br\/> <\/p>\n\n<h2 class=\"wp-block-heading\">COSA DEVO FARE PER STUDIARE NEGLI STATI UNITI?<\/h2>\n\n<p>Una volta sistemato l&#8217;aspetto finanziario, \u00e8 il momento di espletare alcune formalit\u00e0 amministrative. Se vuoi venire negli Stati Uniti e<a href=\"https:\/\/www.esta-officiel-usa.com\/fr\/connaissez-vous-les-differences-entre-les-visas-j1-et-f1\/\">studiare<\/a> in una delle migliori universit\u00e0, devi richiedere un visto F1. <\/p>\n\n<p>Il processo pu\u00f2 essere lungo, quindi ti consigliamo di pianificare per tempo. Prima di richiedere un visto, devi essere ammesso a un&#8217;universit\u00e0 ospitante negli Stati Uniti. Dovrai poi compilare il modulo l-20, che serve a registrare gli studenti nel sistema SEVIS (Student and Exchange Visitor Information). \u00c8 necessario compilare un secondo modulo, il DS-160. Devi compilare questo modulo nel modo pi\u00f9 onesto possibile, poich\u00e9 le autorit\u00e0 americane sono tutt&#8217;altro che flessibili. Devi pagare una certa somma per la tua richiesta di visto. Ti verr\u00e0 rilasciato un numero di 10 cifre, quindi non perderlo: ti servir\u00e0. Per la fase finale, avrai un appuntamento presso l&#8217;ambasciata statunitense, che sar\u00e0 decisivo. Una volta accettata la tua domanda, potrai studiare negli Stati Uniti e iniziare il tuo sogno americano!        <\/p>\n\n<p>Per maggiori informazioni, visita le nostre pagine <a href=\"https:\/\/www.esta-officiel-usa.com\/it\/esta-domande-frequenti\/\">FAQ<\/a>, <a href=\"https:\/\/www.esta-officiel-usa.com\/it\/esta-sezione-di-aiuto\/\">Aiuto<\/a> e <a href=\"https:\/\/www.esta-officiel-usa.com\/fr\/lexicon\/\">Glossario<\/a>!<\/p>\n","protected":false},"excerpt":{"rendered":"<p>STUDIARE IN UN&#8217;UNIVERSIT\u00c0 AMERICANA Proprio come le scuole dei film americani, le universit\u00e0 americane sono invidiate in tutto il mondo. Con un insegnamento di altissima qualit\u00e0, grandi campus e una vasta gamma di attivit\u00e0 extra-curriculari, \u00e8 facile capire perch\u00e9 gli studenti vogliano trascorrere parte dei loro studi universitari dall&#8217;altra parte dell&#8217;Atlantico. Harvard, MIT, Princeton e [&hellip;]<\/p>\n","protected":false},"author":1,"featured_media":0,"parent":0,"menu_order":0,"comment_status":"closed","ping_status":"closed","template":"","meta":{"footnotes":""},"class_list":["post-1172","page","type-page","status-publish","hentry"],"yoast_head":"<!-- This site is optimized with the Yoast SEO plugin v26.2 - https:\/\/yoast.com\/wordpress\/plugins\/seo\/ -->\n<title>Come studiare in un&#039;universit\u00e0 americana<\/title>\n<meta name=\"description\" content=\"Grazie ai grandi campus, alla vasta gamma di attivit\u00e0 e all&#039;istruzione superiore, gli Stati Uniti sono un luogo molto popolare per studiare.\" \/>\n<meta name=\"robots\" content=\"index, follow, max-snippet:-1, max-image-preview:large, max-video-preview:-1\" \/>\n<link rel=\"canonical\" href=\"https:\/\/www.esta-officiel-usa.com\/it\/come-studiare-in-ununiversita-americana\/\" \/>\n<meta property=\"og:locale\" content=\"it_IT\" \/>\n<meta property=\"og:type\" content=\"article\" \/>\n<meta property=\"og:title\" content=\"Come studiare in un&#039;universit\u00e0 americana\" \/>\n<meta property=\"og:description\" content=\"Grazie ai grandi campus, alla vasta gamma di attivit\u00e0 e all&#039;istruzione superiore, gli Stati Uniti sono un luogo molto popolare per studiare.\" \/>\n<meta property=\"og:url\" content=\"https:\/\/www.esta-officiel-usa.com\/it\/come-studiare-in-ununiversita-americana\/\" \/>\n<meta property=\"og:site_name\" content=\"ESTA - Stati Uniti\" \/>\n<meta name=\"twitter:card\" content=\"summary_large_image\" \/>\n<meta name=\"twitter:label1\" content=\"Tempo di lettura stimato\" \/>\n\t<meta name=\"twitter:data1\" content=\"3 minuti\" \/>\n<script type=\"application\/ld+json\" class=\"yoast-schema-graph\">{\"@context\":\"https:\/\/schema.org\",\"@graph\":[{\"@type\":\"WebPage\",\"@id\":\"https:\/\/www.esta-officiel-usa.com\/it\/come-studiare-in-ununiversita-americana\/\",\"url\":\"https:\/\/www.esta-officiel-usa.com\/it\/come-studiare-in-ununiversita-americana\/\",\"name\":\"Come studiare in un'universit\u00e0 americana\",\"isPartOf\":{\"@id\":\"https:\/\/www.esta-officiel-usa.com\/it\/#website\"},\"datePublished\":\"2025-09-13T12:01:41+00:00\",\"description\":\"Grazie ai grandi campus, alla vasta gamma di attivit\u00e0 e all'istruzione superiore, gli Stati Uniti sono un luogo molto popolare per studiare.\",\"breadcrumb\":{\"@id\":\"https:\/\/www.esta-officiel-usa.com\/it\/come-studiare-in-ununiversita-americana\/#breadcrumb\"},\"inLanguage\":\"it-IT\",\"potentialAction\":[{\"@type\":\"ReadAction\",\"target\":[\"https:\/\/www.esta-officiel-usa.com\/it\/come-studiare-in-ununiversita-americana\/\"]}]},{\"@type\":\"BreadcrumbList\",\"@id\":\"https:\/\/www.esta-officiel-usa.com\/it\/come-studiare-in-ununiversita-americana\/#breadcrumb\",\"itemListElement\":[{\"@type\":\"ListItem\",\"position\":1,\"name\":\"Casa\",\"item\":\"https:\/\/www.esta-officiel-usa.com\/it\/\"},{\"@type\":\"ListItem\",\"position\":2,\"name\":\"Come studiare in un&#8217;universit\u00e0 americana\"}]},{\"@type\":\"WebSite\",\"@id\":\"https:\/\/www.esta-officiel-usa.com\/it\/#website\",\"url\":\"https:\/\/www.esta-officiel-usa.com\/it\/\",\"name\":\"ESTA - Stati Uniti\",\"description\":\"Modulo di richiesta ESTA\",\"potentialAction\":[{\"@type\":\"SearchAction\",\"target\":{\"@type\":\"EntryPoint\",\"urlTemplate\":\"https:\/\/www.esta-officiel-usa.com\/it\/?s={search_term_string}\"},\"query-input\":{\"@type\":\"PropertyValueSpecification\",\"valueRequired\":true,\"valueName\":\"search_term_string\"}}],\"inLanguage\":\"it-IT\"}]}<\/script>\n<!-- \/ Yoast SEO plugin. -->","yoast_head_json":{"title":"Come studiare in un'universit\u00e0 americana","description":"Grazie ai grandi campus, alla vasta gamma di attivit\u00e0 e all'istruzione superiore, gli Stati Uniti sono un luogo molto popolare per studiare.","robots":{"index":"index","follow":"follow","max-snippet":"max-snippet:-1","max-image-preview":"max-image-preview:large","max-video-preview":"max-video-preview:-1"},"canonical":"https:\/\/www.esta-officiel-usa.com\/it\/come-studiare-in-ununiversita-americana\/","og_locale":"it_IT","og_type":"article","og_title":"Come studiare in un'universit\u00e0 americana","og_description":"Grazie ai grandi campus, alla vasta gamma di attivit\u00e0 e all'istruzione superiore, gli Stati Uniti sono un luogo molto popolare per studiare.","og_url":"https:\/\/www.esta-officiel-usa.com\/it\/come-studiare-in-ununiversita-americana\/","og_site_name":"ESTA - Stati Uniti","twitter_card":"summary_large_image","twitter_misc":{"Tempo di lettura stimato":"3 minuti"},"schema":{"@context":"https:\/\/schema.org","@graph":[{"@type":"WebPage","@id":"https:\/\/www.esta-officiel-usa.com\/it\/come-studiare-in-ununiversita-americana\/","url":"https:\/\/www.esta-officiel-usa.com\/it\/come-studiare-in-ununiversita-americana\/","name":"Come studiare in un'universit\u00e0 americana","isPartOf":{"@id":"https:\/\/www.esta-officiel-usa.com\/it\/#website"},"datePublished":"2025-09-13T12:01:41+00:00","description":"Grazie ai grandi campus, alla vasta gamma di attivit\u00e0 e all'istruzione superiore, gli Stati Uniti sono un luogo molto popolare per studiare.","breadcrumb":{"@id":"https:\/\/www.esta-officiel-usa.com\/it\/come-studiare-in-ununiversita-americana\/#breadcrumb"},"inLanguage":"it-IT","potentialAction":[{"@type":"ReadAction","target":["https:\/\/www.esta-officiel-usa.com\/it\/come-studiare-in-ununiversita-americana\/"]}]},{"@type":"BreadcrumbList","@id":"https:\/\/www.esta-officiel-usa.com\/it\/come-studiare-in-ununiversita-americana\/#breadcrumb","itemListElement":[{"@type":"ListItem","position":1,"name":"Casa","item":"https:\/\/www.esta-officiel-usa.com\/it\/"},{"@type":"ListItem","position":2,"name":"Come studiare in un&#8217;universit\u00e0 americana"}]},{"@type":"WebSite","@id":"https:\/\/www.esta-officiel-usa.com\/it\/#website","url":"https:\/\/www.esta-officiel-usa.com\/it\/","name":"ESTA - Stati Uniti","description":"Modulo di richiesta ESTA","potentialAction":[{"@type":"SearchAction","target":{"@type":"EntryPoint","urlTemplate":"https:\/\/www.esta-officiel-usa.com\/it\/?s={search_term_string}"},"query-input":{"@type":"PropertyValueSpecification","valueRequired":true,"valueName":"search_term_string"}}],"inLanguage":"it-IT"}]}},"_links":{"self":[{"href":"https:\/\/www.esta-officiel-usa.com\/it\/wp-json\/wp\/v2\/pages\/1172","targetHints":{"allow":["GET"]}}],"collection":[{"href":"https:\/\/www.esta-officiel-usa.com\/it\/wp-json\/wp\/v2\/pages"}],"about":[{"href":"https:\/\/www.esta-officiel-usa.com\/it\/wp-json\/wp\/v2\/types\/page"}],"author":[{"embeddable":true,"href":"https:\/\/www.esta-officiel-usa.com\/it\/wp-json\/wp\/v2\/users\/1"}],"replies":[{"embeddable":true,"href":"https:\/\/www.esta-officiel-usa.com\/it\/wp-json\/wp\/v2\/comments?post=1172"}],"version-history":[{"count":1,"href":"https:\/\/www.esta-officiel-usa.com\/it\/wp-json\/wp\/v2\/pages\/1172\/revisions"}],"predecessor-version":[{"id":1174,"href":"https:\/\/www.esta-officiel-usa.com\/it\/wp-json\/wp\/v2\/pages\/1172\/revisions\/1174"}],"wp:attachment":[{"href":"https:\/\/www.esta-officiel-usa.com\/it\/wp-json\/wp\/v2\/media?parent=1172"}],"curies":[{"name":"wp","href":"https:\/\/api.w.org\/{rel}","templated":true}]}}