{"id":1173,"date":"2025-09-13T12:01:41","date_gmt":"2025-09-13T12:01:41","guid":{"rendered":"https:\/\/www.esta-officiel-usa.com\/cose-lautorizzazione-esta\/"},"modified":"2025-09-13T12:01:41","modified_gmt":"2025-09-13T12:01:41","slug":"cose-lautorizzazione-esta","status":"publish","type":"page","link":"https:\/\/www.esta-officiel-usa.com\/it\/cose-lautorizzazione-esta\/","title":{"rendered":"Cos&#8217;\u00e8 l&#8217;autorizzazione ESTA?"},"content":{"rendered":"\n<h1 class=\"wp-block-heading\">AUTORIZZAZIONE ESTA PER GLI USA<\/h1>\n\n<p>Con 75 milioni di visitatori ogni anno, gli Stati Uniti sono una delle destinazioni pi\u00f9 popolari per i turisti internazionali. Mentre la maggior parte di loro ha dovuto ottenere un <a href=\"https:\/\/www.esta-officiel-usa.com\/it\/la-differenza-tra-unesta-e-una-domanda-di-visto\/\">visto USA<\/a> per entrare nel paese, altri hanno potuto sfruttare il programma di esenzione dal visto VWP e ottenere l&#8217;autorizzazione <a href=\"https:\/\/www.esta-officiel-usa.com\/it\/\">ESTA<\/a>. <\/p>\n\n<h2 class=\"wp-block-heading\">COS&#8217;\u00c8 L&#8217;AUTORIZZAZIONE ESTA?<\/h2>\n\n<p>L&#8217;autorizzazione ESTA \u00e8 un <a href=\"https:\/\/www.esta-officiel-usa.com\/fr\/le-formulaire-esta-pour-les-usa-a-completer\/\">modulo<\/a> che deve essere compilato dai viaggiatori che desiderano visitare gli Stati Uniti per vacanza o per lavoro.<\/p>\n\n<p>Questa <a href=\"https:\/\/www.esta-officiel-usa.com\/it\/la-procedura-esta-per-gli-stati-uniti\/\">procedura<\/a> elimina la necessit\u00e0 di richiedere un visto, che \u00e8 molto pi\u00f9 <a href=\"https:\/\/www.esta-officiel-usa.com\/fr\/le-prix-dun-esta\/\">costoso<\/a> e richiede tempi di elaborazione molto pi\u00f9 lunghi rispetto all&#8217;autorizzazione ESTA. Il Programma Viaggio senza Visto \u00e8 <a href=\"https:\/\/www.esta-officiel-usa.com\/it\/modulo-esta-a-chi-e-destinato\/\">destinato ai<\/a> cittadini dei 38 paesi partecipanti. Questo programma consente loro di usufruire di una procedura semplificata per visitare gli Stati Uniti, a determinate <a href=\"https:\/\/www.esta-officiel-usa.com\/it\/condizioni-per-ottenere-lesta\/\">condizioni<\/a>:  <\/p>\n\n<ul class=\"wp-block-list\"><li>Un soggiorno massimo di 90 giorni;<\/li><li>Un biglietto di ritorno o di proseguimento;<\/li><li>Un passaporto elettronico o biometrico.<\/li><\/ul>\n\n<p>\u00c8 importante notare che una volta ottenuta l&#8217;autorizzazione ESTA, questa non ti garantisce al 100% di poter lasciare l&#8217;aeroporto. La decisione finale spetta all&#8217;ispettore doganale. Tuttavia, se hai compilato il modulo in modo onesto e non stai trasportando oggetti proibiti, non c&#8217;\u00e8 nulla di cui preoccuparsi, poich\u00e9 l&#8217;ispezione \u00e8 solo una procedura di routine.  <\/p>\n\n<h2 class=\"wp-block-heading\">COME POSSO OTTENERE UN&#8217;AUTORIZZAZIONE ESTA?<\/h2>\n\n<p>Hai due opzioni per ottenere l&#8217;autorizzazione ESTA <a href=\"https:\/\/www.esta-officiel-usa.com\/fr\/obtenir-un-esta-en-ligne\/\">online<\/a>:<\/p>\n\n<ul class=\"wp-block-list\"><li>Il primo \u00e8 quello di andare direttamente sul sito ufficiale dell&#8217;amministrazione statunitense;<\/li><li>Il secondo \u00e8 quello di inviare la tua richiesta a un sito specializzato come esta-officiel-usa.com.<\/li><\/ul>\n\n<p>Ottenere l&#8217;autorizzazione ESTA pu\u00f2 essere complicato. Devi compilare un <a href=\"https:\/\/www.esta-officiel-usa.com\/it\/compilare-il-modulo-esta-online\/\">modulo<\/a> in tre parti riguardante la tua identit\u00e0, il tuo passaporto e il tuo soggiorno, e rispondere a una serie di domande (con risposte solo affermative o negative) sui tuoi precedenti penali o sul tuo stato di salute. <\/p>\n\n<p>Sulla nostra piattaforma online, ci occupiamo noi di tutte le formalit\u00e0 per conto tuo. Ti forniamo anche un modulo interamente in <a href=\"https:\/\/www.esta-officiel-usa.com\/it\/modulo-esta-da-compilare-in-francese\/\">francese<\/a> e controlliamo (e correggiamo se necessario) le tue informazioni. Puoi anche chiedere al nostro<a href=\"https:\/\/www.esta-officiel-usa.com\/fr\/contact\/\">helpdesk<\/a> online tutte le domande che desideri.  <\/p>\n","protected":false},"excerpt":{"rendered":"<p>AUTORIZZAZIONE ESTA PER GLI USA Con 75 milioni di visitatori ogni anno, gli Stati Uniti sono una delle destinazioni pi\u00f9 popolari per i turisti internazionali. Mentre la maggior parte di loro ha dovuto ottenere un visto USA per entrare nel paese, altri hanno potuto sfruttare il programma di esenzione dal visto VWP e ottenere l&#8217;autorizzazione [&hellip;]<\/p>\n","protected":false},"author":1,"featured_media":0,"parent":0,"menu_order":0,"comment_status":"closed","ping_status":"closed","template":"","meta":{"footnotes":""},"class_list":["post-1173","page","type-page","status-publish","hentry"],"yoast_head":"<!-- This site is optimized with the Yoast SEO plugin v26.2 - https:\/\/yoast.com\/wordpress\/plugins\/seo\/ -->\n<title>Cos&#039;\u00e8 l&#039;autorizzazione ESTA?<\/title>\n<meta name=\"description\" content=\"Per rafforzare la sicurezza negli Stati Uniti, il governo ha introdotto l&#039;ESTA. Scopri di pi\u00f9 su questa autorizzazione di viaggio.\" \/>\n<meta name=\"robots\" content=\"index, follow, max-snippet:-1, max-image-preview:large, max-video-preview:-1\" \/>\n<link rel=\"canonical\" href=\"https:\/\/www.esta-officiel-usa.com\/it\/cose-lautorizzazione-esta\/\" \/>\n<meta property=\"og:locale\" content=\"it_IT\" \/>\n<meta property=\"og:type\" content=\"article\" \/>\n<meta property=\"og:title\" content=\"Cos&#039;\u00e8 l&#039;autorizzazione ESTA?\" \/>\n<meta property=\"og:description\" content=\"Per rafforzare la sicurezza negli Stati Uniti, il governo ha introdotto l&#039;ESTA. Scopri di pi\u00f9 su questa autorizzazione di viaggio.\" \/>\n<meta property=\"og:url\" content=\"https:\/\/www.esta-officiel-usa.com\/it\/cose-lautorizzazione-esta\/\" \/>\n<meta property=\"og:site_name\" content=\"ESTA - Stati Uniti\" \/>\n<meta name=\"twitter:card\" content=\"summary_large_image\" \/>\n<meta name=\"twitter:label1\" content=\"Tempo di lettura stimato\" \/>\n\t<meta name=\"twitter:data1\" content=\"2 minuti\" \/>\n<script type=\"application\/ld+json\" class=\"yoast-schema-graph\">{\"@context\":\"https:\/\/schema.org\",\"@graph\":[{\"@type\":\"WebPage\",\"@id\":\"https:\/\/www.esta-officiel-usa.com\/it\/cose-lautorizzazione-esta\/\",\"url\":\"https:\/\/www.esta-officiel-usa.com\/it\/cose-lautorizzazione-esta\/\",\"name\":\"Cos'\u00e8 l'autorizzazione ESTA?\",\"isPartOf\":{\"@id\":\"https:\/\/www.esta-officiel-usa.com\/it\/#website\"},\"datePublished\":\"2025-09-13T12:01:41+00:00\",\"description\":\"Per rafforzare la sicurezza negli Stati Uniti, il governo ha introdotto l'ESTA. Scopri di pi\u00f9 su questa autorizzazione di viaggio.\",\"breadcrumb\":{\"@id\":\"https:\/\/www.esta-officiel-usa.com\/it\/cose-lautorizzazione-esta\/#breadcrumb\"},\"inLanguage\":\"it-IT\",\"potentialAction\":[{\"@type\":\"ReadAction\",\"target\":[\"https:\/\/www.esta-officiel-usa.com\/it\/cose-lautorizzazione-esta\/\"]}]},{\"@type\":\"BreadcrumbList\",\"@id\":\"https:\/\/www.esta-officiel-usa.com\/it\/cose-lautorizzazione-esta\/#breadcrumb\",\"itemListElement\":[{\"@type\":\"ListItem\",\"position\":1,\"name\":\"Casa\",\"item\":\"https:\/\/www.esta-officiel-usa.com\/it\/\"},{\"@type\":\"ListItem\",\"position\":2,\"name\":\"Cos&#8217;\u00e8 l&#8217;autorizzazione ESTA?\"}]},{\"@type\":\"WebSite\",\"@id\":\"https:\/\/www.esta-officiel-usa.com\/it\/#website\",\"url\":\"https:\/\/www.esta-officiel-usa.com\/it\/\",\"name\":\"ESTA - Stati Uniti\",\"description\":\"Modulo di richiesta ESTA\",\"potentialAction\":[{\"@type\":\"SearchAction\",\"target\":{\"@type\":\"EntryPoint\",\"urlTemplate\":\"https:\/\/www.esta-officiel-usa.com\/it\/?s={search_term_string}\"},\"query-input\":{\"@type\":\"PropertyValueSpecification\",\"valueRequired\":true,\"valueName\":\"search_term_string\"}}],\"inLanguage\":\"it-IT\"}]}<\/script>\n<!-- \/ Yoast SEO plugin. -->","yoast_head_json":{"title":"Cos'\u00e8 l'autorizzazione ESTA?","description":"Per rafforzare la sicurezza negli Stati Uniti, il governo ha introdotto l'ESTA. Scopri di pi\u00f9 su questa autorizzazione di viaggio.","robots":{"index":"index","follow":"follow","max-snippet":"max-snippet:-1","max-image-preview":"max-image-preview:large","max-video-preview":"max-video-preview:-1"},"canonical":"https:\/\/www.esta-officiel-usa.com\/it\/cose-lautorizzazione-esta\/","og_locale":"it_IT","og_type":"article","og_title":"Cos'\u00e8 l'autorizzazione ESTA?","og_description":"Per rafforzare la sicurezza negli Stati Uniti, il governo ha introdotto l'ESTA. Scopri di pi\u00f9 su questa autorizzazione di viaggio.","og_url":"https:\/\/www.esta-officiel-usa.com\/it\/cose-lautorizzazione-esta\/","og_site_name":"ESTA - Stati Uniti","twitter_card":"summary_large_image","twitter_misc":{"Tempo di lettura stimato":"2 minuti"},"schema":{"@context":"https:\/\/schema.org","@graph":[{"@type":"WebPage","@id":"https:\/\/www.esta-officiel-usa.com\/it\/cose-lautorizzazione-esta\/","url":"https:\/\/www.esta-officiel-usa.com\/it\/cose-lautorizzazione-esta\/","name":"Cos'\u00e8 l'autorizzazione ESTA?","isPartOf":{"@id":"https:\/\/www.esta-officiel-usa.com\/it\/#website"},"datePublished":"2025-09-13T12:01:41+00:00","description":"Per rafforzare la sicurezza negli Stati Uniti, il governo ha introdotto l'ESTA. Scopri di pi\u00f9 su questa autorizzazione di viaggio.","breadcrumb":{"@id":"https:\/\/www.esta-officiel-usa.com\/it\/cose-lautorizzazione-esta\/#breadcrumb"},"inLanguage":"it-IT","potentialAction":[{"@type":"ReadAction","target":["https:\/\/www.esta-officiel-usa.com\/it\/cose-lautorizzazione-esta\/"]}]},{"@type":"BreadcrumbList","@id":"https:\/\/www.esta-officiel-usa.com\/it\/cose-lautorizzazione-esta\/#breadcrumb","itemListElement":[{"@type":"ListItem","position":1,"name":"Casa","item":"https:\/\/www.esta-officiel-usa.com\/it\/"},{"@type":"ListItem","position":2,"name":"Cos&#8217;\u00e8 l&#8217;autorizzazione ESTA?"}]},{"@type":"WebSite","@id":"https:\/\/www.esta-officiel-usa.com\/it\/#website","url":"https:\/\/www.esta-officiel-usa.com\/it\/","name":"ESTA - Stati Uniti","description":"Modulo di richiesta ESTA","potentialAction":[{"@type":"SearchAction","target":{"@type":"EntryPoint","urlTemplate":"https:\/\/www.esta-officiel-usa.com\/it\/?s={search_term_string}"},"query-input":{"@type":"PropertyValueSpecification","valueRequired":true,"valueName":"search_term_string"}}],"inLanguage":"it-IT"}]}},"_links":{"self":[{"href":"https:\/\/www.esta-officiel-usa.com\/it\/wp-json\/wp\/v2\/pages\/1173","targetHints":{"allow":["GET"]}}],"collection":[{"href":"https:\/\/www.esta-officiel-usa.com\/it\/wp-json\/wp\/v2\/pages"}],"about":[{"href":"https:\/\/www.esta-officiel-usa.com\/it\/wp-json\/wp\/v2\/types\/page"}],"author":[{"embeddable":true,"href":"https:\/\/www.esta-officiel-usa.com\/it\/wp-json\/wp\/v2\/users\/1"}],"replies":[{"embeddable":true,"href":"https:\/\/www.esta-officiel-usa.com\/it\/wp-json\/wp\/v2\/comments?post=1173"}],"version-history":[{"count":1,"href":"https:\/\/www.esta-officiel-usa.com\/it\/wp-json\/wp\/v2\/pages\/1173\/revisions"}],"predecessor-version":[{"id":1176,"href":"https:\/\/www.esta-officiel-usa.com\/it\/wp-json\/wp\/v2\/pages\/1173\/revisions\/1176"}],"wp:attachment":[{"href":"https:\/\/www.esta-officiel-usa.com\/it\/wp-json\/wp\/v2\/media?parent=1173"}],"curies":[{"name":"wp","href":"https:\/\/api.w.org\/{rel}","templated":true}]}}