{"id":1180,"date":"2025-09-13T12:01:44","date_gmt":"2025-09-13T12:01:44","guid":{"rendered":"https:\/\/www.esta-officiel-usa.com\/programma-di-visti-per-start-up-negli-stati-uniti\/"},"modified":"2025-09-13T12:01:44","modified_gmt":"2025-09-13T12:01:44","slug":"programma-di-visti-per-start-up-negli-stati-uniti","status":"publish","type":"page","link":"https:\/\/www.esta-officiel-usa.com\/it\/programma-di-visti-per-start-up-negli-stati-uniti\/","title":{"rendered":"Programma di visti per start-up negli Stati Uniti"},"content":{"rendered":"\n<h1 class=\"wp-block-heading\">Programma di visti per start-up: la situazione negli Stati Uniti<\/h1>\n\n<p>Non \u00e8 facile stare al passo con le notizie negli Stati Uniti. L&#8217;amministrazione avvia, convalida, modifica, cancella o sospende numerosi progetti. Se sei un imprenditore, potresti essere interessato a un programma molto specifico, lo Start-up Visa Program. Qual \u00e8 la situazione attuale? \u00c8 probabile che entri in vigore a breve?    <\/p>\n\n<p>Il programma potrebbe essere utile a molti immigrati, aggiungendosi all&#8217;elenco delle autorizzazioni di soggiorno come <a href=\"https:\/\/www.esta-officiel-usa.com\/it\/\">l&#8217;ESTA<\/a> e il visto turistico. Questo sistema di visti di avviamento \u00e8 gi\u00e0 attivo, ad esempio, in Canada. Tuttavia, il governo statunitense \u00e8 riluttante ad adottare questo sistema, che alcuni considerano pericoloso in termini di immigrazione.  <\/p>\n\n<h2 class=\"wp-block-heading\">Cos&#8217;\u00e8 il programma Start-Up Visa?<\/h2>\n\n<p>Per immigrare negli Stati Uniti \u00e8 necessario richiedere un visto (o, in alcuni casi, un documento come l&#8217;<a href=\"https:\/\/www.esta-officiel-usa.com\/it\/cose-lesta\/\">ESTA<\/a> ). Dovrai ottenere l&#8217;autorizzazione delle autorit\u00e0 americane, che valuteranno se il tuo profilo e i tuoi piani di vita negli Stati Uniti rappresentano un rischio per la sicurezza nazionale. Tutti i viaggi devono essere giustificati: per raggiungere la famiglia, per frequentare l&#8217;universit\u00e0 per un semestre, per lavorare, per visitare il paese, ecc. Esiste un visto per ogni motivo.   <\/p>\n\n<p>Chiunque voglia avviare un&#8217;attivit\u00e0 negli Stati Uniti, sia essa una start-up o meno, deve ottenere un visto E-1, che non \u00e8 necessariamente adatto alle piccole imprese ed \u00e8 complicato da ottenere. Questa situazione scoraggia molti stranieri attratti dagli Stati Uniti per avviare la propria attivit\u00e0. A titolo di paragone, molti paesi hanno istituito un programma di visti start-up per accogliere gli investitori stranieri nelle migliori condizioni possibili: puoi immigrare in Canada, Spagna o persino in Nuova Zelanda con un visto start-up. Esistono anche misure specifiche in Italia, Germania e Francia.   <\/p>\n\n<p>Per facilitare l&#8217;arrivo di start-up sul proprio territorio, il \ngoverno statunitense ha spesso sollevato la questione di un possibile \nvisto per start-up, come parte della &#8220;International Entrepreneur Rule&#8221;. Questo \nprogramma mira ad aumentare il numero di imprenditori internazionali negli \nStati Uniti, poich\u00e9 numerosi studi dimostrano i benefici che \napporterebbe in termini di creazione di posti di lavoro. <\/p>\n\n<p>Attenzione alla confusione con il <a href=\"https:\/\/www.esta-officiel-usa.com\/fr\/a-propos-du-visa-waiver-program\/\">Visa Waiver Program<\/a>. Questo non ha nulla a che vedere con il Visa Waiver Program, che ha lo scopo di esentare alcuni viaggiatori dall&#8217;obbligo del visto per gli Stati Uniti. Non si applica agli investitori o ai fondatori di societ\u00e0.  <\/p>\n\n<p>Sotto l&#8217;amministrazione Obama, il programma di visti per le start-up aveva quasi visto la luce in modo permanente, ma l&#8217;elezione di Donald Trump ha cambiato tutto. Il programma non \u00e8 in linea con la politica di immigrazione del nuovo presidente. <\/p>\n\n<h2 class=\"wp-block-heading\">Programma di visti per le start-up: un progetto in via di abrogazione<\/h2>\n\n<p>Purtroppo, se speri di poter richiedere un permesso di soggiorno negli Stati Uniti tramite il programma Start-up Visa, dovrai rivedere i tuoi piani, almeno per il momento. Il <a href=\"https:\/\/www.esta-officiel-usa.com\/it\/dipartimento-di-sicurezza-nazionale\/\">DHS (Department of Homeland Security)<\/a> ha abbandonato quest&#8217;idea, che era cos\u00ec vicina a diventare realt\u00e0 nel 2017. Inizialmente rimandato, il progetto viene ora abrogato, come riporta un rapporto del 29 maggio 2018. La ragione addotta? Lo Startup Visa Program non \u00e8 conforme all&#8217;attuale politica del DHS e non protegge sufficientemente i lavoratori e gli investitori americani dai cittadini stranieri.    <\/p>\n\n<p>Sostenuta da una parte della Silicon Valley, la misura \nnon diventer\u00e0 operativa prima di qualche tempo. Forse una futura elezione presidenziale\n la riporter\u00e0 in auge. Non c&#8217;\u00e8 dubbio \nche Trump non prender\u00e0 mai posizione a favore dell&#8217;istituzione di un \nprogramma di visti per investitori per le start-up; al contrario, la sua \nintenzione \u00e8 quella di ridurre l&#8217;emigrazione negli USA. \nInfatti, \u00e8 probabile che le attuali quote di visti vengano ridotte entro la fine del suo mandato (\n ).  <\/p>\n\n<p>Di conseguenza, oggi, se vuoi vivere negli Stati Uniti e investire o avviare un&#8217;attivit\u00e0, non puoi richiedere il programma Start-up Visa. Devi affrontare il difficile processo di ottenimento di un visto (residenza temporanea) o di una <a href=\"https:\/\/www.esta-officiel-usa.com\/fr\/quest-ce-que-la-green-card\/\">carta verde<\/a> (residenza permanente). <\/p>\n","protected":false},"excerpt":{"rendered":"<p>Programma di visti per start-up: la situazione negli Stati Uniti Non \u00e8 facile stare al passo con le notizie negli Stati Uniti. L&#8217;amministrazione avvia, convalida, modifica, cancella o sospende numerosi progetti. Se sei un imprenditore, potresti essere interessato a un programma molto specifico, lo Start-up Visa Program. Qual \u00e8 la situazione attuale? \u00c8 probabile che [&hellip;]<\/p>\n","protected":false},"author":1,"featured_media":0,"parent":0,"menu_order":0,"comment_status":"closed","ping_status":"closed","template":"","meta":{"footnotes":""},"class_list":["post-1180","page","type-page","status-publish","hentry"],"yoast_head":"<!-- This site is optimized with the Yoast SEO plugin v26.2 - https:\/\/yoast.com\/wordpress\/plugins\/seo\/ -->\n<title>Programma di visti per start-up negli Stati Uniti<\/title>\n<meta name=\"description\" content=\"Se sei un imprenditore, potresti essere interessato a un programma molto speciale, lo Start-up Visa Program negli Stati Uniti.\" \/>\n<meta name=\"robots\" content=\"index, follow, max-snippet:-1, max-image-preview:large, max-video-preview:-1\" \/>\n<link rel=\"canonical\" href=\"https:\/\/www.esta-officiel-usa.com\/it\/programma-di-visti-per-start-up-negli-stati-uniti\/\" \/>\n<meta property=\"og:locale\" content=\"it_IT\" \/>\n<meta property=\"og:type\" content=\"article\" \/>\n<meta property=\"og:title\" content=\"Programma di visti per start-up negli Stati Uniti\" \/>\n<meta property=\"og:description\" content=\"Se sei un imprenditore, potresti essere interessato a un programma molto speciale, lo Start-up Visa Program negli Stati Uniti.\" \/>\n<meta property=\"og:url\" content=\"https:\/\/www.esta-officiel-usa.com\/it\/programma-di-visti-per-start-up-negli-stati-uniti\/\" \/>\n<meta property=\"og:site_name\" content=\"ESTA - Stati Uniti\" \/>\n<meta name=\"twitter:card\" content=\"summary_large_image\" \/>\n<meta name=\"twitter:label1\" content=\"Tempo di lettura stimato\" \/>\n\t<meta name=\"twitter:data1\" content=\"3 minuti\" \/>\n<script type=\"application\/ld+json\" class=\"yoast-schema-graph\">{\"@context\":\"https:\/\/schema.org\",\"@graph\":[{\"@type\":\"WebPage\",\"@id\":\"https:\/\/www.esta-officiel-usa.com\/it\/programma-di-visti-per-start-up-negli-stati-uniti\/\",\"url\":\"https:\/\/www.esta-officiel-usa.com\/it\/programma-di-visti-per-start-up-negli-stati-uniti\/\",\"name\":\"Programma di visti per start-up negli Stati Uniti\",\"isPartOf\":{\"@id\":\"https:\/\/www.esta-officiel-usa.com\/it\/#website\"},\"datePublished\":\"2025-09-13T12:01:44+00:00\",\"description\":\"Se sei un imprenditore, potresti essere interessato a un programma molto speciale, lo Start-up Visa Program negli Stati Uniti.\",\"breadcrumb\":{\"@id\":\"https:\/\/www.esta-officiel-usa.com\/it\/programma-di-visti-per-start-up-negli-stati-uniti\/#breadcrumb\"},\"inLanguage\":\"it-IT\",\"potentialAction\":[{\"@type\":\"ReadAction\",\"target\":[\"https:\/\/www.esta-officiel-usa.com\/it\/programma-di-visti-per-start-up-negli-stati-uniti\/\"]}]},{\"@type\":\"BreadcrumbList\",\"@id\":\"https:\/\/www.esta-officiel-usa.com\/it\/programma-di-visti-per-start-up-negli-stati-uniti\/#breadcrumb\",\"itemListElement\":[{\"@type\":\"ListItem\",\"position\":1,\"name\":\"Casa\",\"item\":\"https:\/\/www.esta-officiel-usa.com\/it\/\"},{\"@type\":\"ListItem\",\"position\":2,\"name\":\"Programma di visti per start-up negli Stati Uniti\"}]},{\"@type\":\"WebSite\",\"@id\":\"https:\/\/www.esta-officiel-usa.com\/it\/#website\",\"url\":\"https:\/\/www.esta-officiel-usa.com\/it\/\",\"name\":\"ESTA - Stati Uniti\",\"description\":\"Modulo di richiesta ESTA\",\"potentialAction\":[{\"@type\":\"SearchAction\",\"target\":{\"@type\":\"EntryPoint\",\"urlTemplate\":\"https:\/\/www.esta-officiel-usa.com\/it\/?s={search_term_string}\"},\"query-input\":{\"@type\":\"PropertyValueSpecification\",\"valueRequired\":true,\"valueName\":\"search_term_string\"}}],\"inLanguage\":\"it-IT\"}]}<\/script>\n<!-- \/ Yoast SEO plugin. -->","yoast_head_json":{"title":"Programma di visti per start-up negli Stati Uniti","description":"Se sei un imprenditore, potresti essere interessato a un programma molto speciale, lo Start-up Visa Program negli Stati Uniti.","robots":{"index":"index","follow":"follow","max-snippet":"max-snippet:-1","max-image-preview":"max-image-preview:large","max-video-preview":"max-video-preview:-1"},"canonical":"https:\/\/www.esta-officiel-usa.com\/it\/programma-di-visti-per-start-up-negli-stati-uniti\/","og_locale":"it_IT","og_type":"article","og_title":"Programma di visti per start-up negli Stati Uniti","og_description":"Se sei un imprenditore, potresti essere interessato a un programma molto speciale, lo Start-up Visa Program negli Stati Uniti.","og_url":"https:\/\/www.esta-officiel-usa.com\/it\/programma-di-visti-per-start-up-negli-stati-uniti\/","og_site_name":"ESTA - Stati Uniti","twitter_card":"summary_large_image","twitter_misc":{"Tempo di lettura stimato":"3 minuti"},"schema":{"@context":"https:\/\/schema.org","@graph":[{"@type":"WebPage","@id":"https:\/\/www.esta-officiel-usa.com\/it\/programma-di-visti-per-start-up-negli-stati-uniti\/","url":"https:\/\/www.esta-officiel-usa.com\/it\/programma-di-visti-per-start-up-negli-stati-uniti\/","name":"Programma di visti per start-up negli Stati Uniti","isPartOf":{"@id":"https:\/\/www.esta-officiel-usa.com\/it\/#website"},"datePublished":"2025-09-13T12:01:44+00:00","description":"Se sei un imprenditore, potresti essere interessato a un programma molto speciale, lo Start-up Visa Program negli Stati Uniti.","breadcrumb":{"@id":"https:\/\/www.esta-officiel-usa.com\/it\/programma-di-visti-per-start-up-negli-stati-uniti\/#breadcrumb"},"inLanguage":"it-IT","potentialAction":[{"@type":"ReadAction","target":["https:\/\/www.esta-officiel-usa.com\/it\/programma-di-visti-per-start-up-negli-stati-uniti\/"]}]},{"@type":"BreadcrumbList","@id":"https:\/\/www.esta-officiel-usa.com\/it\/programma-di-visti-per-start-up-negli-stati-uniti\/#breadcrumb","itemListElement":[{"@type":"ListItem","position":1,"name":"Casa","item":"https:\/\/www.esta-officiel-usa.com\/it\/"},{"@type":"ListItem","position":2,"name":"Programma di visti per start-up negli Stati Uniti"}]},{"@type":"WebSite","@id":"https:\/\/www.esta-officiel-usa.com\/it\/#website","url":"https:\/\/www.esta-officiel-usa.com\/it\/","name":"ESTA - Stati Uniti","description":"Modulo di richiesta ESTA","potentialAction":[{"@type":"SearchAction","target":{"@type":"EntryPoint","urlTemplate":"https:\/\/www.esta-officiel-usa.com\/it\/?s={search_term_string}"},"query-input":{"@type":"PropertyValueSpecification","valueRequired":true,"valueName":"search_term_string"}}],"inLanguage":"it-IT"}]}},"_links":{"self":[{"href":"https:\/\/www.esta-officiel-usa.com\/it\/wp-json\/wp\/v2\/pages\/1180","targetHints":{"allow":["GET"]}}],"collection":[{"href":"https:\/\/www.esta-officiel-usa.com\/it\/wp-json\/wp\/v2\/pages"}],"about":[{"href":"https:\/\/www.esta-officiel-usa.com\/it\/wp-json\/wp\/v2\/types\/page"}],"author":[{"embeddable":true,"href":"https:\/\/www.esta-officiel-usa.com\/it\/wp-json\/wp\/v2\/users\/1"}],"replies":[{"embeddable":true,"href":"https:\/\/www.esta-officiel-usa.com\/it\/wp-json\/wp\/v2\/comments?post=1180"}],"version-history":[{"count":1,"href":"https:\/\/www.esta-officiel-usa.com\/it\/wp-json\/wp\/v2\/pages\/1180\/revisions"}],"predecessor-version":[{"id":1182,"href":"https:\/\/www.esta-officiel-usa.com\/it\/wp-json\/wp\/v2\/pages\/1180\/revisions\/1182"}],"wp:attachment":[{"href":"https:\/\/www.esta-officiel-usa.com\/it\/wp-json\/wp\/v2\/media?parent=1180"}],"curies":[{"name":"wp","href":"https:\/\/api.w.org\/{rel}","templated":true}]}}