{"id":1187,"date":"2025-09-13T12:01:48","date_gmt":"2025-09-13T12:01:48","guid":{"rendered":"https:\/\/www.esta-officiel-usa.com\/esta-quanto-costa\/"},"modified":"2025-09-13T12:01:48","modified_gmt":"2025-09-13T12:01:48","slug":"esta-quanto-costa","status":"publish","type":"page","link":"https:\/\/www.esta-officiel-usa.com\/it\/esta-quanto-costa\/","title":{"rendered":"ESTA: quanto costa?"},"content":{"rendered":"\n<h1 class=\"wp-block-heading\">QUANTO COSTA ESTA?<\/h1>\n\n<p>Creato nel 2009 dal governo statunitense, l&#8217;<a href=\"https:\/\/www.esta-officiel-usa.com\/it\/cose-lesta\/\">ESTA<\/a> (Electronic System for Travel Authorization) \u00e8 un&#8217;autorizzazione speciale. Permette ai cittadini dei paesi che partecipano al Programma Viaggio senza Visto di entrare negli Stati Uniti senza dover prima ottenere un visto. Ma a quale prezzo?  <\/p>\n\n<h2 class=\"wp-block-heading\">ESTA: QUANTO COSTA?<\/h2>\n\n<p>A prima vista, potresti pensare che il prezzo di un&#8217;ESTA sia pari a 0\u20ac, dato che la procedura per<a href=\"https:\/\/www.esta-officiel-usa.com\/fr\/esta-usa-comment-obtenir-ce-document\/\">ottenerla<\/a> \u00e8 interamente online. La dematerializzazione della <a href=\"https:\/\/www.esta-officiel-usa.com\/it\/la-procedura-esta-per-gli-stati-uniti\/\">procedura<\/a> potrebbe farti pensare che tutto sia automatizzato, ma non \u00e8 cos\u00ec. In realt\u00e0, c&#8217;\u00e8 un&#8217;intera amministrazione incaricata di accettare (o meno) l&#8217;autorizzazione, che comporta costi operativi sia per gli stipendi degli agenti che per la manutenzione dell&#8217;infrastruttura di lavoro.  <\/p>\n\n<p>Il costo dell&#8217;ESTA \u00e8 di <a href=\"https:\/\/www.esta-officiel-usa.com\/fr\/lesta-pour-14\/\">21 dollari<\/a>, pagabili solo <a href=\"https:\/\/www.esta-officiel-usa.com\/it\/compilare-il-modulo-esta-online\/\">online<\/a> con carta di credito o Paypal. Questa somma viene poi suddivisa come segue <\/p>\n\n<ul class=\"wp-block-list\">\n<li>4 \u00e8 quello di finanziare l&#8217;amministrazione responsabile del controllo del <a href=\"https:\/\/www.esta-officiel-usa.com\/it\/modulo-esta-a-chi-e-destinato\/\">modulo<\/a>;<\/li>\n\n\n\n<li>17 sono destinati a finanziare i vari enti legati o in collaborazione con il governo degli Stati Uniti per promuovere il turismo negli USA a livello internazionale.  <\/li>\n<\/ul>\n\n<p><\/p>\n","protected":false},"excerpt":{"rendered":"<p>QUANTO COSTA ESTA? Creato nel 2009 dal governo statunitense, l&#8217;ESTA (Electronic System for Travel Authorization) \u00e8 un&#8217;autorizzazione speciale. Permette ai cittadini dei paesi che partecipano al Programma Viaggio senza Visto di entrare negli Stati Uniti senza dover prima ottenere un visto. Ma a quale prezzo? ESTA: QUANTO COSTA? A prima vista, potresti pensare che il [&hellip;]<\/p>\n","protected":false},"author":1,"featured_media":0,"parent":0,"menu_order":0,"comment_status":"closed","ping_status":"closed","template":"","meta":{"footnotes":""},"class_list":["post-1187","page","type-page","status-publish","hentry"],"yoast_head":"<!-- This site is optimized with the Yoast SEO plugin v26.2 - https:\/\/yoast.com\/wordpress\/plugins\/seo\/ -->\n<title>ESTA: quanto costa?<\/title>\n<meta name=\"description\" content=\"Il costo dell&#039;ESTA \u00e8 di 21 dollari, pagabili solo online con carta di credito o Paypal. Scopri quanto costa.\" \/>\n<meta name=\"robots\" content=\"index, follow, max-snippet:-1, max-image-preview:large, max-video-preview:-1\" \/>\n<link rel=\"canonical\" href=\"https:\/\/www.esta-officiel-usa.com\/it\/esta-quanto-costa\/\" \/>\n<meta property=\"og:locale\" content=\"it_IT\" \/>\n<meta property=\"og:type\" content=\"article\" \/>\n<meta property=\"og:title\" content=\"ESTA: quanto costa?\" \/>\n<meta property=\"og:description\" content=\"Il costo dell&#039;ESTA \u00e8 di 21 dollari, pagabili solo online con carta di credito o Paypal. Scopri quanto costa.\" \/>\n<meta property=\"og:url\" content=\"https:\/\/www.esta-officiel-usa.com\/it\/esta-quanto-costa\/\" \/>\n<meta property=\"og:site_name\" content=\"ESTA - Stati Uniti\" \/>\n<meta name=\"twitter:card\" content=\"summary_large_image\" \/>\n<meta name=\"twitter:label1\" content=\"Tempo di lettura stimato\" \/>\n\t<meta name=\"twitter:data1\" content=\"1 minuto\" \/>\n<script type=\"application\/ld+json\" class=\"yoast-schema-graph\">{\"@context\":\"https:\/\/schema.org\",\"@graph\":[{\"@type\":\"WebPage\",\"@id\":\"https:\/\/www.esta-officiel-usa.com\/it\/esta-quanto-costa\/\",\"url\":\"https:\/\/www.esta-officiel-usa.com\/it\/esta-quanto-costa\/\",\"name\":\"ESTA: quanto costa?\",\"isPartOf\":{\"@id\":\"https:\/\/www.esta-officiel-usa.com\/it\/#website\"},\"datePublished\":\"2025-09-13T12:01:48+00:00\",\"description\":\"Il costo dell'ESTA \u00e8 di 21 dollari, pagabili solo online con carta di credito o Paypal. Scopri quanto costa.\",\"breadcrumb\":{\"@id\":\"https:\/\/www.esta-officiel-usa.com\/it\/esta-quanto-costa\/#breadcrumb\"},\"inLanguage\":\"it-IT\",\"potentialAction\":[{\"@type\":\"ReadAction\",\"target\":[\"https:\/\/www.esta-officiel-usa.com\/it\/esta-quanto-costa\/\"]}]},{\"@type\":\"BreadcrumbList\",\"@id\":\"https:\/\/www.esta-officiel-usa.com\/it\/esta-quanto-costa\/#breadcrumb\",\"itemListElement\":[{\"@type\":\"ListItem\",\"position\":1,\"name\":\"Casa\",\"item\":\"https:\/\/www.esta-officiel-usa.com\/it\/\"},{\"@type\":\"ListItem\",\"position\":2,\"name\":\"ESTA: quanto costa?\"}]},{\"@type\":\"WebSite\",\"@id\":\"https:\/\/www.esta-officiel-usa.com\/it\/#website\",\"url\":\"https:\/\/www.esta-officiel-usa.com\/it\/\",\"name\":\"ESTA - Stati Uniti\",\"description\":\"Modulo di richiesta ESTA\",\"potentialAction\":[{\"@type\":\"SearchAction\",\"target\":{\"@type\":\"EntryPoint\",\"urlTemplate\":\"https:\/\/www.esta-officiel-usa.com\/it\/?s={search_term_string}\"},\"query-input\":{\"@type\":\"PropertyValueSpecification\",\"valueRequired\":true,\"valueName\":\"search_term_string\"}}],\"inLanguage\":\"it-IT\"}]}<\/script>\n<!-- \/ Yoast SEO plugin. -->","yoast_head_json":{"title":"ESTA: quanto costa?","description":"Il costo dell'ESTA \u00e8 di 21 dollari, pagabili solo online con carta di credito o Paypal. Scopri quanto costa.","robots":{"index":"index","follow":"follow","max-snippet":"max-snippet:-1","max-image-preview":"max-image-preview:large","max-video-preview":"max-video-preview:-1"},"canonical":"https:\/\/www.esta-officiel-usa.com\/it\/esta-quanto-costa\/","og_locale":"it_IT","og_type":"article","og_title":"ESTA: quanto costa?","og_description":"Il costo dell'ESTA \u00e8 di 21 dollari, pagabili solo online con carta di credito o Paypal. Scopri quanto costa.","og_url":"https:\/\/www.esta-officiel-usa.com\/it\/esta-quanto-costa\/","og_site_name":"ESTA - Stati Uniti","twitter_card":"summary_large_image","twitter_misc":{"Tempo di lettura stimato":"1 minuto"},"schema":{"@context":"https:\/\/schema.org","@graph":[{"@type":"WebPage","@id":"https:\/\/www.esta-officiel-usa.com\/it\/esta-quanto-costa\/","url":"https:\/\/www.esta-officiel-usa.com\/it\/esta-quanto-costa\/","name":"ESTA: quanto costa?","isPartOf":{"@id":"https:\/\/www.esta-officiel-usa.com\/it\/#website"},"datePublished":"2025-09-13T12:01:48+00:00","description":"Il costo dell'ESTA \u00e8 di 21 dollari, pagabili solo online con carta di credito o Paypal. Scopri quanto costa.","breadcrumb":{"@id":"https:\/\/www.esta-officiel-usa.com\/it\/esta-quanto-costa\/#breadcrumb"},"inLanguage":"it-IT","potentialAction":[{"@type":"ReadAction","target":["https:\/\/www.esta-officiel-usa.com\/it\/esta-quanto-costa\/"]}]},{"@type":"BreadcrumbList","@id":"https:\/\/www.esta-officiel-usa.com\/it\/esta-quanto-costa\/#breadcrumb","itemListElement":[{"@type":"ListItem","position":1,"name":"Casa","item":"https:\/\/www.esta-officiel-usa.com\/it\/"},{"@type":"ListItem","position":2,"name":"ESTA: quanto costa?"}]},{"@type":"WebSite","@id":"https:\/\/www.esta-officiel-usa.com\/it\/#website","url":"https:\/\/www.esta-officiel-usa.com\/it\/","name":"ESTA - Stati Uniti","description":"Modulo di richiesta ESTA","potentialAction":[{"@type":"SearchAction","target":{"@type":"EntryPoint","urlTemplate":"https:\/\/www.esta-officiel-usa.com\/it\/?s={search_term_string}"},"query-input":{"@type":"PropertyValueSpecification","valueRequired":true,"valueName":"search_term_string"}}],"inLanguage":"it-IT"}]}},"_links":{"self":[{"href":"https:\/\/www.esta-officiel-usa.com\/it\/wp-json\/wp\/v2\/pages\/1187","targetHints":{"allow":["GET"]}}],"collection":[{"href":"https:\/\/www.esta-officiel-usa.com\/it\/wp-json\/wp\/v2\/pages"}],"about":[{"href":"https:\/\/www.esta-officiel-usa.com\/it\/wp-json\/wp\/v2\/types\/page"}],"author":[{"embeddable":true,"href":"https:\/\/www.esta-officiel-usa.com\/it\/wp-json\/wp\/v2\/users\/1"}],"replies":[{"embeddable":true,"href":"https:\/\/www.esta-officiel-usa.com\/it\/wp-json\/wp\/v2\/comments?post=1187"}],"version-history":[{"count":1,"href":"https:\/\/www.esta-officiel-usa.com\/it\/wp-json\/wp\/v2\/pages\/1187\/revisions"}],"predecessor-version":[{"id":1190,"href":"https:\/\/www.esta-officiel-usa.com\/it\/wp-json\/wp\/v2\/pages\/1187\/revisions\/1190"}],"wp:attachment":[{"href":"https:\/\/www.esta-officiel-usa.com\/it\/wp-json\/wp\/v2\/media?parent=1187"}],"curies":[{"name":"wp","href":"https:\/\/api.w.org\/{rel}","templated":true}]}}