{"id":1196,"date":"2025-09-13T12:01:51","date_gmt":"2025-09-13T12:01:51","guid":{"rendered":"https:\/\/www.esta-officiel-usa.com\/misure-di-sicurezza-per-entrare-negli-stati-uniti\/"},"modified":"2025-09-13T12:01:51","modified_gmt":"2025-09-13T12:01:51","slug":"misure-di-sicurezza-per-entrare-negli-stati-uniti","status":"publish","type":"page","link":"https:\/\/www.esta-officiel-usa.com\/it\/misure-di-sicurezza-per-entrare-negli-stati-uniti\/","title":{"rendered":"Misure di sicurezza per entrare negli Stati Uniti"},"content":{"rendered":"\n<h1 class=\"wp-block-heading\">Nuove misure di sicurezza per l&#8217;ingresso negli Stati Uniti<\/h1>\n\n<p>Ti piacerebbe viaggiare negli Stati Uniti d&#8217;America e scoprire gli imponenti grattacieli delle citt\u00e0 americane, in particolare New York, le spiagge della Florida e della California o la natura e gli ampi spazi aperti dell&#8217;Arizona? Devi sapere che viaggiare negli Stati Uniti non \u00e8 necessariamente facile, poich\u00e9 le autorit\u00e0 americane sono sempre pi\u00f9 attente grazie alle nuove misure di sicurezza adottate negli Stati Uniti<a href=\"https:\/\/www.esta-officiel-usa.com\/it\/\">(ESTA<\/a>, visto, carta verde, ecc.). Vuoi scoprire come viaggiare negli Stati Uniti rispettando queste misure di sicurezza? Leggi il nostro articolo e buon divertimento!   <\/p>\n\n<h2 class=\"wp-block-heading\">Perch\u00e9 tante misure di sicurezza negli Stati Uniti?<\/h2>\n\n<p>Il governo degli Stati Uniti \u00e8 sempre stato molto cauto nei confronti \ndei viaggiatori che entrano nel paese. Ma dopo gli attentati dell&#8217;11 \nsettembre, le misure di sicurezza per entrare negli Stati Uniti sono state \nrafforzate. Per entrare negli Stati Uniti, \ndevi ottenere un lasciapassare, sia esso un ESTA, un visto o una carta verde ( \n). Senza di esso, i viaggiatori non possono\n entrare negli Stati Uniti.   <\/p>\n\n<p>Inoltre, su richiesta del governo degli Stati Uniti, i viaggiatori \nsaranno ora sottoposti a interviste di sicurezza al momento del check-in \nall&#8217;aeroporto di partenza. I \nviaggiatori che desiderano attraversare l&#8217;Atlantico in aereo dovranno compilare un questionario. <\/p>\n\n<h2 class=\"wp-block-heading\">Viaggiare negli Stati Uniti: quali sono le misure di sicurezza?<\/h2>\n\n<p>Per garantire la protezione del Paese e dei cittadini americani, il governo \nha introdotto dei lasciapassare che permettono ad alcuni \nrichiedenti di rimanere negli Stati Uniti, rafforzando al contempo le\n misure di sicurezza. Tra questi ci sono l&#8217;ESTA e il visto, \nche presenteremo in questa sezione. <\/p>\n\n<h3 class=\"wp-block-heading\">ESTA<\/h3>\n\n<p>\nL&#8217;ESTA o Electronic System For Travel Authorization \u00e8 \nun&#8217;autorizzazione di viaggio per gli Stati Uniti che pu\u00f2 essere rilasciata solo ai cittadini del Visa Waiver Program (VWP), in francese \nProgramme d&#8217;Exemption de Visa (PEV). Questo programma permette a \nmolti viaggiatori di trascorrere un soggiorno temporaneo negli Stati Uniti, per turismo, affari\n o transito, senza bisogno di un visto. Il programma \u00e8 stato \nistituito per facilitare il lavoro delle autorit\u00e0 statunitensi in merito alle \nmisure di sicurezza e per consentire ad alcuni viaggiatori di recarsi negli Stati \nUniti senza visto.  <\/p>\n\n<p><strong>Chi pu\u00f2 beneficiarne?<\/strong><\/p>\n\n<p>Per beneficiare di questo programma \u00e8 necessario <a href=\"https:\/\/www.esta-officiel-usa.com\/it\/condizioni-per-ottenere-lesta\/\">soddisfare alcune condizioni<\/a>.<\/p>\n\n<ul class=\"wp-block-list\"><li>Devi essere in possesso di un passaporto valido (passaporto biometrico o elettronico).<\/li><li>Devi essere cittadino di uno dei 38 paesi coperti dal Programma &#8220;Viaggio senza Visto&#8221;.<\/li><li>Il tuo soggiorno non deve superare i 90 giorni<\/li><li>Devi arrivare sul suolo americano per via aerea o marittima<\/li><li>Lo scopo del tuo soggiorno deve essere turistico, d&#8217;affari o di transito.<\/li><\/ul>\n\n<p><strong>Come si ottiene?<\/strong><\/p>\n\n<p>Puoi ottenere l&#8217;<a href=\"https:\/\/www.esta-officiel-usa.com\/it\/cose-lautorizzazione-esta\/\">autorizzazione ESTA<\/a> online in due modi:<\/p>\n\n<ul class=\"wp-block-list\"><li>una domanda ESTA USA sul sito ufficiale del governo statunitense. La domanda si presenta sotto forma di <a href=\"https:\/\/www.esta-officiel-usa.com\/it\/compilare-il-modulo-esta-online\/\">modulo ESTA online<\/a>, che dovrai compilare con i tuoi dati personali. Assicurati di essere concentrato durante la compilazione del questionario, poich\u00e9 un errore in una lettera o in un numero pu\u00f2 comportare un rifiuto.  <\/li><li>La piattaforma del nostro partner ti permette di compilare un modulo semplificato e richieder\u00e0 l&#8217;autorizzazione ESTA a tuo nome. Riceverai una risposta entro 72 ore. <\/li><\/ul>\n\n<h3 class=\"wp-block-heading\">Il visto<\/h3>\n\n<p>L&#8217;ESTA \u00e8 molto veloce da ottenere se soddisfi i criteri di selezione di \n, mentre il visto pu\u00f2 richiedere pi\u00f9 tempo e pu\u00f2 anche essere pi\u00f9 \ncostoso.<\/p>\n\n<p>Ci sono diverse fasi nella richiesta di un visto; per cominciare, \ndevi scegliere il tipo di visto pi\u00f9 adatto alle tue motivazioni. \nTi rechi negli Stati Uniti per visitare, studiare o fare uno stage? \nUna volta scelto il visto, dovrai compilare il modulo DS-160, \nfissare un appuntamento presso il consolato degli Stati Uniti e pagare la tassa di elaborazione \n. Dovrai portare il tuo fascicolo completo all&#8217;indirizzo \nper sostenere il colloquio presso il consolato. L\u00ec, un funzionario ti far\u00e0 delle domande\n sul motivo del tuo viaggio negli Stati Uniti. Se tutto va bene, il visto \nti verr\u00e0 recapitato a casa per posta entro pochi giorni.   <\/p>\n\n<p>Ora ne sai di pi\u00f9 sulle misure di sicurezza negli Stati Uniti!<\/p>\n","protected":false},"excerpt":{"rendered":"<p>Nuove misure di sicurezza per l&#8217;ingresso negli Stati Uniti Ti piacerebbe viaggiare negli Stati Uniti d&#8217;America e scoprire gli imponenti grattacieli delle citt\u00e0 americane, in particolare New York, le spiagge della Florida e della California o la natura e gli ampi spazi aperti dell&#8217;Arizona? Devi sapere che viaggiare negli Stati Uniti non \u00e8 necessariamente facile, [&hellip;]<\/p>\n","protected":false},"author":1,"featured_media":0,"parent":0,"menu_order":0,"comment_status":"closed","ping_status":"closed","template":"","meta":{"footnotes":""},"class_list":["post-1196","page","type-page","status-publish","hentry"],"yoast_head":"<!-- This site is optimized with the Yoast SEO plugin v26.2 - https:\/\/yoast.com\/wordpress\/plugins\/seo\/ -->\n<title>Misure di sicurezza per entrare negli Stati Uniti<\/title>\n<meta name=\"description\" content=\"Viaggiare negli Stati Uniti non \u00e8 sempre facile, poich\u00e9 le autorit\u00e0 americane sono sempre pi\u00f9 attente grazie alle nuove misure di sicurezza.\" \/>\n<meta name=\"robots\" content=\"index, follow, max-snippet:-1, max-image-preview:large, max-video-preview:-1\" \/>\n<link rel=\"canonical\" href=\"https:\/\/www.esta-officiel-usa.com\/it\/misure-di-sicurezza-per-entrare-negli-stati-uniti\/\" \/>\n<meta property=\"og:locale\" content=\"it_IT\" \/>\n<meta property=\"og:type\" content=\"article\" \/>\n<meta property=\"og:title\" content=\"Misure di sicurezza per entrare negli Stati Uniti\" \/>\n<meta property=\"og:description\" content=\"Viaggiare negli Stati Uniti non \u00e8 sempre facile, poich\u00e9 le autorit\u00e0 americane sono sempre pi\u00f9 attente grazie alle nuove misure di sicurezza.\" \/>\n<meta property=\"og:url\" content=\"https:\/\/www.esta-officiel-usa.com\/it\/misure-di-sicurezza-per-entrare-negli-stati-uniti\/\" \/>\n<meta property=\"og:site_name\" content=\"ESTA - Stati Uniti\" \/>\n<meta name=\"twitter:card\" content=\"summary_large_image\" \/>\n<meta name=\"twitter:label1\" content=\"Tempo di lettura stimato\" \/>\n\t<meta name=\"twitter:data1\" content=\"3 minuti\" \/>\n<script type=\"application\/ld+json\" class=\"yoast-schema-graph\">{\"@context\":\"https:\/\/schema.org\",\"@graph\":[{\"@type\":\"WebPage\",\"@id\":\"https:\/\/www.esta-officiel-usa.com\/it\/misure-di-sicurezza-per-entrare-negli-stati-uniti\/\",\"url\":\"https:\/\/www.esta-officiel-usa.com\/it\/misure-di-sicurezza-per-entrare-negli-stati-uniti\/\",\"name\":\"Misure di sicurezza per entrare negli Stati Uniti\",\"isPartOf\":{\"@id\":\"https:\/\/www.esta-officiel-usa.com\/it\/#website\"},\"datePublished\":\"2025-09-13T12:01:51+00:00\",\"description\":\"Viaggiare negli Stati Uniti non \u00e8 sempre facile, poich\u00e9 le autorit\u00e0 americane sono sempre pi\u00f9 attente grazie alle nuove misure di sicurezza.\",\"breadcrumb\":{\"@id\":\"https:\/\/www.esta-officiel-usa.com\/it\/misure-di-sicurezza-per-entrare-negli-stati-uniti\/#breadcrumb\"},\"inLanguage\":\"it-IT\",\"potentialAction\":[{\"@type\":\"ReadAction\",\"target\":[\"https:\/\/www.esta-officiel-usa.com\/it\/misure-di-sicurezza-per-entrare-negli-stati-uniti\/\"]}]},{\"@type\":\"BreadcrumbList\",\"@id\":\"https:\/\/www.esta-officiel-usa.com\/it\/misure-di-sicurezza-per-entrare-negli-stati-uniti\/#breadcrumb\",\"itemListElement\":[{\"@type\":\"ListItem\",\"position\":1,\"name\":\"Casa\",\"item\":\"https:\/\/www.esta-officiel-usa.com\/it\/\"},{\"@type\":\"ListItem\",\"position\":2,\"name\":\"Misure di sicurezza per entrare negli Stati Uniti\"}]},{\"@type\":\"WebSite\",\"@id\":\"https:\/\/www.esta-officiel-usa.com\/it\/#website\",\"url\":\"https:\/\/www.esta-officiel-usa.com\/it\/\",\"name\":\"ESTA - Stati Uniti\",\"description\":\"Modulo di richiesta ESTA\",\"potentialAction\":[{\"@type\":\"SearchAction\",\"target\":{\"@type\":\"EntryPoint\",\"urlTemplate\":\"https:\/\/www.esta-officiel-usa.com\/it\/?s={search_term_string}\"},\"query-input\":{\"@type\":\"PropertyValueSpecification\",\"valueRequired\":true,\"valueName\":\"search_term_string\"}}],\"inLanguage\":\"it-IT\"}]}<\/script>\n<!-- \/ Yoast SEO plugin. -->","yoast_head_json":{"title":"Misure di sicurezza per entrare negli Stati Uniti","description":"Viaggiare negli Stati Uniti non \u00e8 sempre facile, poich\u00e9 le autorit\u00e0 americane sono sempre pi\u00f9 attente grazie alle nuove misure di sicurezza.","robots":{"index":"index","follow":"follow","max-snippet":"max-snippet:-1","max-image-preview":"max-image-preview:large","max-video-preview":"max-video-preview:-1"},"canonical":"https:\/\/www.esta-officiel-usa.com\/it\/misure-di-sicurezza-per-entrare-negli-stati-uniti\/","og_locale":"it_IT","og_type":"article","og_title":"Misure di sicurezza per entrare negli Stati Uniti","og_description":"Viaggiare negli Stati Uniti non \u00e8 sempre facile, poich\u00e9 le autorit\u00e0 americane sono sempre pi\u00f9 attente grazie alle nuove misure di sicurezza.","og_url":"https:\/\/www.esta-officiel-usa.com\/it\/misure-di-sicurezza-per-entrare-negli-stati-uniti\/","og_site_name":"ESTA - Stati Uniti","twitter_card":"summary_large_image","twitter_misc":{"Tempo di lettura stimato":"3 minuti"},"schema":{"@context":"https:\/\/schema.org","@graph":[{"@type":"WebPage","@id":"https:\/\/www.esta-officiel-usa.com\/it\/misure-di-sicurezza-per-entrare-negli-stati-uniti\/","url":"https:\/\/www.esta-officiel-usa.com\/it\/misure-di-sicurezza-per-entrare-negli-stati-uniti\/","name":"Misure di sicurezza per entrare negli Stati Uniti","isPartOf":{"@id":"https:\/\/www.esta-officiel-usa.com\/it\/#website"},"datePublished":"2025-09-13T12:01:51+00:00","description":"Viaggiare negli Stati Uniti non \u00e8 sempre facile, poich\u00e9 le autorit\u00e0 americane sono sempre pi\u00f9 attente grazie alle nuove misure di sicurezza.","breadcrumb":{"@id":"https:\/\/www.esta-officiel-usa.com\/it\/misure-di-sicurezza-per-entrare-negli-stati-uniti\/#breadcrumb"},"inLanguage":"it-IT","potentialAction":[{"@type":"ReadAction","target":["https:\/\/www.esta-officiel-usa.com\/it\/misure-di-sicurezza-per-entrare-negli-stati-uniti\/"]}]},{"@type":"BreadcrumbList","@id":"https:\/\/www.esta-officiel-usa.com\/it\/misure-di-sicurezza-per-entrare-negli-stati-uniti\/#breadcrumb","itemListElement":[{"@type":"ListItem","position":1,"name":"Casa","item":"https:\/\/www.esta-officiel-usa.com\/it\/"},{"@type":"ListItem","position":2,"name":"Misure di sicurezza per entrare negli Stati Uniti"}]},{"@type":"WebSite","@id":"https:\/\/www.esta-officiel-usa.com\/it\/#website","url":"https:\/\/www.esta-officiel-usa.com\/it\/","name":"ESTA - Stati Uniti","description":"Modulo di richiesta ESTA","potentialAction":[{"@type":"SearchAction","target":{"@type":"EntryPoint","urlTemplate":"https:\/\/www.esta-officiel-usa.com\/it\/?s={search_term_string}"},"query-input":{"@type":"PropertyValueSpecification","valueRequired":true,"valueName":"search_term_string"}}],"inLanguage":"it-IT"}]}},"_links":{"self":[{"href":"https:\/\/www.esta-officiel-usa.com\/it\/wp-json\/wp\/v2\/pages\/1196","targetHints":{"allow":["GET"]}}],"collection":[{"href":"https:\/\/www.esta-officiel-usa.com\/it\/wp-json\/wp\/v2\/pages"}],"about":[{"href":"https:\/\/www.esta-officiel-usa.com\/it\/wp-json\/wp\/v2\/types\/page"}],"author":[{"embeddable":true,"href":"https:\/\/www.esta-officiel-usa.com\/it\/wp-json\/wp\/v2\/users\/1"}],"replies":[{"embeddable":true,"href":"https:\/\/www.esta-officiel-usa.com\/it\/wp-json\/wp\/v2\/comments?post=1196"}],"version-history":[{"count":1,"href":"https:\/\/www.esta-officiel-usa.com\/it\/wp-json\/wp\/v2\/pages\/1196\/revisions"}],"predecessor-version":[{"id":1199,"href":"https:\/\/www.esta-officiel-usa.com\/it\/wp-json\/wp\/v2\/pages\/1196\/revisions\/1199"}],"wp:attachment":[{"href":"https:\/\/www.esta-officiel-usa.com\/it\/wp-json\/wp\/v2\/media?parent=1196"}],"curies":[{"name":"wp","href":"https:\/\/api.w.org\/{rel}","templated":true}]}}