{"id":1200,"date":"2025-09-13T12:01:51","date_gmt":"2025-09-13T12:01:51","guid":{"rendered":"https:\/\/www.esta-officiel-usa.com\/qual-e-lo-scopo-dellesta-quando-si-viaggia-negli-stati-uniti\/"},"modified":"2025-09-13T12:01:52","modified_gmt":"2025-09-13T12:01:52","slug":"qual-e-lo-scopo-dellesta-quando-si-viaggia-negli-stati-uniti","status":"publish","type":"page","link":"https:\/\/www.esta-officiel-usa.com\/it\/qual-e-lo-scopo-dellesta-quando-si-viaggia-negli-stati-uniti\/","title":{"rendered":"Qual \u00e8 lo scopo dell&#8217;ESTA quando si viaggia negli Stati Uniti?"},"content":{"rendered":"\n<h1 class=\"wp-block-heading\">Tutto quello che devi sapere sull&#8217;ESTA<\/h1>\n\n<p>Grazie al Visa Waiver Program, viaggiare negli Stati Uniti \u00e8 appena diventato molto pi\u00f9 facile. Questa collaborazione tra gli Stati Uniti e i paesi partecipanti permette a milioni di persone di beneficiare ogni anno dell&#8217;utilit\u00e0 del Sistema Elettronico di Autorizzazione al Viaggio<a href=\"https:\/\/www.esta-officiel-usa.com\/it\/\">(ESTA)<\/a>. Questa autorizzazione al viaggio ti permette di presentarti alle frontiere americane senza bisogno di un visto.  <\/p>\n\n<h2 class=\"wp-block-heading\">Perch\u00e9 l&#8217;ESTA \u00e8 utile?<\/h2>\n\n<p>Sulla carta, potresti pensare che l&#8217;ESTA sia solo un documento che ti autorizza a salire su un aereo o una nave diretti negli Stati Uniti. Ma, come possono testimoniare i viaggiatori pi\u00f9 esperti, \u00e8 molto di pi\u00f9. Il <a href=\"https:\/\/www.esta-officiel-usa.com\/fr\/les-38-pays-partenaires-du-visa-waiver-program\/\">Visa Waiver Program<\/a> ti permette di soggiornare in qualsiasi citt\u00e0 degli Stati Uniti per 90 giorni consecutivi. Con una validit\u00e0 di due anni, l&#8217;ESTA ti permette di effettuare pi\u00f9 visite con la stessa autorizzazione, a patto che tu rispetti il limite di 90 giorni per ogni visita.   <\/p>\n\n<p>Se viaggi per turismo o per lavoro, l&#8217;ESTA ti permette di :<\/p>\n\n<ul class=\"wp-block-list\">\n<li>  accesso all&#8217;intero territorio degli Stati Uniti;  <\/li>\n\n\n\n<li>  visita la tua famiglia o i tuoi amici pi\u00f9 cari;  <\/li>\n\n\n\n<li>  partecipare ad attivit\u00e0 culturali non retribuite (sociali, sportive, musicali, ecc.);  <\/li>\n\n\n\n<li>  campeggio in campagna ;  <\/li>\n\n\n\n<li>  partecipare ad attivit\u00e0 di volontariato non retribuite (lavori socialmente utili, pulizia delle strade, riciclaggio, ecc;)  <\/li>\n\n\n\n<li>  seguire corsi universitari, a condizione che non diano crediti per il conseguimento di una laurea;  <\/li>\n\n\n\n<li>  partecipare a riunioni di lavoro;  <\/li>\n\n\n\n<li>  partecipare a una conferenza professionale;  <\/li>\n\n\n\n<li>  negoziare o firmare contratti ;  <\/li>\n\n\n\n<li> <a href=\"https:\/\/www.esta-officiel-usa.com\/fr\/esta-pour-transit-aux-etats-unis\/\">transito<\/a> in territorio americano.  <\/li>\n<\/ul>\n\n<p>Oltre a evitare le lunghe attese \nall&#8217;ambasciata e i costi spesso elevati di un visto tradizionale,\n l&#8217;ESTA ti permette di partecipare a una vasta gamma di attivit\u00e0\n e di immergerti nella cultura dello Zio Sam.<\/p>\n\n<h2 class=\"wp-block-heading\">Come posso beneficiare dell&#8217;ESTA?<\/h2>\n\n<p>\u00c8 importante sottolineare che l&#8217;ESTA non garantisce al 100% l&#8217;ingresso negli Stati Uniti; questa decisione \u00e8 lasciata nelle mani dei funzionari della dogana statunitense durante i controlli di sicurezza in aeroporto. Detto questo, non preoccuparti: se soddisfi i criteri ESTA, hai tutte le possibilit\u00e0 di attraversare il confine in tutta tranquillit\u00e0. Implementate dal <a href=\"https:\/\/www.esta-officiel-usa.com\/it\/dipartimento-di-sicurezza-nazionale\/\">Dipartimento di Sicurezza Nazionale<\/a>, queste norme contribuiscono a rafforzare la sicurezza negli Stati Uniti:  <\/p>\n\n<ul class=\"wp-block-list\">\n<li>Devi essere cittadino di uno dei paesi partecipanti;<\/li>\n\n\n\n<li>Hai bisogno di un passaporto elettronico o biometrico;<\/li>\n\n\n\n<li>Il tuo viaggio non deve durare pi\u00f9 di 90 giorni consecutivi;<\/li>\n\n\n\n<li>Non ti \u00e8 stato rifiutato di recente un visto.<\/li>\n<\/ul>\n\n<p>La richiesta dell&#8217;ESTA non \u00e8 gratuita, ma \u00e8 meno costosa di un visto: costa solo 21 dollari. Per ottenere l&#8217;autorizzazione \u00e8 sufficiente visitare il sito web della dogana statunitense. Per risparmiare tempo, puoi anche utilizzare il <a href=\"https:\/\/www.esta-officiel-usa.com\/it\/modulo-esta-da-compilare-in-francese\/\">modulo ESTA in francese<\/a>.  <\/p>\n","protected":false},"excerpt":{"rendered":"<p>Tutto quello che devi sapere sull&#8217;ESTA Grazie al Visa Waiver Program, viaggiare negli Stati Uniti \u00e8 appena diventato molto pi\u00f9 facile. Questa collaborazione tra gli Stati Uniti e i paesi partecipanti permette a milioni di persone di beneficiare ogni anno dell&#8217;utilit\u00e0 del Sistema Elettronico di Autorizzazione al Viaggio(ESTA). Questa autorizzazione al viaggio ti permette di [&hellip;]<\/p>\n","protected":false},"author":1,"featured_media":0,"parent":0,"menu_order":0,"comment_status":"closed","ping_status":"closed","template":"","meta":{"footnotes":""},"class_list":["post-1200","page","type-page","status-publish","hentry"],"yoast_head":"<!-- This site is optimized with the Yoast SEO plugin v26.2 - https:\/\/yoast.com\/wordpress\/plugins\/seo\/ -->\n<title>Qual \u00e8 lo scopo dell&#039;ESTA quando si viaggia negli Stati Uniti?<\/title>\n<meta name=\"description\" content=\"Grazie al Programma Viaggio senza Visto e alla creazione dell&#039;ESTA, viaggiare negli Stati Uniti \u00e8 diventato pi\u00f9 facile.\" \/>\n<meta name=\"robots\" content=\"index, follow, max-snippet:-1, max-image-preview:large, max-video-preview:-1\" \/>\n<link rel=\"canonical\" href=\"https:\/\/www.esta-officiel-usa.com\/it\/qual-e-lo-scopo-dellesta-quando-si-viaggia-negli-stati-uniti\/\" \/>\n<meta property=\"og:locale\" content=\"it_IT\" \/>\n<meta property=\"og:type\" content=\"article\" \/>\n<meta property=\"og:title\" content=\"Qual \u00e8 lo scopo dell&#039;ESTA quando si viaggia negli Stati Uniti?\" \/>\n<meta property=\"og:description\" content=\"Grazie al Programma Viaggio senza Visto e alla creazione dell&#039;ESTA, viaggiare negli Stati Uniti \u00e8 diventato pi\u00f9 facile.\" \/>\n<meta property=\"og:url\" content=\"https:\/\/www.esta-officiel-usa.com\/it\/qual-e-lo-scopo-dellesta-quando-si-viaggia-negli-stati-uniti\/\" \/>\n<meta property=\"og:site_name\" content=\"ESTA - Stati Uniti\" \/>\n<meta property=\"article:modified_time\" content=\"2025-09-13T12:01:52+00:00\" \/>\n<meta name=\"twitter:card\" content=\"summary_large_image\" \/>\n<meta name=\"twitter:label1\" content=\"Tempo di lettura stimato\" \/>\n\t<meta name=\"twitter:data1\" content=\"2 minuti\" \/>\n<script type=\"application\/ld+json\" class=\"yoast-schema-graph\">{\"@context\":\"https:\/\/schema.org\",\"@graph\":[{\"@type\":\"WebPage\",\"@id\":\"https:\/\/www.esta-officiel-usa.com\/it\/qual-e-lo-scopo-dellesta-quando-si-viaggia-negli-stati-uniti\/\",\"url\":\"https:\/\/www.esta-officiel-usa.com\/it\/qual-e-lo-scopo-dellesta-quando-si-viaggia-negli-stati-uniti\/\",\"name\":\"Qual \u00e8 lo scopo dell'ESTA quando si viaggia negli Stati Uniti?\",\"isPartOf\":{\"@id\":\"https:\/\/www.esta-officiel-usa.com\/it\/#website\"},\"datePublished\":\"2025-09-13T12:01:51+00:00\",\"dateModified\":\"2025-09-13T12:01:52+00:00\",\"description\":\"Grazie al Programma Viaggio senza Visto e alla creazione dell'ESTA, viaggiare negli Stati Uniti \u00e8 diventato pi\u00f9 facile.\",\"breadcrumb\":{\"@id\":\"https:\/\/www.esta-officiel-usa.com\/it\/qual-e-lo-scopo-dellesta-quando-si-viaggia-negli-stati-uniti\/#breadcrumb\"},\"inLanguage\":\"it-IT\",\"potentialAction\":[{\"@type\":\"ReadAction\",\"target\":[\"https:\/\/www.esta-officiel-usa.com\/it\/qual-e-lo-scopo-dellesta-quando-si-viaggia-negli-stati-uniti\/\"]}]},{\"@type\":\"BreadcrumbList\",\"@id\":\"https:\/\/www.esta-officiel-usa.com\/it\/qual-e-lo-scopo-dellesta-quando-si-viaggia-negli-stati-uniti\/#breadcrumb\",\"itemListElement\":[{\"@type\":\"ListItem\",\"position\":1,\"name\":\"Casa\",\"item\":\"https:\/\/www.esta-officiel-usa.com\/it\/\"},{\"@type\":\"ListItem\",\"position\":2,\"name\":\"Qual \u00e8 lo scopo dell&#8217;ESTA quando si viaggia negli Stati Uniti?\"}]},{\"@type\":\"WebSite\",\"@id\":\"https:\/\/www.esta-officiel-usa.com\/it\/#website\",\"url\":\"https:\/\/www.esta-officiel-usa.com\/it\/\",\"name\":\"ESTA - Stati Uniti\",\"description\":\"Modulo di richiesta ESTA\",\"potentialAction\":[{\"@type\":\"SearchAction\",\"target\":{\"@type\":\"EntryPoint\",\"urlTemplate\":\"https:\/\/www.esta-officiel-usa.com\/it\/?s={search_term_string}\"},\"query-input\":{\"@type\":\"PropertyValueSpecification\",\"valueRequired\":true,\"valueName\":\"search_term_string\"}}],\"inLanguage\":\"it-IT\"}]}<\/script>\n<!-- \/ Yoast SEO plugin. -->","yoast_head_json":{"title":"Qual \u00e8 lo scopo dell'ESTA quando si viaggia negli Stati Uniti?","description":"Grazie al Programma Viaggio senza Visto e alla creazione dell'ESTA, viaggiare negli Stati Uniti \u00e8 diventato pi\u00f9 facile.","robots":{"index":"index","follow":"follow","max-snippet":"max-snippet:-1","max-image-preview":"max-image-preview:large","max-video-preview":"max-video-preview:-1"},"canonical":"https:\/\/www.esta-officiel-usa.com\/it\/qual-e-lo-scopo-dellesta-quando-si-viaggia-negli-stati-uniti\/","og_locale":"it_IT","og_type":"article","og_title":"Qual \u00e8 lo scopo dell'ESTA quando si viaggia negli Stati Uniti?","og_description":"Grazie al Programma Viaggio senza Visto e alla creazione dell'ESTA, viaggiare negli Stati Uniti \u00e8 diventato pi\u00f9 facile.","og_url":"https:\/\/www.esta-officiel-usa.com\/it\/qual-e-lo-scopo-dellesta-quando-si-viaggia-negli-stati-uniti\/","og_site_name":"ESTA - Stati Uniti","article_modified_time":"2025-09-13T12:01:52+00:00","twitter_card":"summary_large_image","twitter_misc":{"Tempo di lettura stimato":"2 minuti"},"schema":{"@context":"https:\/\/schema.org","@graph":[{"@type":"WebPage","@id":"https:\/\/www.esta-officiel-usa.com\/it\/qual-e-lo-scopo-dellesta-quando-si-viaggia-negli-stati-uniti\/","url":"https:\/\/www.esta-officiel-usa.com\/it\/qual-e-lo-scopo-dellesta-quando-si-viaggia-negli-stati-uniti\/","name":"Qual \u00e8 lo scopo dell'ESTA quando si viaggia negli Stati Uniti?","isPartOf":{"@id":"https:\/\/www.esta-officiel-usa.com\/it\/#website"},"datePublished":"2025-09-13T12:01:51+00:00","dateModified":"2025-09-13T12:01:52+00:00","description":"Grazie al Programma Viaggio senza Visto e alla creazione dell'ESTA, viaggiare negli Stati Uniti \u00e8 diventato pi\u00f9 facile.","breadcrumb":{"@id":"https:\/\/www.esta-officiel-usa.com\/it\/qual-e-lo-scopo-dellesta-quando-si-viaggia-negli-stati-uniti\/#breadcrumb"},"inLanguage":"it-IT","potentialAction":[{"@type":"ReadAction","target":["https:\/\/www.esta-officiel-usa.com\/it\/qual-e-lo-scopo-dellesta-quando-si-viaggia-negli-stati-uniti\/"]}]},{"@type":"BreadcrumbList","@id":"https:\/\/www.esta-officiel-usa.com\/it\/qual-e-lo-scopo-dellesta-quando-si-viaggia-negli-stati-uniti\/#breadcrumb","itemListElement":[{"@type":"ListItem","position":1,"name":"Casa","item":"https:\/\/www.esta-officiel-usa.com\/it\/"},{"@type":"ListItem","position":2,"name":"Qual \u00e8 lo scopo dell&#8217;ESTA quando si viaggia negli Stati Uniti?"}]},{"@type":"WebSite","@id":"https:\/\/www.esta-officiel-usa.com\/it\/#website","url":"https:\/\/www.esta-officiel-usa.com\/it\/","name":"ESTA - Stati Uniti","description":"Modulo di richiesta ESTA","potentialAction":[{"@type":"SearchAction","target":{"@type":"EntryPoint","urlTemplate":"https:\/\/www.esta-officiel-usa.com\/it\/?s={search_term_string}"},"query-input":{"@type":"PropertyValueSpecification","valueRequired":true,"valueName":"search_term_string"}}],"inLanguage":"it-IT"}]}},"_links":{"self":[{"href":"https:\/\/www.esta-officiel-usa.com\/it\/wp-json\/wp\/v2\/pages\/1200","targetHints":{"allow":["GET"]}}],"collection":[{"href":"https:\/\/www.esta-officiel-usa.com\/it\/wp-json\/wp\/v2\/pages"}],"about":[{"href":"https:\/\/www.esta-officiel-usa.com\/it\/wp-json\/wp\/v2\/types\/page"}],"author":[{"embeddable":true,"href":"https:\/\/www.esta-officiel-usa.com\/it\/wp-json\/wp\/v2\/users\/1"}],"replies":[{"embeddable":true,"href":"https:\/\/www.esta-officiel-usa.com\/it\/wp-json\/wp\/v2\/comments?post=1200"}],"version-history":[{"count":1,"href":"https:\/\/www.esta-officiel-usa.com\/it\/wp-json\/wp\/v2\/pages\/1200\/revisions"}],"predecessor-version":[{"id":1203,"href":"https:\/\/www.esta-officiel-usa.com\/it\/wp-json\/wp\/v2\/pages\/1200\/revisions\/1203"}],"wp:attachment":[{"href":"https:\/\/www.esta-officiel-usa.com\/it\/wp-json\/wp\/v2\/media?parent=1200"}],"curies":[{"name":"wp","href":"https:\/\/api.w.org\/{rel}","templated":true}]}}