{"id":1228,"date":"2025-09-13T12:02:07","date_gmt":"2025-09-13T12:02:07","guid":{"rendered":"https:\/\/www.esta-officiel-usa.com\/visita-cuba-durante-un-viaggio-negli-stati-uniti\/"},"modified":"2025-09-13T12:02:07","modified_gmt":"2025-09-13T12:02:07","slug":"visita-cuba-durante-un-viaggio-negli-stati-uniti","status":"publish","type":"page","link":"https:\/\/www.esta-officiel-usa.com\/it\/visita-cuba-durante-un-viaggio-negli-stati-uniti\/","title":{"rendered":"Visita Cuba durante un viaggio negli Stati Uniti"},"content":{"rendered":"\n<h1 class=\"wp-block-heading\">VIAGGIA A CUBA DAGLI USA!<\/h1>\n\n<p>Stai programmando un viaggio negli Stati Uniti con autorizzazione <a href=\"https:\/\/www.esta-officiel-usa.com\/it\/\">ESTA<\/a> e hai qualche giorno a disposizione? Fai una deviazione verso l&#8217;isola di Cuba: non te ne pentirai! Circondato da spiagge paradisiache, questo lungo paese sta approfittando delle migliori relazioni con gli Stati Uniti rispetto al passato per aprirsi al mondo. Che si tratti della sua gente, dei suoi paesaggi o della sua architettura, troverai mille e una ragione per apprezzare questa perla dei Caraibi.   <\/p>\n\n<h2 class=\"wp-block-heading\">CUBA: DA NON PERDERE<\/h2>\n\n<p>Cuba \u00e8 talmente ricca di luoghi da visitare, strade da percorrere e barriere coralline da esplorare che \u00e8 impossibile annoiarsi. Come prova, 4 milioni di turisti hanno visitato Cuba nel 2016 (il che corrisponde a pi\u00f9 di 1\/3 della popolazione locale!). Se non ami la folla, pensa bene a quando vuoi visitarla prima di partire.  <\/p>\n\n<p>L&#8217;Avana \u00e8 la capitale di Cuba e, come tale, il suo centro storico \u00e8 Patrimonio dell&#8217;Umanit\u00e0 dell&#8217;UNESCO. Ci\u00f2 \u00e8 dovuto alla sua abbondante vegetazione e ai suoi maestosi edifici. La citt\u00e0 si distingue anche per il basso numero di edifici, che ne preserva l&#8217;autenticit\u00e0 ma riflette anche la mancanza di modernit\u00e0, che ha portato alla fatiscenza di alcuni quartieri.  <\/p>\n\n<p>Soggiorna in un bed and breakfast per vivere un&#8217;immersione totale e fai attenzione ai numerosi riferimenti alle figure emblematiche di Cuba, Che Guevara e Fidel Castro.<\/p>\n\n<p>Per quanto riguarda la cucina locale, prova il riso ai fagioli neri, accompagnato ovviamente da un Cuba libre!<\/p>\n\n<p>Per il massimo delle immersioni subacquee, prendi pinne e boccaglio. Le acque di Cuba sono splendide, cos\u00ec come le spiagge per chi preferisce rimanere a riva. Le barriere coralline sono tra le pi\u00f9 lunghe del pianeta, quindi \u00e8 l&#8217;occasione perfetta per fare un tuffo e scoprire la flora e la fauna oceanica circostante.  <\/p>\n\n<p>E non \u00e8 tutto: approfitta del tuo viaggio per visitare una fabbrica di sigari, poich\u00e9 i sigari sono parte integrante del patrimonio del paese. Ti spiegheranno le diverse fasi di produzione, le tecniche e i processi coinvolti (coltivazione, essiccazione, arrotolamento, ecc.) per ottenere un prodotto di qualit\u00e0. Potrai anche acquistarne alcuni: sono pi\u00f9 economici che in Francia, ovviamente!  <\/p>\n\n<h2 class=\"wp-block-heading\">USCIRE A CUBA<\/h2>\n\n<p>Dopo una giornata intensa di immersioni, passeggiate in citt\u00e0 o escursioni nella natura, \u00e8 il momento di fare festa. E non c&#8217;\u00e8 modo migliore per farlo che in un club o in un dance bar. Ti piace la salsa? Perfetto, potrai ballare al suono della musica che unisce percussioni e chitarre. Le discoteche non mancano, soprattutto all&#8217;Avana.    <\/p>\n\n<p>Per goderti la tua vacanza a Cuba, c&#8217;\u00e8 solo una cosa da fare: <a href=\"https:\/\/www.esta-officiel-usa.com\/fr\/comment-faire-une-demande-esta-officiel\/\">ordinare l&#8217;ESTA ufficiale<\/a>. Questa autorizzazione ti consente di accedere agli Stati Uniti, la migliore opzione di transito per il tuo viaggio verso l&#8217;isola caraibica. Come si ottiene questo documento? Semplicemente <a href=\"https:\/\/www.esta-officiel-usa.com\/it\/compilare-il-modulo-esta-online\/\">compilando un modulo online<\/a> che pone una serie di domande sulla tua identit\u00e0 e sui tuoi piani per gli Stati Uniti (turismo, affari, ecc.). Una volta rilasciata, l&#8217;<a href=\"https:\/\/www.esta-officiel-usa.com\/fr\/lesta-pour-14\/\">ESTA da 14 dollari<\/a> ti permette di viaggiare liberamente negli Stati Uniti per 90 giorni.    <\/p>\n\n<p>Sei gi\u00e0 stato a Cuba? Scopri altre destinazioni, perch\u00e9 le attrazioni negli Stati Uniti sono praticamente infinite: parchi nazionali, citt\u00e0 famose, spiagge&#8230; <\/p>\n","protected":false},"excerpt":{"rendered":"<p>VIAGGIA A CUBA DAGLI USA! Stai programmando un viaggio negli Stati Uniti con autorizzazione ESTA e hai qualche giorno a disposizione? Fai una deviazione verso l&#8217;isola di Cuba: non te ne pentirai! Circondato da spiagge paradisiache, questo lungo paese sta approfittando delle migliori relazioni con gli Stati Uniti rispetto al passato per aprirsi al mondo. [&hellip;]<\/p>\n","protected":false},"author":1,"featured_media":0,"parent":0,"menu_order":0,"comment_status":"closed","ping_status":"closed","template":"","meta":{"footnotes":""},"class_list":["post-1228","page","type-page","status-publish","hentry"],"yoast_head":"<!-- This site is optimized with the Yoast SEO plugin v26.2 - https:\/\/yoast.com\/wordpress\/plugins\/seo\/ -->\n<title>Visita Cuba durante un viaggio negli Stati Uniti<\/title>\n<meta name=\"description\" content=\"Se hai in programma un viaggio negli Stati Uniti, perch\u00e9 non cogliere l&#039;occasione per visitare Cuba? I nostri team hanno qualche consiglio da darti.\" \/>\n<meta name=\"robots\" content=\"index, follow, max-snippet:-1, max-image-preview:large, max-video-preview:-1\" \/>\n<link rel=\"canonical\" href=\"https:\/\/www.esta-officiel-usa.com\/it\/visita-cuba-durante-un-viaggio-negli-stati-uniti\/\" \/>\n<meta property=\"og:locale\" content=\"it_IT\" \/>\n<meta property=\"og:type\" content=\"article\" \/>\n<meta property=\"og:title\" content=\"Visita Cuba durante un viaggio negli Stati Uniti\" \/>\n<meta property=\"og:description\" content=\"Se hai in programma un viaggio negli Stati Uniti, perch\u00e9 non cogliere l&#039;occasione per visitare Cuba? I nostri team hanno qualche consiglio da darti.\" \/>\n<meta property=\"og:url\" content=\"https:\/\/www.esta-officiel-usa.com\/it\/visita-cuba-durante-un-viaggio-negli-stati-uniti\/\" \/>\n<meta property=\"og:site_name\" content=\"ESTA - Stati Uniti\" \/>\n<meta name=\"twitter:card\" content=\"summary_large_image\" \/>\n<meta name=\"twitter:label1\" content=\"Tempo di lettura stimato\" \/>\n\t<meta name=\"twitter:data1\" content=\"3 minuti\" \/>\n<script type=\"application\/ld+json\" class=\"yoast-schema-graph\">{\"@context\":\"https:\/\/schema.org\",\"@graph\":[{\"@type\":\"WebPage\",\"@id\":\"https:\/\/www.esta-officiel-usa.com\/it\/visita-cuba-durante-un-viaggio-negli-stati-uniti\/\",\"url\":\"https:\/\/www.esta-officiel-usa.com\/it\/visita-cuba-durante-un-viaggio-negli-stati-uniti\/\",\"name\":\"Visita Cuba durante un viaggio negli Stati Uniti\",\"isPartOf\":{\"@id\":\"https:\/\/www.esta-officiel-usa.com\/it\/#website\"},\"datePublished\":\"2025-09-13T12:02:07+00:00\",\"description\":\"Se hai in programma un viaggio negli Stati Uniti, perch\u00e9 non cogliere l'occasione per visitare Cuba? I nostri team hanno qualche consiglio da darti.\",\"breadcrumb\":{\"@id\":\"https:\/\/www.esta-officiel-usa.com\/it\/visita-cuba-durante-un-viaggio-negli-stati-uniti\/#breadcrumb\"},\"inLanguage\":\"it-IT\",\"potentialAction\":[{\"@type\":\"ReadAction\",\"target\":[\"https:\/\/www.esta-officiel-usa.com\/it\/visita-cuba-durante-un-viaggio-negli-stati-uniti\/\"]}]},{\"@type\":\"BreadcrumbList\",\"@id\":\"https:\/\/www.esta-officiel-usa.com\/it\/visita-cuba-durante-un-viaggio-negli-stati-uniti\/#breadcrumb\",\"itemListElement\":[{\"@type\":\"ListItem\",\"position\":1,\"name\":\"Casa\",\"item\":\"https:\/\/www.esta-officiel-usa.com\/it\/\"},{\"@type\":\"ListItem\",\"position\":2,\"name\":\"Visita Cuba durante un viaggio negli Stati Uniti\"}]},{\"@type\":\"WebSite\",\"@id\":\"https:\/\/www.esta-officiel-usa.com\/it\/#website\",\"url\":\"https:\/\/www.esta-officiel-usa.com\/it\/\",\"name\":\"ESTA - Stati Uniti\",\"description\":\"Modulo di richiesta ESTA\",\"potentialAction\":[{\"@type\":\"SearchAction\",\"target\":{\"@type\":\"EntryPoint\",\"urlTemplate\":\"https:\/\/www.esta-officiel-usa.com\/it\/?s={search_term_string}\"},\"query-input\":{\"@type\":\"PropertyValueSpecification\",\"valueRequired\":true,\"valueName\":\"search_term_string\"}}],\"inLanguage\":\"it-IT\"}]}<\/script>\n<!-- \/ Yoast SEO plugin. -->","yoast_head_json":{"title":"Visita Cuba durante un viaggio negli Stati Uniti","description":"Se hai in programma un viaggio negli Stati Uniti, perch\u00e9 non cogliere l'occasione per visitare Cuba? I nostri team hanno qualche consiglio da darti.","robots":{"index":"index","follow":"follow","max-snippet":"max-snippet:-1","max-image-preview":"max-image-preview:large","max-video-preview":"max-video-preview:-1"},"canonical":"https:\/\/www.esta-officiel-usa.com\/it\/visita-cuba-durante-un-viaggio-negli-stati-uniti\/","og_locale":"it_IT","og_type":"article","og_title":"Visita Cuba durante un viaggio negli Stati Uniti","og_description":"Se hai in programma un viaggio negli Stati Uniti, perch\u00e9 non cogliere l'occasione per visitare Cuba? I nostri team hanno qualche consiglio da darti.","og_url":"https:\/\/www.esta-officiel-usa.com\/it\/visita-cuba-durante-un-viaggio-negli-stati-uniti\/","og_site_name":"ESTA - Stati Uniti","twitter_card":"summary_large_image","twitter_misc":{"Tempo di lettura stimato":"3 minuti"},"schema":{"@context":"https:\/\/schema.org","@graph":[{"@type":"WebPage","@id":"https:\/\/www.esta-officiel-usa.com\/it\/visita-cuba-durante-un-viaggio-negli-stati-uniti\/","url":"https:\/\/www.esta-officiel-usa.com\/it\/visita-cuba-durante-un-viaggio-negli-stati-uniti\/","name":"Visita Cuba durante un viaggio negli Stati Uniti","isPartOf":{"@id":"https:\/\/www.esta-officiel-usa.com\/it\/#website"},"datePublished":"2025-09-13T12:02:07+00:00","description":"Se hai in programma un viaggio negli Stati Uniti, perch\u00e9 non cogliere l'occasione per visitare Cuba? I nostri team hanno qualche consiglio da darti.","breadcrumb":{"@id":"https:\/\/www.esta-officiel-usa.com\/it\/visita-cuba-durante-un-viaggio-negli-stati-uniti\/#breadcrumb"},"inLanguage":"it-IT","potentialAction":[{"@type":"ReadAction","target":["https:\/\/www.esta-officiel-usa.com\/it\/visita-cuba-durante-un-viaggio-negli-stati-uniti\/"]}]},{"@type":"BreadcrumbList","@id":"https:\/\/www.esta-officiel-usa.com\/it\/visita-cuba-durante-un-viaggio-negli-stati-uniti\/#breadcrumb","itemListElement":[{"@type":"ListItem","position":1,"name":"Casa","item":"https:\/\/www.esta-officiel-usa.com\/it\/"},{"@type":"ListItem","position":2,"name":"Visita Cuba durante un viaggio negli Stati Uniti"}]},{"@type":"WebSite","@id":"https:\/\/www.esta-officiel-usa.com\/it\/#website","url":"https:\/\/www.esta-officiel-usa.com\/it\/","name":"ESTA - Stati Uniti","description":"Modulo di richiesta ESTA","potentialAction":[{"@type":"SearchAction","target":{"@type":"EntryPoint","urlTemplate":"https:\/\/www.esta-officiel-usa.com\/it\/?s={search_term_string}"},"query-input":{"@type":"PropertyValueSpecification","valueRequired":true,"valueName":"search_term_string"}}],"inLanguage":"it-IT"}]}},"_links":{"self":[{"href":"https:\/\/www.esta-officiel-usa.com\/it\/wp-json\/wp\/v2\/pages\/1228","targetHints":{"allow":["GET"]}}],"collection":[{"href":"https:\/\/www.esta-officiel-usa.com\/it\/wp-json\/wp\/v2\/pages"}],"about":[{"href":"https:\/\/www.esta-officiel-usa.com\/it\/wp-json\/wp\/v2\/types\/page"}],"author":[{"embeddable":true,"href":"https:\/\/www.esta-officiel-usa.com\/it\/wp-json\/wp\/v2\/users\/1"}],"replies":[{"embeddable":true,"href":"https:\/\/www.esta-officiel-usa.com\/it\/wp-json\/wp\/v2\/comments?post=1228"}],"version-history":[{"count":1,"href":"https:\/\/www.esta-officiel-usa.com\/it\/wp-json\/wp\/v2\/pages\/1228\/revisions"}],"predecessor-version":[{"id":1229,"href":"https:\/\/www.esta-officiel-usa.com\/it\/wp-json\/wp\/v2\/pages\/1228\/revisions\/1229"}],"wp:attachment":[{"href":"https:\/\/www.esta-officiel-usa.com\/it\/wp-json\/wp\/v2\/media?parent=1228"}],"curies":[{"name":"wp","href":"https:\/\/api.w.org\/{rel}","templated":true}]}}