{"id":1236,"date":"2025-09-13T12:02:10","date_gmt":"2025-09-13T12:02:10","guid":{"rendered":"https:\/\/www.esta-officiel-usa.com\/cose-la-carta-verde\/"},"modified":"2025-09-13T12:02:11","modified_gmt":"2025-09-13T12:02:11","slug":"cose-la-carta-verde","status":"publish","type":"page","link":"https:\/\/www.esta-officiel-usa.com\/it\/cose-la-carta-verde\/","title":{"rendered":"Cos&#8217;\u00e8 la carta verde?"},"content":{"rendered":"\n<h1 class=\"wp-block-heading\">AGGIORNAMENTO SULLA CARTA VERDE<\/h1>\n\n<p>La Green Card \u00e8 un lasciapassare che consente ai cittadini stranieri di stabilirsi e vivere negli Stati Uniti. Ti permette inoltre di lavorare per un&#8217;azienda americana o di svolgere un&#8217;attivit\u00e0 autonoma senza bisogno di un visto. Questo documento ti permette di passare la <a href=\"https:\/\/www.esta-officiel-usa.com\/fr\/passer-les-controles-des-douanes-americaines\/\">dogana<\/a> senza ostacoli. In questo articolo vedremo cos&#8217;\u00e8 e come ottenerlo.   <\/p>\n\n<h2 class=\"wp-block-heading\">QUAL \u00c8 LA DEFINIZIONE DI CARTA VERDE?<\/h2>\n\n<p>Prima di individuare i diversi modi per ottenere la carta verde, chiariamo innanzitutto che non \u00e8 necessariamente indispensabile lavorare negli Stati Uniti: pu\u00f2 essere sufficiente un visto di lavoro. La carta verde, nota anche come carta di residente permanente, non d\u00e0 diritto a votare o a far parte di una giuria. I titolari sono inoltre tenuti a portare sempre con s\u00e9 la carta e un documento d&#8217;identit\u00e0 (come il <a href=\"https:\/\/www.esta-officiel-usa.com\/fr\/quel-type-de-passeport-pour-les-usa\/\">passaporto<\/a>), in caso di controllo dell&#8217;identit\u00e0 da parte di un ufficiale di polizia. La carta verde \u00e8 valida per dieci anni o per due anni nel caso di residenti permanenti condizionati. In ogni caso, la carta di residente permanente deve essere rinnovata prima della data di scadenza e il nuovo residente permanente statunitense deve pagare una tassa di 165 dollari per ottenere la carta stessa.    <\/p>\n\n<p>La carta verde viene rilasciata dall&#8217;United States Citizenship and Immigration Services (USCIS) in base a determinati criteri di selezione. Chi possiede una Green Card da pi\u00f9 di 5 anni pu\u00f2 richiedere la naturalizzazione. A differenza dell&#8217;<a href=\"https:\/\/www.esta-officiel-usa.com\/it\/\">ESTA<\/a>, la Green Card \u00e8 uno dei permessi pi\u00f9 difficili da ottenere. Ogni anno, migliaia di persone sperano di ottenere questo sesamo che cambier\u00e0 la loro vita e la loro carriera.   <\/p>\n\n<h2 class=\"wp-block-heading\">COME POSSO OTTENERE LA CARTA VERDE?<\/h2>\n\n<p>Vediamo ora i diversi modi per ottenere la famosa carta verde. Esistono regole specifiche da rispettare per ciascuna delle modalit\u00e0 di ottenimento della carta di soggiorno permanente. Ecco i quattro percorsi principali:  <\/p>\n\n<p>Famiglia: i cittadini americani di et\u00e0 superiore ai 21 anni possono richiedere la carta verde affinch\u00e9 un membro della loro famiglia (coniuge, genitori, figli, fratelli e sorelle) possa raggiungerli negli Stati Uniti. I richiedenti devono essere onesti riguardo al proprio coniuge, in quanto le autorit\u00e0 americane stanno combattendo duramente per impedire i matrimoni fittizi. <\/p>\n\n<p>Lavoro: la domanda di carta verde pu\u00f2 essere sostenuta da un&#8217;azienda americana che desidera assumerti con un contratto a lungo termine o a tempo indeterminato. Oltre ad assisterti nella procedura di richiesta e nelle pratiche burocratiche, in alcuni casi il tuo datore di lavoro pagher\u00e0 anche le spese di richiesta. Tuttavia, questo metodo \u00e8 riservato ai lavoratori &#8220;qualificati&#8221; che soddisfano i criteri richiesti dal governo americano.  <\/p>\n\n<p>Status di rifugiato: chiunque sia riconosciuto come richiedente asilo pu\u00f2 richiedere la residenza permanente negli Stati Uniti se si trova nel paese da pi\u00f9 di un anno.<\/p>\n\n<p>La &#8220;green card <a href=\"https:\/\/www.esta-officiel-usa.com\/fr\/obtenir-une-green-card-par-la-loterie\/\">lottery<\/a> &#8221; si svolge ogni anno e assegna questo famoso sesamo a 50.000 dei 15 milioni di partecipanti. Questo programma \u00e8 stato introdotto per garantire una certa diversit\u00e0 nella popolazione immigrata degli Stati Uniti. <\/p>\n\n<p>Se hai intenzione di visitare gli Stati Uniti solo per un breve periodo, devi sapere che esistono <a href=\"https:\/\/www.esta-officiel-usa.com\/fr\/les-formalites-dentree-aux-etats-unis\/\">formalit\u00e0 pi\u00f9 semplici per entrare negli Stati Uniti<\/a>, in particolare l&#8217;ESTA.<br\/><\/p>\n","protected":false},"excerpt":{"rendered":"<p>AGGIORNAMENTO SULLA CARTA VERDE La Green Card \u00e8 un lasciapassare che consente ai cittadini stranieri di stabilirsi e vivere negli Stati Uniti. Ti permette inoltre di lavorare per un&#8217;azienda americana o di svolgere un&#8217;attivit\u00e0 autonoma senza bisogno di un visto. Questo documento ti permette di passare la dogana senza ostacoli. In questo articolo vedremo cos&#8217;\u00e8 [&hellip;]<\/p>\n","protected":false},"author":1,"featured_media":0,"parent":0,"menu_order":0,"comment_status":"closed","ping_status":"closed","template":"","meta":{"footnotes":""},"class_list":["post-1236","page","type-page","status-publish","hentry"],"yoast_head":"<!-- This site is optimized with the Yoast SEO plugin v26.2 - https:\/\/yoast.com\/wordpress\/plugins\/seo\/ -->\n<title>Cos&#039;\u00e8 la carta verde?<\/title>\n<meta name=\"description\" content=\"I nostri esperti possono dirti tutto quello che c&#039;\u00e8 da sapere sulla Green Card, che permette ai cittadini stranieri di stabilirsi e vivere negli Stati Uniti.\" \/>\n<meta name=\"robots\" content=\"index, follow, max-snippet:-1, max-image-preview:large, max-video-preview:-1\" \/>\n<link rel=\"canonical\" href=\"https:\/\/www.esta-officiel-usa.com\/it\/cose-la-carta-verde\/\" \/>\n<meta property=\"og:locale\" content=\"it_IT\" \/>\n<meta property=\"og:type\" content=\"article\" \/>\n<meta property=\"og:title\" content=\"Cos&#039;\u00e8 la carta verde?\" \/>\n<meta property=\"og:description\" content=\"I nostri esperti possono dirti tutto quello che c&#039;\u00e8 da sapere sulla Green Card, che permette ai cittadini stranieri di stabilirsi e vivere negli Stati Uniti.\" \/>\n<meta property=\"og:url\" content=\"https:\/\/www.esta-officiel-usa.com\/it\/cose-la-carta-verde\/\" \/>\n<meta property=\"og:site_name\" content=\"ESTA - Stati Uniti\" \/>\n<meta property=\"article:modified_time\" content=\"2025-09-13T12:02:11+00:00\" \/>\n<meta name=\"twitter:card\" content=\"summary_large_image\" \/>\n<meta name=\"twitter:label1\" content=\"Tempo di lettura stimato\" \/>\n\t<meta name=\"twitter:data1\" content=\"3 minuti\" \/>\n<script type=\"application\/ld+json\" class=\"yoast-schema-graph\">{\"@context\":\"https:\/\/schema.org\",\"@graph\":[{\"@type\":\"WebPage\",\"@id\":\"https:\/\/www.esta-officiel-usa.com\/it\/cose-la-carta-verde\/\",\"url\":\"https:\/\/www.esta-officiel-usa.com\/it\/cose-la-carta-verde\/\",\"name\":\"Cos'\u00e8 la carta verde?\",\"isPartOf\":{\"@id\":\"https:\/\/www.esta-officiel-usa.com\/it\/#website\"},\"datePublished\":\"2025-09-13T12:02:10+00:00\",\"dateModified\":\"2025-09-13T12:02:11+00:00\",\"description\":\"I nostri esperti possono dirti tutto quello che c'\u00e8 da sapere sulla Green Card, che permette ai cittadini stranieri di stabilirsi e vivere negli Stati Uniti.\",\"breadcrumb\":{\"@id\":\"https:\/\/www.esta-officiel-usa.com\/it\/cose-la-carta-verde\/#breadcrumb\"},\"inLanguage\":\"it-IT\",\"potentialAction\":[{\"@type\":\"ReadAction\",\"target\":[\"https:\/\/www.esta-officiel-usa.com\/it\/cose-la-carta-verde\/\"]}]},{\"@type\":\"BreadcrumbList\",\"@id\":\"https:\/\/www.esta-officiel-usa.com\/it\/cose-la-carta-verde\/#breadcrumb\",\"itemListElement\":[{\"@type\":\"ListItem\",\"position\":1,\"name\":\"Casa\",\"item\":\"https:\/\/www.esta-officiel-usa.com\/it\/\"},{\"@type\":\"ListItem\",\"position\":2,\"name\":\"Cos&#8217;\u00e8 la carta verde?\"}]},{\"@type\":\"WebSite\",\"@id\":\"https:\/\/www.esta-officiel-usa.com\/it\/#website\",\"url\":\"https:\/\/www.esta-officiel-usa.com\/it\/\",\"name\":\"ESTA - Stati Uniti\",\"description\":\"Modulo di richiesta ESTA\",\"potentialAction\":[{\"@type\":\"SearchAction\",\"target\":{\"@type\":\"EntryPoint\",\"urlTemplate\":\"https:\/\/www.esta-officiel-usa.com\/it\/?s={search_term_string}\"},\"query-input\":{\"@type\":\"PropertyValueSpecification\",\"valueRequired\":true,\"valueName\":\"search_term_string\"}}],\"inLanguage\":\"it-IT\"}]}<\/script>\n<!-- \/ Yoast SEO plugin. -->","yoast_head_json":{"title":"Cos'\u00e8 la carta verde?","description":"I nostri esperti possono dirti tutto quello che c'\u00e8 da sapere sulla Green Card, che permette ai cittadini stranieri di stabilirsi e vivere negli Stati Uniti.","robots":{"index":"index","follow":"follow","max-snippet":"max-snippet:-1","max-image-preview":"max-image-preview:large","max-video-preview":"max-video-preview:-1"},"canonical":"https:\/\/www.esta-officiel-usa.com\/it\/cose-la-carta-verde\/","og_locale":"it_IT","og_type":"article","og_title":"Cos'\u00e8 la carta verde?","og_description":"I nostri esperti possono dirti tutto quello che c'\u00e8 da sapere sulla Green Card, che permette ai cittadini stranieri di stabilirsi e vivere negli Stati Uniti.","og_url":"https:\/\/www.esta-officiel-usa.com\/it\/cose-la-carta-verde\/","og_site_name":"ESTA - Stati Uniti","article_modified_time":"2025-09-13T12:02:11+00:00","twitter_card":"summary_large_image","twitter_misc":{"Tempo di lettura stimato":"3 minuti"},"schema":{"@context":"https:\/\/schema.org","@graph":[{"@type":"WebPage","@id":"https:\/\/www.esta-officiel-usa.com\/it\/cose-la-carta-verde\/","url":"https:\/\/www.esta-officiel-usa.com\/it\/cose-la-carta-verde\/","name":"Cos'\u00e8 la carta verde?","isPartOf":{"@id":"https:\/\/www.esta-officiel-usa.com\/it\/#website"},"datePublished":"2025-09-13T12:02:10+00:00","dateModified":"2025-09-13T12:02:11+00:00","description":"I nostri esperti possono dirti tutto quello che c'\u00e8 da sapere sulla Green Card, che permette ai cittadini stranieri di stabilirsi e vivere negli Stati Uniti.","breadcrumb":{"@id":"https:\/\/www.esta-officiel-usa.com\/it\/cose-la-carta-verde\/#breadcrumb"},"inLanguage":"it-IT","potentialAction":[{"@type":"ReadAction","target":["https:\/\/www.esta-officiel-usa.com\/it\/cose-la-carta-verde\/"]}]},{"@type":"BreadcrumbList","@id":"https:\/\/www.esta-officiel-usa.com\/it\/cose-la-carta-verde\/#breadcrumb","itemListElement":[{"@type":"ListItem","position":1,"name":"Casa","item":"https:\/\/www.esta-officiel-usa.com\/it\/"},{"@type":"ListItem","position":2,"name":"Cos&#8217;\u00e8 la carta verde?"}]},{"@type":"WebSite","@id":"https:\/\/www.esta-officiel-usa.com\/it\/#website","url":"https:\/\/www.esta-officiel-usa.com\/it\/","name":"ESTA - Stati Uniti","description":"Modulo di richiesta ESTA","potentialAction":[{"@type":"SearchAction","target":{"@type":"EntryPoint","urlTemplate":"https:\/\/www.esta-officiel-usa.com\/it\/?s={search_term_string}"},"query-input":{"@type":"PropertyValueSpecification","valueRequired":true,"valueName":"search_term_string"}}],"inLanguage":"it-IT"}]}},"_links":{"self":[{"href":"https:\/\/www.esta-officiel-usa.com\/it\/wp-json\/wp\/v2\/pages\/1236","targetHints":{"allow":["GET"]}}],"collection":[{"href":"https:\/\/www.esta-officiel-usa.com\/it\/wp-json\/wp\/v2\/pages"}],"about":[{"href":"https:\/\/www.esta-officiel-usa.com\/it\/wp-json\/wp\/v2\/types\/page"}],"author":[{"embeddable":true,"href":"https:\/\/www.esta-officiel-usa.com\/it\/wp-json\/wp\/v2\/users\/1"}],"replies":[{"embeddable":true,"href":"https:\/\/www.esta-officiel-usa.com\/it\/wp-json\/wp\/v2\/comments?post=1236"}],"version-history":[{"count":1,"href":"https:\/\/www.esta-officiel-usa.com\/it\/wp-json\/wp\/v2\/pages\/1236\/revisions"}],"predecessor-version":[{"id":1237,"href":"https:\/\/www.esta-officiel-usa.com\/it\/wp-json\/wp\/v2\/pages\/1236\/revisions\/1237"}],"wp:attachment":[{"href":"https:\/\/www.esta-officiel-usa.com\/it\/wp-json\/wp\/v2\/media?parent=1236"}],"curies":[{"name":"wp","href":"https:\/\/api.w.org\/{rel}","templated":true}]}}