{"id":1238,"date":"2025-09-13T12:02:11","date_gmt":"2025-09-13T12:02:11","guid":{"rendered":"https:\/\/www.esta-officiel-usa.com\/ottenere-la-carta-verde-attraverso-il-matrimonio\/"},"modified":"2025-09-13T12:02:11","modified_gmt":"2025-09-13T12:02:11","slug":"ottenere-la-carta-verde-attraverso-il-matrimonio","status":"publish","type":"page","link":"https:\/\/www.esta-officiel-usa.com\/it\/ottenere-la-carta-verde-attraverso-il-matrimonio\/","title":{"rendered":"Ottenere la carta verde attraverso il matrimonio"},"content":{"rendered":"\n<h1 class=\"wp-block-heading\">RICHIEDERE LA CARTA VERDE PER MATRIMONIO<\/h1>\n\n<p>Ottenere la carta verde sposando un cittadino americano \u00e8 uno dei modi pi\u00f9 rapidi per ottenere la residenza permanente (e la cittadinanza) e quindi vivere negli Stati Uniti (come la lotteria della carta verde). Ma pu\u00f2 anche creare grossi problemi alle coppie che non conoscono il sistema di immigrazione degli Stati Uniti o le modalit\u00e0 di richiesta del visto. Questo perch\u00e9 la carta di soggiorno non viene concessa automaticamente dopo il matrimonio. Sposarsi pu\u00f2 facilitare l&#8217;accesso agli Stati Uniti, ma c&#8217;\u00e8 un processo di richiesta che i cittadini stranieri devono seguire e rispettare: ci sono diverse fasi che includono moduli di richiesta, una visita medica, impronte digitali e varie approvazioni. A differenza dell&#8217;<a href=\"https:\/\/www.esta-officiel-usa.com\/it\/\">ESTA<\/a>, la carta verde per immigrare negli USA \u00e8 molto difficile da ottenere. Come fare per ottenerla? Te lo spieghiamo.      <br\/> <\/p>\n\n<h2 class=\"wp-block-heading\">OTTENERE UNA CARTA VERDE CON UN MATRIMONIO<\/h2>\n\n<p>Il processo di richiesta della carta verde inizia con l&#8217;invio del modulo I-130 compilato all&#8217;U.S. Citizenship and Immigration Services (USCIS). Presentando la domanda, stabilisci l&#8217;esistenza di una relazione valida tra te e il tuo coniuge che vive negli Stati Uniti con il governo e la necessit\u00e0 di un ricongiungimento familiare. Allo stesso tempo, chiedi che la carta verde sia riservata al tuo coniuge. Una volta approvato il modulo I-130, il governo riconoscer\u00e0 l&#8217;esistenza di una relazione valida tra i futuri coniugi e confermer\u00e0 la prenotazione di un visto USA.   <\/p>\n\n<p>Per ottenere la carta verde sposando un cittadino americano \u00e8 necessario che :<\/p>\n\n<ul class=\"wp-block-list\"><li>il matrimonio civile \u00e8 stato dichiarato legalmente (da qualsiasi paese);<\/li><li>nessun coniuge \u00e8 sposato contemporaneamente con un&#8217;altra persona.<br\/> <\/li><\/ul>\n\n<p>La rapidit\u00e0 della procedura per l&#8217;ottenimento del permesso di soggiorno permanente la rende inoltre soggetta a frodi da parte di alcune persone che simulano un matrimonio fittizio per ottenere vantaggi sul rilascio della carta verde <a href=\"https:\/\/www.esta-officiel-usa.com\/it\/quali-sono-i-passi-da-compiere-per-ottenere-un-visto-di-lavoro-negli-stati-uniti\/\">( tra cui il permesso di lavoro<\/a> ). Di conseguenza, l&#8217;ottenimento della carta verde attraverso il matrimonio \u00e8 strettamente monitorato dall&#8217;USCIS e richiede un <a href=\"https:\/\/www.esta-officiel-usa.com\/fr\/quel-type-de-passeport-pour-les-usa\/\">passaporto<\/a> valido. \u00c8 facile ottenere o falsificare un certificato di matrimonio. Tuttavia, la coppia deve fare del suo meglio per dimostrare che il matrimonio \u00e8 autentico e che intende rimanere insieme. L&#8217;USCIS esaminer\u00e0 i documenti per verificare che non ci sia un tentativo di eludere le leggi sull&#8217;immigrazione con un matrimonio fraudolento, il che ovviamente impedir\u00e0 di ottenere la carta di residente permanente.    <br\/> <\/p>\n\n<h2 class=\"wp-block-heading\">TERMINI E CONDIZIONI DELLA CARTA VERDE PER MATRIMONIO<\/h2>\n\n<p>In assenza della carta verde (che pu\u00f2 essere ottenuta attraverso il matrimonio o la lotteria <a href=\"https:\/\/www.esta-officiel-usa.com\/it\/la-cancellazione-della-carta-verde-da-parte-di-donald-trump\/\">della carta verde, minacciata da Donald Trump<\/a>), tutte le persone che sono entrate legalmente negli Stati Uniti vengono generalmente ispezionate da un funzionario <a href=\"https:\/\/www.esta-officiel-usa.com\/fr\/passer-les-controles-des-douanes-americaines\/\">della Dogana<\/a> e della Protezione delle Frontiere presso un porto d&#8217;ingresso come un aeroporto, un porto marittimo o un valico di frontiera. L&#8217;individuo pu\u00f2 aver utilizzato una delle seguenti autorizzazioni: <\/p>\n\n<ul class=\"wp-block-list\"><li>visti per non immigrati come visti turistici, visti per studenti o visti per lavoratori temporanei;<\/li><li>carta per il passaggio di frontiera ;<\/li><li>Autorizzazione di viaggio <a href=\"https:\/\/www.esta-officiel-usa.com\/it\/cose-lautorizzazione-esta\/\">ESTA<\/a>.<\/li><\/ul>\n\n<p>Se questo mezzo di ingresso legale \u00e8 scaduto, l&#8217;immigrato \u00e8 fuori dallo status e viene considerato privo di documenti. Tuttavia, \u00e8 ancora possibile ottenere la carta verde attraverso il matrimonio con un cittadino americano, anche se l&#8217;autorizzazione del coniuge straniero \u00e8 scaduta. Il coniuge deve quindi dimostrare di essere entrato legalmente al momento della domanda, presentando una copia del timbro del visto o del modulo I-94 (registrazione di arrivo\/partenza).  <\/p>\n\n<p>Tuttavia, la regolarizzazione dello status diventa pi\u00f9 complicata quando il periodo di presenza illegale supera i 180 giorni. Se il periodo di presenza illegale del tuo coniuge negli Stati Uniti supera questo periodo, consulta un avvocato specializzato in immigrazione prima di compilare qualsiasi modulo USCIS. Risiedere sul suolo americano pu\u00f2 diventare rapidamente un percorso a ostacoli per gli immigrati, anche se decidi di sposare un cittadino statunitense!  <\/p>\n","protected":false},"excerpt":{"rendered":"<p>RICHIEDERE LA CARTA VERDE PER MATRIMONIO Ottenere la carta verde sposando un cittadino americano \u00e8 uno dei modi pi\u00f9 rapidi per ottenere la residenza permanente (e la cittadinanza) e quindi vivere negli Stati Uniti (come la lotteria della carta verde). Ma pu\u00f2 anche creare grossi problemi alle coppie che non conoscono il sistema di immigrazione [&hellip;]<\/p>\n","protected":false},"author":1,"featured_media":0,"parent":0,"menu_order":0,"comment_status":"closed","ping_status":"closed","template":"","meta":{"footnotes":""},"class_list":["post-1238","page","type-page","status-publish","hentry"],"yoast_head":"<!-- This site is optimized with the Yoast SEO plugin v26.2 - https:\/\/yoast.com\/wordpress\/plugins\/seo\/ -->\n<title>Ottenere la carta verde attraverso il matrimonio<\/title>\n<meta name=\"description\" content=\"Per ottenere un permesso di soggiorno negli Stati Uniti, puoi ottenere una carta verde per matrimonio: scopri di pi\u00f9 sulla nostra pagina.\" \/>\n<meta name=\"robots\" content=\"index, follow, max-snippet:-1, max-image-preview:large, max-video-preview:-1\" \/>\n<link rel=\"canonical\" href=\"https:\/\/www.esta-officiel-usa.com\/it\/ottenere-la-carta-verde-attraverso-il-matrimonio\/\" \/>\n<meta property=\"og:locale\" content=\"it_IT\" \/>\n<meta property=\"og:type\" content=\"article\" \/>\n<meta property=\"og:title\" content=\"Ottenere la carta verde attraverso il matrimonio\" \/>\n<meta property=\"og:description\" content=\"Per ottenere un permesso di soggiorno negli Stati Uniti, puoi ottenere una carta verde per matrimonio: scopri di pi\u00f9 sulla nostra pagina.\" \/>\n<meta property=\"og:url\" content=\"https:\/\/www.esta-officiel-usa.com\/it\/ottenere-la-carta-verde-attraverso-il-matrimonio\/\" \/>\n<meta property=\"og:site_name\" content=\"ESTA - Stati Uniti\" \/>\n<meta name=\"twitter:card\" content=\"summary_large_image\" \/>\n<meta name=\"twitter:label1\" content=\"Tempo di lettura stimato\" \/>\n\t<meta name=\"twitter:data1\" content=\"3 minuti\" \/>\n<script type=\"application\/ld+json\" class=\"yoast-schema-graph\">{\"@context\":\"https:\/\/schema.org\",\"@graph\":[{\"@type\":\"WebPage\",\"@id\":\"https:\/\/www.esta-officiel-usa.com\/it\/ottenere-la-carta-verde-attraverso-il-matrimonio\/\",\"url\":\"https:\/\/www.esta-officiel-usa.com\/it\/ottenere-la-carta-verde-attraverso-il-matrimonio\/\",\"name\":\"Ottenere la carta verde attraverso il matrimonio\",\"isPartOf\":{\"@id\":\"https:\/\/www.esta-officiel-usa.com\/it\/#website\"},\"datePublished\":\"2025-09-13T12:02:11+00:00\",\"description\":\"Per ottenere un permesso di soggiorno negli Stati Uniti, puoi ottenere una carta verde per matrimonio: scopri di pi\u00f9 sulla nostra pagina.\",\"breadcrumb\":{\"@id\":\"https:\/\/www.esta-officiel-usa.com\/it\/ottenere-la-carta-verde-attraverso-il-matrimonio\/#breadcrumb\"},\"inLanguage\":\"it-IT\",\"potentialAction\":[{\"@type\":\"ReadAction\",\"target\":[\"https:\/\/www.esta-officiel-usa.com\/it\/ottenere-la-carta-verde-attraverso-il-matrimonio\/\"]}]},{\"@type\":\"BreadcrumbList\",\"@id\":\"https:\/\/www.esta-officiel-usa.com\/it\/ottenere-la-carta-verde-attraverso-il-matrimonio\/#breadcrumb\",\"itemListElement\":[{\"@type\":\"ListItem\",\"position\":1,\"name\":\"Casa\",\"item\":\"https:\/\/www.esta-officiel-usa.com\/it\/\"},{\"@type\":\"ListItem\",\"position\":2,\"name\":\"Ottenere la carta verde attraverso il matrimonio\"}]},{\"@type\":\"WebSite\",\"@id\":\"https:\/\/www.esta-officiel-usa.com\/it\/#website\",\"url\":\"https:\/\/www.esta-officiel-usa.com\/it\/\",\"name\":\"ESTA - Stati Uniti\",\"description\":\"Modulo di richiesta ESTA\",\"potentialAction\":[{\"@type\":\"SearchAction\",\"target\":{\"@type\":\"EntryPoint\",\"urlTemplate\":\"https:\/\/www.esta-officiel-usa.com\/it\/?s={search_term_string}\"},\"query-input\":{\"@type\":\"PropertyValueSpecification\",\"valueRequired\":true,\"valueName\":\"search_term_string\"}}],\"inLanguage\":\"it-IT\"}]}<\/script>\n<!-- \/ Yoast SEO plugin. -->","yoast_head_json":{"title":"Ottenere la carta verde attraverso il matrimonio","description":"Per ottenere un permesso di soggiorno negli Stati Uniti, puoi ottenere una carta verde per matrimonio: scopri di pi\u00f9 sulla nostra pagina.","robots":{"index":"index","follow":"follow","max-snippet":"max-snippet:-1","max-image-preview":"max-image-preview:large","max-video-preview":"max-video-preview:-1"},"canonical":"https:\/\/www.esta-officiel-usa.com\/it\/ottenere-la-carta-verde-attraverso-il-matrimonio\/","og_locale":"it_IT","og_type":"article","og_title":"Ottenere la carta verde attraverso il matrimonio","og_description":"Per ottenere un permesso di soggiorno negli Stati Uniti, puoi ottenere una carta verde per matrimonio: scopri di pi\u00f9 sulla nostra pagina.","og_url":"https:\/\/www.esta-officiel-usa.com\/it\/ottenere-la-carta-verde-attraverso-il-matrimonio\/","og_site_name":"ESTA - Stati Uniti","twitter_card":"summary_large_image","twitter_misc":{"Tempo di lettura stimato":"3 minuti"},"schema":{"@context":"https:\/\/schema.org","@graph":[{"@type":"WebPage","@id":"https:\/\/www.esta-officiel-usa.com\/it\/ottenere-la-carta-verde-attraverso-il-matrimonio\/","url":"https:\/\/www.esta-officiel-usa.com\/it\/ottenere-la-carta-verde-attraverso-il-matrimonio\/","name":"Ottenere la carta verde attraverso il matrimonio","isPartOf":{"@id":"https:\/\/www.esta-officiel-usa.com\/it\/#website"},"datePublished":"2025-09-13T12:02:11+00:00","description":"Per ottenere un permesso di soggiorno negli Stati Uniti, puoi ottenere una carta verde per matrimonio: scopri di pi\u00f9 sulla nostra pagina.","breadcrumb":{"@id":"https:\/\/www.esta-officiel-usa.com\/it\/ottenere-la-carta-verde-attraverso-il-matrimonio\/#breadcrumb"},"inLanguage":"it-IT","potentialAction":[{"@type":"ReadAction","target":["https:\/\/www.esta-officiel-usa.com\/it\/ottenere-la-carta-verde-attraverso-il-matrimonio\/"]}]},{"@type":"BreadcrumbList","@id":"https:\/\/www.esta-officiel-usa.com\/it\/ottenere-la-carta-verde-attraverso-il-matrimonio\/#breadcrumb","itemListElement":[{"@type":"ListItem","position":1,"name":"Casa","item":"https:\/\/www.esta-officiel-usa.com\/it\/"},{"@type":"ListItem","position":2,"name":"Ottenere la carta verde attraverso il matrimonio"}]},{"@type":"WebSite","@id":"https:\/\/www.esta-officiel-usa.com\/it\/#website","url":"https:\/\/www.esta-officiel-usa.com\/it\/","name":"ESTA - Stati Uniti","description":"Modulo di richiesta ESTA","potentialAction":[{"@type":"SearchAction","target":{"@type":"EntryPoint","urlTemplate":"https:\/\/www.esta-officiel-usa.com\/it\/?s={search_term_string}"},"query-input":{"@type":"PropertyValueSpecification","valueRequired":true,"valueName":"search_term_string"}}],"inLanguage":"it-IT"}]}},"_links":{"self":[{"href":"https:\/\/www.esta-officiel-usa.com\/it\/wp-json\/wp\/v2\/pages\/1238","targetHints":{"allow":["GET"]}}],"collection":[{"href":"https:\/\/www.esta-officiel-usa.com\/it\/wp-json\/wp\/v2\/pages"}],"about":[{"href":"https:\/\/www.esta-officiel-usa.com\/it\/wp-json\/wp\/v2\/types\/page"}],"author":[{"embeddable":true,"href":"https:\/\/www.esta-officiel-usa.com\/it\/wp-json\/wp\/v2\/users\/1"}],"replies":[{"embeddable":true,"href":"https:\/\/www.esta-officiel-usa.com\/it\/wp-json\/wp\/v2\/comments?post=1238"}],"version-history":[{"count":1,"href":"https:\/\/www.esta-officiel-usa.com\/it\/wp-json\/wp\/v2\/pages\/1238\/revisions"}],"predecessor-version":[{"id":1240,"href":"https:\/\/www.esta-officiel-usa.com\/it\/wp-json\/wp\/v2\/pages\/1238\/revisions\/1240"}],"wp:attachment":[{"href":"https:\/\/www.esta-officiel-usa.com\/it\/wp-json\/wp\/v2\/media?parent=1238"}],"curies":[{"name":"wp","href":"https:\/\/api.w.org\/{rel}","templated":true}]}}