{"id":1244,"date":"2025-09-13T12:02:14","date_gmt":"2025-09-13T12:02:14","guid":{"rendered":"https:\/\/www.esta-officiel-usa.com\/scoprire-new-york\/"},"modified":"2025-09-13T12:02:14","modified_gmt":"2025-09-13T12:02:14","slug":"scoprire-new-york","status":"publish","type":"page","link":"https:\/\/www.esta-officiel-usa.com\/it\/scoprire-new-york\/","title":{"rendered":"Scoprire New York"},"content":{"rendered":"\n<h1 class=\"wp-block-heading\">ALLA SCOPERTA DI NEW YORK<\/h1>\n\n<p>Se hai intenzione di visitare New York per la prima volta, \u00e8 fondamentale che tu prepari il tuo viaggio con largo anticipo. La citt\u00e0 \u00e8 enorme e ci sono molte cose da fare, quindi se vuoi trarre il massimo dal tuo soggiorno, organizza le formalit\u00e0 e i documenti di viaggio prima di partire (hotel, trasporti, escursioni, musei, <a href=\"https:\/\/www.esta-officiel-usa.com\/it\/di-quale-assicurazione-sanitaria-ho-bisogno-per-un-viaggio-negli-stati-uniti\/\">assicurazione<\/a>, permesso di soggiorno, ecc.) <\/p>\n\n<p>Scegliendo l&#8217;<a href=\"https:\/\/www.esta-officiel-usa.com\/it\/\">ESTA<\/a>, potrai soggiornare a New York e in tutti gli Stati Uniti per un massimo di 90 giorni consecutivi. I nostri esperti ti spiegano come ottenere facilmente l&#8217;autorizzazione. <br\/> <\/p>\n\n<h2 class=\"wp-block-heading\">NEW YORK E LE FORMALIT\u00c0 DI PARTENZA<\/h2>\n\n<p>Per recarsi negli Stati Uniti, tutti i viaggiatori devono essere in possesso di diversi <a href=\"https:\/\/www.esta-officiel-usa.com\/fr\/liste-des-documents-de-voyage-pour-les-usa\/\">documenti di viaggio<\/a>, tra cui un&#8217;autorizzazione di viaggio valida. Pu\u00f2 trattarsi di un&#8217;ESTA, di una carta verde o di un visto. <\/p>\n\n<p>La <a href=\"https:\/\/www.esta-officiel-usa.com\/fr\/la-declaration-esta\/\">dichiarazione ESTA<\/a> \u00e8 una delle opzioni pi\u00f9 frequentemente scelte, in quanto pu\u00f2 essere ottenuta in modo molto rapido ed economico.<\/p>\n\n<p>Ha inoltre il vantaggio di permettere ai titolari, adulti o minorenni, di effettuare pi\u00f9 soggiorni con lo stesso documento, per un periodo di 24 mesi.<\/p>\n\n<p>Scegliendo l&#8217;ESTA New York, potrai viaggiare in tutti gli Stati Uniti. Una volta arrivato sul suolo americano, l&#8217;autorizzazione ESTA del <a href=\"https:\/\/www.esta-officiel-usa.com\/fr\/a-propos-du-visa-waiver-program\/\">Visa Waiver Program<\/a> ti permette di viaggiare come turista, ma anche di partecipare a incontri di lavoro (conferenze, brevi corsi di formazione, ecc.). <\/p>\n\n<p>Per un primo soggiorno negli Stati Uniti, i viaggiatori si rivolgono generalmente a New York City. La Grande Mela ha molto da offrire in termini di quartieri diversi e luoghi interessanti da visitare. <\/p>\n\n<p>I nostri esperti ti consigliano di approfittare dell&#8217;ESTA di New York per visitare :<\/p>\n\n<ul class=\"wp-block-list\">\n<li>L&#8217;Empire State Building. Considerato per molti anni l&#8217;edificio pi\u00f9 alto di New York, offre una vista incredibile della citt\u00e0; <\/li>\n\n\n\n<li>la Statua della Libert\u00e0. Questa mitica statua \u00e8 uno dei simboli della citt\u00e0. Se sali in cima alla statua, puoi ammirare tutta Manhattan;  <\/li>\n\n\n\n<li>Il Memoriale dell&#8217;11 settembre. Costruito per rendere omaggio alle vittime dell&#8217;11 settembre 2001, il memoriale \u00e8 un luogo di ricordo per gli americani e per i turisti. Sul luogo \u00e8 stato creato anche un museo per far luce sugli eventi;  <\/li>\n\n\n\n<li>Central Park. Il pi\u00f9 grande spazio verde di New York \u00e8 molto popolare. Gli americani amano venire qui per fare picnic e passeggiate con la famiglia e gli amici. Qui si tengono anche spettacoli di strada ogni giorno. \u00c8 un luogo fantastico!    <\/li>\n<\/ul>\n\n<p>Non vedi l&#8217;ora di fare tutte queste scoperte? esta-officiel-usa.com pu\u00f2 aiutarti a ottenere l&#8217;ESTA. <br\/> <\/p>\n\n<h2 class=\"wp-block-heading\">ISCRIVITI A ESTA NEW YORK<\/h2>\n\n<p>Se desideri fare la tua dichiarazione ESTA, devi semplicemente compilare il <a href=\"https:\/\/www.esta-officiel-usa.com\/it\/compilazione-del-questionario-esta-in-francese\/\">questionario ESTA<\/a>. Una volta completato, riceverai il tuo modulo ESTA, che potrai scaricare in formato PDF, il giorno stesso o al massimo entro 72 ore. Se lo desideri, puoi stampare il documento o salvarlo sul tuo computer o sul tuo telefono.    <\/p>\n\n<p>Dai un&#8217;occhiata ai nostri consigli sulle <a href=\"https:\/\/www.esta-officiel-usa.com\/fr\/quelles-sont-les-bonnes-manieres-aux-etats-unis\/\">buone maniere negli Stati Uniti<\/a> prima di partire per lo Zio Sam.<\/p>\n","protected":false},"excerpt":{"rendered":"<p>ALLA SCOPERTA DI NEW YORK Se hai intenzione di visitare New York per la prima volta, \u00e8 fondamentale che tu prepari il tuo viaggio con largo anticipo. La citt\u00e0 \u00e8 enorme e ci sono molte cose da fare, quindi se vuoi trarre il massimo dal tuo soggiorno, organizza le formalit\u00e0 e i documenti di viaggio [&hellip;]<\/p>\n","protected":false},"author":1,"featured_media":0,"parent":0,"menu_order":0,"comment_status":"closed","ping_status":"closed","template":"","meta":{"footnotes":""},"class_list":["post-1244","page","type-page","status-publish","hentry"],"yoast_head":"<!-- This site is optimized with the Yoast SEO plugin v26.2 - https:\/\/yoast.com\/wordpress\/plugins\/seo\/ -->\n<title>Scoprire New York<\/title>\n<meta name=\"description\" content=\"Se hai intenzione di scoprire la Grande Mela, i nostri esperti possono consigliarti sulla richiesta dell&#039;ESTA e sulle cose da fare a New York.\" \/>\n<meta name=\"robots\" content=\"index, follow, max-snippet:-1, max-image-preview:large, max-video-preview:-1\" \/>\n<link rel=\"canonical\" href=\"https:\/\/www.esta-officiel-usa.com\/it\/scoprire-new-york\/\" \/>\n<meta property=\"og:locale\" content=\"it_IT\" \/>\n<meta property=\"og:type\" content=\"article\" \/>\n<meta property=\"og:title\" content=\"Scoprire New York\" \/>\n<meta property=\"og:description\" content=\"Se hai intenzione di scoprire la Grande Mela, i nostri esperti possono consigliarti sulla richiesta dell&#039;ESTA e sulle cose da fare a New York.\" \/>\n<meta property=\"og:url\" content=\"https:\/\/www.esta-officiel-usa.com\/it\/scoprire-new-york\/\" \/>\n<meta property=\"og:site_name\" content=\"ESTA - Stati Uniti\" \/>\n<meta name=\"twitter:card\" content=\"summary_large_image\" \/>\n<meta name=\"twitter:label1\" content=\"Tempo di lettura stimato\" \/>\n\t<meta name=\"twitter:data1\" content=\"2 minuti\" \/>\n<script type=\"application\/ld+json\" class=\"yoast-schema-graph\">{\"@context\":\"https:\/\/schema.org\",\"@graph\":[{\"@type\":\"WebPage\",\"@id\":\"https:\/\/www.esta-officiel-usa.com\/it\/scoprire-new-york\/\",\"url\":\"https:\/\/www.esta-officiel-usa.com\/it\/scoprire-new-york\/\",\"name\":\"Scoprire New York\",\"isPartOf\":{\"@id\":\"https:\/\/www.esta-officiel-usa.com\/it\/#website\"},\"datePublished\":\"2025-09-13T12:02:14+00:00\",\"description\":\"Se hai intenzione di scoprire la Grande Mela, i nostri esperti possono consigliarti sulla richiesta dell'ESTA e sulle cose da fare a New York.\",\"breadcrumb\":{\"@id\":\"https:\/\/www.esta-officiel-usa.com\/it\/scoprire-new-york\/#breadcrumb\"},\"inLanguage\":\"it-IT\",\"potentialAction\":[{\"@type\":\"ReadAction\",\"target\":[\"https:\/\/www.esta-officiel-usa.com\/it\/scoprire-new-york\/\"]}]},{\"@type\":\"BreadcrumbList\",\"@id\":\"https:\/\/www.esta-officiel-usa.com\/it\/scoprire-new-york\/#breadcrumb\",\"itemListElement\":[{\"@type\":\"ListItem\",\"position\":1,\"name\":\"Casa\",\"item\":\"https:\/\/www.esta-officiel-usa.com\/it\/\"},{\"@type\":\"ListItem\",\"position\":2,\"name\":\"Scoprire New York\"}]},{\"@type\":\"WebSite\",\"@id\":\"https:\/\/www.esta-officiel-usa.com\/it\/#website\",\"url\":\"https:\/\/www.esta-officiel-usa.com\/it\/\",\"name\":\"ESTA - Stati Uniti\",\"description\":\"Modulo di richiesta ESTA\",\"potentialAction\":[{\"@type\":\"SearchAction\",\"target\":{\"@type\":\"EntryPoint\",\"urlTemplate\":\"https:\/\/www.esta-officiel-usa.com\/it\/?s={search_term_string}\"},\"query-input\":{\"@type\":\"PropertyValueSpecification\",\"valueRequired\":true,\"valueName\":\"search_term_string\"}}],\"inLanguage\":\"it-IT\"}]}<\/script>\n<!-- \/ Yoast SEO plugin. -->","yoast_head_json":{"title":"Scoprire New York","description":"Se hai intenzione di scoprire la Grande Mela, i nostri esperti possono consigliarti sulla richiesta dell'ESTA e sulle cose da fare a New York.","robots":{"index":"index","follow":"follow","max-snippet":"max-snippet:-1","max-image-preview":"max-image-preview:large","max-video-preview":"max-video-preview:-1"},"canonical":"https:\/\/www.esta-officiel-usa.com\/it\/scoprire-new-york\/","og_locale":"it_IT","og_type":"article","og_title":"Scoprire New York","og_description":"Se hai intenzione di scoprire la Grande Mela, i nostri esperti possono consigliarti sulla richiesta dell'ESTA e sulle cose da fare a New York.","og_url":"https:\/\/www.esta-officiel-usa.com\/it\/scoprire-new-york\/","og_site_name":"ESTA - Stati Uniti","twitter_card":"summary_large_image","twitter_misc":{"Tempo di lettura stimato":"2 minuti"},"schema":{"@context":"https:\/\/schema.org","@graph":[{"@type":"WebPage","@id":"https:\/\/www.esta-officiel-usa.com\/it\/scoprire-new-york\/","url":"https:\/\/www.esta-officiel-usa.com\/it\/scoprire-new-york\/","name":"Scoprire New York","isPartOf":{"@id":"https:\/\/www.esta-officiel-usa.com\/it\/#website"},"datePublished":"2025-09-13T12:02:14+00:00","description":"Se hai intenzione di scoprire la Grande Mela, i nostri esperti possono consigliarti sulla richiesta dell'ESTA e sulle cose da fare a New York.","breadcrumb":{"@id":"https:\/\/www.esta-officiel-usa.com\/it\/scoprire-new-york\/#breadcrumb"},"inLanguage":"it-IT","potentialAction":[{"@type":"ReadAction","target":["https:\/\/www.esta-officiel-usa.com\/it\/scoprire-new-york\/"]}]},{"@type":"BreadcrumbList","@id":"https:\/\/www.esta-officiel-usa.com\/it\/scoprire-new-york\/#breadcrumb","itemListElement":[{"@type":"ListItem","position":1,"name":"Casa","item":"https:\/\/www.esta-officiel-usa.com\/it\/"},{"@type":"ListItem","position":2,"name":"Scoprire New York"}]},{"@type":"WebSite","@id":"https:\/\/www.esta-officiel-usa.com\/it\/#website","url":"https:\/\/www.esta-officiel-usa.com\/it\/","name":"ESTA - Stati Uniti","description":"Modulo di richiesta ESTA","potentialAction":[{"@type":"SearchAction","target":{"@type":"EntryPoint","urlTemplate":"https:\/\/www.esta-officiel-usa.com\/it\/?s={search_term_string}"},"query-input":{"@type":"PropertyValueSpecification","valueRequired":true,"valueName":"search_term_string"}}],"inLanguage":"it-IT"}]}},"_links":{"self":[{"href":"https:\/\/www.esta-officiel-usa.com\/it\/wp-json\/wp\/v2\/pages\/1244","targetHints":{"allow":["GET"]}}],"collection":[{"href":"https:\/\/www.esta-officiel-usa.com\/it\/wp-json\/wp\/v2\/pages"}],"about":[{"href":"https:\/\/www.esta-officiel-usa.com\/it\/wp-json\/wp\/v2\/types\/page"}],"author":[{"embeddable":true,"href":"https:\/\/www.esta-officiel-usa.com\/it\/wp-json\/wp\/v2\/users\/1"}],"replies":[{"embeddable":true,"href":"https:\/\/www.esta-officiel-usa.com\/it\/wp-json\/wp\/v2\/comments?post=1244"}],"version-history":[{"count":1,"href":"https:\/\/www.esta-officiel-usa.com\/it\/wp-json\/wp\/v2\/pages\/1244\/revisions"}],"predecessor-version":[{"id":1245,"href":"https:\/\/www.esta-officiel-usa.com\/it\/wp-json\/wp\/v2\/pages\/1244\/revisions\/1245"}],"wp:attachment":[{"href":"https:\/\/www.esta-officiel-usa.com\/it\/wp-json\/wp\/v2\/media?parent=1244"}],"curies":[{"name":"wp","href":"https:\/\/api.w.org\/{rel}","templated":true}]}}