{"id":1247,"date":"2025-09-13T12:02:15","date_gmt":"2025-09-13T12:02:15","guid":{"rendered":"https:\/\/www.esta-officiel-usa.com\/scopri-i-parchi-nazionali-degli-stati-uniti\/"},"modified":"2025-09-13T12:02:15","modified_gmt":"2025-09-13T12:02:15","slug":"scopri-i-parchi-nazionali-degli-stati-uniti","status":"publish","type":"page","link":"https:\/\/www.esta-officiel-usa.com\/it\/scopri-i-parchi-nazionali-degli-stati-uniti\/","title":{"rendered":"Scopri i parchi nazionali degli Stati Uniti"},"content":{"rendered":"\n<h1 class=\"wp-block-heading\">VISITARE I PARCHI NAZIONALI NEGLI STATI UNITI<\/h1>\n\n<p>L&#8217;<a href=\"https:\/\/www.esta-officiel-usa.com\/it\/\">ESTA ufficiale<\/a> \u00e8 indispensabile se stai pianificando una vacanza di meno di 3 mesi negli Stati Uniti: ti permette di visitare il Paese e in particolare i suoi parchi nazionali, che non dovresti perdere per nessun motivo. La maggior parte di essi si trova nell&#8217;Ovest, quindi avrai la garanzia di trascorrere del tempo rilassandoti o facendo escursioni nel cuore della natura, in ambienti tanto unici quanto magnifici. Ecco alcune idee di passeggiate.  <\/p>\n\n<h2 class=\"wp-block-heading\">PARCHI NAZIONALI NEGLI USA: UN&#8217;IMBARAZZANTE RICCHEZZA<\/h2>\n\n<p>Yellowstone, Grand Canyon, Redwood, Yosemite&#8230; se questi nomi ti ricordano qualcosa, \u00e8 normale, perch\u00e9 fanno tutti parte dei famosi parchi nazionali degli Stati Uniti. Ce ne sono 59, quindi ti servir\u00e0 pi\u00f9 di un viaggio per vederli tutti! Se sei francese o hai la cittadinanza di un altro Paese aderente al Programma Viaggio senza Visto, dovrai<a href=\"https:\/\/www.esta-officiel-usa.com\/fr\/obtenir-un-esta-en-ligne\/\">ottenere l&#8217;autorizzazioneESTA<\/a> per il tuo viaggio, che prevede la compilazione di un modulo online.  <\/p>\n\n<p>Il primo parco nazionale risale al XIX secolo: Yellowstone, nel 1872. Se cerchi delle foto su Internet, riconoscerai sicuramente le sue caratteristiche sorgenti calde e i suoi geyser. I suoi paesaggi mozzafiato sono uno dei motivi per cui \u00e8 stato dichiarato Patrimonio dell&#8217;Umanit\u00e0 dall&#8217;UNESCO. Oltre a un vulcano attivo, il Parco di Yellowstone ospita molte specie di mammiferi, tra cui orsi grizzly, bisonti e lupi grigi.   <\/p>\n\n<p>\u00c8 difficile descrivere tutte le attrazioni dei parchi nazionali americani in un solo articolo. Un altro esempio di parco da visitare per ricaricarsi e meravigliarsi: il Sequoia. Cosa lo rende speciale? Potrai vedere l&#8217;albero pi\u00f9 grande del mondo! Infatti, questo parco ospita l&#8217;albero General Sherman, il cui volume \u00e8 stimato in 1.487 m3 (non \u00e8 l&#8217;albero pi\u00f9 alto).    <\/p>\n\n<p>Ti consigliamo anche gli 8 parchi dell&#8217;Alaska, met\u00e0 dei quali sono i pi\u00f9 grandi degli Stati Uniti, con Wrangell-St. Elias in cima alla lista con oltre 33.000 km2. Un cambio di scenario \u00e8 garantito, grazie alle sue montagne e ai suoi ghiacciai. Non dimenticare il pile e i guanti!    <\/p>\n\n<p>Infine, non perderti i classici ma non meno eccezionali Grand Canyon e Death Valley. La loro reputazione \u00e8 ormai consolidata, ma meritano comunque una visita. A differenza dell&#8217;Alaska, non dimenticare gli occhiali da sole e la crema solare!  <\/p>\n\n<p>Se hai ancora tempo, ecco altre idee&#8230; :<\/p>\n\n<ul class=\"wp-block-list\"><li>Joshua Tree in California;<\/li><li>Le Montagne Rocciose in Colorado ;<\/li><li>Biscayne in Florida;<\/li><li>Grotta di Mammut nel Kentucky.<\/li><\/ul>\n\n<h2 class=\"wp-block-heading\">DETTAGLI PRATICI PER ESPLORARE I PARCHI<\/h2>\n\n<p>Non correre a visitare i parchi nazionali senza essere preparato. Puoi risparmiare acquistando l'&#8221;America the Beautiful Pass&#8221;, un pass annuale del costo di 80 dollari. Con questo documento potrai visitare liberamente tutti i luoghi sopra elencati, senza limiti e senza pagare ad ogni ingresso. A seconda del numero di luoghi che intendi visitare, fai un rapido calcolo per capire se il pass vale la pena.   <\/p>\n\n<p>Per quanto riguarda gli spostamenti in auto, metti in conto un budget giornaliero di 30 dollari per la benzina, viste le distanze maggiori rispetto alla Francia. Questo dipender\u00e0 dal veicolo che noleggerai e dal tuo stile di guida. <\/p>\n\n<p>Tutto ci\u00f2 che devi fare \u00e8 ordinare l&#8217;<a href=\"https:\/\/www.esta-officiel-usa.com\/it\/cose-lautorizzazione-esta\/\">autorizzazione ESTA<\/a> online e volare negli Stati Uniti. Grazie all&#8217;autorizzazione di 90 giorni, non avrai problemi a visitare molti parchi nazionali. <\/p>\n\n<p>Completa subito il <a href=\"https:\/\/www.esta-officiel-usa.com\/it\/modulo-esta-da-compilare-in-francese\/\">modulo ESTA<\/a> USA, la cui elaborazione pu\u00f2 richiedere fino a 72 ore.  <\/p>\n","protected":false},"excerpt":{"rendered":"<p>VISITARE I PARCHI NAZIONALI NEGLI STATI UNITI L&#8217;ESTA ufficiale \u00e8 indispensabile se stai pianificando una vacanza di meno di 3 mesi negli Stati Uniti: ti permette di visitare il Paese e in particolare i suoi parchi nazionali, che non dovresti perdere per nessun motivo. La maggior parte di essi si trova nell&#8217;Ovest, quindi avrai la [&hellip;]<\/p>\n","protected":false},"author":1,"featured_media":0,"parent":0,"menu_order":0,"comment_status":"closed","ping_status":"closed","template":"","meta":{"footnotes":""},"class_list":["post-1247","page","type-page","status-publish","hentry"],"yoast_head":"<!-- This site is optimized with the Yoast SEO plugin v26.2 - https:\/\/yoast.com\/wordpress\/plugins\/seo\/ -->\n<title>Scopri i parchi nazionali degli Stati Uniti<\/title>\n<meta name=\"description\" content=\"Se hai in programma un viaggio negli Stati Uniti, il nostro team pu\u00f2 fornirti informazioni e consigli sul tesoro degli Stati Uniti: i parchi nazionali.\" \/>\n<meta name=\"robots\" content=\"index, follow, max-snippet:-1, max-image-preview:large, max-video-preview:-1\" \/>\n<link rel=\"canonical\" href=\"https:\/\/www.esta-officiel-usa.com\/it\/scopri-i-parchi-nazionali-degli-stati-uniti\/\" \/>\n<meta property=\"og:locale\" content=\"it_IT\" \/>\n<meta property=\"og:type\" content=\"article\" \/>\n<meta property=\"og:title\" content=\"Scopri i parchi nazionali degli Stati Uniti\" \/>\n<meta property=\"og:description\" content=\"Se hai in programma un viaggio negli Stati Uniti, il nostro team pu\u00f2 fornirti informazioni e consigli sul tesoro degli Stati Uniti: i parchi nazionali.\" \/>\n<meta property=\"og:url\" content=\"https:\/\/www.esta-officiel-usa.com\/it\/scopri-i-parchi-nazionali-degli-stati-uniti\/\" \/>\n<meta property=\"og:site_name\" content=\"ESTA - Stati Uniti\" \/>\n<meta name=\"twitter:card\" content=\"summary_large_image\" \/>\n<meta name=\"twitter:label1\" content=\"Tempo di lettura stimato\" \/>\n\t<meta name=\"twitter:data1\" content=\"3 minuti\" \/>\n<script type=\"application\/ld+json\" class=\"yoast-schema-graph\">{\"@context\":\"https:\/\/schema.org\",\"@graph\":[{\"@type\":\"WebPage\",\"@id\":\"https:\/\/www.esta-officiel-usa.com\/it\/scopri-i-parchi-nazionali-degli-stati-uniti\/\",\"url\":\"https:\/\/www.esta-officiel-usa.com\/it\/scopri-i-parchi-nazionali-degli-stati-uniti\/\",\"name\":\"Scopri i parchi nazionali degli Stati Uniti\",\"isPartOf\":{\"@id\":\"https:\/\/www.esta-officiel-usa.com\/it\/#website\"},\"datePublished\":\"2025-09-13T12:02:15+00:00\",\"description\":\"Se hai in programma un viaggio negli Stati Uniti, il nostro team pu\u00f2 fornirti informazioni e consigli sul tesoro degli Stati Uniti: i parchi nazionali.\",\"breadcrumb\":{\"@id\":\"https:\/\/www.esta-officiel-usa.com\/it\/scopri-i-parchi-nazionali-degli-stati-uniti\/#breadcrumb\"},\"inLanguage\":\"it-IT\",\"potentialAction\":[{\"@type\":\"ReadAction\",\"target\":[\"https:\/\/www.esta-officiel-usa.com\/it\/scopri-i-parchi-nazionali-degli-stati-uniti\/\"]}]},{\"@type\":\"BreadcrumbList\",\"@id\":\"https:\/\/www.esta-officiel-usa.com\/it\/scopri-i-parchi-nazionali-degli-stati-uniti\/#breadcrumb\",\"itemListElement\":[{\"@type\":\"ListItem\",\"position\":1,\"name\":\"Casa\",\"item\":\"https:\/\/www.esta-officiel-usa.com\/it\/\"},{\"@type\":\"ListItem\",\"position\":2,\"name\":\"Scopri i parchi nazionali degli Stati Uniti\"}]},{\"@type\":\"WebSite\",\"@id\":\"https:\/\/www.esta-officiel-usa.com\/it\/#website\",\"url\":\"https:\/\/www.esta-officiel-usa.com\/it\/\",\"name\":\"ESTA - Stati Uniti\",\"description\":\"Modulo di richiesta ESTA\",\"potentialAction\":[{\"@type\":\"SearchAction\",\"target\":{\"@type\":\"EntryPoint\",\"urlTemplate\":\"https:\/\/www.esta-officiel-usa.com\/it\/?s={search_term_string}\"},\"query-input\":{\"@type\":\"PropertyValueSpecification\",\"valueRequired\":true,\"valueName\":\"search_term_string\"}}],\"inLanguage\":\"it-IT\"}]}<\/script>\n<!-- \/ Yoast SEO plugin. -->","yoast_head_json":{"title":"Scopri i parchi nazionali degli Stati Uniti","description":"Se hai in programma un viaggio negli Stati Uniti, il nostro team pu\u00f2 fornirti informazioni e consigli sul tesoro degli Stati Uniti: i parchi nazionali.","robots":{"index":"index","follow":"follow","max-snippet":"max-snippet:-1","max-image-preview":"max-image-preview:large","max-video-preview":"max-video-preview:-1"},"canonical":"https:\/\/www.esta-officiel-usa.com\/it\/scopri-i-parchi-nazionali-degli-stati-uniti\/","og_locale":"it_IT","og_type":"article","og_title":"Scopri i parchi nazionali degli Stati Uniti","og_description":"Se hai in programma un viaggio negli Stati Uniti, il nostro team pu\u00f2 fornirti informazioni e consigli sul tesoro degli Stati Uniti: i parchi nazionali.","og_url":"https:\/\/www.esta-officiel-usa.com\/it\/scopri-i-parchi-nazionali-degli-stati-uniti\/","og_site_name":"ESTA - Stati Uniti","twitter_card":"summary_large_image","twitter_misc":{"Tempo di lettura stimato":"3 minuti"},"schema":{"@context":"https:\/\/schema.org","@graph":[{"@type":"WebPage","@id":"https:\/\/www.esta-officiel-usa.com\/it\/scopri-i-parchi-nazionali-degli-stati-uniti\/","url":"https:\/\/www.esta-officiel-usa.com\/it\/scopri-i-parchi-nazionali-degli-stati-uniti\/","name":"Scopri i parchi nazionali degli Stati Uniti","isPartOf":{"@id":"https:\/\/www.esta-officiel-usa.com\/it\/#website"},"datePublished":"2025-09-13T12:02:15+00:00","description":"Se hai in programma un viaggio negli Stati Uniti, il nostro team pu\u00f2 fornirti informazioni e consigli sul tesoro degli Stati Uniti: i parchi nazionali.","breadcrumb":{"@id":"https:\/\/www.esta-officiel-usa.com\/it\/scopri-i-parchi-nazionali-degli-stati-uniti\/#breadcrumb"},"inLanguage":"it-IT","potentialAction":[{"@type":"ReadAction","target":["https:\/\/www.esta-officiel-usa.com\/it\/scopri-i-parchi-nazionali-degli-stati-uniti\/"]}]},{"@type":"BreadcrumbList","@id":"https:\/\/www.esta-officiel-usa.com\/it\/scopri-i-parchi-nazionali-degli-stati-uniti\/#breadcrumb","itemListElement":[{"@type":"ListItem","position":1,"name":"Casa","item":"https:\/\/www.esta-officiel-usa.com\/it\/"},{"@type":"ListItem","position":2,"name":"Scopri i parchi nazionali degli Stati Uniti"}]},{"@type":"WebSite","@id":"https:\/\/www.esta-officiel-usa.com\/it\/#website","url":"https:\/\/www.esta-officiel-usa.com\/it\/","name":"ESTA - Stati Uniti","description":"Modulo di richiesta ESTA","potentialAction":[{"@type":"SearchAction","target":{"@type":"EntryPoint","urlTemplate":"https:\/\/www.esta-officiel-usa.com\/it\/?s={search_term_string}"},"query-input":{"@type":"PropertyValueSpecification","valueRequired":true,"valueName":"search_term_string"}}],"inLanguage":"it-IT"}]}},"_links":{"self":[{"href":"https:\/\/www.esta-officiel-usa.com\/it\/wp-json\/wp\/v2\/pages\/1247","targetHints":{"allow":["GET"]}}],"collection":[{"href":"https:\/\/www.esta-officiel-usa.com\/it\/wp-json\/wp\/v2\/pages"}],"about":[{"href":"https:\/\/www.esta-officiel-usa.com\/it\/wp-json\/wp\/v2\/types\/page"}],"author":[{"embeddable":true,"href":"https:\/\/www.esta-officiel-usa.com\/it\/wp-json\/wp\/v2\/users\/1"}],"replies":[{"embeddable":true,"href":"https:\/\/www.esta-officiel-usa.com\/it\/wp-json\/wp\/v2\/comments?post=1247"}],"version-history":[{"count":1,"href":"https:\/\/www.esta-officiel-usa.com\/it\/wp-json\/wp\/v2\/pages\/1247\/revisions"}],"predecessor-version":[{"id":1250,"href":"https:\/\/www.esta-officiel-usa.com\/it\/wp-json\/wp\/v2\/pages\/1247\/revisions\/1250"}],"wp:attachment":[{"href":"https:\/\/www.esta-officiel-usa.com\/it\/wp-json\/wp\/v2\/media?parent=1247"}],"curies":[{"name":"wp","href":"https:\/\/api.w.org\/{rel}","templated":true}]}}