{"id":1249,"date":"2025-09-13T12:02:15","date_gmt":"2025-09-13T12:02:15","guid":{"rendered":"https:\/\/www.esta-officiel-usa.com\/dichiarazione-esta-per-gli-stati-uniti\/"},"modified":"2025-09-13T12:05:04","modified_gmt":"2025-09-13T12:05:04","slug":"dichiarazione-esta-per-gli-stati-uniti","status":"publish","type":"page","link":"https:\/\/www.esta-officiel-usa.com\/it\/dichiarazione-esta-per-gli-stati-uniti\/","title":{"rendered":"Dichiarazione ESTA per gli Stati Uniti"},"content":{"rendered":"\n<h1 class=\"wp-block-heading\">Cos&#8217;\u00e8 la dichiarazione ESTA?<\/h1>\n\n<p>Esistente dal 2009, la dichiarazione ESTA ti permette di attraversare il confine con gli Stati Uniti senza bisogno di un visto. Ma cos&#8217;\u00e8 esattamente e come si ottiene? <\/p>\n\n<h2 class=\"wp-block-heading\">Dichiarazione ESTA per gli Stati Uniti: cos&#8217;\u00e8?<\/h2>\n\n<p>La dichiarazione ESTA \u00e8 una <a href=\"https:\/\/www.esta-officiel-usa.com\/it\/la-procedura-esta-per-gli-stati-uniti\/\">procedura<\/a> per autorizzare i viaggi negli Stati Uniti. Consente ai cittadini dei paesi che partecipano al VWP<a href=\"https:\/\/www.esta-officiel-usa.com\/it\/informazioni-sul-programma-viaggio-senza-visto\/\">(Visa Waiver Program<\/a>) di <a href=\"https:\/\/www.esta-officiel-usa.com\/it\/\">richiedere semplicemente l&#8217;ESTA<\/a> per recarsi negli Stati Uniti. \u00c8 importante notare, tuttavia, che solo il funzionario dell&#8217;immigrazione alla <a href=\"https:\/\/www.esta-officiel-usa.com\/it\/superare-la-dogana-degli-stati-uniti\/\">dogana<\/a> pu\u00f2 autorizzare il tuo ingresso negli Stati Uniti. L&#8217;ESTA \u00e8 semplicemente un &#8220;biglietto&#8221; che ti autorizza ad attraversare la frontiera per entrare nel paese.   <\/p>\n\n<p>Ma non preoccuparti, se hai compilato correttamente il <a href=\"https:\/\/www.esta-officiel-usa.com\/it\/compilazione-del-questionario-esta-in-francese\/\">questionario ESTA<\/a>, non c&#8217;\u00e8 motivo per cui il funzionario debba rifiutarti l&#8217;ingresso! Per poter fare domanda, devi soddisfare alcune condizioni: <\/p>\n\n<ul class=\"wp-block-list\">\n<li>Prevedete di soggiornare per un massimo di 90 giorni;<\/li>\n\n\n\n<li>Arrivo negli Stati Uniti per via aerea o marittima (l&#8217;ESTA non \u00e8 necessario per l&#8217;<a href=\"https:\/\/www.esta-officiel-usa.com\/it\/formalita-per-arrivare-negli-stati-uniti-via-terra\/\">arrivo negli Stati Uniti via terra<\/a>);<\/li>\n\n\n\n<li>Pianificazione di un viaggio per turismo o per lavoro (non retribuito);<\/li>\n\n\n\n<li>Un <a href=\"https:\/\/www.esta-officiel-usa.com\/it\/che-tipo-di-passaporto-e-richiesto-per-gli-stati-uniti\/\">passaporto biometrico o elettronico<\/a> valido.<\/li>\n<\/ul>\n\n<h2 class=\"wp-block-heading\">Dichiarazione ESTA: come si ottiene?<\/h2>\n\n<p>La dichiarazione ESTA \u00e8 un&#8217;autorizzazione semplificata per viaggiare negli Stati Uniti. Quindi ottenerla \u00e8 facile! Devi solo fare domanda online. Assicurati di avere un metodo di pagamento online (carta di credito o conto Paypal). Puoi visitare il <a href=\"https:\/\/www.esta-officiel-usa.com\/it\/richiedere-lesta-su-un-sito-web-ufficiale\/\">sito ufficiale dell&#8217;ESTA statunitense<\/a> o compilare il modulo direttamente su una piattaforma privata.    <\/p>\n\n<p>La dichiarazione <a href=\"https:\/\/www.esta-officiel-usa.com\/it\/richiesta-di-autorizzazione-esta-per-minori\/\">ESTA per minori<\/a> o adulti consiste in un modulo in cui devi fornire informazioni su di te (cognome, nome, numero di passaporto, ecc.) e sul tuo viaggio (motivo del viaggio, indirizzo locale, contatto di emergenza). Fai attenzione a non omettere alcun dettaglio, perch\u00e9 ci\u00f2 potrebbe comportare il rifiuto della tua dichiarazione da parte della dogana o la <a href=\"https:\/\/www.esta-officiel-usa.com\/it\/modifica-del-modulo-esta\/\">necessit\u00e0 di modificare l&#8217;ESTA<\/a>. Ogni domanda richiede il pagamento di una tassa di <a href=\"https:\/\/www.esta-officiel-usa.com\/it\/lesta-non-costa-piu-14-dollari\/\">21 dollari<\/a>.  <\/p>\n\n<p>Non sai <a href=\"https:\/\/www.esta-officiel-usa.com\/it\/quando-richiedere-lesta\/\">quando richiedere l&#8217;ESTA<\/a>? \u00c8 semplice, il <a href=\"https:\/\/www.esta-officiel-usa.com\/it\/quanto-tempo-occorre-per-ottenere-lesta\/\">processo di richiesta<\/a> \u00e8 abbastanza breve, ma ti consigliamo di fare domanda il prima possibile! Se hai altre domande sulla tua domanda, puoi utilizzare il nostro helpdesk online.  <\/p>\n\n<p><\/p>\n","protected":false},"excerpt":{"rendered":"<p>Cos&#8217;\u00e8 la dichiarazione ESTA? Esistente dal 2009, la dichiarazione ESTA ti permette di attraversare il confine con gli Stati Uniti senza bisogno di un visto. Ma cos&#8217;\u00e8 esattamente e come si ottiene? Dichiarazione ESTA per gli Stati Uniti: cos&#8217;\u00e8? La dichiarazione ESTA \u00e8 una procedura per autorizzare i viaggi negli Stati Uniti. Consente ai cittadini [&hellip;]<\/p>\n","protected":false},"author":1,"featured_media":0,"parent":0,"menu_order":0,"comment_status":"closed","ping_status":"closed","template":"","meta":{"footnotes":""},"class_list":["post-1249","page","type-page","status-publish","hentry"],"yoast_head":"<!-- This site is optimized with the Yoast SEO plugin v26.2 - https:\/\/yoast.com\/wordpress\/plugins\/seo\/ -->\n<title>Dichiarazione ESTA per gli Stati Uniti<\/title>\n<meta name=\"description\" content=\"La dichiarazione ESTA ti permette di attraversare il confine con gli Stati Uniti senza bisogno di un visto. Ma cosa significa esattamente?\" \/>\n<meta name=\"robots\" content=\"index, follow, max-snippet:-1, max-image-preview:large, max-video-preview:-1\" \/>\n<link rel=\"canonical\" href=\"https:\/\/www.esta-officiel-usa.com\/it\/dichiarazione-esta-per-gli-stati-uniti\/\" \/>\n<meta property=\"og:locale\" content=\"it_IT\" \/>\n<meta property=\"og:type\" content=\"article\" \/>\n<meta property=\"og:title\" content=\"Dichiarazione ESTA per gli Stati Uniti\" \/>\n<meta property=\"og:description\" content=\"La dichiarazione ESTA ti permette di attraversare il confine con gli Stati Uniti senza bisogno di un visto. Ma cosa significa esattamente?\" \/>\n<meta property=\"og:url\" content=\"https:\/\/www.esta-officiel-usa.com\/it\/dichiarazione-esta-per-gli-stati-uniti\/\" \/>\n<meta property=\"og:site_name\" content=\"ESTA - Stati Uniti\" \/>\n<meta property=\"article:modified_time\" content=\"2025-09-13T12:05:04+00:00\" \/>\n<meta name=\"twitter:card\" content=\"summary_large_image\" \/>\n<meta name=\"twitter:label1\" content=\"Tempo di lettura stimato\" \/>\n\t<meta name=\"twitter:data1\" content=\"2 minuti\" \/>\n<script type=\"application\/ld+json\" class=\"yoast-schema-graph\">{\"@context\":\"https:\/\/schema.org\",\"@graph\":[{\"@type\":\"WebPage\",\"@id\":\"https:\/\/www.esta-officiel-usa.com\/it\/dichiarazione-esta-per-gli-stati-uniti\/\",\"url\":\"https:\/\/www.esta-officiel-usa.com\/it\/dichiarazione-esta-per-gli-stati-uniti\/\",\"name\":\"Dichiarazione ESTA per gli Stati Uniti\",\"isPartOf\":{\"@id\":\"https:\/\/www.esta-officiel-usa.com\/it\/#website\"},\"datePublished\":\"2025-09-13T12:02:15+00:00\",\"dateModified\":\"2025-09-13T12:05:04+00:00\",\"description\":\"La dichiarazione ESTA ti permette di attraversare il confine con gli Stati Uniti senza bisogno di un visto. Ma cosa significa esattamente?\",\"breadcrumb\":{\"@id\":\"https:\/\/www.esta-officiel-usa.com\/it\/dichiarazione-esta-per-gli-stati-uniti\/#breadcrumb\"},\"inLanguage\":\"it-IT\",\"potentialAction\":[{\"@type\":\"ReadAction\",\"target\":[\"https:\/\/www.esta-officiel-usa.com\/it\/dichiarazione-esta-per-gli-stati-uniti\/\"]}]},{\"@type\":\"BreadcrumbList\",\"@id\":\"https:\/\/www.esta-officiel-usa.com\/it\/dichiarazione-esta-per-gli-stati-uniti\/#breadcrumb\",\"itemListElement\":[{\"@type\":\"ListItem\",\"position\":1,\"name\":\"Casa\",\"item\":\"https:\/\/www.esta-officiel-usa.com\/it\/\"},{\"@type\":\"ListItem\",\"position\":2,\"name\":\"Dichiarazione ESTA per gli Stati Uniti\"}]},{\"@type\":\"WebSite\",\"@id\":\"https:\/\/www.esta-officiel-usa.com\/it\/#website\",\"url\":\"https:\/\/www.esta-officiel-usa.com\/it\/\",\"name\":\"ESTA - Stati Uniti\",\"description\":\"Modulo di richiesta ESTA\",\"potentialAction\":[{\"@type\":\"SearchAction\",\"target\":{\"@type\":\"EntryPoint\",\"urlTemplate\":\"https:\/\/www.esta-officiel-usa.com\/it\/?s={search_term_string}\"},\"query-input\":{\"@type\":\"PropertyValueSpecification\",\"valueRequired\":true,\"valueName\":\"search_term_string\"}}],\"inLanguage\":\"it-IT\"}]}<\/script>\n<!-- \/ Yoast SEO plugin. -->","yoast_head_json":{"title":"Dichiarazione ESTA per gli Stati Uniti","description":"La dichiarazione ESTA ti permette di attraversare il confine con gli Stati Uniti senza bisogno di un visto. Ma cosa significa esattamente?","robots":{"index":"index","follow":"follow","max-snippet":"max-snippet:-1","max-image-preview":"max-image-preview:large","max-video-preview":"max-video-preview:-1"},"canonical":"https:\/\/www.esta-officiel-usa.com\/it\/dichiarazione-esta-per-gli-stati-uniti\/","og_locale":"it_IT","og_type":"article","og_title":"Dichiarazione ESTA per gli Stati Uniti","og_description":"La dichiarazione ESTA ti permette di attraversare il confine con gli Stati Uniti senza bisogno di un visto. Ma cosa significa esattamente?","og_url":"https:\/\/www.esta-officiel-usa.com\/it\/dichiarazione-esta-per-gli-stati-uniti\/","og_site_name":"ESTA - Stati Uniti","article_modified_time":"2025-09-13T12:05:04+00:00","twitter_card":"summary_large_image","twitter_misc":{"Tempo di lettura stimato":"2 minuti"},"schema":{"@context":"https:\/\/schema.org","@graph":[{"@type":"WebPage","@id":"https:\/\/www.esta-officiel-usa.com\/it\/dichiarazione-esta-per-gli-stati-uniti\/","url":"https:\/\/www.esta-officiel-usa.com\/it\/dichiarazione-esta-per-gli-stati-uniti\/","name":"Dichiarazione ESTA per gli Stati Uniti","isPartOf":{"@id":"https:\/\/www.esta-officiel-usa.com\/it\/#website"},"datePublished":"2025-09-13T12:02:15+00:00","dateModified":"2025-09-13T12:05:04+00:00","description":"La dichiarazione ESTA ti permette di attraversare il confine con gli Stati Uniti senza bisogno di un visto. Ma cosa significa esattamente?","breadcrumb":{"@id":"https:\/\/www.esta-officiel-usa.com\/it\/dichiarazione-esta-per-gli-stati-uniti\/#breadcrumb"},"inLanguage":"it-IT","potentialAction":[{"@type":"ReadAction","target":["https:\/\/www.esta-officiel-usa.com\/it\/dichiarazione-esta-per-gli-stati-uniti\/"]}]},{"@type":"BreadcrumbList","@id":"https:\/\/www.esta-officiel-usa.com\/it\/dichiarazione-esta-per-gli-stati-uniti\/#breadcrumb","itemListElement":[{"@type":"ListItem","position":1,"name":"Casa","item":"https:\/\/www.esta-officiel-usa.com\/it\/"},{"@type":"ListItem","position":2,"name":"Dichiarazione ESTA per gli Stati Uniti"}]},{"@type":"WebSite","@id":"https:\/\/www.esta-officiel-usa.com\/it\/#website","url":"https:\/\/www.esta-officiel-usa.com\/it\/","name":"ESTA - Stati Uniti","description":"Modulo di richiesta ESTA","potentialAction":[{"@type":"SearchAction","target":{"@type":"EntryPoint","urlTemplate":"https:\/\/www.esta-officiel-usa.com\/it\/?s={search_term_string}"},"query-input":{"@type":"PropertyValueSpecification","valueRequired":true,"valueName":"search_term_string"}}],"inLanguage":"it-IT"}]}},"_links":{"self":[{"href":"https:\/\/www.esta-officiel-usa.com\/it\/wp-json\/wp\/v2\/pages\/1249","targetHints":{"allow":["GET"]}}],"collection":[{"href":"https:\/\/www.esta-officiel-usa.com\/it\/wp-json\/wp\/v2\/pages"}],"about":[{"href":"https:\/\/www.esta-officiel-usa.com\/it\/wp-json\/wp\/v2\/types\/page"}],"author":[{"embeddable":true,"href":"https:\/\/www.esta-officiel-usa.com\/it\/wp-json\/wp\/v2\/users\/1"}],"replies":[{"embeddable":true,"href":"https:\/\/www.esta-officiel-usa.com\/it\/wp-json\/wp\/v2\/comments?post=1249"}],"version-history":[{"count":9,"href":"https:\/\/www.esta-officiel-usa.com\/it\/wp-json\/wp\/v2\/pages\/1249\/revisions"}],"predecessor-version":[{"id":1693,"href":"https:\/\/www.esta-officiel-usa.com\/it\/wp-json\/wp\/v2\/pages\/1249\/revisions\/1693"}],"wp:attachment":[{"href":"https:\/\/www.esta-officiel-usa.com\/it\/wp-json\/wp\/v2\/media?parent=1249"}],"curies":[{"name":"wp","href":"https:\/\/api.w.org\/{rel}","templated":true}]}}