{"id":1256,"date":"2025-09-13T12:02:19","date_gmt":"2025-09-13T12:02:19","guid":{"rendered":"https:\/\/www.esta-officiel-usa.com\/viaggiare-negli-stati-uniti-e-scoprire-las-vegas\/"},"modified":"2025-09-13T12:02:19","modified_gmt":"2025-09-13T12:02:19","slug":"viaggiare-negli-stati-uniti-e-scoprire-las-vegas","status":"publish","type":"page","link":"https:\/\/www.esta-officiel-usa.com\/it\/viaggiare-negli-stati-uniti-e-scoprire-las-vegas\/","title":{"rendered":"Viaggiare negli Stati Uniti e scoprire Las Vegas"},"content":{"rendered":"\n<h1 class=\"wp-block-heading\">SCOPRI LAS VEGAS E VIAGGIA NEGLI STATI UNITI<\/h1>\n\n<p>Las Vegas \u00e8 una delle destinazioni pi\u00f9 popolari per i viaggiatori di tutto il mondo. Rinomata come la citt\u00e0 del divertimento, Las Vegas attira gruppi di amici, coppie e famiglie. La Sin City e l&#8217;area circostante offrono una vasta gamma di attivit\u00e0.  <\/p>\n\n<p>Las Vegas \u00e8 facilmente accessibile dalla Francia grazie all&#8217;<a href=\"https:\/\/www.esta-officiel-usa.com\/it\/\">ESTA<\/a>. I nostri esperti ti spiegano come <a href=\"https:\/\/www.esta-officiel-usa.com\/fr\/comment-obtenir-un-visa-usa\/\">ottenere il tuo<\/a> permesso di soggiorno. <\/p>\n\n<h2 class=\"wp-block-heading\">PERCH\u00c9 LAS VEGAS \u00c8 FAMOSA?<\/h2>\n\n<p>Las Vegas \u00e8 una destinazione di cui tutti abbiamo sentito parlare almeno una volta nella vita. La citt\u00e0 che non dorme mai \u00e8 famosa per il suo sfarzo e il suo glamour! <\/p>\n\n<p>Ci\u00f2 che la rende speciale \u00e8 che offre ai visitatori un&#8217;ampia gamma di intrattenimenti:<\/p>\n\n<ul class=\"wp-block-list\"><li>giganteschi hotel con arredamento basato su ricostruzioni (oasi, cascate, palazzi veneziani, Torre Eiffel, ecc.). Tutti sono sontuosi, ma i prezzi delle camere variano notevolmente in modo che tutti possano trovare una sistemazione adatta al proprio budget; <\/li><li>famosi casin\u00f2. Molti viaggiatori vengono a Las Vegas solo per il gioco d&#8217;azzardo. Infatti, la citt\u00e0 \u00e8 famosa in tutto il mondo per essere il paradiso dei giocatori d&#8217;azzardo. Ogni casin\u00f2 ha un gran numero di tavoli e slot machine. Tutti i giochi sono rappresentati (poker, roulette, blackjack, ecc.). Tutti giocano nella speranza di vincere il jackpot! A Las Vegas, tutti i sogni sono permessi&#8230; ;      <\/li><li>luci a perdita d&#8217;occhio. Las Vegas brilla di mille luci. I visitatori sono generalmente divertiti dall&#8217;impressionante numero di insegne giganti. La pi\u00f9 famosa \u00e8 la mitica &#8220;Welcome to fabulous Las Vegas&#8221;. Non perdere l&#8217;occasione di scattare una foto per immortalare il tuo soggiorno;    <\/li><li>il Grand Canyon. I visitatori di Las Vegas sono soliti cogliere l&#8217;occasione per ammirare la bellezza del Grand Canyon. Il sito \u00e8 facilmente raggiungibile in auto, quindi se hai un budget limitato, cogli l&#8217;opportunit\u00e0 di sorvolare il canyon in elicottero. \u00c8 un viaggio che non dimenticherai mai.   <\/li><\/ul>\n\n<p>Las Vegas \u00e8 una destinazione facilmente raggiungibile dalla Francia. Il prezzo dei voli per gli Stati Uniti \u00e8 sceso notevolmente negli ultimi anni, consentendo a un gran numero di francesi di <a href=\"https:\/\/www.esta-officiel-usa.com\/fr\/partir-en-voyage-aux-etats-unis\/\">recarsi negli USA<\/a>. <\/p>\n\n<p>Se il tuo viaggio \u00e8 di breve durata, l&#8217;ESTA di Las Vegas \u00e8 il modo pi\u00f9 semplice e veloce per ottenere l&#8217;autorizzazione.<\/p>\n\n<h2 class=\"wp-block-heading\">ORDINA UN ESTA PER LAS VEGAS<\/h2>\n\n<p>L&#8217;ESTA \u00e8 valida per due anni. Ci\u00f2 significa che i viaggiatori che sono stati conquistati dagli Stati Uniti possono effettuare ulteriori visite durante lo stesso periodo. <\/p>\n\n<p>L&#8217;ESTA di Las Vegas \u00e8 disponibile sia per i minori che per gli adulti.<\/p>\n\n<p>Per qualificarti, devi :<\/p>\n\n<ul class=\"wp-block-list\"><li>essere cittadino di uno dei 38 paesi che partecipano al <a href=\"https:\/\/www.esta-officiel-usa.com\/fr\/a-propos-du-visa-waiver-program\/\">Programma Viaggio senza Visto<\/a>;<\/li><li>avere un <a href=\"https:\/\/www.esta-officiel-usa.com\/fr\/quel-type-de-passeport-pour-les-usa\/\">passaporto<\/a> elettronico o biometrico valido;<\/li><li>presentare un biglietto di uscita noleggiato da una compagnia aerea approvata dagli Stati Uniti;<\/li><li>soggiorno negli Stati Uniti per un massimo di 90 giorni consecutivi.<\/li><\/ul>\n\n<p>Tutto ci\u00f2 che devi fare \u00e8 scaricare la tua <a href=\"https:\/\/www.esta-officiel-usa.com\/it\/dichiarazione-esta-per-gli-stati-uniti\/\">dichiarazione ESTA<\/a> in formato PDF e stamparla se necessario.  <\/p>\n","protected":false},"excerpt":{"rendered":"<p>SCOPRI LAS VEGAS E VIAGGIA NEGLI STATI UNITI Las Vegas \u00e8 una delle destinazioni pi\u00f9 popolari per i viaggiatori di tutto il mondo. Rinomata come la citt\u00e0 del divertimento, Las Vegas attira gruppi di amici, coppie e famiglie. La Sin City e l&#8217;area circostante offrono una vasta gamma di attivit\u00e0. Las Vegas \u00e8 facilmente accessibile [&hellip;]<\/p>\n","protected":false},"author":1,"featured_media":0,"parent":0,"menu_order":0,"comment_status":"closed","ping_status":"closed","template":"","meta":{"footnotes":""},"class_list":["post-1256","page","type-page","status-publish","hentry"],"yoast_head":"<!-- This site is optimized with the Yoast SEO plugin v26.2 - https:\/\/yoast.com\/wordpress\/plugins\/seo\/ -->\n<title>Viaggiare negli Stati Uniti e scoprire Las Vegas<\/title>\n<meta name=\"description\" content=\"Las Vegas \u00e8 una delle citt\u00e0 pi\u00f9 popolari d&#039;America e il nostro team ti spiegher\u00e0 come ottenere l&#039;autorizzazione ESTA.\" \/>\n<meta name=\"robots\" content=\"index, follow, max-snippet:-1, max-image-preview:large, max-video-preview:-1\" \/>\n<link rel=\"canonical\" href=\"https:\/\/www.esta-officiel-usa.com\/it\/viaggiare-negli-stati-uniti-e-scoprire-las-vegas\/\" \/>\n<meta property=\"og:locale\" content=\"it_IT\" \/>\n<meta property=\"og:type\" content=\"article\" \/>\n<meta property=\"og:title\" content=\"Viaggiare negli Stati Uniti e scoprire Las Vegas\" \/>\n<meta property=\"og:description\" content=\"Las Vegas \u00e8 una delle citt\u00e0 pi\u00f9 popolari d&#039;America e il nostro team ti spiegher\u00e0 come ottenere l&#039;autorizzazione ESTA.\" \/>\n<meta property=\"og:url\" content=\"https:\/\/www.esta-officiel-usa.com\/it\/viaggiare-negli-stati-uniti-e-scoprire-las-vegas\/\" \/>\n<meta property=\"og:site_name\" content=\"ESTA - Stati Uniti\" \/>\n<meta name=\"twitter:card\" content=\"summary_large_image\" \/>\n<meta name=\"twitter:label1\" content=\"Tempo di lettura stimato\" \/>\n\t<meta name=\"twitter:data1\" content=\"2 minuti\" \/>\n<script type=\"application\/ld+json\" class=\"yoast-schema-graph\">{\"@context\":\"https:\/\/schema.org\",\"@graph\":[{\"@type\":\"WebPage\",\"@id\":\"https:\/\/www.esta-officiel-usa.com\/it\/viaggiare-negli-stati-uniti-e-scoprire-las-vegas\/\",\"url\":\"https:\/\/www.esta-officiel-usa.com\/it\/viaggiare-negli-stati-uniti-e-scoprire-las-vegas\/\",\"name\":\"Viaggiare negli Stati Uniti e scoprire Las Vegas\",\"isPartOf\":{\"@id\":\"https:\/\/www.esta-officiel-usa.com\/it\/#website\"},\"datePublished\":\"2025-09-13T12:02:19+00:00\",\"description\":\"Las Vegas \u00e8 una delle citt\u00e0 pi\u00f9 popolari d'America e il nostro team ti spiegher\u00e0 come ottenere l'autorizzazione ESTA.\",\"breadcrumb\":{\"@id\":\"https:\/\/www.esta-officiel-usa.com\/it\/viaggiare-negli-stati-uniti-e-scoprire-las-vegas\/#breadcrumb\"},\"inLanguage\":\"it-IT\",\"potentialAction\":[{\"@type\":\"ReadAction\",\"target\":[\"https:\/\/www.esta-officiel-usa.com\/it\/viaggiare-negli-stati-uniti-e-scoprire-las-vegas\/\"]}]},{\"@type\":\"BreadcrumbList\",\"@id\":\"https:\/\/www.esta-officiel-usa.com\/it\/viaggiare-negli-stati-uniti-e-scoprire-las-vegas\/#breadcrumb\",\"itemListElement\":[{\"@type\":\"ListItem\",\"position\":1,\"name\":\"Casa\",\"item\":\"https:\/\/www.esta-officiel-usa.com\/it\/\"},{\"@type\":\"ListItem\",\"position\":2,\"name\":\"Viaggiare negli Stati Uniti e scoprire Las Vegas\"}]},{\"@type\":\"WebSite\",\"@id\":\"https:\/\/www.esta-officiel-usa.com\/it\/#website\",\"url\":\"https:\/\/www.esta-officiel-usa.com\/it\/\",\"name\":\"ESTA - Stati Uniti\",\"description\":\"Modulo di richiesta ESTA\",\"potentialAction\":[{\"@type\":\"SearchAction\",\"target\":{\"@type\":\"EntryPoint\",\"urlTemplate\":\"https:\/\/www.esta-officiel-usa.com\/it\/?s={search_term_string}\"},\"query-input\":{\"@type\":\"PropertyValueSpecification\",\"valueRequired\":true,\"valueName\":\"search_term_string\"}}],\"inLanguage\":\"it-IT\"}]}<\/script>\n<!-- \/ Yoast SEO plugin. -->","yoast_head_json":{"title":"Viaggiare negli Stati Uniti e scoprire Las Vegas","description":"Las Vegas \u00e8 una delle citt\u00e0 pi\u00f9 popolari d'America e il nostro team ti spiegher\u00e0 come ottenere l'autorizzazione ESTA.","robots":{"index":"index","follow":"follow","max-snippet":"max-snippet:-1","max-image-preview":"max-image-preview:large","max-video-preview":"max-video-preview:-1"},"canonical":"https:\/\/www.esta-officiel-usa.com\/it\/viaggiare-negli-stati-uniti-e-scoprire-las-vegas\/","og_locale":"it_IT","og_type":"article","og_title":"Viaggiare negli Stati Uniti e scoprire Las Vegas","og_description":"Las Vegas \u00e8 una delle citt\u00e0 pi\u00f9 popolari d'America e il nostro team ti spiegher\u00e0 come ottenere l'autorizzazione ESTA.","og_url":"https:\/\/www.esta-officiel-usa.com\/it\/viaggiare-negli-stati-uniti-e-scoprire-las-vegas\/","og_site_name":"ESTA - Stati Uniti","twitter_card":"summary_large_image","twitter_misc":{"Tempo di lettura stimato":"2 minuti"},"schema":{"@context":"https:\/\/schema.org","@graph":[{"@type":"WebPage","@id":"https:\/\/www.esta-officiel-usa.com\/it\/viaggiare-negli-stati-uniti-e-scoprire-las-vegas\/","url":"https:\/\/www.esta-officiel-usa.com\/it\/viaggiare-negli-stati-uniti-e-scoprire-las-vegas\/","name":"Viaggiare negli Stati Uniti e scoprire Las Vegas","isPartOf":{"@id":"https:\/\/www.esta-officiel-usa.com\/it\/#website"},"datePublished":"2025-09-13T12:02:19+00:00","description":"Las Vegas \u00e8 una delle citt\u00e0 pi\u00f9 popolari d'America e il nostro team ti spiegher\u00e0 come ottenere l'autorizzazione ESTA.","breadcrumb":{"@id":"https:\/\/www.esta-officiel-usa.com\/it\/viaggiare-negli-stati-uniti-e-scoprire-las-vegas\/#breadcrumb"},"inLanguage":"it-IT","potentialAction":[{"@type":"ReadAction","target":["https:\/\/www.esta-officiel-usa.com\/it\/viaggiare-negli-stati-uniti-e-scoprire-las-vegas\/"]}]},{"@type":"BreadcrumbList","@id":"https:\/\/www.esta-officiel-usa.com\/it\/viaggiare-negli-stati-uniti-e-scoprire-las-vegas\/#breadcrumb","itemListElement":[{"@type":"ListItem","position":1,"name":"Casa","item":"https:\/\/www.esta-officiel-usa.com\/it\/"},{"@type":"ListItem","position":2,"name":"Viaggiare negli Stati Uniti e scoprire Las Vegas"}]},{"@type":"WebSite","@id":"https:\/\/www.esta-officiel-usa.com\/it\/#website","url":"https:\/\/www.esta-officiel-usa.com\/it\/","name":"ESTA - Stati Uniti","description":"Modulo di richiesta ESTA","potentialAction":[{"@type":"SearchAction","target":{"@type":"EntryPoint","urlTemplate":"https:\/\/www.esta-officiel-usa.com\/it\/?s={search_term_string}"},"query-input":{"@type":"PropertyValueSpecification","valueRequired":true,"valueName":"search_term_string"}}],"inLanguage":"it-IT"}]}},"_links":{"self":[{"href":"https:\/\/www.esta-officiel-usa.com\/it\/wp-json\/wp\/v2\/pages\/1256","targetHints":{"allow":["GET"]}}],"collection":[{"href":"https:\/\/www.esta-officiel-usa.com\/it\/wp-json\/wp\/v2\/pages"}],"about":[{"href":"https:\/\/www.esta-officiel-usa.com\/it\/wp-json\/wp\/v2\/types\/page"}],"author":[{"embeddable":true,"href":"https:\/\/www.esta-officiel-usa.com\/it\/wp-json\/wp\/v2\/users\/1"}],"replies":[{"embeddable":true,"href":"https:\/\/www.esta-officiel-usa.com\/it\/wp-json\/wp\/v2\/comments?post=1256"}],"version-history":[{"count":1,"href":"https:\/\/www.esta-officiel-usa.com\/it\/wp-json\/wp\/v2\/pages\/1256\/revisions"}],"predecessor-version":[{"id":1259,"href":"https:\/\/www.esta-officiel-usa.com\/it\/wp-json\/wp\/v2\/pages\/1256\/revisions\/1259"}],"wp:attachment":[{"href":"https:\/\/www.esta-officiel-usa.com\/it\/wp-json\/wp\/v2\/media?parent=1256"}],"curies":[{"name":"wp","href":"https:\/\/api.w.org\/{rel}","templated":true}]}}