{"id":1257,"date":"2025-09-13T12:02:19","date_gmt":"2025-09-13T12:02:19","guid":{"rendered":"https:\/\/www.esta-officiel-usa.com\/formalita-per-arrivare-negli-stati-uniti-via-terra\/"},"modified":"2025-09-13T12:02:20","modified_gmt":"2025-09-13T12:02:20","slug":"formalita-per-arrivare-negli-stati-uniti-via-terra","status":"publish","type":"page","link":"https:\/\/www.esta-officiel-usa.com\/it\/formalita-per-arrivare-negli-stati-uniti-via-terra\/","title":{"rendered":"Formalit\u00e0 per arrivare negli Stati Uniti via terra"},"content":{"rendered":"\n<h1 class=\"wp-block-heading\">ARRIVO NEGLI USA VIA TERRA<\/h1>\n\n<p>Il Sistema Elettronico per l&#8217;Autorizzazione al Viaggio<a href=\"https:\/\/www.esta-officiel-usa.com\/it\/\">(ESTA<\/a>) consente ai cittadini dei Paesi aderenti al <a href=\"https:\/\/www.esta-officiel-usa.com\/fr\/a-propos-du-visa-waiver-program\/\">Programma Viaggio senza Visto<\/a> di recarsi negli Stati Uniti senza bisogno di un visto. L&#8217;ESTA \u00e8 molto popolare tra i viaggiatori e pu\u00f2 essere ottenuta a un costo molto basso. Ecco perch\u00e9 \u00e8 cos\u00ec popolare tra milioni di viaggiatori ogni anno! Vuoi arrivare negli Stati Uniti via terra? I nostri esperti possono spiegarti se hai diritto all&#8217;ESTA.    <br \/> <\/p>\n\n<h2 class=\"wp-block-heading\">ESISTE L&#8217;ESTA VIA TERRA?<\/h2>\n\n<p>Grazie al Programma Viaggio senza Visto (Visa Waiver Programme), i cittadini di 38 paesi del mondo sono autorizzati a visitare gli Stati Uniti attraverso una procedura semplificata.<\/p>\n\n<p>L&#8217;ESTA \u00e8 valida per due anni ed \u00e8 aperta sia ai minori che agli adulti.<\/p>\n\n<p>Si pu\u00f2 ottenere molto facilmente tramite il sito esta-officiel-usa.com.<\/p>\n\n<p>La maggior parte dei richiedenti riceve un parere favorevole dopo la convalida dell&#8217;ordine, di solito il giorno stesso e comunque entro 72 ore.<\/p>\n\n<p>Tutto ci\u00f2 che devi fare per ottenere l&#8217;ESTA \u00e8 soddisfare una serie di prerequisiti, come ad esempio :<\/p>\n\n<ul class=\"wp-block-list\"><li>Viaggi per turismo (comprese le attivit\u00e0 socio-culturali non retribuite) o per motivi professionali (possibilit\u00e0 di formazione a breve termine);<\/li><\/ul>\n\n<ul class=\"wp-block-list\"><li>essere in possesso di un passaporto biometrico o elettronico valido;<\/li><li>soggiornare per un massimo di 90 giorni consecutivi sul suolo americano;<\/li><li>compilare il modulo ESTA obbligatorio, accessibile tramite il sito esta-officiel-usa.com;<\/li><li>essere in possesso di un biglietto aereo o marittimo di andata e ritorno noleggiato da una compagnia aerea riconosciuta dagli Stati Uniti.<\/li><\/ul>\n\n<p>L&#8217;ESTA non \u00e8 destinato ai viaggiatori che desiderano arrivare negli Stati Uniti via terra. In questo caso \u00e8 necessario richiedere altri tipi di autorizzazione alle autorit\u00e0 competenti. <\/p>\n\n<h2 class=\"wp-block-heading\">FORMALIT\u00c0 PER ARRIVARE NEGLI USA VIA TERRA<\/h2>\n\n<p>Se desideri arrivare negli Stati Uniti via terra dal Canada o dal Messico, devi richiedere un&#8217;autorizzazione.<\/p>\n\n<p>Il modulo da compilare \u00e8 l&#8217;I-94W. \u00c8 essenziale per passare la <a href=\"https:\/\/www.esta-officiel-usa.com\/fr\/passer-les-controles-des-douanes-americaines\/\">dogana<\/a>. Al costo di soli 6 dollari, consente ai viaggiatori che entrano negli Stati Uniti via terra di rimanere per un massimo di 90 giorni consecutivi.  <\/p>\n\n<p>Una volta arrivati al confine, tu e il tuo veicolo dovrete passare la dogana. Assicurati di arrivare negli Stati Uniti via terra in orari non di punta. Le code possono essere molto lunghe, soprattutto se arrivi dal Messico. Un sito web dedicato ti fornisce informazioni in tempo reale sui tempi di attesa. Comodo!    <\/p>\n\n<p>Se ti sei innamorato degli Stati Uniti e vuoi tornarci dalla Francia, assicurati di avere il permesso di soggiorno adeguato (ESTA, visto o Green Card).<\/p>\n\n<p>Il modulo I-94W ti permette di entrare negli Stati Uniti via terra solo attraverso i paesi limitrofi!<\/p>\n\n<p>Hai delle domande? Il team di esta-officiel-usa.com \u00e8 a tua disposizione per rispondere a qualsiasi domanda sull&#8217;ottenimento dell&#8217;ESTA. Per facilitarti la comprensione, abbiamo creato delle sezioni speciali:<a href=\"https:\/\/www.esta-officiel-usa.com\/it\/esta-domande-frequenti\/\">&#8220;FAQ<\/a>&#8220;,<a href=\"https:\/\/www.esta-officiel-usa.com\/fr\/lexicon\/\">&#8220;Glossario<\/a>&#8221; e<a href=\"https:\/\/www.esta-officiel-usa.com\/it\/esta-sezione-di-aiuto\/\">&#8220;Aiuto<\/a>&#8220;. Se hai dei dubbi, non esitare a consultarle!     <\/p>\n","protected":false},"excerpt":{"rendered":"<p>ARRIVO NEGLI USA VIA TERRA Il Sistema Elettronico per l&#8217;Autorizzazione al Viaggio(ESTA) consente ai cittadini dei Paesi aderenti al Programma Viaggio senza Visto di recarsi negli Stati Uniti senza bisogno di un visto. L&#8217;ESTA \u00e8 molto popolare tra i viaggiatori e pu\u00f2 essere ottenuta a un costo molto basso. Ecco perch\u00e9 \u00e8 cos\u00ec popolare tra [&hellip;]<\/p>\n","protected":false},"author":1,"featured_media":0,"parent":0,"menu_order":0,"comment_status":"closed","ping_status":"closed","template":"","meta":{"footnotes":""},"class_list":["post-1257","page","type-page","status-publish","hentry"],"yoast_head":"<!-- This site is optimized with the Yoast SEO plugin v26.2 - https:\/\/yoast.com\/wordpress\/plugins\/seo\/ -->\n<title>Formalit\u00e0 per arrivare negli Stati Uniti via terra<\/title>\n<meta name=\"description\" content=\"Se vuoi arrivare negli Stati Uniti via terra dal Canada o dal Messico, devi richiedere un&#039;autorizzazione.\" \/>\n<meta name=\"robots\" content=\"index, follow, max-snippet:-1, max-image-preview:large, max-video-preview:-1\" \/>\n<link rel=\"canonical\" href=\"https:\/\/www.esta-officiel-usa.com\/it\/formalita-per-arrivare-negli-stati-uniti-via-terra\/\" \/>\n<meta property=\"og:locale\" content=\"it_IT\" \/>\n<meta property=\"og:type\" content=\"article\" \/>\n<meta property=\"og:title\" content=\"Formalit\u00e0 per arrivare negli Stati Uniti via terra\" \/>\n<meta property=\"og:description\" content=\"Se vuoi arrivare negli Stati Uniti via terra dal Canada o dal Messico, devi richiedere un&#039;autorizzazione.\" \/>\n<meta property=\"og:url\" content=\"https:\/\/www.esta-officiel-usa.com\/it\/formalita-per-arrivare-negli-stati-uniti-via-terra\/\" \/>\n<meta property=\"og:site_name\" content=\"ESTA - Stati Uniti\" \/>\n<meta property=\"article:modified_time\" content=\"2025-09-13T12:02:20+00:00\" \/>\n<meta name=\"twitter:card\" content=\"summary_large_image\" \/>\n<meta name=\"twitter:label1\" content=\"Tempo di lettura stimato\" \/>\n\t<meta name=\"twitter:data1\" content=\"2 minuti\" \/>\n<script type=\"application\/ld+json\" class=\"yoast-schema-graph\">{\"@context\":\"https:\/\/schema.org\",\"@graph\":[{\"@type\":\"WebPage\",\"@id\":\"https:\/\/www.esta-officiel-usa.com\/it\/formalita-per-arrivare-negli-stati-uniti-via-terra\/\",\"url\":\"https:\/\/www.esta-officiel-usa.com\/it\/formalita-per-arrivare-negli-stati-uniti-via-terra\/\",\"name\":\"Formalit\u00e0 per arrivare negli Stati Uniti via terra\",\"isPartOf\":{\"@id\":\"https:\/\/www.esta-officiel-usa.com\/it\/#website\"},\"datePublished\":\"2025-09-13T12:02:19+00:00\",\"dateModified\":\"2025-09-13T12:02:20+00:00\",\"description\":\"Se vuoi arrivare negli Stati Uniti via terra dal Canada o dal Messico, devi richiedere un'autorizzazione.\",\"breadcrumb\":{\"@id\":\"https:\/\/www.esta-officiel-usa.com\/it\/formalita-per-arrivare-negli-stati-uniti-via-terra\/#breadcrumb\"},\"inLanguage\":\"it-IT\",\"potentialAction\":[{\"@type\":\"ReadAction\",\"target\":[\"https:\/\/www.esta-officiel-usa.com\/it\/formalita-per-arrivare-negli-stati-uniti-via-terra\/\"]}]},{\"@type\":\"BreadcrumbList\",\"@id\":\"https:\/\/www.esta-officiel-usa.com\/it\/formalita-per-arrivare-negli-stati-uniti-via-terra\/#breadcrumb\",\"itemListElement\":[{\"@type\":\"ListItem\",\"position\":1,\"name\":\"Casa\",\"item\":\"https:\/\/www.esta-officiel-usa.com\/it\/\"},{\"@type\":\"ListItem\",\"position\":2,\"name\":\"Formalit\u00e0 per arrivare negli Stati Uniti via terra\"}]},{\"@type\":\"WebSite\",\"@id\":\"https:\/\/www.esta-officiel-usa.com\/it\/#website\",\"url\":\"https:\/\/www.esta-officiel-usa.com\/it\/\",\"name\":\"ESTA - Stati Uniti\",\"description\":\"Modulo di richiesta ESTA\",\"potentialAction\":[{\"@type\":\"SearchAction\",\"target\":{\"@type\":\"EntryPoint\",\"urlTemplate\":\"https:\/\/www.esta-officiel-usa.com\/it\/?s={search_term_string}\"},\"query-input\":{\"@type\":\"PropertyValueSpecification\",\"valueRequired\":true,\"valueName\":\"search_term_string\"}}],\"inLanguage\":\"it-IT\"}]}<\/script>\n<!-- \/ Yoast SEO plugin. -->","yoast_head_json":{"title":"Formalit\u00e0 per arrivare negli Stati Uniti via terra","description":"Se vuoi arrivare negli Stati Uniti via terra dal Canada o dal Messico, devi richiedere un'autorizzazione.","robots":{"index":"index","follow":"follow","max-snippet":"max-snippet:-1","max-image-preview":"max-image-preview:large","max-video-preview":"max-video-preview:-1"},"canonical":"https:\/\/www.esta-officiel-usa.com\/it\/formalita-per-arrivare-negli-stati-uniti-via-terra\/","og_locale":"it_IT","og_type":"article","og_title":"Formalit\u00e0 per arrivare negli Stati Uniti via terra","og_description":"Se vuoi arrivare negli Stati Uniti via terra dal Canada o dal Messico, devi richiedere un'autorizzazione.","og_url":"https:\/\/www.esta-officiel-usa.com\/it\/formalita-per-arrivare-negli-stati-uniti-via-terra\/","og_site_name":"ESTA - Stati Uniti","article_modified_time":"2025-09-13T12:02:20+00:00","twitter_card":"summary_large_image","twitter_misc":{"Tempo di lettura stimato":"2 minuti"},"schema":{"@context":"https:\/\/schema.org","@graph":[{"@type":"WebPage","@id":"https:\/\/www.esta-officiel-usa.com\/it\/formalita-per-arrivare-negli-stati-uniti-via-terra\/","url":"https:\/\/www.esta-officiel-usa.com\/it\/formalita-per-arrivare-negli-stati-uniti-via-terra\/","name":"Formalit\u00e0 per arrivare negli Stati Uniti via terra","isPartOf":{"@id":"https:\/\/www.esta-officiel-usa.com\/it\/#website"},"datePublished":"2025-09-13T12:02:19+00:00","dateModified":"2025-09-13T12:02:20+00:00","description":"Se vuoi arrivare negli Stati Uniti via terra dal Canada o dal Messico, devi richiedere un'autorizzazione.","breadcrumb":{"@id":"https:\/\/www.esta-officiel-usa.com\/it\/formalita-per-arrivare-negli-stati-uniti-via-terra\/#breadcrumb"},"inLanguage":"it-IT","potentialAction":[{"@type":"ReadAction","target":["https:\/\/www.esta-officiel-usa.com\/it\/formalita-per-arrivare-negli-stati-uniti-via-terra\/"]}]},{"@type":"BreadcrumbList","@id":"https:\/\/www.esta-officiel-usa.com\/it\/formalita-per-arrivare-negli-stati-uniti-via-terra\/#breadcrumb","itemListElement":[{"@type":"ListItem","position":1,"name":"Casa","item":"https:\/\/www.esta-officiel-usa.com\/it\/"},{"@type":"ListItem","position":2,"name":"Formalit\u00e0 per arrivare negli Stati Uniti via terra"}]},{"@type":"WebSite","@id":"https:\/\/www.esta-officiel-usa.com\/it\/#website","url":"https:\/\/www.esta-officiel-usa.com\/it\/","name":"ESTA - Stati Uniti","description":"Modulo di richiesta ESTA","potentialAction":[{"@type":"SearchAction","target":{"@type":"EntryPoint","urlTemplate":"https:\/\/www.esta-officiel-usa.com\/it\/?s={search_term_string}"},"query-input":{"@type":"PropertyValueSpecification","valueRequired":true,"valueName":"search_term_string"}}],"inLanguage":"it-IT"}]}},"_links":{"self":[{"href":"https:\/\/www.esta-officiel-usa.com\/it\/wp-json\/wp\/v2\/pages\/1257","targetHints":{"allow":["GET"]}}],"collection":[{"href":"https:\/\/www.esta-officiel-usa.com\/it\/wp-json\/wp\/v2\/pages"}],"about":[{"href":"https:\/\/www.esta-officiel-usa.com\/it\/wp-json\/wp\/v2\/types\/page"}],"author":[{"embeddable":true,"href":"https:\/\/www.esta-officiel-usa.com\/it\/wp-json\/wp\/v2\/users\/1"}],"replies":[{"embeddable":true,"href":"https:\/\/www.esta-officiel-usa.com\/it\/wp-json\/wp\/v2\/comments?post=1257"}],"version-history":[{"count":2,"href":"https:\/\/www.esta-officiel-usa.com\/it\/wp-json\/wp\/v2\/pages\/1257\/revisions"}],"predecessor-version":[{"id":1261,"href":"https:\/\/www.esta-officiel-usa.com\/it\/wp-json\/wp\/v2\/pages\/1257\/revisions\/1261"}],"wp:attachment":[{"href":"https:\/\/www.esta-officiel-usa.com\/it\/wp-json\/wp\/v2\/media?parent=1257"}],"curies":[{"name":"wp","href":"https:\/\/api.w.org\/{rel}","templated":true}]}}