{"id":1263,"date":"2025-09-13T12:02:21","date_gmt":"2025-09-13T12:02:21","guid":{"rendered":"https:\/\/www.esta-officiel-usa.com\/ottenere-una-carta-verde-tramite-lotteria\/"},"modified":"2025-09-13T12:02:21","modified_gmt":"2025-09-13T12:02:21","slug":"ottenere-una-carta-verde-tramite-lotteria","status":"publish","type":"page","link":"https:\/\/www.esta-officiel-usa.com\/it\/ottenere-una-carta-verde-tramite-lotteria\/","title":{"rendered":"Ottenere una carta verde tramite lotteria"},"content":{"rendered":"\n<h1 class=\"wp-block-heading\">LA LOTTERIA DELLA CARTA VERDE<\/h1>\n\n<p>Ogni anno il governo degli Stati Uniti organizza una lotteria internazionale. I vincitori si aggiudicano una green card, il documento ufficiale che d\u00e0 ai cittadini stranieri il diritto di vivere e lavorare negli Stati Uniti in modo permanente (a differenza dell&#8217;<a href=\"https:\/\/www.esta-officiel-usa.com\/it\/\">ESTA<\/a>, che autorizza il soggiorno temporaneo per turismo). Vengono concesse solo 50.000 green card su circa 15 milioni di richiedenti che desiderano immigrare negli Stati Uniti. La green card \u00e8 una delle forme di ingresso negli Stati Uniti pi\u00f9 ambite al mondo.   <br\/> <\/p>\n\n<h2 class=\"wp-block-heading\">COME POSSO PARTECIPARE ALLA LOTTERIA DELLA CARTA VERDE?<\/h2>\n\n<p>La lotteria della carta verde \u00e8 una tradizione annuale il cui scopo originario era quello di garantire la diversit\u00e0 demografica degli immigrati negli Stati Uniti. Possono partecipare i cittadini di paesi che hanno inviato meno di 50.000 immigrati negli Stati Uniti negli ultimi 5 anni: i cittadini di Messico, Canada, Cina e Regno Unito non sono attualmente ammessi, ma questa lista viene rivista ogni anno. <\/p>\n\n<p>Un altro criterio importante \u00e8 l&#8217;istruzione. Devi avere un diploma di maturit\u00e0, un diploma equivalente o una posizione che richieda questo livello di formazione per almeno due anni. <\/p>\n\n<p>La registrazione \u00e8 gratuita su Internet ed \u00e8 di grande interesse per milioni di persone, spesso provenienti da paesi del Terzo Mondo, che sognano di sfuggire alla povert\u00e0 e all&#8217;insicurezza. I candidati devono compilare il modulo online, facendo attenzione a non commettere errori di eliminazione. Il sito \u00e8 disponibile solo in inglese o in spagnolo. Le domande poste riguardano i seguenti argomenti:   <\/p>\n\n<ul class=\"wp-block-list\"><li>stato civile e dati <a href=\"https:\/\/www.esta-officiel-usa.com\/fr\/quel-type-de-passeport-pour-les-usa\/\">del passaporto<\/a>;<\/li><li>luogo di residenza ;<\/li><li>numeri di telefono e indirizzo e-mail;<\/li><li>livello di istruzione ;<\/li><li>situazione familiare ;<\/li><li>i dati dei tuoi figli e del tuo coniuge.<\/li><\/ul>\n\n<p>Il programma emblematico di una certa idea degli Stati Uniti (il sogno americano) \u00e8 stato a lungo minacciato, un tentativo di porre fine al programma nel 2013 \u00e8 fallito, ma ci\u00f2 che \u00e8 certo \u00e8 che le leggi sull&#8217;immigrazione potrebbero cambiare molto nei prossimi anni, soprattutto a causa di <a href=\"https:\/\/www.esta-officiel-usa.com\/it\/la-cancellazione-della-carta-verde-da-parte-di-donald-trump\/\">Donald Trump<\/a>.<br\/> <\/p>\n\n<h2 class=\"wp-block-heading\">COME POSSO CONOSCERE I RISULTATI DELLA LOTTERIA DELLA CARTA VERDE?<\/h2>\n\n<p>La lotteria si svolge ogni anno a ottobre e i risultati vengono pubblicati a maggio dell&#8217;anno successivo. Se sei fortunato, farai parte dello 0,33% dei partecipanti che vinceranno! Ma ti aspetta un vero e proprio percorso a ostacoli: trascrizioni ufficiali di tutti i documenti d&#8217;identit\u00e0 e dei diplomi, certificati medici, copie dei casellari giudiziari, colloqui approfonditi presso l&#8217;ambasciata americana nel tuo paese d&#8217;origine, ecc. L&#8217;intero processo dura due anni e i fortunati hanno 6 mesi di tempo per lasciarsi tutto alle spalle e stabilirsi negli Stati Uniti.   <\/p>\n\n<p>Per i meno fortunati, \u00e8 comunque possibile seguire questi <a href=\"https:\/\/www.esta-officiel-usa.com\/fr\/les-demarches-pour-visiter-les-etats-unis\/\">passi per visitare gli Stati Uniti<\/a>:<\/p>\n\n<ul class=\"wp-block-list\"><li>partecipare nuovamente l&#8217;anno successivo;<\/li><li>ottenere la carta verde con altri mezzi: contratto di lavoro, <a href=\"https:\/\/www.esta-officiel-usa.com\/it\/ottenere-la-carta-verde-attraverso-il-matrimonio\/\">matrimonio<\/a> con un cittadino americano, investimento negli USA, ecc;<\/li><li>ottenere un visto standard dall&#8217;ambasciata o dal consolato;<\/li><li>scegliere di ottenere un documento ESTA, che \u00e8 semplice e veloce e ti permette di rimanere nel paese per 90 giorni consecutivi.<\/li><\/ul>\n","protected":false},"excerpt":{"rendered":"<p>LA LOTTERIA DELLA CARTA VERDE Ogni anno il governo degli Stati Uniti organizza una lotteria internazionale. I vincitori si aggiudicano una green card, il documento ufficiale che d\u00e0 ai cittadini stranieri il diritto di vivere e lavorare negli Stati Uniti in modo permanente (a differenza dell&#8217;ESTA, che autorizza il soggiorno temporaneo per turismo). Vengono concesse [&hellip;]<\/p>\n","protected":false},"author":1,"featured_media":0,"parent":0,"menu_order":0,"comment_status":"closed","ping_status":"closed","template":"","meta":{"footnotes":""},"class_list":["post-1263","page","type-page","status-publish","hentry"],"yoast_head":"<!-- This site is optimized with the Yoast SEO plugin v26.2 - https:\/\/yoast.com\/wordpress\/plugins\/seo\/ -->\n<title>Ottenere una carta verde tramite lotteria<\/title>\n<meta name=\"description\" content=\"Ogni anno il governo degli Stati Uniti organizza una lotteria internazionale: scopri come i vincitori ottengono la green card.\" \/>\n<meta name=\"robots\" content=\"index, follow, max-snippet:-1, max-image-preview:large, max-video-preview:-1\" \/>\n<link rel=\"canonical\" href=\"https:\/\/www.esta-officiel-usa.com\/it\/ottenere-una-carta-verde-tramite-lotteria\/\" \/>\n<meta property=\"og:locale\" content=\"it_IT\" \/>\n<meta property=\"og:type\" content=\"article\" \/>\n<meta property=\"og:title\" content=\"Ottenere una carta verde tramite lotteria\" \/>\n<meta property=\"og:description\" content=\"Ogni anno il governo degli Stati Uniti organizza una lotteria internazionale: scopri come i vincitori ottengono la green card.\" \/>\n<meta property=\"og:url\" content=\"https:\/\/www.esta-officiel-usa.com\/it\/ottenere-una-carta-verde-tramite-lotteria\/\" \/>\n<meta property=\"og:site_name\" content=\"ESTA - Stati Uniti\" \/>\n<meta name=\"twitter:card\" content=\"summary_large_image\" \/>\n<meta name=\"twitter:label1\" content=\"Tempo di lettura stimato\" \/>\n\t<meta name=\"twitter:data1\" content=\"2 minuti\" \/>\n<script type=\"application\/ld+json\" class=\"yoast-schema-graph\">{\"@context\":\"https:\/\/schema.org\",\"@graph\":[{\"@type\":\"WebPage\",\"@id\":\"https:\/\/www.esta-officiel-usa.com\/it\/ottenere-una-carta-verde-tramite-lotteria\/\",\"url\":\"https:\/\/www.esta-officiel-usa.com\/it\/ottenere-una-carta-verde-tramite-lotteria\/\",\"name\":\"Ottenere una carta verde tramite lotteria\",\"isPartOf\":{\"@id\":\"https:\/\/www.esta-officiel-usa.com\/it\/#website\"},\"datePublished\":\"2025-09-13T12:02:21+00:00\",\"description\":\"Ogni anno il governo degli Stati Uniti organizza una lotteria internazionale: scopri come i vincitori ottengono la green card.\",\"breadcrumb\":{\"@id\":\"https:\/\/www.esta-officiel-usa.com\/it\/ottenere-una-carta-verde-tramite-lotteria\/#breadcrumb\"},\"inLanguage\":\"it-IT\",\"potentialAction\":[{\"@type\":\"ReadAction\",\"target\":[\"https:\/\/www.esta-officiel-usa.com\/it\/ottenere-una-carta-verde-tramite-lotteria\/\"]}]},{\"@type\":\"BreadcrumbList\",\"@id\":\"https:\/\/www.esta-officiel-usa.com\/it\/ottenere-una-carta-verde-tramite-lotteria\/#breadcrumb\",\"itemListElement\":[{\"@type\":\"ListItem\",\"position\":1,\"name\":\"Casa\",\"item\":\"https:\/\/www.esta-officiel-usa.com\/it\/\"},{\"@type\":\"ListItem\",\"position\":2,\"name\":\"Ottenere una carta verde tramite lotteria\"}]},{\"@type\":\"WebSite\",\"@id\":\"https:\/\/www.esta-officiel-usa.com\/it\/#website\",\"url\":\"https:\/\/www.esta-officiel-usa.com\/it\/\",\"name\":\"ESTA - Stati Uniti\",\"description\":\"Modulo di richiesta ESTA\",\"potentialAction\":[{\"@type\":\"SearchAction\",\"target\":{\"@type\":\"EntryPoint\",\"urlTemplate\":\"https:\/\/www.esta-officiel-usa.com\/it\/?s={search_term_string}\"},\"query-input\":{\"@type\":\"PropertyValueSpecification\",\"valueRequired\":true,\"valueName\":\"search_term_string\"}}],\"inLanguage\":\"it-IT\"}]}<\/script>\n<!-- \/ Yoast SEO plugin. -->","yoast_head_json":{"title":"Ottenere una carta verde tramite lotteria","description":"Ogni anno il governo degli Stati Uniti organizza una lotteria internazionale: scopri come i vincitori ottengono la green card.","robots":{"index":"index","follow":"follow","max-snippet":"max-snippet:-1","max-image-preview":"max-image-preview:large","max-video-preview":"max-video-preview:-1"},"canonical":"https:\/\/www.esta-officiel-usa.com\/it\/ottenere-una-carta-verde-tramite-lotteria\/","og_locale":"it_IT","og_type":"article","og_title":"Ottenere una carta verde tramite lotteria","og_description":"Ogni anno il governo degli Stati Uniti organizza una lotteria internazionale: scopri come i vincitori ottengono la green card.","og_url":"https:\/\/www.esta-officiel-usa.com\/it\/ottenere-una-carta-verde-tramite-lotteria\/","og_site_name":"ESTA - Stati Uniti","twitter_card":"summary_large_image","twitter_misc":{"Tempo di lettura stimato":"2 minuti"},"schema":{"@context":"https:\/\/schema.org","@graph":[{"@type":"WebPage","@id":"https:\/\/www.esta-officiel-usa.com\/it\/ottenere-una-carta-verde-tramite-lotteria\/","url":"https:\/\/www.esta-officiel-usa.com\/it\/ottenere-una-carta-verde-tramite-lotteria\/","name":"Ottenere una carta verde tramite lotteria","isPartOf":{"@id":"https:\/\/www.esta-officiel-usa.com\/it\/#website"},"datePublished":"2025-09-13T12:02:21+00:00","description":"Ogni anno il governo degli Stati Uniti organizza una lotteria internazionale: scopri come i vincitori ottengono la green card.","breadcrumb":{"@id":"https:\/\/www.esta-officiel-usa.com\/it\/ottenere-una-carta-verde-tramite-lotteria\/#breadcrumb"},"inLanguage":"it-IT","potentialAction":[{"@type":"ReadAction","target":["https:\/\/www.esta-officiel-usa.com\/it\/ottenere-una-carta-verde-tramite-lotteria\/"]}]},{"@type":"BreadcrumbList","@id":"https:\/\/www.esta-officiel-usa.com\/it\/ottenere-una-carta-verde-tramite-lotteria\/#breadcrumb","itemListElement":[{"@type":"ListItem","position":1,"name":"Casa","item":"https:\/\/www.esta-officiel-usa.com\/it\/"},{"@type":"ListItem","position":2,"name":"Ottenere una carta verde tramite lotteria"}]},{"@type":"WebSite","@id":"https:\/\/www.esta-officiel-usa.com\/it\/#website","url":"https:\/\/www.esta-officiel-usa.com\/it\/","name":"ESTA - Stati Uniti","description":"Modulo di richiesta ESTA","potentialAction":[{"@type":"SearchAction","target":{"@type":"EntryPoint","urlTemplate":"https:\/\/www.esta-officiel-usa.com\/it\/?s={search_term_string}"},"query-input":{"@type":"PropertyValueSpecification","valueRequired":true,"valueName":"search_term_string"}}],"inLanguage":"it-IT"}]}},"_links":{"self":[{"href":"https:\/\/www.esta-officiel-usa.com\/it\/wp-json\/wp\/v2\/pages\/1263","targetHints":{"allow":["GET"]}}],"collection":[{"href":"https:\/\/www.esta-officiel-usa.com\/it\/wp-json\/wp\/v2\/pages"}],"about":[{"href":"https:\/\/www.esta-officiel-usa.com\/it\/wp-json\/wp\/v2\/types\/page"}],"author":[{"embeddable":true,"href":"https:\/\/www.esta-officiel-usa.com\/it\/wp-json\/wp\/v2\/users\/1"}],"replies":[{"embeddable":true,"href":"https:\/\/www.esta-officiel-usa.com\/it\/wp-json\/wp\/v2\/comments?post=1263"}],"version-history":[{"count":1,"href":"https:\/\/www.esta-officiel-usa.com\/it\/wp-json\/wp\/v2\/pages\/1263\/revisions"}],"predecessor-version":[{"id":1264,"href":"https:\/\/www.esta-officiel-usa.com\/it\/wp-json\/wp\/v2\/pages\/1263\/revisions\/1264"}],"wp:attachment":[{"href":"https:\/\/www.esta-officiel-usa.com\/it\/wp-json\/wp\/v2\/media?parent=1263"}],"curies":[{"name":"wp","href":"https:\/\/api.w.org\/{rel}","templated":true}]}}