{"id":1265,"date":"2025-09-13T12:02:22","date_gmt":"2025-09-13T12:02:22","guid":{"rendered":"https:\/\/www.esta-officiel-usa.com\/superare-la-dogana-degli-stati-uniti\/"},"modified":"2025-09-13T12:02:23","modified_gmt":"2025-09-13T12:02:23","slug":"superare-la-dogana-degli-stati-uniti","status":"publish","type":"page","link":"https:\/\/www.esta-officiel-usa.com\/it\/superare-la-dogana-degli-stati-uniti\/","title":{"rendered":"Superare la dogana degli Stati Uniti"},"content":{"rendered":"\n<h1 class=\"wp-block-heading\">CONTROLLI DOGANALI IN VIAGGIO VERSO GLI STATI UNITI<\/h1>\n\n<p>Sei pronto a conquistare gli Stati Uniti? Ma prima di farlo, devi passare la dogana, anche se hai un&#8217;autorizzazione come l&#8217;<a href=\"https:\/\/www.esta-officiel-usa.com\/it\/\">ESTA<\/a>! <\/p>\n\n<p>\u00c8 meglio essere pazienti, perch\u00e9 <a href=\"https:\/\/www.esta-officiel-usa.com\/it\/dipartimento-di-sicurezza-nazionale\/\">la sicurezza negli Stati Uniti<\/a> non \u00e8 uno scherzo. I nostri esperti possono darti tutti i consigli necessari per rendere il tuo passaggio alla dogana il pi\u00f9 privo di stress possibile!   <br \/> <\/p>\n\n<h2 class=\"wp-block-heading\">DOCUMENTI DA PRESENTARE ALLA DOGANA<\/h2>\n\n<p>Prima di partire, assicurati di avere un permesso di soggiorno. Questo documento \u00e8 obbligatorio se non sei americano e vuoi recarti negli Stati Uniti. L&#8217;autorizzazione pu\u00f2 assumere varie forme, tra cui una <a href=\"https:\/\/www.esta-officiel-usa.com\/it\/cose-la-carta-verde\/\">carta verde<\/a>, un visto o un ESTA. L&#8217;ESTA \u00e8 il documento pi\u00f9 semplice ed economico da ottenere. Puoi ottenerlo molto facilmente utilizzando i servizi di esta-officiel-usa.com o rivolgendoti alla dogana statunitense, che dispone di un <a href=\"https:\/\/www.esta-officiel-usa.com\/fr\/demande-desta-sur-site-officiel\/\">sito web dedicato alle procedure ESTA<\/a>.    <\/p>\n\n<p>Senza autorizzazione, la dogana statunitense non ti permetter\u00e0 di entrare nel paese. Assicurati quindi di avere un documento aggiornato e non farti prendere dal panico se sei in ritardo! A differenza dei visti e delle green card, le <a href=\"https:\/\/www.esta-officiel-usa.com\/fr\/comment-faire-une-demande-esta-officiel\/\">richieste ESTA<\/a> vengono elaborate entro 72 ore. Anzi, di solito la ricevi il giorno stesso! Ricordati anche di viaggiare con un passaporto elettronico o biometrico valido. Senza di esso, la dogana ti lascer\u00e0 sull&#8217;asfalto!     <\/p>\n\n<p>Una volta salito sull&#8217;aereo o sulla nave, il personale di bordo ti consegner\u00e0 una carta blu. Questa corrisponde al modulo doganale. \u00c8 fondamentale che tu specifichi il tuo numero di passaporto, l&#8217;indirizzo fisico verso il quale ti stai recando negli Stati Uniti, l&#8217;ammontare dei contanti che hai con te e l&#8217;elenco degli oggetti speciali che ti accompagnano sul volo (piante, prodotti animali, ecc.).  <\/p>\n\n<h2 class=\"wp-block-heading\">PASSARE CON SUCCESSO LA DOGANA<\/h2>\n\n<p>Una volta arrivato negli Stati Uniti, la dogana esaminer\u00e0 i documenti richiesti: il passaporto, il modulo blu e l&#8217;autorizzazione. Se viaggi con un <a href=\"https:\/\/www.esta-officiel-usa.com\/it\/modulo-esta-da-compilare-in-francese\/\">modulo ESTA<\/a> francese, i funzionari doganali controlleranno sul loro computer che il documento sia stato rilasciato. La procedura ESTA \u00e8 completamente automatizzata, quindi la dogana pu\u00f2 vedere in tempo reale se sei autorizzato o meno a soggiornare sul loro territorio. Tuttavia, non lasciare che questo ti impedisca di viaggiare con il tuo documento cartaceo. Due precauzioni sono meglio di una! Soprattutto in un paese con requisiti di sicurezza cos\u00ec rigidi.     <\/p>\n\n<p>Una volta superata questa fase, i funzionari doganali ti faranno una serie di domande. Ti chiederanno soprattutto perch\u00e9 sei venuto negli Stati Uniti. Infine, ti scatteranno una foto e una scansione delle tue impronte digitali. Questi passaggi possono richiedere tempo e le code possono essere lunghe. Ma non perdere la calma! E non dimenticare che la dogana statunitense sta facendo il suo lavoro e ha piena autorit\u00e0 sull&#8217;<a href=\"https:\/\/www.esta-officiel-usa.com\/fr\/obtenir-un-esta-conditions-dadmission\/\">ammissione o meno di una personanel<\/a> Paese!     <\/p>\n\n<p>Se<a href=\"https:\/\/www.esta-officiel-usa.com\/fr\/esta-perdu-que-faire\/\">perdi l&#8217;ESTA<\/a>, non farti prendere dal panico! Puoi trovarlo facilmente sul sito online della dogana statunitense. <\/p>\n","protected":false},"excerpt":{"rendered":"<p>CONTROLLI DOGANALI IN VIAGGIO VERSO GLI STATI UNITI Sei pronto a conquistare gli Stati Uniti? Ma prima di farlo, devi passare la dogana, anche se hai un&#8217;autorizzazione come l&#8217;ESTA! \u00c8 meglio essere pazienti, perch\u00e9 la sicurezza negli Stati Uniti non \u00e8 uno scherzo. I nostri esperti possono darti tutti i consigli necessari per rendere il [&hellip;]<\/p>\n","protected":false},"author":1,"featured_media":0,"parent":0,"menu_order":0,"comment_status":"closed","ping_status":"closed","template":"","meta":{"footnotes":""},"class_list":["post-1265","page","type-page","status-publish","hentry"],"yoast_head":"<!-- This site is optimized with the Yoast SEO plugin v26.2 - https:\/\/yoast.com\/wordpress\/plugins\/seo\/ -->\n<title>Superare la dogana degli Stati Uniti<\/title>\n<meta name=\"description\" content=\"Hai un&#039;autorizzazione ESTA valida, ma devi comunque passare la dogana.\" \/>\n<meta name=\"robots\" content=\"index, follow, max-snippet:-1, max-image-preview:large, max-video-preview:-1\" \/>\n<link rel=\"canonical\" href=\"https:\/\/www.esta-officiel-usa.com\/it\/superare-la-dogana-degli-stati-uniti\/\" \/>\n<meta property=\"og:locale\" content=\"it_IT\" \/>\n<meta property=\"og:type\" content=\"article\" \/>\n<meta property=\"og:title\" content=\"Superare la dogana degli Stati Uniti\" \/>\n<meta property=\"og:description\" content=\"Hai un&#039;autorizzazione ESTA valida, ma devi comunque passare la dogana.\" \/>\n<meta property=\"og:url\" content=\"https:\/\/www.esta-officiel-usa.com\/it\/superare-la-dogana-degli-stati-uniti\/\" \/>\n<meta property=\"og:site_name\" content=\"ESTA - Stati Uniti\" \/>\n<meta property=\"article:modified_time\" content=\"2025-09-13T12:02:23+00:00\" \/>\n<meta name=\"twitter:card\" content=\"summary_large_image\" \/>\n<meta name=\"twitter:label1\" content=\"Tempo di lettura stimato\" \/>\n\t<meta name=\"twitter:data1\" content=\"2 minuti\" \/>\n<script type=\"application\/ld+json\" class=\"yoast-schema-graph\">{\"@context\":\"https:\/\/schema.org\",\"@graph\":[{\"@type\":\"WebPage\",\"@id\":\"https:\/\/www.esta-officiel-usa.com\/it\/superare-la-dogana-degli-stati-uniti\/\",\"url\":\"https:\/\/www.esta-officiel-usa.com\/it\/superare-la-dogana-degli-stati-uniti\/\",\"name\":\"Superare la dogana degli Stati Uniti\",\"isPartOf\":{\"@id\":\"https:\/\/www.esta-officiel-usa.com\/it\/#website\"},\"datePublished\":\"2025-09-13T12:02:22+00:00\",\"dateModified\":\"2025-09-13T12:02:23+00:00\",\"description\":\"Hai un'autorizzazione ESTA valida, ma devi comunque passare la dogana.\",\"breadcrumb\":{\"@id\":\"https:\/\/www.esta-officiel-usa.com\/it\/superare-la-dogana-degli-stati-uniti\/#breadcrumb\"},\"inLanguage\":\"it-IT\",\"potentialAction\":[{\"@type\":\"ReadAction\",\"target\":[\"https:\/\/www.esta-officiel-usa.com\/it\/superare-la-dogana-degli-stati-uniti\/\"]}]},{\"@type\":\"BreadcrumbList\",\"@id\":\"https:\/\/www.esta-officiel-usa.com\/it\/superare-la-dogana-degli-stati-uniti\/#breadcrumb\",\"itemListElement\":[{\"@type\":\"ListItem\",\"position\":1,\"name\":\"Casa\",\"item\":\"https:\/\/www.esta-officiel-usa.com\/it\/\"},{\"@type\":\"ListItem\",\"position\":2,\"name\":\"Superare la dogana degli Stati Uniti\"}]},{\"@type\":\"WebSite\",\"@id\":\"https:\/\/www.esta-officiel-usa.com\/it\/#website\",\"url\":\"https:\/\/www.esta-officiel-usa.com\/it\/\",\"name\":\"ESTA - Stati Uniti\",\"description\":\"Modulo di richiesta ESTA\",\"potentialAction\":[{\"@type\":\"SearchAction\",\"target\":{\"@type\":\"EntryPoint\",\"urlTemplate\":\"https:\/\/www.esta-officiel-usa.com\/it\/?s={search_term_string}\"},\"query-input\":{\"@type\":\"PropertyValueSpecification\",\"valueRequired\":true,\"valueName\":\"search_term_string\"}}],\"inLanguage\":\"it-IT\"}]}<\/script>\n<!-- \/ Yoast SEO plugin. -->","yoast_head_json":{"title":"Superare la dogana degli Stati Uniti","description":"Hai un'autorizzazione ESTA valida, ma devi comunque passare la dogana.","robots":{"index":"index","follow":"follow","max-snippet":"max-snippet:-1","max-image-preview":"max-image-preview:large","max-video-preview":"max-video-preview:-1"},"canonical":"https:\/\/www.esta-officiel-usa.com\/it\/superare-la-dogana-degli-stati-uniti\/","og_locale":"it_IT","og_type":"article","og_title":"Superare la dogana degli Stati Uniti","og_description":"Hai un'autorizzazione ESTA valida, ma devi comunque passare la dogana.","og_url":"https:\/\/www.esta-officiel-usa.com\/it\/superare-la-dogana-degli-stati-uniti\/","og_site_name":"ESTA - Stati Uniti","article_modified_time":"2025-09-13T12:02:23+00:00","twitter_card":"summary_large_image","twitter_misc":{"Tempo di lettura stimato":"2 minuti"},"schema":{"@context":"https:\/\/schema.org","@graph":[{"@type":"WebPage","@id":"https:\/\/www.esta-officiel-usa.com\/it\/superare-la-dogana-degli-stati-uniti\/","url":"https:\/\/www.esta-officiel-usa.com\/it\/superare-la-dogana-degli-stati-uniti\/","name":"Superare la dogana degli Stati Uniti","isPartOf":{"@id":"https:\/\/www.esta-officiel-usa.com\/it\/#website"},"datePublished":"2025-09-13T12:02:22+00:00","dateModified":"2025-09-13T12:02:23+00:00","description":"Hai un'autorizzazione ESTA valida, ma devi comunque passare la dogana.","breadcrumb":{"@id":"https:\/\/www.esta-officiel-usa.com\/it\/superare-la-dogana-degli-stati-uniti\/#breadcrumb"},"inLanguage":"it-IT","potentialAction":[{"@type":"ReadAction","target":["https:\/\/www.esta-officiel-usa.com\/it\/superare-la-dogana-degli-stati-uniti\/"]}]},{"@type":"BreadcrumbList","@id":"https:\/\/www.esta-officiel-usa.com\/it\/superare-la-dogana-degli-stati-uniti\/#breadcrumb","itemListElement":[{"@type":"ListItem","position":1,"name":"Casa","item":"https:\/\/www.esta-officiel-usa.com\/it\/"},{"@type":"ListItem","position":2,"name":"Superare la dogana degli Stati Uniti"}]},{"@type":"WebSite","@id":"https:\/\/www.esta-officiel-usa.com\/it\/#website","url":"https:\/\/www.esta-officiel-usa.com\/it\/","name":"ESTA - Stati Uniti","description":"Modulo di richiesta ESTA","potentialAction":[{"@type":"SearchAction","target":{"@type":"EntryPoint","urlTemplate":"https:\/\/www.esta-officiel-usa.com\/it\/?s={search_term_string}"},"query-input":{"@type":"PropertyValueSpecification","valueRequired":true,"valueName":"search_term_string"}}],"inLanguage":"it-IT"}]}},"_links":{"self":[{"href":"https:\/\/www.esta-officiel-usa.com\/it\/wp-json\/wp\/v2\/pages\/1265","targetHints":{"allow":["GET"]}}],"collection":[{"href":"https:\/\/www.esta-officiel-usa.com\/it\/wp-json\/wp\/v2\/pages"}],"about":[{"href":"https:\/\/www.esta-officiel-usa.com\/it\/wp-json\/wp\/v2\/types\/page"}],"author":[{"embeddable":true,"href":"https:\/\/www.esta-officiel-usa.com\/it\/wp-json\/wp\/v2\/users\/1"}],"replies":[{"embeddable":true,"href":"https:\/\/www.esta-officiel-usa.com\/it\/wp-json\/wp\/v2\/comments?post=1265"}],"version-history":[{"count":2,"href":"https:\/\/www.esta-officiel-usa.com\/it\/wp-json\/wp\/v2\/pages\/1265\/revisions"}],"predecessor-version":[{"id":1271,"href":"https:\/\/www.esta-officiel-usa.com\/it\/wp-json\/wp\/v2\/pages\/1265\/revisions\/1271"}],"wp:attachment":[{"href":"https:\/\/www.esta-officiel-usa.com\/it\/wp-json\/wp\/v2\/media?parent=1265"}],"curies":[{"name":"wp","href":"https:\/\/api.w.org\/{rel}","templated":true}]}}