{"id":1267,"date":"2025-09-13T12:02:23","date_gmt":"2025-09-13T12:02:23","guid":{"rendered":"https:\/\/www.esta-officiel-usa.com\/procedure-per-visitare-gli-stati-uniti\/"},"modified":"2025-09-13T12:02:23","modified_gmt":"2025-09-13T12:02:23","slug":"procedure-per-visitare-gli-stati-uniti","status":"publish","type":"page","link":"https:\/\/www.esta-officiel-usa.com\/it\/procedure-per-visitare-gli-stati-uniti\/","title":{"rendered":"Procedure per visitare gli Stati Uniti"},"content":{"rendered":"\n<h1 class=\"wp-block-heading\">VISITARE GLI USA: LE FORMALIT\u00c0<\/h1>\n\n<p>Sei pronto a conquistare l&#8217;America? I nostri esperti possono aiutarti a organizzare il tuo viaggio. Parti in tutta tranquillit\u00e0 grazie a esta-officiel-usa.com!  <\/p>\n\n<h2 class=\"wp-block-heading\">VISITARE GLI USA CON UN PASSAPORTO FRANCESE<\/h2>\n\n<p>Se sei di nazionalit\u00e0 francese, devi sapere che puoi viaggiare negli Stati Uniti con relativa facilit\u00e0.<\/p>\n\n<p>Per farlo, devi :<\/p>\n\n<ul class=\"wp-block-list\"><li>essere in possesso di un passaporto elettronico o biometrico <a href=\"https:\/\/www.esta-officiel-usa.com\/fr\/verifier-la-validite-de-votre-esta\/\">valido<\/a>;<\/li><li>avere un biglietto aereo (o marittimo) di andata e ritorno noleggiato da una compagnia aerea approvata dalle autorit\u00e0 americane <a href=\"https:\/\/www.esta-officiel-usa.com\/it\/formalita-per-arrivare-negli-stati-uniti-via-terra\/\">(l&#8217;arrivo negli USA via terra<\/a> non richiede l&#8217;ESTA);<\/li><li>avere un permesso di soggiorno, come un <a href=\"https:\/\/www.esta-officiel-usa.com\/fr\/etats-unis-demander-un-visa-ou-lesta\/\">visto o un&#8217;ESTA<\/a><a href=\"https:\/\/www.esta-officiel-usa.com\/fr\/doit-on-obligatoirement-imprimer-lesta\/\">(l&#8217;ESTA pu\u00f2 essere stampata<\/a> se lo desideri);<\/li><li>rimanere sul suolo americano per un massimo di 90 giorni.<\/li><\/ul>\n\n<p>L&#8217;ESTA \u00e8 la soluzione ideale per chi desidera recarsi negli Stati Uniti per visite turistiche o di lavoro di breve durata. Pi\u00f9 veloce e meno costoso da ottenere rispetto a un visto o a una <a href=\"https:\/\/www.esta-officiel-usa.com\/it\/ottenere-una-carta-verde-tramite-lotteria\/\">carta verde<\/a>, viene scelto da milioni di utenti ogni anno. <\/p>\n\n<p>Disponibile per i cittadini dei paesi aderenti al <a href=\"https:\/\/www.esta-officiel-usa.com\/fr\/les-38-pays-partenaires-du-visa-waiver-program\/\">Programma Viaggio senza Visto<\/a>, il <a href=\"https:\/\/www.esta-officiel-usa.com\/it\/modulo-esta-da-compilare-in-francese\/\">modulo ESTA<\/a> ha anche il vantaggio di essere valido per due anni, consentendo ai viaggiatori che desiderano continuare a visitare gli Stati Uniti di effettuare pi\u00f9 visite senza dover rinnovare l&#8217;autorizzazione ESTA.<\/p>\n\n<h2 class=\"wp-block-heading\">PERCH\u00c9 VISITARE GLI USA?<\/h2>\n\n<p>Gli Stati Uniti sono un paese vasto e ricco di contrasti. Ogni stato ha le sue attrazioni particolari. Che tu viaggi da solo, in coppia, con gli amici o con i tuoi figli, troverai sempre <a href=\"https:\/\/www.esta-officiel-usa.com\/fr\/partir-en-voyage-aux-etats-unis\/\">cose interessanti da fare negli Stati Uniti<\/a>.  <\/p>\n\n<p>A New York troverai una serie di siti e monumenti famosi che vale la pena vedere, anche se solo una volta nella vita: Broadway, Central Park, la Statua della Libert\u00e0, i musei Guggenheim e MOMA e cos\u00ec via. \u00c8 impossibile annoiarsi nella Grande Mela. <\/p>\n\n<p>Hai voglia di sole? Perch\u00e9 non andare in California e la sua vivace vita notturna, in Florida e i suoi numerosi parchi a tema o alle <a href=\"https:\/\/www.esta-officiel-usa.com\/it\/scopri-le-hawaii-con-la-tua-autorizzazione-esta\/\">Hawaii<\/a> e le sue spiagge da sogno? <\/p>\n\n<p>Gli amanti della vita all&#8217;aria aperta possono dirigersi verso ovest per ammirare il Grand Canyon (uno dei tanti <a href=\"https:\/\/www.esta-officiel-usa.com\/it\/scopri-i-parchi-nazionali-degli-stati-uniti\/\">parchi nazionali<\/a> americani), oppure optare per il nord e le sue famose cascate del Niagara.<\/p>\n\n<p>I tuoi figli amano gli animali? Con un<a href=\"https:\/\/www.esta-officiel-usa.com\/it\/\">ESTA<\/a> puoi viaggiare in Alaska, dove ti aspetta una moltitudine di animali: orsi, balene, lontre, carib\u00f9&#8230; ce n&#8217;\u00e8 per tutti i gusti! Puoi anche scegliere di visitare le Everglades e ammirare una fauna completamente diversa. Un paradiso per rettili, alligatori, coccodrilli, tartarughe e altre specie di ogni tipo: questi animali faranno la gioia di tutta la famiglia.   <\/p>\n\n<p>Quindi non aspettare oltre: ottieni subito la tua<a href=\"https:\/\/www.esta-officiel-usa.com\/it\/ottieni-il-modulo-esta-online\/\">autorizzazione ESTA online<\/a>! Il tuo sogno di avventura \u00e8 a un passo, devi solo imparare le <a href=\"https:\/\/www.esta-officiel-usa.com\/fr\/quelles-sont-les-bonnes-manieres-aux-etats-unis\/\">buone maniere<\/a> del paese!  <br\/><\/p>\n","protected":false},"excerpt":{"rendered":"<p>VISITARE GLI USA: LE FORMALIT\u00c0 Sei pronto a conquistare l&#8217;America? I nostri esperti possono aiutarti a organizzare il tuo viaggio. Parti in tutta tranquillit\u00e0 grazie a esta-officiel-usa.com! VISITARE GLI USA CON UN PASSAPORTO FRANCESE Se sei di nazionalit\u00e0 francese, devi sapere che puoi viaggiare negli Stati Uniti con relativa facilit\u00e0. Per farlo, devi : essere [&hellip;]<\/p>\n","protected":false},"author":1,"featured_media":0,"parent":0,"menu_order":0,"comment_status":"closed","ping_status":"closed","template":"","meta":{"footnotes":""},"class_list":["post-1267","page","type-page","status-publish","hentry"],"yoast_head":"<!-- This site is optimized with the Yoast SEO plugin v26.2 - https:\/\/yoast.com\/wordpress\/plugins\/seo\/ -->\n<title>Procedure per visitare gli Stati Uniti<\/title>\n<meta name=\"description\" content=\"Se sei pronto a partire per l&#039;America, i nostri esperti ti spiegano tutti i passi da compiere per visitare gli Stati Uniti.\" \/>\n<meta name=\"robots\" content=\"index, follow, max-snippet:-1, max-image-preview:large, max-video-preview:-1\" \/>\n<link rel=\"canonical\" href=\"https:\/\/www.esta-officiel-usa.com\/it\/procedure-per-visitare-gli-stati-uniti\/\" \/>\n<meta property=\"og:locale\" content=\"it_IT\" \/>\n<meta property=\"og:type\" content=\"article\" \/>\n<meta property=\"og:title\" content=\"Procedure per visitare gli Stati Uniti\" \/>\n<meta property=\"og:description\" content=\"Se sei pronto a partire per l&#039;America, i nostri esperti ti spiegano tutti i passi da compiere per visitare gli Stati Uniti.\" \/>\n<meta property=\"og:url\" content=\"https:\/\/www.esta-officiel-usa.com\/it\/procedure-per-visitare-gli-stati-uniti\/\" \/>\n<meta property=\"og:site_name\" content=\"ESTA - Stati Uniti\" \/>\n<meta name=\"twitter:card\" content=\"summary_large_image\" \/>\n<meta name=\"twitter:label1\" content=\"Tempo di lettura stimato\" \/>\n\t<meta name=\"twitter:data1\" content=\"2 minuti\" \/>\n<script type=\"application\/ld+json\" class=\"yoast-schema-graph\">{\"@context\":\"https:\/\/schema.org\",\"@graph\":[{\"@type\":\"WebPage\",\"@id\":\"https:\/\/www.esta-officiel-usa.com\/it\/procedure-per-visitare-gli-stati-uniti\/\",\"url\":\"https:\/\/www.esta-officiel-usa.com\/it\/procedure-per-visitare-gli-stati-uniti\/\",\"name\":\"Procedure per visitare gli Stati Uniti\",\"isPartOf\":{\"@id\":\"https:\/\/www.esta-officiel-usa.com\/it\/#website\"},\"datePublished\":\"2025-09-13T12:02:23+00:00\",\"description\":\"Se sei pronto a partire per l'America, i nostri esperti ti spiegano tutti i passi da compiere per visitare gli Stati Uniti.\",\"breadcrumb\":{\"@id\":\"https:\/\/www.esta-officiel-usa.com\/it\/procedure-per-visitare-gli-stati-uniti\/#breadcrumb\"},\"inLanguage\":\"it-IT\",\"potentialAction\":[{\"@type\":\"ReadAction\",\"target\":[\"https:\/\/www.esta-officiel-usa.com\/it\/procedure-per-visitare-gli-stati-uniti\/\"]}]},{\"@type\":\"BreadcrumbList\",\"@id\":\"https:\/\/www.esta-officiel-usa.com\/it\/procedure-per-visitare-gli-stati-uniti\/#breadcrumb\",\"itemListElement\":[{\"@type\":\"ListItem\",\"position\":1,\"name\":\"Casa\",\"item\":\"https:\/\/www.esta-officiel-usa.com\/it\/\"},{\"@type\":\"ListItem\",\"position\":2,\"name\":\"Procedure per visitare gli Stati Uniti\"}]},{\"@type\":\"WebSite\",\"@id\":\"https:\/\/www.esta-officiel-usa.com\/it\/#website\",\"url\":\"https:\/\/www.esta-officiel-usa.com\/it\/\",\"name\":\"ESTA - Stati Uniti\",\"description\":\"Modulo di richiesta ESTA\",\"potentialAction\":[{\"@type\":\"SearchAction\",\"target\":{\"@type\":\"EntryPoint\",\"urlTemplate\":\"https:\/\/www.esta-officiel-usa.com\/it\/?s={search_term_string}\"},\"query-input\":{\"@type\":\"PropertyValueSpecification\",\"valueRequired\":true,\"valueName\":\"search_term_string\"}}],\"inLanguage\":\"it-IT\"}]}<\/script>\n<!-- \/ Yoast SEO plugin. -->","yoast_head_json":{"title":"Procedure per visitare gli Stati Uniti","description":"Se sei pronto a partire per l'America, i nostri esperti ti spiegano tutti i passi da compiere per visitare gli Stati Uniti.","robots":{"index":"index","follow":"follow","max-snippet":"max-snippet:-1","max-image-preview":"max-image-preview:large","max-video-preview":"max-video-preview:-1"},"canonical":"https:\/\/www.esta-officiel-usa.com\/it\/procedure-per-visitare-gli-stati-uniti\/","og_locale":"it_IT","og_type":"article","og_title":"Procedure per visitare gli Stati Uniti","og_description":"Se sei pronto a partire per l'America, i nostri esperti ti spiegano tutti i passi da compiere per visitare gli Stati Uniti.","og_url":"https:\/\/www.esta-officiel-usa.com\/it\/procedure-per-visitare-gli-stati-uniti\/","og_site_name":"ESTA - Stati Uniti","twitter_card":"summary_large_image","twitter_misc":{"Tempo di lettura stimato":"2 minuti"},"schema":{"@context":"https:\/\/schema.org","@graph":[{"@type":"WebPage","@id":"https:\/\/www.esta-officiel-usa.com\/it\/procedure-per-visitare-gli-stati-uniti\/","url":"https:\/\/www.esta-officiel-usa.com\/it\/procedure-per-visitare-gli-stati-uniti\/","name":"Procedure per visitare gli Stati Uniti","isPartOf":{"@id":"https:\/\/www.esta-officiel-usa.com\/it\/#website"},"datePublished":"2025-09-13T12:02:23+00:00","description":"Se sei pronto a partire per l'America, i nostri esperti ti spiegano tutti i passi da compiere per visitare gli Stati Uniti.","breadcrumb":{"@id":"https:\/\/www.esta-officiel-usa.com\/it\/procedure-per-visitare-gli-stati-uniti\/#breadcrumb"},"inLanguage":"it-IT","potentialAction":[{"@type":"ReadAction","target":["https:\/\/www.esta-officiel-usa.com\/it\/procedure-per-visitare-gli-stati-uniti\/"]}]},{"@type":"BreadcrumbList","@id":"https:\/\/www.esta-officiel-usa.com\/it\/procedure-per-visitare-gli-stati-uniti\/#breadcrumb","itemListElement":[{"@type":"ListItem","position":1,"name":"Casa","item":"https:\/\/www.esta-officiel-usa.com\/it\/"},{"@type":"ListItem","position":2,"name":"Procedure per visitare gli Stati Uniti"}]},{"@type":"WebSite","@id":"https:\/\/www.esta-officiel-usa.com\/it\/#website","url":"https:\/\/www.esta-officiel-usa.com\/it\/","name":"ESTA - Stati Uniti","description":"Modulo di richiesta ESTA","potentialAction":[{"@type":"SearchAction","target":{"@type":"EntryPoint","urlTemplate":"https:\/\/www.esta-officiel-usa.com\/it\/?s={search_term_string}"},"query-input":{"@type":"PropertyValueSpecification","valueRequired":true,"valueName":"search_term_string"}}],"inLanguage":"it-IT"}]}},"_links":{"self":[{"href":"https:\/\/www.esta-officiel-usa.com\/it\/wp-json\/wp\/v2\/pages\/1267","targetHints":{"allow":["GET"]}}],"collection":[{"href":"https:\/\/www.esta-officiel-usa.com\/it\/wp-json\/wp\/v2\/pages"}],"about":[{"href":"https:\/\/www.esta-officiel-usa.com\/it\/wp-json\/wp\/v2\/types\/page"}],"author":[{"embeddable":true,"href":"https:\/\/www.esta-officiel-usa.com\/it\/wp-json\/wp\/v2\/users\/1"}],"replies":[{"embeddable":true,"href":"https:\/\/www.esta-officiel-usa.com\/it\/wp-json\/wp\/v2\/comments?post=1267"}],"version-history":[{"count":1,"href":"https:\/\/www.esta-officiel-usa.com\/it\/wp-json\/wp\/v2\/pages\/1267\/revisions"}],"predecessor-version":[{"id":1270,"href":"https:\/\/www.esta-officiel-usa.com\/it\/wp-json\/wp\/v2\/pages\/1267\/revisions\/1270"}],"wp:attachment":[{"href":"https:\/\/www.esta-officiel-usa.com\/it\/wp-json\/wp\/v2\/media?parent=1267"}],"curies":[{"name":"wp","href":"https:\/\/api.w.org\/{rel}","templated":true}]}}