{"id":1278,"date":"2025-09-13T12:02:26","date_gmt":"2025-09-13T12:02:26","guid":{"rendered":"https:\/\/www.esta-officiel-usa.com\/esta-glossario-e-termini-generali\/"},"modified":"2025-09-13T12:02:26","modified_gmt":"2025-09-13T12:02:26","slug":"esta-glossario-e-termini-generali","status":"publish","type":"page","link":"https:\/\/www.esta-officiel-usa.com\/it\/esta-glossario-e-termini-generali\/","title":{"rendered":"ESTA: glossario e termini generali"},"content":{"rendered":"\n<h1 class=\"wp-block-heading\">GLOSSARIO &#8211; TERMINI GENERALI RELATIVI ALL&#8217;ESTA<\/h1>\n\n<p>Sebbene la procedura sia relativamente semplice, sono molti i termini (soprattutto in inglese) utilizzati quando si parla di<a href=\"https:\/\/www.esta-officiel-usa.com\/it\/\">ESTA<\/a>. Per chiarire ogni confusione, abbiamo raccolto la maggior parte delle parole relative al modulo ESTA sotto forma di glossario. <\/p>\n\n<p>Per saperne di pi\u00f9, dai un&#8217;occhiata alle <a href=\"https:\/\/www.esta-officiel-usa.com\/fr\/news\/\">notizie<\/a>, alle <a href=\"https:\/\/www.esta-officiel-usa.com\/it\/esta-domande-frequenti\/\">domande frequenti<\/a> e alla nostra pagina<a href=\"https:\/\/www.esta-officiel-usa.com\/it\/esta-sezione-di-aiuto\/\">di aiuto<\/a>.<br\/> <\/p>\n\n<h2 class=\"wp-block-heading\">AMBASCIATORE<\/h2>\n\n<p>Un&#8217;ambasciata \u00e8 un organo diplomatico che rappresenta un paese in un altro. Le sue missioni comprendono il mantenimento delle relazioni diplomatiche con il paese ospitante e l&#8217;assistenza agli espatriati in caso di necessit\u00e0. <\/p>\n\n<h2 class=\"wp-block-heading\">SCHEDA VERDE<\/h2>\n\n<p>La Green Card \u00e8 una carta di soggiorno permanente. Si ottiene grazie a uno sponsor americano, principalmente per motivi familiari o professionali, oppure tramite una lotteria. <\/p>\n\n<h2 class=\"wp-block-heading\">CONSOLATO<\/h2>\n\n<p>Il consolato \u00e8 un&#8217;organizzazione che gestisce i rapporti con gli espatriati nel paese in cui si trova. I suoi compiti comprendono la registrazione e l&#8217;assistenza ai cittadini. Il consolato funge da municipio ed \u00e8 responsabile del rilascio dei documenti di stato civile (passaporto, carta d&#8217;identit\u00e0, ecc.), in conformit\u00e0 alle leggi locali.  <\/p>\n\n<h2 class=\"wp-block-heading\">DIPARTIMENTO DEGLI STATI UNITI PER LA SICUREZZA INTERNA<\/h2>\n\n<p>Questo dipartimento del governo statunitense \u00e8 responsabile dell&#8217;organizzazione e della sicurezza interna degli Stati Uniti. \u00c8 il risultato di una riorganizzazione di 22 agenzie federali in seguito agli attacchi dell&#8217;11 settembre 2001. \u00c8 anche il dipartimento che si occupa delle richieste ESTA.  <\/p>\n\n<h2 class=\"wp-block-heading\">DIPARTIMENTO DI STATO AMERICANO<\/h2>\n\n<p>Il Dipartimento di Stato americano \u00e8 responsabile delle relazioni internazionali, come il Ministero degli Affari Esteri francese. \u00c8 supportato da una rete di ambasciate, consolati e missioni diplomatiche in 188 paesi. <\/p>\n\n<h2 class=\"wp-block-heading\">PERSONALIZZAZIONI<\/h2>\n\n<p>Il Servizio Doganale \u00e8 un&#8217;agenzia del Dipartimento di Sicurezza Nazionale degli Stati Uniti responsabile della protezione dei confini americani. La sua missione generale \u00e8 quella di combattere l&#8217;infiltrazione di terroristi nel paese, il contrabbando di armi da fuoco, contrabbando e droga e l&#8217;immigrazione illegale. <\/p>\n\n<h2 class=\"wp-block-heading\">MODULO DI DICHIARAZIONE DOGANALE 6059B<\/h2>\n\n<p>Conosciuto anche come modulo blu 6059B, \u00e8 un documento che ti verr\u00e0 consegnato durante il volo. Ti verr\u00e0 chiesto di dichiarare il tuo stato civile e di rispondere a una serie di domande sui beni e sul denaro in tuo possesso. Il modulo pu\u00f2 anche essere scaricato prima della partenza. Ricorda che questo modulo non \u00e8 pi\u00f9 obbligatorio.     <\/p>\n\n<h2 class=\"wp-block-heading\">MODULO ESTA<\/h2>\n\n<p>Il modulo ESTA, acronimo di Electronic System for Travel Authorization (Sistema Elettronico per l&#8217;Autorizzazione al Viaggio), \u00e8 una procedura computerizzata che consente alle autorit\u00e0 statunitensi di verificare la tua identit\u00e0 prima del viaggio. In conformit\u00e0 con il programma VWP, rilascia una pre-autorizzazione per l&#8217;ingresso negli Stati Uniti alle persone idonee. <\/p>\n\n<h2 class=\"wp-block-heading\">MODULO I-94W<\/h2>\n\n<p>Questo modulo verde \u00e8 stato sostituito, per i cittadini idonei, dall&#8217;ESTA per gli arrivi via aerea e via mare, ma rimane valido per gli ingressi via terra.  <\/p>\n\n<h2 class=\"wp-block-heading\">TASSE ESTA<\/h2>\n\n<p>Per tutte le richieste di ESTA \u00e8 richiesta una tassa di 21 dollari. Questo importo viene utilizzato per finanziare il Dipartimento di Sicurezza Nazionale degli Stati Uniti e per promuovere il turismo. <\/p>\n\n<h2 class=\"wp-block-heading\">PASSAPORTO BIOMETRICO<\/h2>\n\n<p>Questo moderno passaporto ha la particolarit\u00e0 di essere difficile da replicare grazie a una maggiore sicurezza dei dati. Contiene un chip elettronico in cui sono memorizzate le informazioni biometriche digitalizzate dell&#8217;individuo, tra cui le impronte digitali, l&#8217;immagine del viso, ecc. Introdotto nel giugno 2009, sostituisce il passaporto elettronico.  <\/p>\n\n<h2 class=\"wp-block-heading\">PASSAPORTO ELETTRONICO<\/h2>\n\n<p>Dalla sua introduzione nel 2006, ha contribuito a ridurre il numero di passaporti contraffatti grazie a una maggiore sicurezza dei dati. Contiene i dati identificativi del titolare del passaporto su un chip elettronico. <\/p>\n\n<h2 class=\"wp-block-heading\">SERVIZIO DI SICUREZZA DIPLOMATICO DEGLI STATI UNITI<\/h2>\n\n<p>Questo ramo del Dipartimento di Stato degli Stati Uniti \u00e8 responsabile della protezione della sede del Dipartimento di Stato, di tutte le missioni diplomatiche e dei servizi consolari all&#8217;estero. Garantisce inoltre la protezione dei diplomatici americani in missione all&#8217;estero e dei rappresentanti stranieri in visita negli Stati Uniti. <\/p>\n\n<h2 class=\"wp-block-heading\">VISA<\/h2>\n\n<p>Il visto \u00e8 un documento ufficiale richiesto da chiunque voglia recarsi in un paese straniero. \u00c8 fondamentale contattare le autorit\u00e0 competenti del Paese desiderato per ottenere questa autorizzazione ad entrare in territorio straniero. Il tipo di visto dipende dal motivo del viaggio: turismo, studio, lavoro, ecc.    <\/p>\n\n<h2 class=\"wp-block-heading\">VISA B1<\/h2>\n\n<p>Il visto B1 \u00e8 un documento che autorizza una persona a recarsi temporaneamente negli Stati Uniti per lavoro:<\/p>\n\n<ul class=\"wp-block-list\">\n<li>negoziare un contratto ;<\/li>\n\n\n\n<li>contributo a un corso di formazione o a una conferenza;<\/li>\n\n\n\n<li>partecipazione a una competizione sportiva.<\/li>\n<\/ul>\n\n<p>Se la domanda ESTA viene respinta, il visto B1 \u00e8 un&#8217;alternativa interessante per chi desidera recarsi negli Stati Uniti con questa motivazione.<\/p>\n\n<h2 class=\"wp-block-heading\">VISA B2<\/h2>\n\n<p>Come il visto B1, il documento B2 offre un&#8217;alternativa a chi non soddisfa i requisiti per l&#8217;autorizzazione ESTA. Il visto B2 \u00e8 destinato alle persone che desiderano visitare gli Stati Uniti per motivi turistici o medici. <\/p>\n\n<h2 class=\"wp-block-heading\">VWP<\/h2>\n\n<p>Il Programma Viaggio senza Visto (Visa Waiver Program) \u00e8 l&#8217;accordo ratificato tra i paesi membri e il governo degli Stati Uniti. Questo accordo consente ai cittadini dei Paesi membri di recarsi negli Stati Uniti senza visto per un soggiorno massimo di 90 giorni. L&#8217;ESTA \u00e8 stato introdotto per rafforzare la sicurezza di questo programma.    <\/p>\n","protected":false},"excerpt":{"rendered":"<p>GLOSSARIO &#8211; TERMINI GENERALI RELATIVI ALL&#8217;ESTA Sebbene la procedura sia relativamente semplice, sono molti i termini (soprattutto in inglese) utilizzati quando si parla diESTA. Per chiarire ogni confusione, abbiamo raccolto la maggior parte delle parole relative al modulo ESTA sotto forma di glossario. Per saperne di pi\u00f9, dai un&#8217;occhiata alle notizie, alle domande frequenti e [&hellip;]<\/p>\n","protected":false},"author":1,"featured_media":0,"parent":0,"menu_order":0,"comment_status":"closed","ping_status":"closed","template":"","meta":{"footnotes":""},"class_list":["post-1278","page","type-page","status-publish","hentry"],"yoast_head":"<!-- This site is optimized with the Yoast SEO plugin v26.2 - https:\/\/yoast.com\/wordpress\/plugins\/seo\/ -->\n<title>ESTA: glossario e termini generali<\/title>\n<meta name=\"description\" content=\"Sebbene la procedura di richiesta dell&#039;ESTA sia molto semplice, ci sono molti termini relativi all&#039;ESTA da comprendere.\" \/>\n<meta name=\"robots\" content=\"index, follow, max-snippet:-1, max-image-preview:large, max-video-preview:-1\" \/>\n<link rel=\"canonical\" href=\"https:\/\/www.esta-officiel-usa.com\/it\/esta-glossario-e-termini-generali\/\" \/>\n<meta property=\"og:locale\" content=\"it_IT\" \/>\n<meta property=\"og:type\" content=\"article\" \/>\n<meta property=\"og:title\" content=\"ESTA: glossario e termini generali\" \/>\n<meta property=\"og:description\" content=\"Sebbene la procedura di richiesta dell&#039;ESTA sia molto semplice, ci sono molti termini relativi all&#039;ESTA da comprendere.\" \/>\n<meta property=\"og:url\" content=\"https:\/\/www.esta-officiel-usa.com\/it\/esta-glossario-e-termini-generali\/\" \/>\n<meta property=\"og:site_name\" content=\"ESTA - Stati Uniti\" \/>\n<meta name=\"twitter:card\" content=\"summary_large_image\" \/>\n<meta name=\"twitter:label1\" content=\"Tempo di lettura stimato\" \/>\n\t<meta name=\"twitter:data1\" content=\"4 minuti\" \/>\n<script type=\"application\/ld+json\" class=\"yoast-schema-graph\">{\"@context\":\"https:\/\/schema.org\",\"@graph\":[{\"@type\":\"WebPage\",\"@id\":\"https:\/\/www.esta-officiel-usa.com\/it\/esta-glossario-e-termini-generali\/\",\"url\":\"https:\/\/www.esta-officiel-usa.com\/it\/esta-glossario-e-termini-generali\/\",\"name\":\"ESTA: glossario e termini generali\",\"isPartOf\":{\"@id\":\"https:\/\/www.esta-officiel-usa.com\/it\/#website\"},\"datePublished\":\"2025-09-13T12:02:26+00:00\",\"description\":\"Sebbene la procedura di richiesta dell'ESTA sia molto semplice, ci sono molti termini relativi all'ESTA da comprendere.\",\"breadcrumb\":{\"@id\":\"https:\/\/www.esta-officiel-usa.com\/it\/esta-glossario-e-termini-generali\/#breadcrumb\"},\"inLanguage\":\"it-IT\",\"potentialAction\":[{\"@type\":\"ReadAction\",\"target\":[\"https:\/\/www.esta-officiel-usa.com\/it\/esta-glossario-e-termini-generali\/\"]}]},{\"@type\":\"BreadcrumbList\",\"@id\":\"https:\/\/www.esta-officiel-usa.com\/it\/esta-glossario-e-termini-generali\/#breadcrumb\",\"itemListElement\":[{\"@type\":\"ListItem\",\"position\":1,\"name\":\"Casa\",\"item\":\"https:\/\/www.esta-officiel-usa.com\/it\/\"},{\"@type\":\"ListItem\",\"position\":2,\"name\":\"ESTA: glossario e termini generali\"}]},{\"@type\":\"WebSite\",\"@id\":\"https:\/\/www.esta-officiel-usa.com\/it\/#website\",\"url\":\"https:\/\/www.esta-officiel-usa.com\/it\/\",\"name\":\"ESTA - Stati Uniti\",\"description\":\"Modulo di richiesta ESTA\",\"potentialAction\":[{\"@type\":\"SearchAction\",\"target\":{\"@type\":\"EntryPoint\",\"urlTemplate\":\"https:\/\/www.esta-officiel-usa.com\/it\/?s={search_term_string}\"},\"query-input\":{\"@type\":\"PropertyValueSpecification\",\"valueRequired\":true,\"valueName\":\"search_term_string\"}}],\"inLanguage\":\"it-IT\"}]}<\/script>\n<!-- \/ Yoast SEO plugin. -->","yoast_head_json":{"title":"ESTA: glossario e termini generali","description":"Sebbene la procedura di richiesta dell'ESTA sia molto semplice, ci sono molti termini relativi all'ESTA da comprendere.","robots":{"index":"index","follow":"follow","max-snippet":"max-snippet:-1","max-image-preview":"max-image-preview:large","max-video-preview":"max-video-preview:-1"},"canonical":"https:\/\/www.esta-officiel-usa.com\/it\/esta-glossario-e-termini-generali\/","og_locale":"it_IT","og_type":"article","og_title":"ESTA: glossario e termini generali","og_description":"Sebbene la procedura di richiesta dell'ESTA sia molto semplice, ci sono molti termini relativi all'ESTA da comprendere.","og_url":"https:\/\/www.esta-officiel-usa.com\/it\/esta-glossario-e-termini-generali\/","og_site_name":"ESTA - Stati Uniti","twitter_card":"summary_large_image","twitter_misc":{"Tempo di lettura stimato":"4 minuti"},"schema":{"@context":"https:\/\/schema.org","@graph":[{"@type":"WebPage","@id":"https:\/\/www.esta-officiel-usa.com\/it\/esta-glossario-e-termini-generali\/","url":"https:\/\/www.esta-officiel-usa.com\/it\/esta-glossario-e-termini-generali\/","name":"ESTA: glossario e termini generali","isPartOf":{"@id":"https:\/\/www.esta-officiel-usa.com\/it\/#website"},"datePublished":"2025-09-13T12:02:26+00:00","description":"Sebbene la procedura di richiesta dell'ESTA sia molto semplice, ci sono molti termini relativi all'ESTA da comprendere.","breadcrumb":{"@id":"https:\/\/www.esta-officiel-usa.com\/it\/esta-glossario-e-termini-generali\/#breadcrumb"},"inLanguage":"it-IT","potentialAction":[{"@type":"ReadAction","target":["https:\/\/www.esta-officiel-usa.com\/it\/esta-glossario-e-termini-generali\/"]}]},{"@type":"BreadcrumbList","@id":"https:\/\/www.esta-officiel-usa.com\/it\/esta-glossario-e-termini-generali\/#breadcrumb","itemListElement":[{"@type":"ListItem","position":1,"name":"Casa","item":"https:\/\/www.esta-officiel-usa.com\/it\/"},{"@type":"ListItem","position":2,"name":"ESTA: glossario e termini generali"}]},{"@type":"WebSite","@id":"https:\/\/www.esta-officiel-usa.com\/it\/#website","url":"https:\/\/www.esta-officiel-usa.com\/it\/","name":"ESTA - Stati Uniti","description":"Modulo di richiesta ESTA","potentialAction":[{"@type":"SearchAction","target":{"@type":"EntryPoint","urlTemplate":"https:\/\/www.esta-officiel-usa.com\/it\/?s={search_term_string}"},"query-input":{"@type":"PropertyValueSpecification","valueRequired":true,"valueName":"search_term_string"}}],"inLanguage":"it-IT"}]}},"_links":{"self":[{"href":"https:\/\/www.esta-officiel-usa.com\/it\/wp-json\/wp\/v2\/pages\/1278","targetHints":{"allow":["GET"]}}],"collection":[{"href":"https:\/\/www.esta-officiel-usa.com\/it\/wp-json\/wp\/v2\/pages"}],"about":[{"href":"https:\/\/www.esta-officiel-usa.com\/it\/wp-json\/wp\/v2\/types\/page"}],"author":[{"embeddable":true,"href":"https:\/\/www.esta-officiel-usa.com\/it\/wp-json\/wp\/v2\/users\/1"}],"replies":[{"embeddable":true,"href":"https:\/\/www.esta-officiel-usa.com\/it\/wp-json\/wp\/v2\/comments?post=1278"}],"version-history":[{"count":1,"href":"https:\/\/www.esta-officiel-usa.com\/it\/wp-json\/wp\/v2\/pages\/1278\/revisions"}],"predecessor-version":[{"id":1280,"href":"https:\/\/www.esta-officiel-usa.com\/it\/wp-json\/wp\/v2\/pages\/1278\/revisions\/1280"}],"wp:attachment":[{"href":"https:\/\/www.esta-officiel-usa.com\/it\/wp-json\/wp\/v2\/media?parent=1278"}],"curies":[{"name":"wp","href":"https:\/\/api.w.org\/{rel}","templated":true}]}}