{"id":1301,"date":"2025-09-13T12:02:33","date_gmt":"2025-09-13T12:02:33","guid":{"rendered":"https:\/\/www.esta-officiel-usa.com\/quali-sono-i-motivi-del-rifiuto-dellesta\/"},"modified":"2025-09-13T12:02:35","modified_gmt":"2025-09-13T12:02:35","slug":"quali-sono-i-motivi-del-rifiuto-dellesta","status":"publish","type":"page","link":"https:\/\/www.esta-officiel-usa.com\/it\/quali-sono-i-motivi-del-rifiuto-dellesta\/","title":{"rendered":"Quali sono i motivi del rifiuto dell&#8217;ESTA?"},"content":{"rendered":"\n<h1 class=\"wp-block-heading\">MOTIVI DEL RIFIUTO DELL&#8217;ESTA<\/h1>\n\n<p>Se i tuoi piani personali o professionali prevedono un viaggio negli Stati Uniti per un periodo inferiore ai 90 giorni, probabilmente richiederai un&#8217;<a href=\"https:\/\/www.esta-officiel-usa.com\/it\/\">ESTA<\/a>, a meno che tu non sia cittadino di uno dei 38 Paesi aderenti al <a href=\"https:\/\/www.esta-officiel-usa.com\/fr\/a-propos-du-visa-waiver-program\/\">Programma Viaggio senza Visto<\/a>. Secondo le statistiche, il rischio di essere rifiutati \u00e8 praticamente nullo. Tuttavia, non \u00e8 del tutto impossibile se alcune motivazioni sono sufficientemente incriminanti agli occhi delle autorit\u00e0 americane.  <br\/> <\/p>\n\n<h2 class=\"wp-block-heading\">RIFIUTO SE I CRITERI ESTA NON SONO SODDISFATTI<\/h2>\n\n<p>L&#8217;ESTA \u00e8 un&#8217;autorizzazione che tutti i cittadini di un paese aderente al Programma Viaggio senza Visto (Visa Waiver Programme) devono ottenere quando transitano negli Stati Uniti o vi si recano per turismo o affari per un massimo di 90 giorni consecutivi. Allo stesso tempo, il passaporto deve essere valido per tutta la durata del soggiorno. La richiesta dell&#8217;ESTA \u00e8 semplice e veloce: si effettua online tramite un modulo che comprende diverse fasi, con domande sulla tua identit\u00e0, sui motivi del tuo viaggio, sui tuoi precedenti penali, ecc.  <br\/> <\/p>\n\n<p>Ovviamente, se uno qualsiasi dei criteri di cui sopra non \u00e8 soddisfatto, l&#8217;ESTA verr\u00e0 automaticamente rifiutato:<\/p>\n\n<ul class=\"wp-block-list\"><li>se provieni da un paese in cui \u00e8 richiesto un visto, non provare nemmeno a ottenere l&#8217;autorizzazione, perch\u00e9 riceverai automaticamente una risposta negativa;<\/li><li>Allo stesso modo, se viaggi per 6 mesi o 1 anno, o se intendi stabilirti negli Stati Uniti in modo permanente, avrai bisogno di altri documenti, come un visto o una <a href=\"https:\/\/www.esta-officiel-usa.com\/it\/ottenere-la-carta-verde-attraverso-il-matrimonio\/\">Green Card<\/a>;<\/li><li>Hai intenzione di lavorare, <a href=\"https:\/\/www.esta-officiel-usa.com\/it\/come-studiare-in-ununiversita-americana\/\">studiare<\/a> o fare uno stage, anche per meno di 90 giorni? Non perdere tempo a <a href=\"https:\/\/www.esta-officiel-usa.com\/fr\/le-formulaire-esta-pour-les-usa-a-completer\/\">compilare il modulo ESTA<\/a> online, non fa per te; <\/li><li>se hai una doppia nazionalit\u00e0 e una delle tue nazionalit\u00e0 \u00e8 iraniana, irachena, siriana o sudanese, non ti sar\u00e0 concesso il permesso di rimanere negli Stati Uniti.<\/li><\/ul>\n\n<p>Infine, oltre ai criteri ESTA di base, un rifiuto pi\u00f9 soggettivo pu\u00f2 basarsi sulle tue risposte, se queste rappresentano un problema<a href=\"https:\/\/www.esta-officiel-usa.com\/it\/misure-di-sicurezza-per-entrare-negli-stati-uniti\/\"> di sicurezza<\/a>. Il <a href=\"https:\/\/www.esta-officiel-usa.com\/it\/dipartimento-di-sicurezza-nazionale\/\">DHS &#8211; il Dipartimento di Sicurezza Nazionale degli Stati Uniti<\/a> &#8211; a volte ritiene che i tuoi precedenti penali, il tuo stato di salute o le tue intenzioni rappresentino un pericolo per il Paese. In questi casi, l&#8217;ESTA non verr\u00e0 rilasciato. Per maggiori informazioni sui motivi del rifiuto, non contattare le ambasciate o i consolati: non hanno accesso n\u00e9 il diritto di spiegarti i motivi del rifiuto. Invia una richiesta tramite il sito web del DHS Travel Redress Inquiry Program (TRIP).    <br\/> <\/p>\n\n<h2 class=\"wp-block-heading\">COSA DEVO FARE SE L&#8217;ESTA VIENE RIFIUTATO PER QUESTI MOTIVI?<\/h2>\n\n<p>Una volta ricevuto il rifiuto (puoi controllare lo stato della tua domanda su Internet utilizzando il tuo numero di domanda ESTA), puoi sperare in una risposta positiva ripetendo la domanda se hai notato un errore di battitura nel questionario. Tuttavia, dovrai affrontare nuovamente la fase di pagamento dell&#8217;ESTA. <\/p>\n\n<p>Per evitare questo tipo di inconvenienti imprevisti, puoi affidarti ai nostri esperti per controllare i tuoi dati ed evitare che eventuali errori ritardino la tua partenza per gli Stati Uniti. La nostra piattaforma esta-officiel-usa.com offre un helpdesk a questo scopo. Se hai delle domande, i nostri consulenti possono essere contattati online per facilitarti le cose.  <\/p>\n\n<p>Se non ci sono errori di stampa o se ricevi un secondo rifiuto, puoi dimenticarti del tuo soggiorno tramite ESTA USA. In alternativa, puoi ottenere un visto, anche se si tratta di una procedura pi\u00f9 lunga e costosa. <\/p>\n","protected":false},"excerpt":{"rendered":"<p>MOTIVI DEL RIFIUTO DELL&#8217;ESTA Se i tuoi piani personali o professionali prevedono un viaggio negli Stati Uniti per un periodo inferiore ai 90 giorni, probabilmente richiederai un&#8217;ESTA, a meno che tu non sia cittadino di uno dei 38 Paesi aderenti al Programma Viaggio senza Visto. Secondo le statistiche, il rischio di essere rifiutati \u00e8 praticamente [&hellip;]<\/p>\n","protected":false},"author":1,"featured_media":0,"parent":0,"menu_order":0,"comment_status":"closed","ping_status":"closed","template":"","meta":{"footnotes":""},"class_list":["post-1301","page","type-page","status-publish","hentry"],"yoast_head":"<!-- This site is optimized with the Yoast SEO plugin v26.2 - https:\/\/yoast.com\/wordpress\/plugins\/seo\/ -->\n<title>Quali sono i motivi del rifiuto dell&#039;ESTA?<\/title>\n<meta name=\"description\" content=\"Se sei un cittadino di uno dei 38 Paesi VWP, il rischio che la tua ESTA venga rifiutata \u00e8 minimo, ma scopri i possibili motivi del rifiuto.\" \/>\n<meta name=\"robots\" content=\"index, follow, max-snippet:-1, max-image-preview:large, max-video-preview:-1\" \/>\n<link rel=\"canonical\" href=\"https:\/\/www.esta-officiel-usa.com\/it\/quali-sono-i-motivi-del-rifiuto-dellesta\/\" \/>\n<meta property=\"og:locale\" content=\"it_IT\" \/>\n<meta property=\"og:type\" content=\"article\" \/>\n<meta property=\"og:title\" content=\"Quali sono i motivi del rifiuto dell&#039;ESTA?\" \/>\n<meta property=\"og:description\" content=\"Se sei un cittadino di uno dei 38 Paesi VWP, il rischio che la tua ESTA venga rifiutata \u00e8 minimo, ma scopri i possibili motivi del rifiuto.\" \/>\n<meta property=\"og:url\" content=\"https:\/\/www.esta-officiel-usa.com\/it\/quali-sono-i-motivi-del-rifiuto-dellesta\/\" \/>\n<meta property=\"og:site_name\" content=\"ESTA - Stati Uniti\" \/>\n<meta property=\"article:modified_time\" content=\"2025-09-13T12:02:35+00:00\" \/>\n<meta name=\"twitter:card\" content=\"summary_large_image\" \/>\n<meta name=\"twitter:label1\" content=\"Tempo di lettura stimato\" \/>\n\t<meta name=\"twitter:data1\" content=\"3 minuti\" \/>\n<script type=\"application\/ld+json\" class=\"yoast-schema-graph\">{\"@context\":\"https:\/\/schema.org\",\"@graph\":[{\"@type\":\"WebPage\",\"@id\":\"https:\/\/www.esta-officiel-usa.com\/it\/quali-sono-i-motivi-del-rifiuto-dellesta\/\",\"url\":\"https:\/\/www.esta-officiel-usa.com\/it\/quali-sono-i-motivi-del-rifiuto-dellesta\/\",\"name\":\"Quali sono i motivi del rifiuto dell'ESTA?\",\"isPartOf\":{\"@id\":\"https:\/\/www.esta-officiel-usa.com\/it\/#website\"},\"datePublished\":\"2025-09-13T12:02:33+00:00\",\"dateModified\":\"2025-09-13T12:02:35+00:00\",\"description\":\"Se sei un cittadino di uno dei 38 Paesi VWP, il rischio che la tua ESTA venga rifiutata \u00e8 minimo, ma scopri i possibili motivi del rifiuto.\",\"breadcrumb\":{\"@id\":\"https:\/\/www.esta-officiel-usa.com\/it\/quali-sono-i-motivi-del-rifiuto-dellesta\/#breadcrumb\"},\"inLanguage\":\"it-IT\",\"potentialAction\":[{\"@type\":\"ReadAction\",\"target\":[\"https:\/\/www.esta-officiel-usa.com\/it\/quali-sono-i-motivi-del-rifiuto-dellesta\/\"]}]},{\"@type\":\"BreadcrumbList\",\"@id\":\"https:\/\/www.esta-officiel-usa.com\/it\/quali-sono-i-motivi-del-rifiuto-dellesta\/#breadcrumb\",\"itemListElement\":[{\"@type\":\"ListItem\",\"position\":1,\"name\":\"Casa\",\"item\":\"https:\/\/www.esta-officiel-usa.com\/it\/\"},{\"@type\":\"ListItem\",\"position\":2,\"name\":\"Quali sono i motivi del rifiuto dell&#8217;ESTA?\"}]},{\"@type\":\"WebSite\",\"@id\":\"https:\/\/www.esta-officiel-usa.com\/it\/#website\",\"url\":\"https:\/\/www.esta-officiel-usa.com\/it\/\",\"name\":\"ESTA - Stati Uniti\",\"description\":\"Modulo di richiesta ESTA\",\"potentialAction\":[{\"@type\":\"SearchAction\",\"target\":{\"@type\":\"EntryPoint\",\"urlTemplate\":\"https:\/\/www.esta-officiel-usa.com\/it\/?s={search_term_string}\"},\"query-input\":{\"@type\":\"PropertyValueSpecification\",\"valueRequired\":true,\"valueName\":\"search_term_string\"}}],\"inLanguage\":\"it-IT\"}]}<\/script>\n<!-- \/ Yoast SEO plugin. -->","yoast_head_json":{"title":"Quali sono i motivi del rifiuto dell'ESTA?","description":"Se sei un cittadino di uno dei 38 Paesi VWP, il rischio che la tua ESTA venga rifiutata \u00e8 minimo, ma scopri i possibili motivi del rifiuto.","robots":{"index":"index","follow":"follow","max-snippet":"max-snippet:-1","max-image-preview":"max-image-preview:large","max-video-preview":"max-video-preview:-1"},"canonical":"https:\/\/www.esta-officiel-usa.com\/it\/quali-sono-i-motivi-del-rifiuto-dellesta\/","og_locale":"it_IT","og_type":"article","og_title":"Quali sono i motivi del rifiuto dell'ESTA?","og_description":"Se sei un cittadino di uno dei 38 Paesi VWP, il rischio che la tua ESTA venga rifiutata \u00e8 minimo, ma scopri i possibili motivi del rifiuto.","og_url":"https:\/\/www.esta-officiel-usa.com\/it\/quali-sono-i-motivi-del-rifiuto-dellesta\/","og_site_name":"ESTA - Stati Uniti","article_modified_time":"2025-09-13T12:02:35+00:00","twitter_card":"summary_large_image","twitter_misc":{"Tempo di lettura stimato":"3 minuti"},"schema":{"@context":"https:\/\/schema.org","@graph":[{"@type":"WebPage","@id":"https:\/\/www.esta-officiel-usa.com\/it\/quali-sono-i-motivi-del-rifiuto-dellesta\/","url":"https:\/\/www.esta-officiel-usa.com\/it\/quali-sono-i-motivi-del-rifiuto-dellesta\/","name":"Quali sono i motivi del rifiuto dell'ESTA?","isPartOf":{"@id":"https:\/\/www.esta-officiel-usa.com\/it\/#website"},"datePublished":"2025-09-13T12:02:33+00:00","dateModified":"2025-09-13T12:02:35+00:00","description":"Se sei un cittadino di uno dei 38 Paesi VWP, il rischio che la tua ESTA venga rifiutata \u00e8 minimo, ma scopri i possibili motivi del rifiuto.","breadcrumb":{"@id":"https:\/\/www.esta-officiel-usa.com\/it\/quali-sono-i-motivi-del-rifiuto-dellesta\/#breadcrumb"},"inLanguage":"it-IT","potentialAction":[{"@type":"ReadAction","target":["https:\/\/www.esta-officiel-usa.com\/it\/quali-sono-i-motivi-del-rifiuto-dellesta\/"]}]},{"@type":"BreadcrumbList","@id":"https:\/\/www.esta-officiel-usa.com\/it\/quali-sono-i-motivi-del-rifiuto-dellesta\/#breadcrumb","itemListElement":[{"@type":"ListItem","position":1,"name":"Casa","item":"https:\/\/www.esta-officiel-usa.com\/it\/"},{"@type":"ListItem","position":2,"name":"Quali sono i motivi del rifiuto dell&#8217;ESTA?"}]},{"@type":"WebSite","@id":"https:\/\/www.esta-officiel-usa.com\/it\/#website","url":"https:\/\/www.esta-officiel-usa.com\/it\/","name":"ESTA - Stati Uniti","description":"Modulo di richiesta ESTA","potentialAction":[{"@type":"SearchAction","target":{"@type":"EntryPoint","urlTemplate":"https:\/\/www.esta-officiel-usa.com\/it\/?s={search_term_string}"},"query-input":{"@type":"PropertyValueSpecification","valueRequired":true,"valueName":"search_term_string"}}],"inLanguage":"it-IT"}]}},"_links":{"self":[{"href":"https:\/\/www.esta-officiel-usa.com\/it\/wp-json\/wp\/v2\/pages\/1301","targetHints":{"allow":["GET"]}}],"collection":[{"href":"https:\/\/www.esta-officiel-usa.com\/it\/wp-json\/wp\/v2\/pages"}],"about":[{"href":"https:\/\/www.esta-officiel-usa.com\/it\/wp-json\/wp\/v2\/types\/page"}],"author":[{"embeddable":true,"href":"https:\/\/www.esta-officiel-usa.com\/it\/wp-json\/wp\/v2\/users\/1"}],"replies":[{"embeddable":true,"href":"https:\/\/www.esta-officiel-usa.com\/it\/wp-json\/wp\/v2\/comments?post=1301"}],"version-history":[{"count":1,"href":"https:\/\/www.esta-officiel-usa.com\/it\/wp-json\/wp\/v2\/pages\/1301\/revisions"}],"predecessor-version":[{"id":1304,"href":"https:\/\/www.esta-officiel-usa.com\/it\/wp-json\/wp\/v2\/pages\/1301\/revisions\/1304"}],"wp:attachment":[{"href":"https:\/\/www.esta-officiel-usa.com\/it\/wp-json\/wp\/v2\/media?parent=1301"}],"curies":[{"name":"wp","href":"https:\/\/api.w.org\/{rel}","templated":true}]}}