{"id":1341,"date":"2025-09-13T12:02:41","date_gmt":"2025-09-13T12:02:41","guid":{"rendered":"https:\/\/www.esta-officiel-usa.com\/differenza-tra-esta-e-visto-usa\/"},"modified":"2025-09-13T12:02:58","modified_gmt":"2025-09-13T12:02:58","slug":"differenza-tra-esta-e-visto-usa","status":"publish","type":"page","link":"https:\/\/www.esta-officiel-usa.com\/it\/differenza-tra-esta-e-visto-usa\/","title":{"rendered":"Differenza tra ESTA e visto USA"},"content":{"rendered":"\n<h1 class=\"wp-block-heading\">ESTA o visto: quale richiedere?<\/h1>\n\n<p>Qualsiasi viaggio temporaneo negli Stati Uniti richiede un permesso di soggiorno \n. Esistono diversi tipi di permesso, tra cui i visti e gli ESTA per i cittadini \nfrancesi. Ma qual \u00e8 il pi\u00f9 adatto al tuo\n progetto? In questo articolo ti spieghiamo le differenze tra \ni due documenti, sia per quanto riguarda il loro ottenimento, sia per il loro scopo o \nle opportunit\u00e0 che ti offrono.   <\/p>\n\n<h2 class=\"wp-block-heading\">ESTA, molto pi\u00f9 semplice di un visto<\/h2>\n\n<p><a href=\"https:\/\/www.esta-officiel-usa.com\/fr\/quelles-sont-les-regles-dobtention-de-lesta\/\">Le regole per ottenere<\/a> l&#8217;<a href=\"https:\/\/www.esta-officiel-usa.com\/it\/\">ESTA ufficiale<\/a> sono controllate e rafforzate da un questionario online a cui ogni richiedente deve rispondere. Se non soddisfi i criteri indicati di seguito, devi fare riferimento alla seguente sezione sui <a href=\"https:\/\/www.esta-officiel-usa.com\/fr\/quels-sont-les-differents-visas-pour-les-usa\/\">visti per gli Stati Uniti<\/a>. Non hai alcuna possibilit\u00e0 di ricevere l&#8217;autorizzazione ESTA se il tuo viaggio non rispetta TUTTI i punti elencati:  <\/p>\n\n<ul class=\"wp-block-list\">\n<li>soggiorni <a href=\"https:\/\/www.esta-officiel-usa.com\/it\/esta-valido-per-90-giorni-negli-stati-uniti\/\">fino a 90 giorni consecutivi<\/a>;<\/li>\n\n\n\n<li>soggiorno turistico, di lavoro o di transito;  <\/li>\n\n\n\n<li>non hai precedenti penali, disturbi mentali o malattie contagiose e non hai viaggiato in un paese dichiarato incompatibile con gli USA dal 1\u00b0 marzo 2011;<\/li>\n\n\n\n<li>il tuo passaporto \u00e8 biometrico o elettronico e valido fino alla fine del viaggio;<\/li>\n\n\n\n<li>sei un cittadino di un paese aderente al Programma Viaggio senza Visto e non possiedi la doppia cittadinanza irachena, siriana, sudanese o iraniana.<\/li>\n<\/ul>\n\n<p>Se tutto questo \u00e8 stato rispettato, puoi <a href=\"https:\/\/www.esta-officiel-usa.com\/fr\/le-formulaire-esta-pour-les-usa-a-completer\/\">compilare il modulo ESTA<\/a> disponibile su Internet. Tieni presente, tuttavia, che l&#8217;approvazione non \u00e8 garantita. Il vantaggio principale dell&#8217;ESTA \u00e8 la sua accessibilit\u00e0, sia in termini di tempo che di costi. Il modulo si compila velocemente e si riceve una risposta in formato PDF entro 72 ore (di solito lo stesso giorno). Il nostro consiglio: stampa il modulo per evitare complicazioni alla frontiera, anche se non \u00e8 obbligatorio.    <\/p>\n\n<p>Se hai intenzione di lavorare negli Stati Uniti, fare uno stage, <a href=\"https:\/\/www.esta-officiel-usa.com\/it\/come-studiare-in-ununiversita-americana\/\">studiare in un&#8217;universit\u00e0 americana<\/a> o trasferirti all&#8217;estero, non perdere tempo a richiedere l&#8217;ESTA: passa direttamente all&#8217;ottenimento del visto.<\/p>\n\n<h2 class=\"wp-block-heading\">Il visto \u00e8 pi\u00f9 specifico dell&#8217;ESTA<\/h2>\n\n<p>A differenza dell&#8217;ESTA, che copre un&#8217;ampia gamma di motivi di viaggio, il <a href=\"https:\/\/www.esta-officiel-usa.com\/fr\/quelle-est-la-duree-de-validite-dun-visa-usa\/\">visto statunitense<\/a> \u00e8 composto da pi\u00f9 documenti specifici per ogni situazione. La recente introduzione dell&#8217;ESTA ha alleggerito l&#8217;onere dei dipartimenti di elaborazione delle domande di visto. L&#8217;ESTA \u00e8 destinato ai cittadini stranieri che non rientrano nel <a href=\"https:\/\/www.esta-officiel-usa.com\/fr\/a-propos-du-visa-waiver-program\/\">Programma Viaggio senza Visto (Visa Waiver Program)<\/a> o che non soddisfano i criteri di cui sopra.  <\/p>\n\n<p>Questa autorizzazione \u00e8 pi\u00f9 costosa e richiede pi\u00f9 tempo della prima. Ad esempio, devi recarti al consolato o all&#8217;<a href=\"https:\/\/www.esta-officiel-usa.com\/it\/recarsi-allambasciata-statunitense-per-ottenere-il-visto\/\">ambasciata degli Stati Uniti<\/a> (a Parigi) per un colloquio fondamentale e dimostrare di avere mezzi finanziari sufficienti per vivere negli Stati Uniti. Assicurati di iniziare con largo anticipo, perch\u00e9 il periodo ESTA di 72 ore \u00e8 fuori discussione. Devi invece prevedere diverse settimane o addirittura mesi.   <\/p>\n\n<p>Ogni motivo ha il suo visto corrispondente:<\/p>\n\n<ul class=\"wp-block-list\">\n<li>affari: visto B1<\/li>\n\n\n\n<li>turismo: visto B2<\/li>\n\n\n\n<li>stage: visto H3  <\/li>\n\n\n\n<li>studi: <a href=\"https:\/\/www.esta-officiel-usa.com\/it\/visto-f1-per-studiare-negli-stati-uniti\/\">visto F1<\/a><\/li>\n\n\n\n<li>lavoro temporaneo: visto H2A<\/li>\n\n\n\n<li>lavoro specializzato: <a href=\"https:\/\/www.esta-officiel-usa.com\/it\/il-visto-h1b-per-lavorare-negli-usa\/\">visto H1B<\/a><\/li>\n\n\n\n<li>gestione aziendale: <a href=\"https:\/\/www.esta-officiel-usa.com\/fr\/comment-faire-pour-investir-aux-etats-unis-avec-le-visa-e1-e2\/\">visto E1<\/a><\/li>\n\n\n\n<li>investire in una societ\u00e0: <a href=\"https:\/\/www.esta-officiel-usa.com\/fr\/comment-faire-pour-investir-aux-etats-unis-avec-le-visa-e1-e2\/\">visto E2<\/a><\/li>\n\n\n\n<li>trasferimento di manager, dirigenti, dipendenti specializzati: <a href=\"https:\/\/www.esta-officiel-usa.com\/it\/visto-l1-per-trasferimenti-esecutivi-negli-usa\/\">visto L1<\/a><\/li>\n\n\n\n<li>programma di scambio: <a href=\"https:\/\/www.esta-officiel-usa.com\/it\/cosa-ce-da-sapere-sul-visto-j\/\">visto J1<\/a><\/li>\n\n\n\n<li>artisti, atleti e scienziati di alto livello: <a href=\"https:\/\/www.esta-officiel-usa.com\/it\/visti-o-e-p-per-atleti-o-artisti\/\">visti O e P<\/a><\/li>\n\n\n\n<li>ecc.<\/li>\n<\/ul>\n\n<p>L<a href=\"https:\/\/www.esta-officiel-usa.com\/it\/visti-americani-per-entrare-negli-stati-uniti\/\">&#8216;elenco dei visti statunitensi<\/a> \u00e8 molto lungo, quindi scegli con cura il tuo visto prima di fare domanda. Devi anche sapere che l&#8217;idea di un <a href=\"https:\/\/www.esta-officiel-usa.com\/it\/programma-di-visti-per-start-up-negli-stati-uniti\/\">programma di visti per start-up<\/a> per gli investitori negli Stati Uniti \u00e8 stata abbandonata nel 2018. <\/p>\n","protected":false},"excerpt":{"rendered":"<p>ESTA o visto: quale richiedere? Qualsiasi viaggio temporaneo negli Stati Uniti richiede un permesso di soggiorno . Esistono diversi tipi di permesso, tra cui i visti e gli ESTA per i cittadini francesi. Ma qual \u00e8 il pi\u00f9 adatto al tuo progetto? In questo articolo ti spieghiamo le differenze tra i due documenti, sia per [&hellip;]<\/p>\n","protected":false},"author":1,"featured_media":0,"parent":0,"menu_order":0,"comment_status":"closed","ping_status":"closed","template":"","meta":{"footnotes":""},"class_list":["post-1341","page","type-page","status-publish","hentry"],"yoast_head":"<!-- This site is optimized with the Yoast SEO plugin v26.2 - https:\/\/yoast.com\/wordpress\/plugins\/seo\/ -->\n<title>Differenza tra ESTA e visto USA<\/title>\n<meta name=\"description\" content=\"Tutti i viaggi negli Stati Uniti richiedono un permesso di soggiorno. Ne esistono diversi tipi, tra cui i visti e gli ESTA.\" \/>\n<meta name=\"robots\" content=\"index, follow, max-snippet:-1, max-image-preview:large, max-video-preview:-1\" \/>\n<link rel=\"canonical\" href=\"https:\/\/www.esta-officiel-usa.com\/it\/differenza-tra-esta-e-visto-usa\/\" \/>\n<meta property=\"og:locale\" content=\"it_IT\" \/>\n<meta property=\"og:type\" content=\"article\" \/>\n<meta property=\"og:title\" content=\"Differenza tra ESTA e visto USA\" \/>\n<meta property=\"og:description\" content=\"Tutti i viaggi negli Stati Uniti richiedono un permesso di soggiorno. Ne esistono diversi tipi, tra cui i visti e gli ESTA.\" \/>\n<meta property=\"og:url\" content=\"https:\/\/www.esta-officiel-usa.com\/it\/differenza-tra-esta-e-visto-usa\/\" \/>\n<meta property=\"og:site_name\" content=\"ESTA - Stati Uniti\" \/>\n<meta property=\"article:modified_time\" content=\"2025-09-13T12:02:58+00:00\" \/>\n<meta name=\"twitter:card\" content=\"summary_large_image\" \/>\n<meta name=\"twitter:label1\" content=\"Tempo di lettura stimato\" \/>\n\t<meta name=\"twitter:data1\" content=\"3 minuti\" \/>\n<script type=\"application\/ld+json\" class=\"yoast-schema-graph\">{\"@context\":\"https:\/\/schema.org\",\"@graph\":[{\"@type\":\"WebPage\",\"@id\":\"https:\/\/www.esta-officiel-usa.com\/it\/differenza-tra-esta-e-visto-usa\/\",\"url\":\"https:\/\/www.esta-officiel-usa.com\/it\/differenza-tra-esta-e-visto-usa\/\",\"name\":\"Differenza tra ESTA e visto USA\",\"isPartOf\":{\"@id\":\"https:\/\/www.esta-officiel-usa.com\/it\/#website\"},\"datePublished\":\"2025-09-13T12:02:41+00:00\",\"dateModified\":\"2025-09-13T12:02:58+00:00\",\"description\":\"Tutti i viaggi negli Stati Uniti richiedono un permesso di soggiorno. Ne esistono diversi tipi, tra cui i visti e gli ESTA.\",\"breadcrumb\":{\"@id\":\"https:\/\/www.esta-officiel-usa.com\/it\/differenza-tra-esta-e-visto-usa\/#breadcrumb\"},\"inLanguage\":\"it-IT\",\"potentialAction\":[{\"@type\":\"ReadAction\",\"target\":[\"https:\/\/www.esta-officiel-usa.com\/it\/differenza-tra-esta-e-visto-usa\/\"]}]},{\"@type\":\"BreadcrumbList\",\"@id\":\"https:\/\/www.esta-officiel-usa.com\/it\/differenza-tra-esta-e-visto-usa\/#breadcrumb\",\"itemListElement\":[{\"@type\":\"ListItem\",\"position\":1,\"name\":\"Casa\",\"item\":\"https:\/\/www.esta-officiel-usa.com\/it\/\"},{\"@type\":\"ListItem\",\"position\":2,\"name\":\"Differenza tra ESTA e visto USA\"}]},{\"@type\":\"WebSite\",\"@id\":\"https:\/\/www.esta-officiel-usa.com\/it\/#website\",\"url\":\"https:\/\/www.esta-officiel-usa.com\/it\/\",\"name\":\"ESTA - Stati Uniti\",\"description\":\"Modulo di richiesta ESTA\",\"potentialAction\":[{\"@type\":\"SearchAction\",\"target\":{\"@type\":\"EntryPoint\",\"urlTemplate\":\"https:\/\/www.esta-officiel-usa.com\/it\/?s={search_term_string}\"},\"query-input\":{\"@type\":\"PropertyValueSpecification\",\"valueRequired\":true,\"valueName\":\"search_term_string\"}}],\"inLanguage\":\"it-IT\"}]}<\/script>\n<!-- \/ Yoast SEO plugin. -->","yoast_head_json":{"title":"Differenza tra ESTA e visto USA","description":"Tutti i viaggi negli Stati Uniti richiedono un permesso di soggiorno. Ne esistono diversi tipi, tra cui i visti e gli ESTA.","robots":{"index":"index","follow":"follow","max-snippet":"max-snippet:-1","max-image-preview":"max-image-preview:large","max-video-preview":"max-video-preview:-1"},"canonical":"https:\/\/www.esta-officiel-usa.com\/it\/differenza-tra-esta-e-visto-usa\/","og_locale":"it_IT","og_type":"article","og_title":"Differenza tra ESTA e visto USA","og_description":"Tutti i viaggi negli Stati Uniti richiedono un permesso di soggiorno. Ne esistono diversi tipi, tra cui i visti e gli ESTA.","og_url":"https:\/\/www.esta-officiel-usa.com\/it\/differenza-tra-esta-e-visto-usa\/","og_site_name":"ESTA - Stati Uniti","article_modified_time":"2025-09-13T12:02:58+00:00","twitter_card":"summary_large_image","twitter_misc":{"Tempo di lettura stimato":"3 minuti"},"schema":{"@context":"https:\/\/schema.org","@graph":[{"@type":"WebPage","@id":"https:\/\/www.esta-officiel-usa.com\/it\/differenza-tra-esta-e-visto-usa\/","url":"https:\/\/www.esta-officiel-usa.com\/it\/differenza-tra-esta-e-visto-usa\/","name":"Differenza tra ESTA e visto USA","isPartOf":{"@id":"https:\/\/www.esta-officiel-usa.com\/it\/#website"},"datePublished":"2025-09-13T12:02:41+00:00","dateModified":"2025-09-13T12:02:58+00:00","description":"Tutti i viaggi negli Stati Uniti richiedono un permesso di soggiorno. Ne esistono diversi tipi, tra cui i visti e gli ESTA.","breadcrumb":{"@id":"https:\/\/www.esta-officiel-usa.com\/it\/differenza-tra-esta-e-visto-usa\/#breadcrumb"},"inLanguage":"it-IT","potentialAction":[{"@type":"ReadAction","target":["https:\/\/www.esta-officiel-usa.com\/it\/differenza-tra-esta-e-visto-usa\/"]}]},{"@type":"BreadcrumbList","@id":"https:\/\/www.esta-officiel-usa.com\/it\/differenza-tra-esta-e-visto-usa\/#breadcrumb","itemListElement":[{"@type":"ListItem","position":1,"name":"Casa","item":"https:\/\/www.esta-officiel-usa.com\/it\/"},{"@type":"ListItem","position":2,"name":"Differenza tra ESTA e visto USA"}]},{"@type":"WebSite","@id":"https:\/\/www.esta-officiel-usa.com\/it\/#website","url":"https:\/\/www.esta-officiel-usa.com\/it\/","name":"ESTA - Stati Uniti","description":"Modulo di richiesta ESTA","potentialAction":[{"@type":"SearchAction","target":{"@type":"EntryPoint","urlTemplate":"https:\/\/www.esta-officiel-usa.com\/it\/?s={search_term_string}"},"query-input":{"@type":"PropertyValueSpecification","valueRequired":true,"valueName":"search_term_string"}}],"inLanguage":"it-IT"}]}},"_links":{"self":[{"href":"https:\/\/www.esta-officiel-usa.com\/it\/wp-json\/wp\/v2\/pages\/1341","targetHints":{"allow":["GET"]}}],"collection":[{"href":"https:\/\/www.esta-officiel-usa.com\/it\/wp-json\/wp\/v2\/pages"}],"about":[{"href":"https:\/\/www.esta-officiel-usa.com\/it\/wp-json\/wp\/v2\/types\/page"}],"author":[{"embeddable":true,"href":"https:\/\/www.esta-officiel-usa.com\/it\/wp-json\/wp\/v2\/users\/1"}],"replies":[{"embeddable":true,"href":"https:\/\/www.esta-officiel-usa.com\/it\/wp-json\/wp\/v2\/comments?post=1341"}],"version-history":[{"count":3,"href":"https:\/\/www.esta-officiel-usa.com\/it\/wp-json\/wp\/v2\/pages\/1341\/revisions"}],"predecessor-version":[{"id":1423,"href":"https:\/\/www.esta-officiel-usa.com\/it\/wp-json\/wp\/v2\/pages\/1341\/revisions\/1423"}],"wp:attachment":[{"href":"https:\/\/www.esta-officiel-usa.com\/it\/wp-json\/wp\/v2\/media?parent=1341"}],"curies":[{"name":"wp","href":"https:\/\/api.w.org\/{rel}","templated":true}]}}