{"id":1391,"date":"2025-09-13T12:02:50","date_gmt":"2025-09-13T12:02:50","guid":{"rendered":"https:\/\/www.esta-officiel-usa.com\/lotteria-della-carta-verde-il-presidente-ha-promesso-di-porvi-fine-nel-2020\/"},"modified":"2025-09-13T12:02:51","modified_gmt":"2025-09-13T12:02:51","slug":"lotteria-della-carta-verde-il-presidente-ha-promesso-di-porvi-fine-nel-2020","status":"publish","type":"page","link":"https:\/\/www.esta-officiel-usa.com\/it\/lotteria-della-carta-verde-il-presidente-ha-promesso-di-porvi-fine-nel-2020\/","title":{"rendered":"Lotteria della carta verde: il Presidente ha promesso di porvi fine nel 2020"},"content":{"rendered":"\n<h1 class=\"wp-block-heading\">TRUMP AVEVA PROMESSO DI PORVI FINE, MA LA LOTTERIA DELLE GREEN CARD CONTINUA<\/h1>\n\n<p><strong>Nonostante le promesse del Presidente Donald Trump di eliminare la lotteria della carta verde, migliaia di persone in tutto il mondo avranno ancora la possibilit\u00e0 di immigrare legalmente negli Stati Uniti e realizzare il sogno americano grazie a questo programma.<\/strong><br\/> <\/p>\n\n<h2 class=\"wp-block-heading\">NESSUNA ABOLIZIONE DELLA LOTTERIA PER IL MOMENTO<\/h2>\n\n<p>Il rinnovo del programma, creato 30 anni fa per incrementare l&#8217;immigrazione negli Stati Uniti, \u00e8 stato in dubbio per un anno, quando Donald Trump ha annunciato che avrebbe chiesto al Congresso di eliminarlo. La lotteria \u00e8 uno dei programmi di <a href=\"https:\/\/www.esta-officiel-usa.com\/it\/visti-americani-per-entrare-negli-stati-uniti\/\">visti statunitensi<\/a> pi\u00f9 popolari per gli stranieri che non hanno sponsor negli Stati Uniti e vogliono immigrare legalmente. Ma il Presidente Trump aveva attaccato il programma, sostenendo che i &#8220;peggiori tra i peggiori&#8221; potevano essere selezionati nella lotteria gratuita.  <\/p>\n\n<p>Il Dipartimento di Stato degli Stati Uniti, che amministra il programma <a href=\"https:\/\/travel.state.gov\/content\/travel\/en\/us-visas\/immigrate\/diversity-visa-program-entry.html\">Diversity Immigrant Visa<\/a>, meglio noto come &#8220;lotteria della carta verde&#8221;, ha annunciato che proceder\u00e0 con la lotteria e metter\u00e0 in palio 50.000 carte di residente permanente per l&#8217;anno fiscale 2020.<\/p>\n\n<p>La registrazione online per il programma 2020 \u00e8 iniziata il 3 ottobre e si chiuder\u00e0 il 6 novembre. Nessun paese potr\u00e0 ricevere pi\u00f9 del 7% dei visti. I cittadini stranieri provenienti da paesi con tassi di immigrazione storicamente bassi verso gli Stati Uniti possono registrarsi subito su <a href=\"about:blank\">www.dvlottery.state.gov<\/a> compilando il modulo di registrazione gratuito.  <\/p>\n\n<p>Le autorit\u00e0 hanno specificato che le persone che presenteranno pi\u00f9 di una domanda saranno automaticamente squalificate. Hanno inoltre messo in guardia dai siti web fraudolenti che chiedono denaro ai &#8220;vincitori della lotteria&#8221;. <\/p>\n\n<p>I candidati alla lotteria dei visti 2020 devono soddisfare due condizioni:<\/p>\n\n<ul class=\"wp-block-list\"><li>In primo luogo, devono essere nati in un paese idoneo. I paesi non eleggibili per il 2020 sono: Bangladesh, Brasile, Canada, Cina, Colombia, Repubblica Dominicana, El Salvador, Haiti, India, Giamaica, Messico, Nigeria, Pakistan, Per\u00f9, Filippine, Corea del Sud, Regno Unito (eccetto Irlanda del Nord) e Vietnam; <\/li><li>devono inoltre possedere almeno un diploma di scuola secondaria o avere due anni di esperienza professionale in un settore idoneo che richieda almeno due anni di formazione negli ultimi cinque anni;<\/li><li>I nomi dei vincitori della lotteria DV-2020 saranno pubblicati sul sito web del Dipartimento di Stato tra il 7 maggio 2019 e il 30 settembre 2020.<\/li><\/ul>\n\n<p>Tutti i candidati selezionati dovranno sottoporsi a un controllo dei precedenti penali e a visite mediche. Saranno convocati per un colloquio con i funzionari consolari o dell&#8217;immigrazione degli Stati Uniti, dove dovranno presentare, tra le altre cose, la prova della loro istruzione o esperienza professionale. <\/p>\n","protected":false},"excerpt":{"rendered":"<p>TRUMP AVEVA PROMESSO DI PORVI FINE, MA LA LOTTERIA DELLE GREEN CARD CONTINUA Nonostante le promesse del Presidente Donald Trump di eliminare la lotteria della carta verde, migliaia di persone in tutto il mondo avranno ancora la possibilit\u00e0 di immigrare legalmente negli Stati Uniti e realizzare il sogno americano grazie a questo programma. NESSUNA ABOLIZIONE [&hellip;]<\/p>\n","protected":false},"author":1,"featured_media":0,"parent":0,"menu_order":0,"comment_status":"closed","ping_status":"closed","template":"","meta":{"footnotes":""},"class_list":["post-1391","page","type-page","status-publish","hentry"],"yoast_head":"<!-- This site is optimized with the Yoast SEO plugin v26.2 - https:\/\/yoast.com\/wordpress\/plugins\/seo\/ -->\n<title>Lotteria della carta verde: il Presidente ha promesso di porvi fine nel 2020<\/title>\n<meta name=\"description\" content=\"Per limitare l&#039;immigrazione negli Stati Uniti, Donald Trump ha preso e sta prendendo in considerazione una serie di misure, come la fine della lotteria delle green card.\" \/>\n<meta name=\"robots\" content=\"index, follow, max-snippet:-1, max-image-preview:large, max-video-preview:-1\" \/>\n<link rel=\"canonical\" href=\"https:\/\/www.esta-officiel-usa.com\/it\/lotteria-della-carta-verde-il-presidente-ha-promesso-di-porvi-fine-nel-2020\/\" \/>\n<meta property=\"og:locale\" content=\"it_IT\" \/>\n<meta property=\"og:type\" content=\"article\" \/>\n<meta property=\"og:title\" content=\"Lotteria della carta verde: il Presidente ha promesso di porvi fine nel 2020\" \/>\n<meta property=\"og:description\" content=\"Per limitare l&#039;immigrazione negli Stati Uniti, Donald Trump ha preso e sta prendendo in considerazione una serie di misure, come la fine della lotteria delle green card.\" \/>\n<meta property=\"og:url\" content=\"https:\/\/www.esta-officiel-usa.com\/it\/lotteria-della-carta-verde-il-presidente-ha-promesso-di-porvi-fine-nel-2020\/\" \/>\n<meta property=\"og:site_name\" content=\"ESTA - Stati Uniti\" \/>\n<meta property=\"article:modified_time\" content=\"2025-09-13T12:02:51+00:00\" \/>\n<meta name=\"twitter:card\" content=\"summary_large_image\" \/>\n<meta name=\"twitter:label1\" content=\"Tempo di lettura stimato\" \/>\n\t<meta name=\"twitter:data1\" content=\"2 minuti\" \/>\n<script type=\"application\/ld+json\" class=\"yoast-schema-graph\">{\"@context\":\"https:\/\/schema.org\",\"@graph\":[{\"@type\":\"WebPage\",\"@id\":\"https:\/\/www.esta-officiel-usa.com\/it\/lotteria-della-carta-verde-il-presidente-ha-promesso-di-porvi-fine-nel-2020\/\",\"url\":\"https:\/\/www.esta-officiel-usa.com\/it\/lotteria-della-carta-verde-il-presidente-ha-promesso-di-porvi-fine-nel-2020\/\",\"name\":\"Lotteria della carta verde: il Presidente ha promesso di porvi fine nel 2020\",\"isPartOf\":{\"@id\":\"https:\/\/www.esta-officiel-usa.com\/it\/#website\"},\"datePublished\":\"2025-09-13T12:02:50+00:00\",\"dateModified\":\"2025-09-13T12:02:51+00:00\",\"description\":\"Per limitare l'immigrazione negli Stati Uniti, Donald Trump ha preso e sta prendendo in considerazione una serie di misure, come la fine della lotteria delle green card.\",\"breadcrumb\":{\"@id\":\"https:\/\/www.esta-officiel-usa.com\/it\/lotteria-della-carta-verde-il-presidente-ha-promesso-di-porvi-fine-nel-2020\/#breadcrumb\"},\"inLanguage\":\"it-IT\",\"potentialAction\":[{\"@type\":\"ReadAction\",\"target\":[\"https:\/\/www.esta-officiel-usa.com\/it\/lotteria-della-carta-verde-il-presidente-ha-promesso-di-porvi-fine-nel-2020\/\"]}]},{\"@type\":\"BreadcrumbList\",\"@id\":\"https:\/\/www.esta-officiel-usa.com\/it\/lotteria-della-carta-verde-il-presidente-ha-promesso-di-porvi-fine-nel-2020\/#breadcrumb\",\"itemListElement\":[{\"@type\":\"ListItem\",\"position\":1,\"name\":\"Casa\",\"item\":\"https:\/\/www.esta-officiel-usa.com\/it\/\"},{\"@type\":\"ListItem\",\"position\":2,\"name\":\"Lotteria della carta verde: il Presidente ha promesso di porvi fine nel 2020\"}]},{\"@type\":\"WebSite\",\"@id\":\"https:\/\/www.esta-officiel-usa.com\/it\/#website\",\"url\":\"https:\/\/www.esta-officiel-usa.com\/it\/\",\"name\":\"ESTA - Stati Uniti\",\"description\":\"Modulo di richiesta ESTA\",\"potentialAction\":[{\"@type\":\"SearchAction\",\"target\":{\"@type\":\"EntryPoint\",\"urlTemplate\":\"https:\/\/www.esta-officiel-usa.com\/it\/?s={search_term_string}\"},\"query-input\":{\"@type\":\"PropertyValueSpecification\",\"valueRequired\":true,\"valueName\":\"search_term_string\"}}],\"inLanguage\":\"it-IT\"}]}<\/script>\n<!-- \/ Yoast SEO plugin. -->","yoast_head_json":{"title":"Lotteria della carta verde: il Presidente ha promesso di porvi fine nel 2020","description":"Per limitare l'immigrazione negli Stati Uniti, Donald Trump ha preso e sta prendendo in considerazione una serie di misure, come la fine della lotteria delle green card.","robots":{"index":"index","follow":"follow","max-snippet":"max-snippet:-1","max-image-preview":"max-image-preview:large","max-video-preview":"max-video-preview:-1"},"canonical":"https:\/\/www.esta-officiel-usa.com\/it\/lotteria-della-carta-verde-il-presidente-ha-promesso-di-porvi-fine-nel-2020\/","og_locale":"it_IT","og_type":"article","og_title":"Lotteria della carta verde: il Presidente ha promesso di porvi fine nel 2020","og_description":"Per limitare l'immigrazione negli Stati Uniti, Donald Trump ha preso e sta prendendo in considerazione una serie di misure, come la fine della lotteria delle green card.","og_url":"https:\/\/www.esta-officiel-usa.com\/it\/lotteria-della-carta-verde-il-presidente-ha-promesso-di-porvi-fine-nel-2020\/","og_site_name":"ESTA - Stati Uniti","article_modified_time":"2025-09-13T12:02:51+00:00","twitter_card":"summary_large_image","twitter_misc":{"Tempo di lettura stimato":"2 minuti"},"schema":{"@context":"https:\/\/schema.org","@graph":[{"@type":"WebPage","@id":"https:\/\/www.esta-officiel-usa.com\/it\/lotteria-della-carta-verde-il-presidente-ha-promesso-di-porvi-fine-nel-2020\/","url":"https:\/\/www.esta-officiel-usa.com\/it\/lotteria-della-carta-verde-il-presidente-ha-promesso-di-porvi-fine-nel-2020\/","name":"Lotteria della carta verde: il Presidente ha promesso di porvi fine nel 2020","isPartOf":{"@id":"https:\/\/www.esta-officiel-usa.com\/it\/#website"},"datePublished":"2025-09-13T12:02:50+00:00","dateModified":"2025-09-13T12:02:51+00:00","description":"Per limitare l'immigrazione negli Stati Uniti, Donald Trump ha preso e sta prendendo in considerazione una serie di misure, come la fine della lotteria delle green card.","breadcrumb":{"@id":"https:\/\/www.esta-officiel-usa.com\/it\/lotteria-della-carta-verde-il-presidente-ha-promesso-di-porvi-fine-nel-2020\/#breadcrumb"},"inLanguage":"it-IT","potentialAction":[{"@type":"ReadAction","target":["https:\/\/www.esta-officiel-usa.com\/it\/lotteria-della-carta-verde-il-presidente-ha-promesso-di-porvi-fine-nel-2020\/"]}]},{"@type":"BreadcrumbList","@id":"https:\/\/www.esta-officiel-usa.com\/it\/lotteria-della-carta-verde-il-presidente-ha-promesso-di-porvi-fine-nel-2020\/#breadcrumb","itemListElement":[{"@type":"ListItem","position":1,"name":"Casa","item":"https:\/\/www.esta-officiel-usa.com\/it\/"},{"@type":"ListItem","position":2,"name":"Lotteria della carta verde: il Presidente ha promesso di porvi fine nel 2020"}]},{"@type":"WebSite","@id":"https:\/\/www.esta-officiel-usa.com\/it\/#website","url":"https:\/\/www.esta-officiel-usa.com\/it\/","name":"ESTA - Stati Uniti","description":"Modulo di richiesta ESTA","potentialAction":[{"@type":"SearchAction","target":{"@type":"EntryPoint","urlTemplate":"https:\/\/www.esta-officiel-usa.com\/it\/?s={search_term_string}"},"query-input":{"@type":"PropertyValueSpecification","valueRequired":true,"valueName":"search_term_string"}}],"inLanguage":"it-IT"}]}},"_links":{"self":[{"href":"https:\/\/www.esta-officiel-usa.com\/it\/wp-json\/wp\/v2\/pages\/1391","targetHints":{"allow":["GET"]}}],"collection":[{"href":"https:\/\/www.esta-officiel-usa.com\/it\/wp-json\/wp\/v2\/pages"}],"about":[{"href":"https:\/\/www.esta-officiel-usa.com\/it\/wp-json\/wp\/v2\/types\/page"}],"author":[{"embeddable":true,"href":"https:\/\/www.esta-officiel-usa.com\/it\/wp-json\/wp\/v2\/users\/1"}],"replies":[{"embeddable":true,"href":"https:\/\/www.esta-officiel-usa.com\/it\/wp-json\/wp\/v2\/comments?post=1391"}],"version-history":[{"count":1,"href":"https:\/\/www.esta-officiel-usa.com\/it\/wp-json\/wp\/v2\/pages\/1391\/revisions"}],"predecessor-version":[{"id":1394,"href":"https:\/\/www.esta-officiel-usa.com\/it\/wp-json\/wp\/v2\/pages\/1391\/revisions\/1394"}],"wp:attachment":[{"href":"https:\/\/www.esta-officiel-usa.com\/it\/wp-json\/wp\/v2\/media?parent=1391"}],"curies":[{"name":"wp","href":"https:\/\/api.w.org\/{rel}","templated":true}]}}